{"id":145,"date":"2021-05-09T22:18:25","date_gmt":"2021-05-09T20:18:25","guid":{"rendered":"http:\/\/monkomp.pl\/?page_id=145"},"modified":"2021-05-12T10:02:48","modified_gmt":"2021-05-12T08:02:48","slug":"kontakt","status":"publish","type":"page","link":"https:\/\/monkomp.pl\/en\/kontakt\/","title":{"rendered":"CONTACT"},"content":{"rendered":"<p>[et_pb_section fb_built=&#8221;1&#8243; custom_padding_last_edited=&#8221;on|tablet&#8221; admin_label=&#8221;Hero&#8221; _builder_version=&#8221;4.9.4&#8243; use_background_color_gradient=&#8221;on&#8221; background_color_gradient_start=&#8221;rgba(255,255,255,0.9)&#8221; background_color_gradient_end=&#8221;#ffffff&#8221; background_color_gradient_overlays_image=&#8221;on&#8221; background_image=&#8221;http:\/\/monkomp.pl\/wp-content\/uploads\/2021\/05\/baner-1024&#215;569-1.png&#8221; custom_margin=&#8221;0px|||&#8221; custom_padding=&#8221;0px|10%|0px|10%|true|true&#8221; custom_padding_tablet=&#8221;|30px||30px||true&#8221; custom_padding_phone=&#8221;|||||true&#8221; locked=&#8221;off&#8221;][et_pb_row column_structure=&#8221;2_3,1_3&#8243; padding_top_bottom_link_1=&#8221;true&#8221; padding_left_right_link_1=&#8221;true&#8221; _builder_version=&#8221;3.25&#8243; background_size=&#8221;initial&#8221; background_position=&#8221;top_left&#8221; width=&#8221;100%&#8221; max_width=&#8221;100%&#8221; custom_margin=&#8221;|||&#8221; custom_padding=&#8221;0||0px||false|false&#8221; use_custom_width=&#8221;on&#8221; width_unit=&#8221;off&#8221; custom_width_percent=&#8221;100%&#8221;][et_pb_column type=&#8221;2_3&#8243; _builder_version=&#8221;3.25&#8243; use_background_color_gradient=&#8221;on&#8221; background_color_gradient_start=&#8221;rgba(0,0,0,0.07)&#8221; background_color_gradient_end=&#8221;rgba(255,255,255,0)&#8221; custom_padding=&#8221;10vw|40px|10vw|40px&#8221; custom_padding_tablet=&#8221;|||&#8221; custom_padding_phone=&#8221;|10px||10px||true&#8221; custom_padding_last_edited=&#8221;on|desktop&#8221; padding_phone=&#8221;|10px||10px||true&#8221; padding_tablet=&#8221;|||&#8221; padding_last_edited=&#8221;on|desktop&#8221; custom_padding__hover=&#8221;|||&#8221;][et_pb_text _builder_version=&#8221;3.27.4&#8243; text_font=&#8221;Lato||||||||&#8221; text_font_size=&#8221;20px&#8221; text_line_height=&#8221;1.8em&#8221; ul_font=&#8221;||||||||&#8221; ol_font=&#8221;||||||||&#8221; header_font=&#8221;Teko|500||on|||||&#8221; header_text_color=&#8221;#000000&#8243; header_font_size=&#8221;9vw&#8221; header_letter_spacing=&#8221;0.05em&#8221; header_line_height=&#8221;0.9em&#8221; custom_margin=&#8221;|-10vw|0px|&#8221; custom_margin_tablet=&#8221;|0vw||&#8221; custom_margin_phone=&#8221;|-5vw||&#8221; custom_margin_last_edited=&#8221;on|tablet&#8221; animation_style=&#8221;zoom&#8221; animation_delay=&#8221;100ms&#8221; animation_intensity_zoom=&#8221;10%&#8221; header_font_size_tablet=&#8221;&#8221; header_font_size_phone=&#8221;&#8221; header_font_size_last_edited=&#8221;on|phone&#8221; header_line_height_tablet=&#8221;&#8221; header_line_height_phone=&#8221;1.2em&#8221; header_line_height_last_edited=&#8221;on|phone&#8221; header_text_shadow_style=&#8221;preset1&#8243; header_text_shadow_vertical_length=&#8221;0.18em&#8221; header_text_shadow_blur_strength=&#8221;0.27em&#8221; header_text_shadow_color=&#8221;rgba(0,0,0,0.24)&#8221;]<\/p>\n<h1>Contact<\/h1>\n<p>[\/et_pb_text][\/et_pb_column][et_pb_column type=&#8221;1_3&#8243; _builder_version=&#8221;3.25&#8243; custom_padding=&#8221;|||&#8221; custom_padding__hover=&#8221;|||&#8221;][\/et_pb_column][\/et_pb_row][\/et_pb_section][et_pb_section fb_built=&#8221;1&#8243; admin_label=&#8221;Contact Info&#8221; _builder_version=&#8221;4.9.4&#8243; use_background_color_gradient=&#8221;on&#8221; background_color_gradient_start=&#8221;rgba(27,31,37,0.3)&#8221; background_color_gradient_end=&#8221;#1b1f25&#8243; background_color_gradient_overlays_image=&#8221;on&#8221; background_image=&#8221;http:\/\/monkomp.pl\/wp-content\/uploads\/2021\/05\/baner-1024&#215;569-1.png&#8221; custom_padding=&#8221;0px||10vw|&#8221; box_shadow_style=&#8221;preset7&#8243; box_shadow_horizontal=&#8221;0px&#8221; box_shadow_vertical=&#8221;100px&#8221; box_shadow_color=&#8221;#ffffff&#8221;][et_pb_row column_structure=&#8221;1_2,1_2&#8243; padding_left_right_link_1=&#8221;true&#8221; _builder_version=&#8221;3.25&#8243; custom_padding=&#8221;0px||0px||true&#8221; animation_style=&#8221;slide&#8221; animation_direction=&#8221;bottom&#8221; animation_intensity_slide=&#8221;2%&#8221;][et_pb_column type=&#8221;1_2&#8243; _builder_version=&#8221;3.25&#8243; use_background_color_gradient=&#8221;on&#8221; background_color_gradient_start=&#8221;#c10f1b&#8221; background_color_gradient_end=&#8221;rgba(255,255,255,0)&#8221; background_color_gradient_direction=&#8221;190deg&#8221; background_color_gradient_start_position=&#8221;85%&#8221; background_color_gradient_end_position=&#8221;0%&#8221; custom_padding=&#8221;60px|5%|180px|5%&#8221; custom_padding_tablet=&#8221;|10%||10%||true&#8221; custom_padding_phone=&#8221;&#8221; custom_padding_last_edited=&#8221;on|tablet&#8221; padding_tablet=&#8221;|10%||10%||true&#8221; padding_last_edited=&#8221;on|tablet&#8221; custom_padding__hover=&#8221;|||&#8221;][et_pb_blurb title=&#8221;Adres&#8221; use_icon=&#8221;on&#8221; font_icon=&#8221;%%249%%&#8221; icon_color=&#8221;#ffffff&#8221; icon_placement=&#8221;left&#8221; use_icon_font_size=&#8221;on&#8221; icon_font_size=&#8221;28px&#8221; _builder_version=&#8221;4.9.4&#8243; header_font=&#8221;Teko|500|||||||&#8221; header_font_size=&#8221;28px&#8221; header_line_height=&#8221;1.2em&#8221; body_font=&#8221;Lato||||||||&#8221; body_font_size=&#8221;18px&#8221; body_line_height=&#8221;1.8em&#8221; background_layout=&#8221;dark&#8221; animation_style=&#8221;zoom&#8221; animation_direction=&#8221;left&#8221; animation_intensity_zoom=&#8221;12%&#8221;]<\/p>\n<p>ul. Grunwaldzka 42<br \/>80-241 Gda\u0144sk<\/p>\n<p>[\/et_pb_blurb][et_pb_blurb title=&#8221;Telefon&#8221; use_icon=&#8221;on&#8221; font_icon=&#8221;%%264%%&#8221; icon_color=&#8221;#ffffff&#8221; icon_placement=&#8221;left&#8221; use_icon_font_size=&#8221;on&#8221; icon_font_size=&#8221;28px&#8221; _builder_version=&#8221;4.9.4&#8243; header_font=&#8221;Teko|500|||||||&#8221; header_font_size=&#8221;28px&#8221; header_line_height=&#8221;1.2em&#8221; body_font=&#8221;Lato||||||||&#8221; body_font_size=&#8221;18px&#8221; body_line_height=&#8221;1.8em&#8221; background_layout=&#8221;dark&#8221; animation_style=&#8221;zoom&#8221; animation_direction=&#8221;left&#8221; animation_delay=&#8221;100ms&#8221; animation_intensity_zoom=&#8221;12%&#8221;]<\/p>\n<p><a href=\"tel: 48 509 652 290\" tabindex=\"0\"><span>+48 509 652 290<\/span><\/a><\/p>\n<p>[\/et_pb_blurb][et_pb_blurb title=&#8221;Email&#8221; use_icon=&#8221;on&#8221; font_icon=&#8221;%%238%%&#8221; icon_color=&#8221;#ffffff&#8221; icon_placement=&#8221;left&#8221; use_icon_font_size=&#8221;on&#8221; icon_font_size=&#8221;28px&#8221; _builder_version=&#8221;4.9.4&#8243; header_font=&#8221;Teko|500|||||||&#8221; header_font_size=&#8221;28px&#8221; header_line_height=&#8221;1.2em&#8221; body_font=&#8221;Lato||||||||&#8221; body_font_size=&#8221;18px&#8221; body_line_height=&#8221;1.8em&#8221; background_layout=&#8221;dark&#8221; animation_style=&#8221;zoom&#8221; animation_direction=&#8221;left&#8221; animation_delay=&#8221;200ms&#8221; animation_intensity_zoom=&#8221;12%&#8221;]<\/p>\n<p><strong><a href=\"mailto:kasy@monkomp.pl\">kasy@monkomp.pl<\/a><\/strong><\/p>\n<p>[\/et_pb_blurb][et_pb_blurb title=&#8221;Lokalizacje&#8221; use_icon=&#8221;on&#8221; font_icon=&#8221;%%251%%&#8221; icon_color=&#8221;#ffffff&#8221; icon_placement=&#8221;left&#8221; use_icon_font_size=&#8221;on&#8221; icon_font_size=&#8221;28px&#8221; _builder_version=&#8221;4.9.4&#8243; header_font=&#8221;Teko|500|||||||&#8221; header_font_size=&#8221;28px&#8221; header_line_height=&#8221;1.2em&#8221; body_font=&#8221;Lato||||||||&#8221; body_font_size=&#8221;18px&#8221; body_line_height=&#8221;1.8em&#8221; background_layout=&#8221;dark&#8221; animation_style=&#8221;zoom&#8221; animation_direction=&#8221;left&#8221; animation_delay=&#8221;300ms&#8221; animation_intensity_zoom=&#8221;12%&#8221;]<\/p>\n<p>Bor\u00f3wkowa 13 street<br \/>83-010 Rotmanka<\/p>\n<p>Amundsena 5 street<br \/>80-288 Gda\u0144sk<\/p>\n<p>Kaczy\u0144skiego 30 street<br \/>80-365 Gda\u0144sk<\/p>\n<p>Wal\u0105ga 10\/2 street<br \/>83-000 Pruszcz Gda\u0144ski<\/p>\n<p>[\/et_pb_blurb][\/et_pb_column][et_pb_column type=&#8221;1_2&#8243; _builder_version=&#8221;3.25&#8243; custom_padding=&#8221;180px|||&#8221; custom_padding_tablet=&#8221;0px|||&#8221; custom_padding_phone=&#8221;&#8221; custom_padding_last_edited=&#8221;on|desktop&#8221; padding_tablet=&#8221;0px|||&#8221; padding_last_edited=&#8221;on|desktop&#8221; custom_padding__hover=&#8221;|||&#8221;][et_pb_contact_form use_spam_service=&#8221;on&#8221; recaptcha_list=&#8221;add_new_account&#8221; email=&#8221;kasy@monkomp.pl&#8221; title=&#8221;Formularz kontaktowy&#8221; custom_message=&#8221;Nowa wiadomo\u015b\u0107 od:  %%Name%%||et_pb_line_break_holder||Adres mailowy: %%Email%%||et_pb_line_break_holder||Tre\u015b\u0107: %%Message%%&#8221; success_message=&#8221;Dzi\u0119kujemy&#8221; submit_button_text=&#8221;Wy\u015blij&#8221; module_id=&#8221;et_pb_contact_form_0&#8243; _builder_version=&#8221;4.9.4&#8243; form_field_background_color=&#8221;rgba(255,255,255,0.48)&#8221; form_field_text_color=&#8221;#ffffff&#8221; title_font=&#8221;Teko||||||||&#8221; title_text_color=&#8221;#ffffff&#8221; title_font_size=&#8221;40px&#8221; title_line_height=&#8221;1.2em&#8221; form_field_font=&#8221;Lato||||||||&#8221; form_field_font_size=&#8221;16px&#8221; custom_button=&#8221;on&#8221; button_text_color=&#8221;#c10f1b&#8221; button_bg_color=&#8221;#ffffff&#8221; button_border_width=&#8221;8px&#8221; button_border_color=&#8221;#ffffff&#8221; button_border_radius=&#8221;0px&#8221; button_letter_spacing=&#8221;4px&#8221; button_font=&#8221;Teko|||on|||||&#8221; button_icon=&#8221;%%3%%&#8221; form_background_color=&#8221;rgba(0,0,0,0.15)&#8221; locked=&#8221;off&#8221;][et_pb_contact_field field_id=&#8221;Imi\u0119&#8221; field_title=&#8221;Imi\u0119&#8221; fullwidth_field=&#8221;on&#8221; _builder_version=&#8221;4.9.4&#8243; button_text_size__hover_enabled=&#8221;off&#8221; button_one_text_size__hover_enabled=&#8221;off&#8221; button_two_text_size__hover_enabled=&#8221;off&#8221; button_text_color__hover_enabled=&#8221;off&#8221; button_one_text_color__hover_enabled=&#8221;off&#8221; button_two_text_color__hover_enabled=&#8221;off&#8221; button_border_width__hover_enabled=&#8221;off&#8221; button_one_border_width__hover_enabled=&#8221;off&#8221; button_two_border_width__hover_enabled=&#8221;off&#8221; button_border_color__hover_enabled=&#8221;off&#8221; button_one_border_color__hover_enabled=&#8221;off&#8221; button_two_border_color__hover_enabled=&#8221;off&#8221; button_border_radius__hover_enabled=&#8221;off&#8221; button_one_border_radius__hover_enabled=&#8221;off&#8221; button_two_border_radius__hover_enabled=&#8221;off&#8221; button_letter_spacing__hover_enabled=&#8221;off&#8221; button_one_letter_spacing__hover_enabled=&#8221;off&#8221; button_two_letter_spacing__hover_enabled=&#8221;off&#8221; button_bg_color__hover_enabled=&#8221;off&#8221; button_one_bg_color__hover_enabled=&#8221;off&#8221; button_two_bg_color__hover_enabled=&#8221;off&#8221;][\/et_pb_contact_field][et_pb_contact_field field_id=&#8221;Email&#8221; field_title=&#8221;E-mail&#8221; field_type=&#8221;email&#8221; fullwidth_field=&#8221;on&#8221; _builder_version=&#8221;4.9.4&#8243; button_text_size__hover_enabled=&#8221;off&#8221; button_one_text_size__hover_enabled=&#8221;off&#8221; button_two_text_size__hover_enabled=&#8221;off&#8221; button_text_color__hover_enabled=&#8221;off&#8221; button_one_text_color__hover_enabled=&#8221;off&#8221; button_two_text_color__hover_enabled=&#8221;off&#8221; button_border_width__hover_enabled=&#8221;off&#8221; button_one_border_width__hover_enabled=&#8221;off&#8221; button_two_border_width__hover_enabled=&#8221;off&#8221; button_border_color__hover_enabled=&#8221;off&#8221; button_one_border_color__hover_enabled=&#8221;off&#8221; button_two_border_color__hover_enabled=&#8221;off&#8221; button_border_radius__hover_enabled=&#8221;off&#8221; button_one_border_radius__hover_enabled=&#8221;off&#8221; button_two_border_radius__hover_enabled=&#8221;off&#8221; button_letter_spacing__hover_enabled=&#8221;off&#8221; button_one_letter_spacing__hover_enabled=&#8221;off&#8221; button_two_letter_spacing__hover_enabled=&#8221;off&#8221; button_bg_color__hover_enabled=&#8221;off&#8221; button_one_bg_color__hover_enabled=&#8221;off&#8221; button_two_bg_color__hover_enabled=&#8221;off&#8221;][\/et_pb_contact_field][et_pb_contact_field field_id=&#8221;Message&#8221; field_title=&#8221;Wiadomo\u015b\u0107&#8221; field_type=&#8221;text&#8221; fullwidth_field=&#8221;on&#8221; _builder_version=&#8221;4.9.4&#8243; button_text_size__hover_enabled=&#8221;off&#8221; button_one_text_size__hover_enabled=&#8221;off&#8221; button_two_text_size__hover_enabled=&#8221;off&#8221; button_text_color__hover_enabled=&#8221;off&#8221; button_one_text_color__hover_enabled=&#8221;off&#8221; button_two_text_color__hover_enabled=&#8221;off&#8221; button_border_width__hover_enabled=&#8221;off&#8221; button_one_border_width__hover_enabled=&#8221;off&#8221; button_two_border_width__hover_enabled=&#8221;off&#8221; button_border_color__hover_enabled=&#8221;off&#8221; button_one_border_color__hover_enabled=&#8221;off&#8221; button_two_border_color__hover_enabled=&#8221;off&#8221; button_border_radius__hover_enabled=&#8221;off&#8221; button_one_border_radius__hover_enabled=&#8221;off&#8221; button_two_border_radius__hover_enabled=&#8221;off&#8221; button_letter_spacing__hover_enabled=&#8221;off&#8221; button_one_letter_spacing__hover_enabled=&#8221;off&#8221; button_two_letter_spacing__hover_enabled=&#8221;off&#8221; button_bg_color__hover_enabled=&#8221;off&#8221; button_one_bg_color__hover_enabled=&#8221;off&#8221; button_two_bg_color__hover_enabled=&#8221;off&#8221;][\/et_pb_contact_field][\/et_pb_contact_form][\/et_pb_column][\/et_pb_row][\/et_pb_section][et_pb_section fb_built=&#8221;1&#8243; fullwidth=&#8221;on&#8221; _builder_version=&#8221;4.9.4&#8243; _module_preset=&#8221;default&#8221;][et_pb_fullwidth_code _builder_version=&#8221;4.9.4&#8243; _module_preset=&#8221;default&#8221;]<iframe src=\"https:\/\/www.google.com\/maps\/embed?pb=!1m14!1m8!1m3!1d9319.632010422372!2d18.6135211!3d54.270205!3m2!1i1024!2i768!4f13.1!3m3!1m2!1s0x0%3A0xb748661bfe2dbcb8!2sMonkomp!5e0!3m2!1spl!2spl!4v1620804902229!5m2!1spl!2spl\" width=\"2400\" height=\"450\" style=\"border:0;\" allowfullscreen=\"\" loading=\"lazy\"><\/iframe>[\/et_pb_fullwidth_code][\/et_pb_section]<\/p>\n\n\n<div class=\"kk-star-ratings kksr-auto kksr-align-left kksr-valign-bottom\"\n    data-payload='{&quot;align&quot;:&quot;left&quot;,&quot;id&quot;:&quot;145&quot;,&quot;slug&quot;:&quot;default&quot;,&quot;valign&quot;:&quot;bottom&quot;,&quot;ignore&quot;:&quot;&quot;,&quot;reference&quot;:&quot;auto&quot;,&quot;class&quot;:&quot;&quot;,&quot;count&quot;:&quot;1&quot;,&quot;legendonly&quot;:&quot;&quot;,&quot;readonly&quot;:&quot;&quot;,&quot;score&quot;:&quot;5&quot;,&quot;starsonly&quot;:&quot;&quot;,&quot;best&quot;:&quot;5&quot;,&quot;gap&quot;:&quot;5&quot;,&quot;greet&quot;:&quot;Rate this page&quot;,&quot;legend&quot;:&quot;5\\\/5 - (1 vote)&quot;,&quot;size&quot;:&quot;24&quot;,&quot;title&quot;:&quot;KONTAKT&quot;,&quot;width&quot;:&quot;142.5&quot;,&quot;_legend&quot;:&quot;{score}\\\/{best} - ({count} {votes})&quot;,&quot;font_factor&quot;:&quot;1.25&quot;}'>\n            \n<div class=\"kksr-stars\">\n    \n<div class=\"kksr-stars-inactive\">\n            <div class=\"kksr-star\" data-star=\"1\" style=\"padding-right: 5px\">\n            \n\n<div class=\"kksr-icon\" style=\"width: 24px; height: 24px;\"><\/div>\n        <\/div>\n            <div class=\"kksr-star\" data-star=\"2\" style=\"padding-right: 5px\">\n            \n\n<div class=\"kksr-icon\" style=\"width: 24px; height: 24px;\"><\/div>\n        <\/div>\n            <div class=\"kksr-star\" data-star=\"3\" style=\"padding-right: 5px\">\n            \n\n<div class=\"kksr-icon\" style=\"width: 24px; height: 24px;\"><\/div>\n        <\/div>\n            <div class=\"kksr-star\" data-star=\"4\" style=\"padding-right: 5px\">\n            \n\n<div class=\"kksr-icon\" style=\"width: 24px; height: 24px;\"><\/div>\n        <\/div>\n            <div class=\"kksr-star\" data-star=\"5\" style=\"padding-right: 5px\">\n            \n\n<div class=\"kksr-icon\" style=\"width: 24px; height: 24px;\"><\/div>\n        <\/div>\n    <\/div>\n    \n<div class=\"kksr-stars-active\" style=\"width: 142.5px;\">\n            <div class=\"kksr-star\" style=\"padding-right: 5px\">\n            \n\n<div class=\"kksr-icon\" style=\"width: 24px; height: 24px;\"><\/div>\n        <\/div>\n            <div class=\"kksr-star\" style=\"padding-right: 5px\">\n            \n\n<div class=\"kksr-icon\" style=\"width: 24px; height: 24px;\"><\/div>\n        <\/div>\n            <div class=\"kksr-star\" style=\"padding-right: 5px\">\n            \n\n<div class=\"kksr-icon\" style=\"width: 24px; height: 24px;\"><\/div>\n        <\/div>\n            <div class=\"kksr-star\" style=\"padding-right: 5px\">\n            \n\n<div class=\"kksr-icon\" style=\"width: 24px; height: 24px;\"><\/div>\n        <\/div>\n            <div class=\"kksr-star\" style=\"padding-right: 5px\">\n            \n\n<div class=\"kksr-icon\" style=\"width: 24px; height: 24px;\"><\/div>\n        <\/div>\n    <\/div>\n<\/div>\n                \n\n<div class=\"kksr-legend\" style=\"font-size: 19.2px;\">\n            5\/5 - (1 vote)    <\/div>\n    <\/div>","protected":false},"excerpt":{"rendered":"<p>Kontaktul. Grunwaldzka 4280-241 Gda\u0144sk+48 509 652 290kasy@monkomp.plul. Bor\u00f3wkowa 1383-010 Rotmanka Ul. Amundsena 580-288 Gda\u0144sk Ul. Kaczy\u0144skiego 3080-365 Gda\u0144sk Ul. Wal\u0105ga 10\/283-000 Pruszcz Gda\u0144ski<\/p>","protected":false},"author":1,"featured_media":0,"parent":0,"menu_order":0,"comment_status":"closed","ping_status":"closed","template":"","meta":{"_et_pb_use_builder":"on","_et_pb_old_content":"<!-- wp:divi\/placeholder \/-->","_et_gb_content_width":"","footnotes":""},"class_list":["post-145","page","type-page","status-publish","hentry"],"yoast_head":"<!-- This site is optimized with the Yoast SEO plugin v26.9 - https:\/\/yoast.com\/product\/yoast-seo-wordpress\/ -->\n<title>KONTAKT - Kasy fiskalne Gda\u0144sk Kasa fiskalna Gdynia Sopot Tr\u00f3jmiasto<\/title>\n<meta name=\"robots\" content=\"index, follow, max-snippet:-1, max-image-preview:large, max-video-preview:-1\" \/>\n<link rel=\"canonical\" href=\"https:\/\/monkomp.pl\/en\/kontakt\/\" \/>\n<meta property=\"og:locale\" content=\"en_GB\" \/>\n<meta property=\"og:type\" content=\"article\" \/>\n<meta property=\"og:title\" content=\"KONTAKT - Kasy fiskalne Gda\u0144sk Kasa fiskalna Gdynia Sopot Tr\u00f3jmiasto\" \/>\n<meta property=\"og:description\" content=\"Kontaktul. Grunwaldzka 4280-241 Gda\u0144sk+48 509 652 290kasy@monkomp.plul. Bor\u00f3wkowa 1383-010 Rotmanka Ul. Amundsena 580-288 Gda\u0144sk Ul. Kaczy\u0144skiego 3080-365 Gda\u0144sk Ul. Wal\u0105ga 10\/283-000 Pruszcz Gda\u0144ski\" \/>\n<meta property=\"og:url\" content=\"https:\/\/monkomp.pl\/en\/kontakt\/\" \/>\n<meta property=\"og:site_name\" content=\"Kasy fiskalne Gda\u0144sk Kasa fiskalna Gdynia Sopot Tr\u00f3jmiasto\" \/>\n<meta property=\"article:modified_time\" content=\"2021-05-12T08:02:48+00:00\" \/>\n<meta name=\"twitter:card\" content=\"summary_large_image\" \/>\n<meta name=\"twitter:label1\" content=\"Estimated reading time\" \/>\n\t<meta name=\"twitter:data1\" content=\"7 minutes\" \/>\n<script type=\"application\/ld+json\" class=\"yoast-schema-graph\">{\"@context\":\"https:\/\/schema.org\",\"@graph\":[{\"@type\":\"WebPage\",\"@id\":\"https:\/\/monkomp.pl\/kontakt\/\",\"url\":\"https:\/\/monkomp.pl\/kontakt\/\",\"name\":\"KONTAKT - Kasy fiskalne Gda\u0144sk Kasa fiskalna Gdynia Sopot Tr\u00f3jmiasto\",\"isPartOf\":{\"@id\":\"https:\/\/monkomp.pl\/#website\"},\"datePublished\":\"2021-05-09T20:18:25+00:00\",\"dateModified\":\"2021-05-12T08:02:48+00:00\",\"breadcrumb\":{\"@id\":\"https:\/\/monkomp.pl\/kontakt\/#breadcrumb\"},\"inLanguage\":\"en-GB\",\"potentialAction\":[{\"@type\":\"ReadAction\",\"target\":[\"https:\/\/monkomp.pl\/kontakt\/\"]}]},{\"@type\":\"BreadcrumbList\",\"@id\":\"https:\/\/monkomp.pl\/kontakt\/#breadcrumb\",\"itemListElement\":[{\"@type\":\"ListItem\",\"position\":1,\"name\":\"Strona g\u0142\u00f3wna\",\"item\":\"https:\/\/monkomp.pl\/\"},{\"@type\":\"ListItem\",\"position\":2,\"name\":\"KONTAKT\"}]},{\"@type\":\"WebSite\",\"@id\":\"https:\/\/monkomp.pl\/#website\",\"url\":\"https:\/\/monkomp.pl\/\",\"name\":\"Kasy fiskalne Gda\u0144sk Kasa fiskalna Gdynia Sopot Tr\u00f3jmiasto\",\"description\":\"Kasy fiskalne kasa fisklana\",\"potentialAction\":[{\"@type\":\"SearchAction\",\"target\":{\"@type\":\"EntryPoint\",\"urlTemplate\":\"https:\/\/monkomp.pl\/?s={search_term_string}\"},\"query-input\":{\"@type\":\"PropertyValueSpecification\",\"valueRequired\":true,\"valueName\":\"search_term_string\"}}],\"inLanguage\":\"en-GB\"}]}<\/script>\n<!-- \/ Yoast SEO plugin. -->","yoast_head_json":{"title":"KONTAKT - Kasy fiskalne Gda\u0144sk Kasa fiskalna Gdynia Sopot Tr\u00f3jmiasto","robots":{"index":"index","follow":"follow","max-snippet":"max-snippet:-1","max-image-preview":"max-image-preview:large","max-video-preview":"max-video-preview:-1"},"canonical":"https:\/\/monkomp.pl\/en\/kontakt\/","og_locale":"en_GB","og_type":"article","og_title":"KONTAKT - Kasy fiskalne Gda\u0144sk Kasa fiskalna Gdynia Sopot Tr\u00f3jmiasto","og_description":"Kontaktul. Grunwaldzka 4280-241 Gda\u0144sk+48 509 652 290kasy@monkomp.plul. Bor\u00f3wkowa 1383-010 Rotmanka Ul. Amundsena 580-288 Gda\u0144sk Ul. Kaczy\u0144skiego 3080-365 Gda\u0144sk Ul. Wal\u0105ga 10\/283-000 Pruszcz Gda\u0144ski","og_url":"https:\/\/monkomp.pl\/en\/kontakt\/","og_site_name":"Kasy fiskalne Gda\u0144sk Kasa fiskalna Gdynia Sopot Tr\u00f3jmiasto","article_modified_time":"2021-05-12T08:02:48+00:00","twitter_card":"summary_large_image","twitter_misc":{"Estimated reading time":"7 minutes"},"schema":{"@context":"https:\/\/schema.org","@graph":[{"@type":"WebPage","@id":"https:\/\/monkomp.pl\/kontakt\/","url":"https:\/\/monkomp.pl\/kontakt\/","name":"KONTAKT - Kasy fiskalne Gda\u0144sk Kasa fiskalna Gdynia Sopot Tr\u00f3jmiasto","isPartOf":{"@id":"https:\/\/monkomp.pl\/#website"},"datePublished":"2021-05-09T20:18:25+00:00","dateModified":"2021-05-12T08:02:48+00:00","breadcrumb":{"@id":"https:\/\/monkomp.pl\/kontakt\/#breadcrumb"},"inLanguage":"en-GB","potentialAction":[{"@type":"ReadAction","target":["https:\/\/monkomp.pl\/kontakt\/"]}]},{"@type":"BreadcrumbList","@id":"https:\/\/monkomp.pl\/kontakt\/#breadcrumb","itemListElement":[{"@type":"ListItem","position":1,"name":"Strona g\u0142\u00f3wna","item":"https:\/\/monkomp.pl\/"},{"@type":"ListItem","position":2,"name":"KONTAKT"}]},{"@type":"WebSite","@id":"https:\/\/monkomp.pl\/#website","url":"https:\/\/monkomp.pl\/","name":"Kasy fiskalne Gda\u0144sk Kasa fiskalna Gdynia Sopot Tr\u00f3jmiasto","description":"Kasy fiskalne kasa fisklana","potentialAction":[{"@type":"SearchAction","target":{"@type":"EntryPoint","urlTemplate":"https:\/\/monkomp.pl\/?s={search_term_string}"},"query-input":{"@type":"PropertyValueSpecification","valueRequired":true,"valueName":"search_term_string"}}],"inLanguage":"en-GB"}]}},"_links":{"self":[{"href":"https:\/\/monkomp.pl\/en\/wp-json\/wp\/v2\/pages\/145","targetHints":{"allow":["GET"]}}],"collection":[{"href":"https:\/\/monkomp.pl\/en\/wp-json\/wp\/v2\/pages"}],"about":[{"href":"https:\/\/monkomp.pl\/en\/wp-json\/wp\/v2\/types\/page"}],"author":[{"embeddable":true,"href":"https:\/\/monkomp.pl\/en\/wp-json\/wp\/v2\/users\/1"}],"replies":[{"embeddable":true,"href":"https:\/\/monkomp.pl\/en\/wp-json\/wp\/v2\/comments?post=145"}],"version-history":[{"count":8,"href":"https:\/\/monkomp.pl\/en\/wp-json\/wp\/v2\/pages\/145\/revisions"}],"predecessor-version":[{"id":855,"href":"https:\/\/monkomp.pl\/en\/wp-json\/wp\/v2\/pages\/145\/revisions\/855"}],"wp:attachment":[{"href":"https:\/\/monkomp.pl\/en\/wp-json\/wp\/v2\/media?parent=145"}],"curies":[{"name":"wp","href":"https:\/\/api.w.org\/{rel}","templated":true}]}}