{"id":1991,"date":"2022-07-10T17:52:26","date_gmt":"2022-07-10T15:52:26","guid":{"rendered":"https:\/\/monkomp.pl\/?post_type=product&#038;p=1991"},"modified":"2022-07-17T08:38:11","modified_gmt":"2022-07-17T06:38:11","slug":"deon-online","status":"publish","type":"product","link":"https:\/\/monkomp.pl\/en\/product\/deon-online\/","title":{"rendered":"Deon Online"},"content":{"rendered":"<div class=\"field field-name-field-opis-lista field-type-text-long field-label-hidden\">\n<div class=\"field-items\">\n<div class=\"field-item even\">DEON Online to wszechstronna drukarka, dedykowana zar\u00f3wno do pracy stacjonarnej jak i w terenie, w us\u0142ugach oraz \u015brednich i ma\u0142ych plac\u00f3wkach handlowych. Niewielkie gabaryty i ergonomia DEON Online znajduje zastosowanie w wielu miejscach: ma\u0142ych i \u015brednich sklepach, gabinetach lekarskich, kancelariach prawnych, gabinetach kosmetycznych czy fryzjerskich, innych punktach us\u0142ugowych oraz w sprzeda\u017cy mobilnej, w kt\u00f3rej szczeg\u00f3lnie doceniane s\u0105 niewielkie gabaryty i ergonomia drukarki.<\/div>\n<div><\/div>\n<div class=\"field-item even\">Jest to jedna z najbardziej ergonomicznych drukarek fiskalnych w ofercie NOVITUS, kt\u00f3ra jednocze\u015bnie obs\u0142uguje komunikacj\u0119 z Centralnym Repozytorium Kas (CRK), zgodnie z wymogami Rozporz\u0105dzenia Ministra Przedsi\u0119biorczo\u015bci i Technologii z dnia 28 maja 2018 r. w sprawie kryteri\u00f3w i warunk\u00f3w technicznych, kt\u00f3rym musz\u0105 odpowiada\u0107 urz\u0105dzenia fiskalne rejestruj\u0105ce. Kopia wydruku dla u\u017cytkownika przechowywana jest w pami\u0119ci chronionej urz\u0105dzenia, a dost\u0119p do niej jest realizowany poprzez dedykowan\u0105 aplikacj\u0119. Jak ka\u017cda drukarka fiskalna marki Novitus, r\u00f3wnie\u017c Deon Online ma mo\u017cliwo\u015b\u0107 drukowania faktur VAT na swoim mechanizmie drukuj\u0105cym. Drukarki online na formatce faktury opr\u00f3cz danych Nabywcy mog\u0105 r\u00f3wnie\u017c drukowa\u0107 dane Odbiorcy faktury VAT. Mog\u0105 te\u017c drukowa\u0107 dowolne wydruki niefiskalne, zawieraj\u0105ce tekst, grafik\u0119 oraz kody kreskowe i QR.<\/div>\n<div><\/div>\n<div class=\"field-item even\">\n<p>DEON online nale\u017cy do nowej rodziny urz\u0105dze\u0144 Novitus Online Power. Co to znaczy? Stworzyli\u015bmy lini\u0119 urz\u0105dze\u0144 o niespotykanej do tej pory mocy, na kt\u00f3r\u0105 sk\u0142adaj\u0105 si\u0119 m.in. 32 bitowe procesory o taktowaniu nawet do 524MHz, ogromna pami\u0119\u0107 wewn\u0119trza oraz 256MB pami\u0119ci operacyjnej.\u00a0 System LINUX gwarantuje stabiln\u0105 prac\u0119, a nasza platforma daje zapas mocy na wiele lat do przodu, niezale\u017cnie od przysz\u0142ych wyzwa\u0144. Bezpiecze\u0144stwo danych zapewnia modu\u0142 TPM oraz dwustronna autentykacja \u2013 rozwi\u0105zania sprawdzone w ponad 4 miliardach urz\u0105dze\u0144 na \u015bwiecie.<strong><u>Cena netto:<\/u> 2290 z\u0142<\/strong><\/p>\n<\/div>\n<h3>Dane techniczne<\/h3>\n<h4>DRUKARKA DEON ONLINE W SKR\u00d3CIE:<\/h4>\n<ul>\n<li>Komunikacja z CRK za pomoc\u0105 Ethernet oraz WiFi (opcja),<\/li>\n<li>1 000 000 towar\u00f3w w bazie,<\/li>\n<li>7 stawek PTU do zaprogramowania,<\/li>\n<li>60 znak\u00f3w do precyzyjnego opisu towaru + 3 dodatkowe linie po 40 znak\u00f3w,<\/li>\n<li>Nielimitowana ilo\u015b\u0107 kasjer\u00f3w na drukarce,<\/li>\n<li>Procesor 524 MHz,<\/li>\n<li>256 MB pami\u0119ci RAM,<\/li>\n<li>4.096 MB pami\u0119ci flash,<\/li>\n<li>Akumulator 7,4V, 2Ah, wymienny, \u0142adowany poza drukark\u0105,<\/li>\n<li>System operacyjny LINUX,<\/li>\n<li>2 wy\u015bwietlacze LCD &#8211; 192&#215;48 px,<\/li>\n<li>1024 grafik do zaprogramowania,<\/li>\n<li>\u0141\u0105czno\u015b\u0107 1x RS232, 1x Ethernet, 1x USB, modu\u0142 Wi-Fi (opcja), modu\u0142 WLAN (opcja), modu\u0142 BT (opcja),<\/li>\n<li>Protok\u00f3\u0142 komunikacyjny Novitus, Novitus zgodny, XML,<\/li>\n<li>Wbudowany serwer WWW.<\/li>\n<\/ul>\n<h4>MOC ZAWSZE W URZ\u0104DZENIU<\/h4>\n<p>Wymienny akumulator pozwoli Ci pracowa\u0107 jeszcze d\u0142u\u017cej i w dowolnym miejscu. Pracuj\u0105c ci\u0105gle w miejscach, gdzie nie ma zasilania sieciowego mo\u017cesz u\u017cywa\u0107 naprzemiennie dw\u00f3ch pakiet\u00f3w akumulatorowych. Roz\u0142adowany akumulator mo\u017cesz \u0142adowa\u0107 w drukarce lub poza urz\u0105dzeniem, za pomoc\u0105 standardowego zasilacza dostarczonego w komplecie z drukark\u0105. Pracuj\u0105c na ladzie czy biurku, drukarka mo\u017cne ca\u0142y czas by\u0107 pod\u0142\u0105czona do sieci poprzez zasilacz. DEON Online posiada bardzo wydajny akumulator \u2013 bez zasilania zewn\u0119trznego mo\u017ce wydrukowa\u0107 nawet 3.000 paragon\u00f3w.<\/p>\n<h4>PRACA W KA\u017bDYCH WARUNKACH<\/h4>\n<p>Ergonomiczna klawiatura to podstawa sprawnej obs\u0142ugi, programowania oraz wykonywania raport\u00f3w. DEON Online posiada klawiatur\u0119 pod\u015bwietlan\u0105, co dodatkowo u\u0142atwia prac\u0119 nawet w ca\u0142kowitej ciemno\u015bci, a jej silikonowa powierzchnia zabezpiecza urz\u0105dzenie przed warunkami otoczenia takimi jak deszcz lub \u015bnieg, zabrudzenia czy przypadkowe zalanie. Pi\u0119knie pod\u015bwietlana, kolorowa klawiatura kasy z naniesionymi przejrzystymi informacjami oparta jest na bardzo precyzyjnie dzia\u0142aj\u0105cych switchach, dzi\u0119ki czemu obs\u0142uga jest bardzo \u0142atwa i przyjemna. Klawiatura jest idealnie skomponowana z nowymi wy\u015bwietlaczami graficznymi LCD o rozdzielczo\u015bciach 192&#215;48 px.<\/p>\n<h3>UNIWERSALNO\u015a\u0106 W KOMUNIKACJI<\/h3>\n<p>Do komunikacji z komputerem, tabletem czy smartfonem, drukarka zosta\u0142a wyposa\u017cona w z\u0142\u0105cze LAN do \u0142\u0105czenia drukarki w sieci komputerowe. Jest to obecnie najlepsze, najbardziej funkcjonalne po\u0142\u0105czenie urz\u0105dze\u0144 z komputerami. Opr\u00f3cz tego u\u017cytkownik ma jeszcze do dyspozycji z\u0142\u0105cze USB oraz RS232. Drukarka zosta\u0142a wyposa\u017cona w najnowocze\u015bniejszy protok\u00f3\u0142 komunikacyjny XML do prowadzenia sprzeda\u017cy z system\u00f3w komputerowych.<br \/>\nW drukarce bez problemu zainstalowa\u0107 mo\u017cna dodatkowe modu\u0142y \u0142\u0105czno\u015bci (tzw. dongle), m.in. WiFi, BT. Dzi\u0119ki takiemu po\u0142\u0105czeniu mo\u017cna pracowa\u0107 mobilnie i korzysta\u0107 ze skanera BT bez dodatkowych przewod\u00f3w po\u0142\u0105czeniowych. W spodzie drukarki zaprojektowano specjalne miejsce z dost\u0119pnym wewn\u0119trznym z\u0142\u0105czem komunikacyjnym na zamontowanie dodatkowego modu\u0142u do bezprzewodowej komunikacji drukarki z komputerem.<\/p>\n<h3>WRZU\u0106 I PRACUJ \/ JAPO\u0143SKI MECHANIZM DRUKUJ\u0104CY<\/h3>\n<p>Drukarka wyposa\u017cona jest w niezawodny mechanizm drukuj\u0105cy, japo\u0144skiej firmy Fujitsu, sprawdzony w setkach tysi\u0119cy urz\u0105dze\u0144 fiskalnych. Zastosowanie mechanizmu typu clamshell powoduje, \u017ce operacja wymiany papieru jest dziecinnie prosta. Odbywa si\u0119 na zasadzie: &#8222;wrzu\u0107 i pracuj&#8221;. Zalety tego rozwi\u0105zania doceni ka\u017cdy u\u017cytkownik, a szczeg\u00f3lnie wykorzystuj\u0105cy drukark\u0119 do pracy przeno\u015bnej. Mo\u017cliwo\u015b\u0107 u\u017cywania papieru o d\u0142ugo\u015bci 30 metr\u00f3w bie\u017c\u0105cych pozwala na wydrukowanie nawet 300 paragon\u00f3w na jednej rolce. DEON Online ma mo\u017cliwo\u015b\u0107 drukowania grafiki w nag\u0142\u00f3wku paragonu, zaprogramowania nazwy towaru do 40 znak\u00f3w oraz wydrukowania NIP-u nabywcy na paragonie.<\/p>\n<h3>GDZIE WYKORZYSTASZ NAJLEPIEJ ZALETY DRUKARKI DEON ONLINE?<\/h3>\n<p>Busy, wypo\u017cyczalnie, gabinety lekarskie, parkingi, warsztaty samochodowe, gabinety kosmetyczne i salony fryzjerskie, kancelarie prawnicze. Bez wzgl\u0119du na prowadzon\u0105 dzia\u0142alno\u015b\u0107, drukarka zawsze dostosuje si\u0119 do prowadzonego biznesu. Sprzeda\u017c bilet\u00f3w na zaprogramowanych trasach umo\u017cliwiaj\u0105 funkcje busowe. Obs\u0142ug\u0119 wypo\u017cyczalni oraz parking\u00f3w umo\u017cliwiaj\u0105 funkcje czasowe. Drukarka przypomni te\u017c o ustawowym obowi\u0105zku wykonania codziennego raportu fiskalnego oraz przegl\u0105du okresowego.<\/p>\n<\/div>\n<\/div>","protected":false},"excerpt":{"rendered":"<p>DEON Online to wszechstronna drukarka, dedykowana zar\u00f3wno do pracy stacjonarnej jak i w terenie, w us\u0142ugach oraz \u015brednich i ma\u0142ych plac\u00f3wkach handlowych. Niewielkie gabaryty i ergonomia DEON Online znajduje zastosowanie w wielu miejscach: ma\u0142ych i \u015brednich sklepach, gabinetach lekarskich, kancelariach prawnych, gabinetach kosmetycznych czy fryzjerskich, innych punktach us\u0142ugowych oraz w sprzeda\u017cy mobilnej, w kt\u00f3rej szczeg\u00f3lnie doceniane s\u0105 niewielkie gabaryty i ergonomia drukarki.<\/p>","protected":false},"featured_media":1994,"comment_status":"closed","ping_status":"closed","template":"","meta":{"_et_pb_use_builder":"","_et_pb_old_content":"","_et_gb_content_width":""},"product_brand":[],"product_cat":[39,40,38],"product_tag":[],"class_list":{"0":"post-1991","1":"product","2":"type-product","3":"status-publish","4":"has-post-thumbnail","6":"product_cat-drukarki-fiskalne-online","7":"product_cat-novitus","8":"product_cat-urzadzenia-fiskalne","10":"first","11":"instock","12":"taxable","13":"shipping-taxable","14":"purchasable","15":"product-type-variable"},"yoast_head":"<!-- This site is optimized with the Yoast SEO plugin v26.9 - https:\/\/yoast.com\/product\/yoast-seo-wordpress\/ -->\n<title>Deon Online - Kasy fiskalne Gda\u0144sk Kasa fiskalna Gdynia Sopot Tr\u00f3jmiasto<\/title>\n<meta name=\"robots\" content=\"index, follow, max-snippet:-1, max-image-preview:large, max-video-preview:-1\" \/>\n<link rel=\"canonical\" href=\"https:\/\/monkomp.pl\/en\/product\/deon-online\/\" \/>\n<meta property=\"og:locale\" content=\"en_GB\" \/>\n<meta property=\"og:type\" content=\"article\" \/>\n<meta property=\"og:title\" content=\"Deon Online - Kasy fiskalne Gda\u0144sk Kasa fiskalna Gdynia Sopot Tr\u00f3jmiasto\" \/>\n<meta property=\"og:description\" content=\"DEON Online to wszechstronna drukarka, dedykowana zar\u00f3wno do pracy stacjonarnej jak i w terenie, w us\u0142ugach oraz \u015brednich i ma\u0142ych plac\u00f3wkach handlowych. Niewielkie gabaryty i ergonomia DEON Online znajduje zastosowanie w wielu miejscach: ma\u0142ych i \u015brednich sklepach, gabinetach lekarskich, kancelariach prawnych, gabinetach kosmetycznych czy fryzjerskich, innych punktach us\u0142ugowych oraz w sprzeda\u017cy mobilnej, w kt\u00f3rej szczeg\u00f3lnie doceniane s\u0105 niewielkie gabaryty i ergonomia drukarki.\" \/>\n<meta property=\"og:url\" content=\"https:\/\/monkomp.pl\/en\/product\/deon-online\/\" \/>\n<meta property=\"og:site_name\" content=\"Kasy fiskalne Gda\u0144sk Kasa fiskalna Gdynia Sopot Tr\u00f3jmiasto\" \/>\n<meta property=\"article:modified_time\" content=\"2022-07-17T06:38:11+00:00\" \/>\n<meta property=\"og:image\" content=\"https:\/\/monkomp.pl\/wp-content\/uploads\/2022\/07\/1.png\" \/>\n\t<meta property=\"og:image:width\" content=\"327\" \/>\n\t<meta property=\"og:image:height\" content=\"327\" \/>\n\t<meta property=\"og:image:type\" content=\"image\/png\" \/>\n<meta name=\"twitter:card\" content=\"summary_large_image\" \/>\n<meta name=\"twitter:label1\" content=\"Estimated reading time\" \/>\n\t<meta name=\"twitter:data1\" content=\"5 minutes\" \/>\n<script type=\"application\/ld+json\" class=\"yoast-schema-graph\">{\"@context\":\"https:\/\/schema.org\",\"@graph\":[{\"@type\":\"WebPage\",\"@id\":\"https:\/\/monkomp.pl\/produkt\/deon-online\/\",\"url\":\"https:\/\/monkomp.pl\/produkt\/deon-online\/\",\"name\":\"Deon Online - Kasy fiskalne Gda\u0144sk Kasa fiskalna Gdynia Sopot Tr\u00f3jmiasto\",\"isPartOf\":{\"@id\":\"https:\/\/monkomp.pl\/#website\"},\"primaryImageOfPage\":{\"@id\":\"https:\/\/monkomp.pl\/produkt\/deon-online\/#primaryimage\"},\"image\":{\"@id\":\"https:\/\/monkomp.pl\/produkt\/deon-online\/#primaryimage\"},\"thumbnailUrl\":\"https:\/\/monkomp.pl\/wp-content\/uploads\/2022\/07\/1.png\",\"datePublished\":\"2022-07-10T15:52:26+00:00\",\"dateModified\":\"2022-07-17T06:38:11+00:00\",\"breadcrumb\":{\"@id\":\"https:\/\/monkomp.pl\/produkt\/deon-online\/#breadcrumb\"},\"inLanguage\":\"en-GB\",\"potentialAction\":[{\"@type\":\"ReadAction\",\"target\":[\"https:\/\/monkomp.pl\/produkt\/deon-online\/\"]}]},{\"@type\":\"ImageObject\",\"inLanguage\":\"en-GB\",\"@id\":\"https:\/\/monkomp.pl\/produkt\/deon-online\/#primaryimage\",\"url\":\"https:\/\/monkomp.pl\/wp-content\/uploads\/2022\/07\/1.png\",\"contentUrl\":\"https:\/\/monkomp.pl\/wp-content\/uploads\/2022\/07\/1.png\",\"width\":327,\"height\":327},{\"@type\":\"BreadcrumbList\",\"@id\":\"https:\/\/monkomp.pl\/produkt\/deon-online\/#breadcrumb\",\"itemListElement\":[{\"@type\":\"ListItem\",\"position\":1,\"name\":\"Strona g\u0142\u00f3wna\",\"item\":\"https:\/\/monkomp.pl\/\"},{\"@type\":\"ListItem\",\"position\":2,\"name\":\"Sklep\",\"item\":\"https:\/\/monkomp.pl\/sklep\/\"},{\"@type\":\"ListItem\",\"position\":3,\"name\":\"Deon Online\"}]},{\"@type\":\"WebSite\",\"@id\":\"https:\/\/monkomp.pl\/#website\",\"url\":\"https:\/\/monkomp.pl\/\",\"name\":\"Kasy fiskalne Gda\u0144sk Kasa fiskalna Gdynia Sopot Tr\u00f3jmiasto\",\"description\":\"Kasy fiskalne kasa fisklana\",\"potentialAction\":[{\"@type\":\"SearchAction\",\"target\":{\"@type\":\"EntryPoint\",\"urlTemplate\":\"https:\/\/monkomp.pl\/?s={search_term_string}\"},\"query-input\":{\"@type\":\"PropertyValueSpecification\",\"valueRequired\":true,\"valueName\":\"search_term_string\"}}],\"inLanguage\":\"en-GB\"}]}<\/script>\n<!-- \/ Yoast SEO plugin. -->","yoast_head_json":{"title":"Deon Online - Kasy fiskalne Gda\u0144sk Kasa fiskalna Gdynia Sopot Tr\u00f3jmiasto","robots":{"index":"index","follow":"follow","max-snippet":"max-snippet:-1","max-image-preview":"max-image-preview:large","max-video-preview":"max-video-preview:-1"},"canonical":"https:\/\/monkomp.pl\/en\/product\/deon-online\/","og_locale":"en_GB","og_type":"article","og_title":"Deon Online - Kasy fiskalne Gda\u0144sk Kasa fiskalna Gdynia Sopot Tr\u00f3jmiasto","og_description":"DEON Online to wszechstronna drukarka, dedykowana zar\u00f3wno do pracy stacjonarnej jak i w terenie, w us\u0142ugach oraz \u015brednich i ma\u0142ych plac\u00f3wkach handlowych. Niewielkie gabaryty i ergonomia DEON Online znajduje zastosowanie w wielu miejscach: ma\u0142ych i \u015brednich sklepach, gabinetach lekarskich, kancelariach prawnych, gabinetach kosmetycznych czy fryzjerskich, innych punktach us\u0142ugowych oraz w sprzeda\u017cy mobilnej, w kt\u00f3rej szczeg\u00f3lnie doceniane s\u0105 niewielkie gabaryty i ergonomia drukarki.","og_url":"https:\/\/monkomp.pl\/en\/product\/deon-online\/","og_site_name":"Kasy fiskalne Gda\u0144sk Kasa fiskalna Gdynia Sopot Tr\u00f3jmiasto","article_modified_time":"2022-07-17T06:38:11+00:00","og_image":[{"width":327,"height":327,"url":"https:\/\/monkomp.pl\/wp-content\/uploads\/2022\/07\/1.png","type":"image\/png"}],"twitter_card":"summary_large_image","twitter_misc":{"Estimated reading time":"5 minutes"},"schema":{"@context":"https:\/\/schema.org","@graph":[{"@type":"WebPage","@id":"https:\/\/monkomp.pl\/produkt\/deon-online\/","url":"https:\/\/monkomp.pl\/produkt\/deon-online\/","name":"Deon Online - Kasy fiskalne Gda\u0144sk Kasa fiskalna Gdynia Sopot Tr\u00f3jmiasto","isPartOf":{"@id":"https:\/\/monkomp.pl\/#website"},"primaryImageOfPage":{"@id":"https:\/\/monkomp.pl\/produkt\/deon-online\/#primaryimage"},"image":{"@id":"https:\/\/monkomp.pl\/produkt\/deon-online\/#primaryimage"},"thumbnailUrl":"https:\/\/monkomp.pl\/wp-content\/uploads\/2022\/07\/1.png","datePublished":"2022-07-10T15:52:26+00:00","dateModified":"2022-07-17T06:38:11+00:00","breadcrumb":{"@id":"https:\/\/monkomp.pl\/produkt\/deon-online\/#breadcrumb"},"inLanguage":"en-GB","potentialAction":[{"@type":"ReadAction","target":["https:\/\/monkomp.pl\/produkt\/deon-online\/"]}]},{"@type":"ImageObject","inLanguage":"en-GB","@id":"https:\/\/monkomp.pl\/produkt\/deon-online\/#primaryimage","url":"https:\/\/monkomp.pl\/wp-content\/uploads\/2022\/07\/1.png","contentUrl":"https:\/\/monkomp.pl\/wp-content\/uploads\/2022\/07\/1.png","width":327,"height":327},{"@type":"BreadcrumbList","@id":"https:\/\/monkomp.pl\/produkt\/deon-online\/#breadcrumb","itemListElement":[{"@type":"ListItem","position":1,"name":"Strona g\u0142\u00f3wna","item":"https:\/\/monkomp.pl\/"},{"@type":"ListItem","position":2,"name":"Sklep","item":"https:\/\/monkomp.pl\/sklep\/"},{"@type":"ListItem","position":3,"name":"Deon Online"}]},{"@type":"WebSite","@id":"https:\/\/monkomp.pl\/#website","url":"https:\/\/monkomp.pl\/","name":"Kasy fiskalne Gda\u0144sk Kasa fiskalna Gdynia Sopot Tr\u00f3jmiasto","description":"Kasy fiskalne kasa fisklana","potentialAction":[{"@type":"SearchAction","target":{"@type":"EntryPoint","urlTemplate":"https:\/\/monkomp.pl\/?s={search_term_string}"},"query-input":{"@type":"PropertyValueSpecification","valueRequired":true,"valueName":"search_term_string"}}],"inLanguage":"en-GB"}]}},"_links":{"self":[{"href":"https:\/\/monkomp.pl\/en\/wp-json\/wp\/v2\/product\/1991","targetHints":{"allow":["GET"]}}],"collection":[{"href":"https:\/\/monkomp.pl\/en\/wp-json\/wp\/v2\/product"}],"about":[{"href":"https:\/\/monkomp.pl\/en\/wp-json\/wp\/v2\/types\/product"}],"replies":[{"embeddable":true,"href":"https:\/\/monkomp.pl\/en\/wp-json\/wp\/v2\/comments?post=1991"}],"wp:featuredmedia":[{"embeddable":true,"href":"https:\/\/monkomp.pl\/en\/wp-json\/wp\/v2\/media\/1994"}],"wp:attachment":[{"href":"https:\/\/monkomp.pl\/en\/wp-json\/wp\/v2\/media?parent=1991"}],"wp:term":[{"taxonomy":"product_brand","embeddable":true,"href":"https:\/\/monkomp.pl\/en\/wp-json\/wp\/v2\/product_brand?post=1991"},{"taxonomy":"product_cat","embeddable":true,"href":"https:\/\/monkomp.pl\/en\/wp-json\/wp\/v2\/product_cat?post=1991"},{"taxonomy":"product_tag","embeddable":true,"href":"https:\/\/monkomp.pl\/en\/wp-json\/wp\/v2\/product_tag?post=1991"}],"curies":[{"name":"wp","href":"https:\/\/api.w.org\/{rel}","templated":true}]}}