{"id":2010,"date":"2022-07-10T18:20:33","date_gmt":"2022-07-10T16:20:33","guid":{"rendered":"https:\/\/monkomp.pl\/?post_type=product&#038;p=2010"},"modified":"2022-07-17T16:25:52","modified_gmt":"2022-07-17T14:25:52","slug":"hd-ii-online-z-wyswietlaczem-wolnostojacym","status":"publish","type":"product","link":"https:\/\/monkomp.pl\/en\/product\/hd-ii-online-z-wyswietlaczem-wolnostojacym\/","title":{"rendered":"HD II ONLINE with free-standing display"},"content":{"rendered":"<p>Model HD II Online to nowa ods\u0142ona niezwykle trwa\u0142ej i szybkiej drukarki fiskalnej do zada\u0144 specjalnych, najszybszej i wci\u0105\u017c jedynej na rynku z kolorowym wy\u015bwietlaczem TFT pracuj\u0105cym w trybie High Color z mo\u017cliwo\u015bci\u0105 wy\u015bwietlania film\u00f3w reklamowych. W tej wersji oferuje zewn\u0119trzy niezale\u017cny wy\u015bwietlacz, kt\u00f3ry powala bardziej elastycznie zaaran\u017cowa\u0107 przestrze\u0144 w punkcie sprzeda\u017cy i na ladzie. Dost\u0119pne s\u0105 dwie wersje wysoko\u015bci wy\u015bwietlacza wolnostoj\u0105cego 372 mm lub 632 mm. Unikalne rozwi\u0105zanie pozwalaj\u0105ce na wy\u015bwietlanie animowanych reklam i komunikat\u00f3w na wy\u015bwietlaczu klienta, sprawia \u017ce to urz\u0105dzenie mo\u017ce sta\u0107 si\u0119 tak\u017ce no\u015bnikiem reklamowym w punkcie sprzeda\u017cy.<\/p>\n<p><strong>MULTIKOMUNIKACJA<\/strong>\u00a0\u2013 Dzi\u0119ki dodatkowemu wewn\u0119trznemu z\u0142\u0105czu USB po pod\u0142\u0105czeniu karty WiFi, modemu GSM lub \u0142\u0105cza BT, u\u017cytkownik uzyskuje niespotykan\u0105 w innych modelach elastyczno\u015b\u0107 pracy oraz mo\u017cliwo\u015b\u0107 integracji z rozproszonymi systemami sprzeda\u017cy. Po\u0142\u0105czenie z CRK tak\u017ce jest mo\u017cliwe przez LAN, WLAN lub GPRS. Po poprawnym skonfigurowaniu po\u0142\u0105czenia WiFi, drukarka zapami\u0119tuje do 10 sieci WLAN i \u0142\u0105czy si\u0119 z nimi automatycznie. Drukark\u0119 mo\u017cna pod\u0142\u0105czy\u0107 do systemu komputerowego tak\u017ce przez tradycyjne z\u0142\u0105cze RS232, dwukana\u0142owe z\u0142\u0105cze USB. Logiczny port PC2 pozwoli na integracj\u0119 z centralnymi systemami gromadzenia informacji, systemami monitoruj\u0105cymi oraz innymi rozwi\u0105zaniami firm trzecich, dzia\u0142aj\u0105cymi niezale\u017cnie od systemu sprzeda\u017cowego. Tunelowanie transmisji pomi\u0119dzy portami drukarki pozwala na pod\u0142\u0105czenie do niej dodatkowych urz\u0105dze\u0144 zewn\u0119trznych.<\/p>\n<p><strong>MOC i SZYBKO\u015a\u0106<\/strong>\u00a0\u2013 Jeszcze mocniejszy procesor oraz dwa razy wi\u0119cej pami\u0119ci RAM w stosunku do poprzedniego modelu, to szybszy wydruk. Drukarka pozwala na osi\u0105gni\u0119cie pr\u0119dko\u015bci wydruku nawet do 54 linii tekstu na sekund\u0119. Drukarka ma mo\u017cliwo\u015b\u0107 wydruku NIPu nabywcy na paragonie fiskalnym, logo graficznego firmy na paragonie oraz innych wydrukach niefiskalnych. Umo\u017cliwia drukowanie faktur VAT bezpo\u015brednio na swoim mechanizmie drukuj\u0105cym. Posiada szerok\u0105 gam\u0119 dowolnych wydruk\u00f3w niefiskalnych, r\u00f3wnie\u017c zawieraj\u0105cych dowoln\u0105 grafik\u0119 i kody QR.<\/p>\n<p><strong>E-PARAGON READY<\/strong>\u00a0&#8211; Urz\u0105dzenie obs\u0142uguje tak\u017ce funkcj\u0119 e-paragonu, a mo\u017cliwo\u015b\u0107 ca\u0142kowitego wyeliminowania wydruku papierowego b\u0119dzie dost\u0119pna po rehomologacji i aktualizacji wersji oprogramowania.<\/p>\n<p><span style=\"text-decoration: underline;\"><strong>Cena netto: <\/strong><\/span><strong>3090 z\u0142\u00a0<\/strong><\/p>\n<h3>Dane techniczne<\/h3>\n<h4>DRUKARKA FISKALNA HD II ONLINE W SKR\u00d3CIE:<\/h4>\n<ul>\n<li>Komunikacja z Centralnym Repozytorium Kas (CRK)<\/li>\n<li>1 000 000 towar\u00f3w w bazie<\/li>\n<li>7 stawek PTU do zaprogramowania<\/li>\n<li>A\u017c 60 znak\u00f3w do precyzyjnego opisu towaru + 3 dodatkowe linie po 40 znak\u00f3w<\/li>\n<li>Nielimitowana ilo\u015b\u0107 kasjer\u00f3w na drukarce<\/li>\n<li>Procesor 528 MHz<\/li>\n<li>256 MB pami\u0119ci RAM<\/li>\n<li>8.192 MB pami\u0119ci flash<\/li>\n<li>System operacyjny LINUX<\/li>\n<li>Du\u017cy 4,3\u201d kolorowy wy\u015bwietlacz dzia\u0142aj\u0105cy w trybie High Color<\/li>\n<li>Wy\u015bwietlacz wbudowany lub wolnostoj\u0105cy o r\u00f3\u017cnej wysoko\u015bci podstawy, pod\u0142\u0105czany do drukarki przewodem o d\u0142ugo\u015bci do\u00a01,25m<\/li>\n<li>128 MB wewn\u0119trznej pami\u0119ci dla zaprogramowania plik\u00f3w graficznych na wy\u015bwietlaczu<\/li>\n<li>100 MB wewn\u0119trznej pami\u0119ci dla zaprogramowania plik\u00f3w graficznych na wy\u015bwietlaczu<\/li>\n<li>Wydruk do 1.000 paragon\u00f3w na na\u0142adowanym akumulatorze<\/li>\n<li>Szybko\u015b\u0107 wydruku nawet do 54 linii tekstu na sekund\u0119<\/li>\n<li>Mo\u017cliwo\u015b\u0107 zaprogramowania a\u017c do 1024 grafik do wydruku<\/li>\n<li>Mechanizm drukuj\u0105cy \u201ewrzu\u0107 i pracuj\u201d z obcinaczem papieru<\/li>\n<li>Oszcz\u0119dno\u015b\u0107 papieru dzi\u0119ki do\u0142\u0105czaniu wydruku niefiskalnego do paragonu bez dodatkowego nag\u0142\u00f3wka<\/li>\n<li>Na wydrukach niefiskalnych r\u00f3\u017cne wielko\u015bci czcionek, w tym bardzo du\u017ce znaki do wydruku kod\u00f3w i innych oznacze\u0144<\/li>\n<li>\u0141\u0105czno\u015b\u0107 RS232, Ethernet, karta WiFi* lub Bluetooth*, modem GSM*<\/li>\n<li>Protok\u00f3\u0142 komunikacyjny Novitus, Novitus zgodny, XML<\/li>\n<li>Konfiguracja drukarki przez wbudowany serwer WWW<\/li>\n<\/ul>\n<p>* opcja dodatkowa<\/p>\n<h4>ONLINE POWER<\/h4>\n<p>HD II Online nale\u017cy do nowej rodziny urz\u0105dze\u0144 Novitus Online Power. Co to znaczy? Stworzyli\u015bmy lini\u0119 urz\u0105dze\u0144 o niespotykanej do tej pory mocy, na kt\u00f3r\u0105 sk\u0142adaj\u0105 si\u0119 m.in. 32 bitowe procesory o taktowaniu nawet do 528 MHz, ogromna pami\u0119\u0107 wewn\u0119trza oraz 256 MB pami\u0119ci operacyjnej.\u00a0 System LINUX gwarantuje stabiln\u0105 prac\u0119, a nasza platforma daje zapas mocy na wiele lat do przodu, niezale\u017cnie od przysz\u0142ych wyzwa\u0144.<\/p>\n<p>Jest to najbardziej wszechstronna drukarka online w ofercie NOVITUS, obs\u0142uguj\u0105ca komunikacj\u0119 z Centralnym Repozytorium Kas (CRK). Urz\u0105dzenie z rodziny wyr\u00f3\u017cnionej m.in. Nagrod\u0105 Kupc\u00f3w Polskich Z\u0142oty Paragon oraz tytu\u0142em finalisty konkursu Dobry Wz\u00f3r. Postaw na zdalne zarz\u0105dzanie, wbudowany serwer WWW, multi-komunikacj\u0119 i najwy\u017csze standardy bezpiecze\u0144stwa danych oraz wydajny i trwa\u0142y mechanizm drukuj\u0105cy!<\/p>\n<h4>WYSOKIEJ JAKO\u015aCI WY\u015aWIETLACZ<\/h4>\n<p><strong><br \/>\n<\/strong>Drukarka Novitus HD II Online to urz\u0105dzenie z kolorowym wy\u015bwietlaczem pozwalaj\u0105cym wy\u015bwietla\u0107 komunikaty oraz grafik\u0119 w trybie High Color. Du\u017cy, 4,3\u201d kolorowy wy\u015bwietlacz zwr\u00f3ci uwag\u0119 ka\u017cdego kupuj\u0105cego i uatrakcyjni wn\u0119trze sklepu czy stanowiska sprzeda\u017cy. Wy\u015bwietla on bardzo czytelnie wszelkie komunikaty i menu drukarki oraz dowolne animowane reklamy w prosty spos\u00f3b przygotowywane i programowane przez w\u0142a\u015bciciela. Drukarka ma a\u017c 128 MB wewn\u0119trznej pami\u0119ci zarezerwowanej dla klip\u00f3w graficznych, kt\u00f3re mog\u0105 by\u0107 wyzwalane z zewn\u0119trznego programu komputerowego lub poprzez wbudowany, programowany przez u\u017cytkownika harmonogram. Drukarka mo\u017ce wyst\u0119powa\u0107 z wy\u015bwietlaczem zintegrowanym &#8211; na sta\u0142e przytwierdzonym do obudowy drukarki lub wy\u015bwietlaczem wolnostoj\u0105cym, o r\u00f3\u017cnej wysoko\u015bci podstawy, po\u0142\u0105czonym z drukark\u0105 przewodem o d\u0142ugo\u015bci do 1,25 m.<\/p>\n<h4>PRECYZJA WYDRUKU<\/h4>\n<p>Drukarka Novitus HD II Online zosta\u0142a wyposa\u017cona w niezawodny, trwa\u0142y i szybki mechanizm drukuj\u0105cy japo\u0144skiej firmy Citizen. Technologia tego mechanizmu pozwala na druk nie tylko paragon\u00f3w, ale i r\u00f3wnie\u017c faktur VAT. Wydruki mog\u0105 by\u0107\u00a0 realizowane na papierze o szeroko\u015bci 57 lub 80 mm za pomoc\u0105 kilku rodzaj\u00f3w czcionek. Wydruk paragonu zawieraj\u0105cego 100 pozycji odbywa si\u0119 w czasie 5,5 sekundy, a maksymalna ilo\u015b\u0107 towar\u00f3w na jednym paragonie to 255. Paragon jest odcinany za pomoc\u0105 profesjonalnego obcinacza papieru montowanego w drukarce w standardzie. Faktura VAT to r\u00f3wnie\u017c prosta operacja.<\/p>\n<h4>POR\u00d3WNANIE TRE\u015aCI PARAGONU Z OBRAZEM Z MONITORINGU? TERAZ WYSTARCZY JEDYNIE NUMER PARAGONU<\/h4>\n<p>Drukark\u0119 w \u0142atwy spos\u00f3b mo\u017cna zintegrowa\u0107 z systemem monitoringu. Dzi\u0119ki wyj\u0105tkowej funkcjonalno\u015bci jak\u0105 jest monitor wydruku, mo\u017cesz por\u00f3wna\u0107 zgodno\u015b\u0107 tre\u015bci paragonu z zarejestrowanym obrazem z monitoringu pracy kasjera. W tym celu b\u0119dziesz potrzebowa\u0142 jedynie numeru paragonu, kt\u00f3ry w \u0142atwy spos\u00f3b pozwoli ci odnale\u017a\u0107 moment rejestrowania sprzeda\u017cy na drukarce fiskalnej.<\/p>\n<h4>AKCJE MARKETINGOWE, KONFIGURACJA I DIAGNOSTYKA Z DOWOLNEGO MIEJSCA W KA\u017bDEJ CHWILI<\/h4>\n<p>Szybka zmiana animacji wy\u015bwietlanej na ekranie drukarki? A mo\u017ce aktualizacja grafik na paragonie? Mo\u017cesz zrobi\u0107 to zdalnie na wszystkich drukarkach pod\u0142\u0105czonych do sieci. Dzia\u0142ania marketingowe to jednak nie wszystko. Zdalna komunikacja umo\u017cliwia r\u00f3wnie\u017c przegl\u0105danie zawarto\u015bci kopii elektronicznej, diagnostyk\u0119 urz\u0105dzenia, konfiguracj\u0119 ustawie\u0144 lub szybkie zablokowanie dost\u0119pu. Dzi\u0119ki oprogramowaniu BROKER do zarz\u0105dzania i monitorowania rozproszonych sieci drukarek, mo\u017cliwa jest pe\u0142na kontrola online nad wieloma urz\u0105dzeniami. Korzystaj\u0105 z niego dzia\u0142y ksi\u0119gowe, kt\u00f3re weryfikuj\u0105 dokumenty generowane na drukarkach fiskalnych (raporty dobowe i paragony fiskalne) oraz dzia\u0142y IT odpowiedzialne za nadz\u00f3r nad prawid\u0142ow\u0105 prac\u0105 urz\u0105dze\u0144, monitorowanie stanu urz\u0105dze\u0144 oraz ich serwisowanie. Zgodno\u015b\u0107 wsteczna z protoko\u0142ami Novitus \/ Novitus zgodny oraz XML to \u0142atwo\u015b\u0107 integracji z zewn\u0119trznym oprogramowaniem. Mo\u017cliwa jest tak\u017ce zdalna konfiguracja ka\u017cdej drukarki przez wbudowany serwer WWW.<\/p>\n<h4>STANDARD BEZPIECZE\u0143STWA WY\u017bSZY NI\u017b KIEDYKOLWIEK<\/h4>\n<p>Obawiasz si\u0119 przypadkowego dost\u0119pu do menu drukarki przez kasjera lub osoby postronne? Drukarka HD II Online pozwala zabezpieczy\u0107 klawiatur\u0119 fizyczn\u0105 urz\u0105dzenia, uniemo\u017cliwiaj\u0105c przypadkowy dost\u0119p do menu urz\u0105dzenia. Dzi\u0119ki temu uchronisz si\u0119 przed utrat\u0105 komunikacji z programem sprzeda\u017cowym i unikniesz przypadkowego wydruku raportu dobowego. Zak\u0142adaj\u0105c has\u0142o na menu drukarki zabezpieczysz si\u0119 przed wykonaniem raport\u00f3w przez osoby nieuprawnione. Twoje dane s\u0105 chronione poprzez modu\u0142 szyfruj\u0105cy TPM oraz dwustronne uwierzytelnianie podczas komunikacji sieciowej.<\/p>","protected":false},"excerpt":{"rendered":"<p>Model HD II Online to nowa ods\u0142ona niezwykle trwa\u0142ej i szybkiej drukarki fiskalnej do zada\u0144 specjalnych, najszybszej i wci\u0105\u017c jedynej na rynku z kolorowym wy\u015bwietlaczem TFT pracuj\u0105cym w trybie High Color z mo\u017cliwo\u015bci\u0105 wy\u015bwietlania film\u00f3w reklamowych. W tej wersji oferuje zewn\u0119trzy niezale\u017cny wy\u015bwietlacz, kt\u00f3ry powala bardziej elastycznie zaaran\u017cowa\u0107 przestrze\u0144 w punkcie sprzeda\u017cy i na ladzie.<\/p>","protected":false},"featured_media":2012,"comment_status":"closed","ping_status":"closed","template":"","meta":{"_et_pb_use_builder":"","_et_pb_old_content":"","_et_gb_content_width":""},"product_brand":[],"product_cat":[39,40,38],"product_tag":[],"class_list":{"0":"post-2010","1":"product","2":"type-product","3":"status-publish","4":"has-post-thumbnail","6":"product_cat-drukarki-fiskalne-online","7":"product_cat-novitus","8":"product_cat-urzadzenia-fiskalne","10":"first","11":"instock","12":"taxable","13":"shipping-taxable","14":"purchasable","15":"product-type-variable"},"yoast_head":"<!-- This site is optimized with the Yoast SEO plugin v26.9 - https:\/\/yoast.com\/product\/yoast-seo-wordpress\/ -->\n<title>HD II ONLINE z wy\u015bwietlaczem wolnostoj\u0105cym - Kasy fiskalne Gda\u0144sk Kasa fiskalna Gdynia Sopot Tr\u00f3jmiasto<\/title>\n<meta name=\"robots\" content=\"index, follow, max-snippet:-1, max-image-preview:large, max-video-preview:-1\" \/>\n<link rel=\"canonical\" href=\"https:\/\/monkomp.pl\/en\/product\/hd-ii-online-z-wyswietlaczem-wolnostojacym\/\" \/>\n<meta property=\"og:locale\" content=\"en_GB\" \/>\n<meta property=\"og:type\" content=\"article\" \/>\n<meta property=\"og:title\" content=\"HD II ONLINE z wy\u015bwietlaczem wolnostoj\u0105cym - Kasy fiskalne Gda\u0144sk Kasa fiskalna Gdynia Sopot Tr\u00f3jmiasto\" \/>\n<meta property=\"og:description\" content=\"Model HD II Online to nowa ods\u0142ona niezwykle trwa\u0142ej i szybkiej drukarki fiskalnej do zada\u0144 specjalnych, najszybszej i wci\u0105\u017c jedynej na rynku z kolorowym wy\u015bwietlaczem TFT pracuj\u0105cym w trybie High Color z mo\u017cliwo\u015bci\u0105 wy\u015bwietlania film\u00f3w reklamowych. W tej wersji oferuje zewn\u0119trzy niezale\u017cny wy\u015bwietlacz, kt\u00f3ry powala bardziej elastycznie zaaran\u017cowa\u0107 przestrze\u0144 w punkcie sprzeda\u017cy i na ladzie.\" \/>\n<meta property=\"og:url\" content=\"https:\/\/monkomp.pl\/en\/product\/hd-ii-online-z-wyswietlaczem-wolnostojacym\/\" \/>\n<meta property=\"og:site_name\" content=\"Kasy fiskalne Gda\u0144sk Kasa fiskalna Gdynia Sopot Tr\u00f3jmiasto\" \/>\n<meta property=\"article:modified_time\" content=\"2022-07-17T14:25:52+00:00\" \/>\n<meta property=\"og:image\" content=\"https:\/\/monkomp.pl\/wp-content\/uploads\/2022\/07\/1-2.png\" \/>\n\t<meta property=\"og:image:width\" content=\"327\" \/>\n\t<meta property=\"og:image:height\" content=\"327\" \/>\n\t<meta property=\"og:image:type\" content=\"image\/png\" \/>\n<meta name=\"twitter:card\" content=\"summary_large_image\" \/>\n<meta name=\"twitter:label1\" content=\"Estimated reading time\" \/>\n\t<meta name=\"twitter:data1\" content=\"7 minutes\" \/>\n<script type=\"application\/ld+json\" class=\"yoast-schema-graph\">{\"@context\":\"https:\/\/schema.org\",\"@graph\":[{\"@type\":\"WebPage\",\"@id\":\"https:\/\/monkomp.pl\/produkt\/hd-ii-online-z-wyswietlaczem-wolnostojacym\/\",\"url\":\"https:\/\/monkomp.pl\/produkt\/hd-ii-online-z-wyswietlaczem-wolnostojacym\/\",\"name\":\"HD II ONLINE z wy\u015bwietlaczem wolnostoj\u0105cym - Kasy fiskalne Gda\u0144sk Kasa fiskalna Gdynia Sopot Tr\u00f3jmiasto\",\"isPartOf\":{\"@id\":\"https:\/\/monkomp.pl\/#website\"},\"primaryImageOfPage\":{\"@id\":\"https:\/\/monkomp.pl\/produkt\/hd-ii-online-z-wyswietlaczem-wolnostojacym\/#primaryimage\"},\"image\":{\"@id\":\"https:\/\/monkomp.pl\/produkt\/hd-ii-online-z-wyswietlaczem-wolnostojacym\/#primaryimage\"},\"thumbnailUrl\":\"https:\/\/monkomp.pl\/wp-content\/uploads\/2022\/07\/1-2.png\",\"datePublished\":\"2022-07-10T16:20:33+00:00\",\"dateModified\":\"2022-07-17T14:25:52+00:00\",\"breadcrumb\":{\"@id\":\"https:\/\/monkomp.pl\/produkt\/hd-ii-online-z-wyswietlaczem-wolnostojacym\/#breadcrumb\"},\"inLanguage\":\"en-GB\",\"potentialAction\":[{\"@type\":\"ReadAction\",\"target\":[\"https:\/\/monkomp.pl\/produkt\/hd-ii-online-z-wyswietlaczem-wolnostojacym\/\"]}]},{\"@type\":\"ImageObject\",\"inLanguage\":\"en-GB\",\"@id\":\"https:\/\/monkomp.pl\/produkt\/hd-ii-online-z-wyswietlaczem-wolnostojacym\/#primaryimage\",\"url\":\"https:\/\/monkomp.pl\/wp-content\/uploads\/2022\/07\/1-2.png\",\"contentUrl\":\"https:\/\/monkomp.pl\/wp-content\/uploads\/2022\/07\/1-2.png\",\"width\":327,\"height\":327},{\"@type\":\"BreadcrumbList\",\"@id\":\"https:\/\/monkomp.pl\/produkt\/hd-ii-online-z-wyswietlaczem-wolnostojacym\/#breadcrumb\",\"itemListElement\":[{\"@type\":\"ListItem\",\"position\":1,\"name\":\"Strona g\u0142\u00f3wna\",\"item\":\"https:\/\/monkomp.pl\/\"},{\"@type\":\"ListItem\",\"position\":2,\"name\":\"Sklep\",\"item\":\"https:\/\/monkomp.pl\/sklep\/\"},{\"@type\":\"ListItem\",\"position\":3,\"name\":\"HD II ONLINE z wy\u015bwietlaczem wolnostoj\u0105cym\"}]},{\"@type\":\"WebSite\",\"@id\":\"https:\/\/monkomp.pl\/#website\",\"url\":\"https:\/\/monkomp.pl\/\",\"name\":\"Kasy fiskalne Gda\u0144sk Kasa fiskalna Gdynia Sopot Tr\u00f3jmiasto\",\"description\":\"Kasy fiskalne kasa fisklana\",\"potentialAction\":[{\"@type\":\"SearchAction\",\"target\":{\"@type\":\"EntryPoint\",\"urlTemplate\":\"https:\/\/monkomp.pl\/?s={search_term_string}\"},\"query-input\":{\"@type\":\"PropertyValueSpecification\",\"valueRequired\":true,\"valueName\":\"search_term_string\"}}],\"inLanguage\":\"en-GB\"}]}<\/script>\n<!-- \/ Yoast SEO plugin. -->","yoast_head_json":{"title":"HD II ONLINE z wy\u015bwietlaczem wolnostoj\u0105cym - Kasy fiskalne Gda\u0144sk Kasa fiskalna Gdynia Sopot Tr\u00f3jmiasto","robots":{"index":"index","follow":"follow","max-snippet":"max-snippet:-1","max-image-preview":"max-image-preview:large","max-video-preview":"max-video-preview:-1"},"canonical":"https:\/\/monkomp.pl\/en\/product\/hd-ii-online-z-wyswietlaczem-wolnostojacym\/","og_locale":"en_GB","og_type":"article","og_title":"HD II ONLINE z wy\u015bwietlaczem wolnostoj\u0105cym - Kasy fiskalne Gda\u0144sk Kasa fiskalna Gdynia Sopot Tr\u00f3jmiasto","og_description":"Model HD II Online to nowa ods\u0142ona niezwykle trwa\u0142ej i szybkiej drukarki fiskalnej do zada\u0144 specjalnych, najszybszej i wci\u0105\u017c jedynej na rynku z kolorowym wy\u015bwietlaczem TFT pracuj\u0105cym w trybie High Color z mo\u017cliwo\u015bci\u0105 wy\u015bwietlania film\u00f3w reklamowych. W tej wersji oferuje zewn\u0119trzy niezale\u017cny wy\u015bwietlacz, kt\u00f3ry powala bardziej elastycznie zaaran\u017cowa\u0107 przestrze\u0144 w punkcie sprzeda\u017cy i na ladzie.","og_url":"https:\/\/monkomp.pl\/en\/product\/hd-ii-online-z-wyswietlaczem-wolnostojacym\/","og_site_name":"Kasy fiskalne Gda\u0144sk Kasa fiskalna Gdynia Sopot Tr\u00f3jmiasto","article_modified_time":"2022-07-17T14:25:52+00:00","og_image":[{"width":327,"height":327,"url":"https:\/\/monkomp.pl\/wp-content\/uploads\/2022\/07\/1-2.png","type":"image\/png"}],"twitter_card":"summary_large_image","twitter_misc":{"Estimated reading time":"7 minutes"},"schema":{"@context":"https:\/\/schema.org","@graph":[{"@type":"WebPage","@id":"https:\/\/monkomp.pl\/produkt\/hd-ii-online-z-wyswietlaczem-wolnostojacym\/","url":"https:\/\/monkomp.pl\/produkt\/hd-ii-online-z-wyswietlaczem-wolnostojacym\/","name":"HD II ONLINE z wy\u015bwietlaczem wolnostoj\u0105cym - Kasy fiskalne Gda\u0144sk Kasa fiskalna Gdynia Sopot Tr\u00f3jmiasto","isPartOf":{"@id":"https:\/\/monkomp.pl\/#website"},"primaryImageOfPage":{"@id":"https:\/\/monkomp.pl\/produkt\/hd-ii-online-z-wyswietlaczem-wolnostojacym\/#primaryimage"},"image":{"@id":"https:\/\/monkomp.pl\/produkt\/hd-ii-online-z-wyswietlaczem-wolnostojacym\/#primaryimage"},"thumbnailUrl":"https:\/\/monkomp.pl\/wp-content\/uploads\/2022\/07\/1-2.png","datePublished":"2022-07-10T16:20:33+00:00","dateModified":"2022-07-17T14:25:52+00:00","breadcrumb":{"@id":"https:\/\/monkomp.pl\/produkt\/hd-ii-online-z-wyswietlaczem-wolnostojacym\/#breadcrumb"},"inLanguage":"en-GB","potentialAction":[{"@type":"ReadAction","target":["https:\/\/monkomp.pl\/produkt\/hd-ii-online-z-wyswietlaczem-wolnostojacym\/"]}]},{"@type":"ImageObject","inLanguage":"en-GB","@id":"https:\/\/monkomp.pl\/produkt\/hd-ii-online-z-wyswietlaczem-wolnostojacym\/#primaryimage","url":"https:\/\/monkomp.pl\/wp-content\/uploads\/2022\/07\/1-2.png","contentUrl":"https:\/\/monkomp.pl\/wp-content\/uploads\/2022\/07\/1-2.png","width":327,"height":327},{"@type":"BreadcrumbList","@id":"https:\/\/monkomp.pl\/produkt\/hd-ii-online-z-wyswietlaczem-wolnostojacym\/#breadcrumb","itemListElement":[{"@type":"ListItem","position":1,"name":"Strona g\u0142\u00f3wna","item":"https:\/\/monkomp.pl\/"},{"@type":"ListItem","position":2,"name":"Sklep","item":"https:\/\/monkomp.pl\/sklep\/"},{"@type":"ListItem","position":3,"name":"HD II ONLINE z wy\u015bwietlaczem wolnostoj\u0105cym"}]},{"@type":"WebSite","@id":"https:\/\/monkomp.pl\/#website","url":"https:\/\/monkomp.pl\/","name":"Kasy fiskalne Gda\u0144sk Kasa fiskalna Gdynia Sopot Tr\u00f3jmiasto","description":"Kasy fiskalne kasa fisklana","potentialAction":[{"@type":"SearchAction","target":{"@type":"EntryPoint","urlTemplate":"https:\/\/monkomp.pl\/?s={search_term_string}"},"query-input":{"@type":"PropertyValueSpecification","valueRequired":true,"valueName":"search_term_string"}}],"inLanguage":"en-GB"}]}},"_links":{"self":[{"href":"https:\/\/monkomp.pl\/en\/wp-json\/wp\/v2\/product\/2010","targetHints":{"allow":["GET"]}}],"collection":[{"href":"https:\/\/monkomp.pl\/en\/wp-json\/wp\/v2\/product"}],"about":[{"href":"https:\/\/monkomp.pl\/en\/wp-json\/wp\/v2\/types\/product"}],"replies":[{"embeddable":true,"href":"https:\/\/monkomp.pl\/en\/wp-json\/wp\/v2\/comments?post=2010"}],"wp:featuredmedia":[{"embeddable":true,"href":"https:\/\/monkomp.pl\/en\/wp-json\/wp\/v2\/media\/2012"}],"wp:attachment":[{"href":"https:\/\/monkomp.pl\/en\/wp-json\/wp\/v2\/media?parent=2010"}],"wp:term":[{"taxonomy":"product_brand","embeddable":true,"href":"https:\/\/monkomp.pl\/en\/wp-json\/wp\/v2\/product_brand?post=2010"},{"taxonomy":"product_cat","embeddable":true,"href":"https:\/\/monkomp.pl\/en\/wp-json\/wp\/v2\/product_cat?post=2010"},{"taxonomy":"product_tag","embeddable":true,"href":"https:\/\/monkomp.pl\/en\/wp-json\/wp\/v2\/product_tag?post=2010"}],"curies":[{"name":"wp","href":"https:\/\/api.w.org\/{rel}","templated":true}]}}