{"id":2031,"date":"2022-07-10T23:05:37","date_gmt":"2022-07-10T21:05:37","guid":{"rendered":"https:\/\/monkomp.pl\/?post_type=product&#038;p=2031"},"modified":"2022-07-17T16:26:42","modified_gmt":"2022-07-17T14:26:42","slug":"nano-online-gsm-24","status":"publish","type":"product","link":"https:\/\/monkomp.pl\/en\/product\/nano-online-gsm-24\/","title":{"rendered":"NANO Online GSM 24"},"content":{"rendered":"<p>NANO online GSM24 to wszechstronna kasa, dedykowana zar\u00f3wno do pracy stacjonarnej jak i w terenie, w us\u0142ugach oraz \u015brednich i ma\u0142ych plac\u00f3wkach handlowych. Zaufaj marce, u\u017cywanej przez ponad 900 000 u\u017cytkownik\u00f3w. Jest to najmniejsza kasa fiskalna w ofercie NOVITUS, kt\u00f3ra jednocze\u015bnie obs\u0142uguje komunikacj\u0119 z Centralnym Repozytorium Kas (CRK), zgodnie z wymogami Rozporz\u0105dzenia Ministra Przedsi\u0119biorczo\u015bci i Technologii z dnia 28 maja 2018 r. w sprawie kryteri\u00f3w i warunk\u00f3w technicznych, kt\u00f3rym musz\u0105 odpowiada\u0107 kasy rejestruj\u0105ce. Kopia wydruku dla u\u017cytkownika przechowywana jest w pami\u0119ci chronionej urz\u0105dzenia, a dost\u0119p do niej jest realizowany poprzez dedykowan\u0105 aplikacj\u0119.\u00a0<strong>Modem GSM wraz z kart\u0105 SIM i pakietem danych pozwala na swobodn\u0105 prac\u0119 mobiln\u0105 w terenie.<\/strong><\/p>\n<p>Niewielkie gabaryty i ergonomia \u2022 NANO online znajduje zastosowanie w wielu miejscach: ma\u0142ych i \u015brednich sklepach, gabinetach lekarskich, kancelariach prawnych, gabinetach kosmetycznych czy fryzjerskich, innych punktach us\u0142ugowych oraz w sprzeda\u017cy mobilnej, w kt\u00f3rej szczeg\u00f3lnie doceniane s\u0105 niewielkie gabaryty i ergonomia kasy.<\/p>\n<p>Intuicyjna w obs\u0142udze \u2022 pomimo bardzo bogatej funkcjonalno\u015bci kasa jest wyj\u0105tkowo intuicyjna i \u0142atwa w obs\u0142udze, a wysokiej jako\u015bci podzespo\u0142y zapewniaj\u0105 jej niezawodno\u015b\u0107 na najwy\u017cszym poziomie. W\u015br\u00f3d wielu funkcji u\u017cytkowych kasy znajduj\u0105 si\u0119 m.in. funkcja obs\u0142ugi wielu walut, obs\u0142uga us\u0142ug BUS oraz wypo\u017cyczalni, parking\u00f3w itp. Dzi\u0119ki pod\u015bwietlanej klawiaturze, obs\u0142uga kasy jest mo\u017cliwa tak\u017ce przy s\u0142abym o\u015bwietleniu.<\/p>\n<p>Wydajna i kompatybilna \u2022 NANO online posiada bardzo wydajny akumulator \u2013 bez zasilania zewn\u0119trznego mo\u017ce wydrukowa\u0107 nawet 3.000 paragon\u00f3w. Kasa mo\u017ce komunikowa\u0107 si\u0119 m.in. z CRK, komputerem, wag\u0105, skanerem, terminalem p\u0142atniczym. Klawiatura wykonana jest z silikonu, co zabezpiecza elektronik\u0119 przed zanieczyszczeniami lub przypadkowym zalaniem. NANO online ma mo\u017cliwo\u015b\u0107 drukowania grafiki w nag\u0142\u00f3wku paragonu, zaprogramowania nazwy towaru do 40 znak\u00f3w oraz wydrukowania NIP-u nabywcy na paragonie.<\/p>\n<p><span style=\"text-decoration: underline;\"><strong>Cena netto: <\/strong><\/span><strong>1690 z\u0142 netto<\/strong><\/p>\n<h3>Dane techniczne<\/h3>\n<h4 class=\"h2\">KASA NANO ONLINE GSM24 W SKR\u00d3CIE:<\/h4>\n<ul>\n<li>Komunikacja z Centralnym Repozytorium Kas (CRK)<\/li>\n<li>20.000 towar\u00f3w w bazie<\/li>\n<li>40 znak\u00f3w w nazwie<\/li>\n<li>1000 kod\u00f3w dowi\u0105zanych<\/li>\n<li>20.000 bufor paragon\u00f3w on-line<\/li>\n<li>100 pozycji na paragonie<\/li>\n<li>100 dzia\u0142\u00f3w towarowych<\/li>\n<li>32 kasjer\u00f3w<\/li>\n<li>10 form p\u0142atno\u015bci<\/li>\n<li>7 stawek PTU<\/li>\n<li>Rozliczenie zaliczek na paragonach<\/li>\n<li>Procesor 524 MHz<\/li>\n<li>256 MB pami\u0119ci RAM<\/li>\n<li>4.096 MB pami\u0119ci flash<\/li>\n<li>2 wy\u015bwietlacze LCD 192&#215;48 pxl<\/li>\n<li>Platforma LINUX<\/li>\n<li>\u0141\u0105czno\u015b\u0107 LAN, GSM, RS232, USB, WiFi (opcja), BT(opcja),<\/li>\n<li>Wsp\u00f3\u0142praca z terminalem kart p\u0142atniczych, czytnikiem kod\u00f3w kreskowych i szuflad\u0105<\/li>\n<li>Wygodne programowalne klawisze szybkiej sprzeda\u017cy<\/li>\n<li>Rozliczenia opakowa\u0144 zwrotnych i kaucji, us\u0142ugi busowe i czasowe<\/li>\n<li>Programowalne nag\u0142\u00f3wki graficzne paragonu, grafiki w stopce paragonu<\/li>\n<\/ul>\n<h4>D\u0141UGODYSTANSOWIEC W\u015aR\u00d3D URZ\u0104DZE\u0143 FISKALNYCH<\/h4>\n<p>W mobilnym urz\u0105dzeniu obok jego funkcji, bardzo wa\u017cne jest jego zasilanie akumulatorowe i pojemno\u015b\u0107 baterii. NANO online potrafi bez zasilacza wydrukowa\u0107 nawet do 3 000 paragon\u00f3w, co pozwala nawet na kilkudniow\u0105 prac\u0119 bez \u0142adowania. Niskie zu\u017cycie energii zapewniane jest przez zaawansowany system usypiania poszczeg\u00f3lnych element\u00f3w kasy w okresie bezczynno\u015bci. Moc zapewnia akumulator litowo-jonowy o pojemno\u015bci 2Ah. U\u017cytkownik mo\u017ce wed\u0142ug w\u0142asnych upodoba\u0144 oprogramowa\u0107 opcje auto-usypiania oraz auto-wy\u0142\u0105czania. Kasa samoczynnie wy\u0142\u0105czy pod\u015bwietlenie wy\u015bwietlaczy LCD podczas pracy bez zasilacza, aby dodatkowo oszcz\u0119dza\u0107 energi\u0119 akumulatora. Akumulator kasy jest wykonany w formie wymiennego pakietu, kt\u00f3ry mo\u017cna w dowolnym momencie od\u0142\u0105czy\u0107 od kasy i \u0142adowa\u0107 standardowym zasilaczem poza kas\u0105, w tym czasie pracuj\u0105c na zapasowym akumulatorze.<\/p>\n<h4>MO\u017bESZ PRACOWA\u0106 W KA\u017bDYCH WARUNKACH<\/h4>\n<p>Ergonomiczna klawiatura to podstawa sprawnej obs\u0142ugi, programowania oraz wykonywania raport\u00f3w. NANO online posiada klawiatur\u0119 pod\u015bwietlan\u0105, co dodatkowo u\u0142atwia prac\u0119 nawet w ca\u0142kowitej ciemno\u015bci, a jej silikonowa powierzchnia zabezpiecza urz\u0105dzenie przed warunkami otoczenia takimi jak deszcz lub \u015bnieg, zabrudzenia czy przypadkowe zalanie. Pi\u0119knie pod\u015bwietlana, kolorowa klawiatura kasy z naniesionymi przejrzystymi informacjami oparta jest na bardzo precyzyjnie dzia\u0142aj\u0105cych switchach, dzi\u0119ki czemu obs\u0142uga jest bardzo \u0142atwa i przyjemna. Klawiatura jest idealnie skomponowana z nowymi wy\u015bwietlaczami graficznymi LCD o rozdzielczo\u015bciach 192&#215;48 pxl<br \/>\nKlawiatura wyposa\u017cona jest w 4 klawisze funkcyjne F1 &#8211; F4, kt\u00f3re w dw\u00f3ch p\u0142aszczyznach mog\u0105 by\u0107 oprogramowane jako klawisze szybkiej sprzeda\u017cy lub skr\u00f3ty do poszczeg\u00f3lnych funkcji kasy (konkretnego raportu, programowania, opcji, itp.).<\/p>\n<h4>WIELE Z\u0141\u0104CZ KOMUNIKACYJNYCH W STANDARDZIE<\/h4>\n<p>Z\u0142\u0105cze komunikacyjne LAN, RS232 oraz USB w standardzie i bez dodatkowych dop\u0142at, <strong>a do tego modem GSM wraz z kart\u0105 SIM i pakietem danych.<\/strong> Ka\u017cda kasa NANO online mo\u017ce wsp\u00f3\u0142pracowa\u0107 z komputerem, czytnikiem kod\u00f3w kreskowych, terminalem p\u0142atniczym lub wag\u0105 bez konieczno\u015bci dokupowania dodatkowych modu\u0142\u00f3w. Kasa potrafi standardowo r\u00f3wnie\u017c sterowa\u0107 szuflad\u0105 aktywn\u0105 i samodzielnie komunikuje si\u0119 z Centralnym Repozytorium Kas (CRK). Z\u0142\u0105cza komunikacyjne w czasie, gdy nie s\u0105 u\u017cywane, mo\u017cna zabezpieczy\u0107 specjaln\u0105 nak\u0142adk\u0105, kt\u00f3ra nie pozwoli na ich zabrudzenie czy te\u017c zalanie.\u00a0W kasie bez problemu zainstalowa\u0107 mo\u017cna dodatkowe modu\u0142y \u0142\u0105czno\u015bci (tzw. dongle), m.in. WiFi, BT, modem 3G\/LTE. Dzi\u0119ki takiemu po\u0142\u0105czeniu mo\u017cna pracowa\u0107 mobilnie i korzysta\u0107 ze skanera BT bez dodatkowych przewod\u00f3w po\u0142\u0105czeniowych.<\/p>\n<h4>POJEMNA BAZA TOWAR\u00d3W ZMIE\u015aCI CA\u0141Y TW\u00d3J ASORTYMENT<\/h4>\n<p>Kto nie chcia\u0142by mie\u0107 kasy fiskalnej, kt\u00f3ra b\u0119dzie rosn\u0105\u0107 wraz z rozwojem firmy? Kasa NANO online posiada rozbudowan\u0105 obszern\u0105 baz\u0119 towarow\u0105, kt\u00f3ra pomie\u015bci wszystkie artyku\u0142u ma\u0142ego sklepu, a d\u0142uga nazwa towaru lub us\u0142ugi w spos\u00f3b czytelny zidentyfikuje ka\u017cdy artyku\u0142 na paragonie. Wykorzystaj a\u017c 20.000 PLU.<\/p>\n<h4>PO\u0141\u0104CZ Z SYSTEMEM CHMUROWYM NOVICLOUD<\/h4>\n<p>NoviCloud to technologicznie zaawansowana us\u0142uga chmurowa stworzona dla kas Novitus. Pozwala na monitorowanie i zarz\u0105dzanie biznesem z ka\u017cdego miejsca na ziemi. Dzi\u0119ki NoviCloud u\u017cytkownik kasy ma dost\u0119p do wszystkiego, co si\u0119 dzieje na jego kasach fiskalnych za pomoc\u0105 tylko przegl\u0105darki internetowej. Kasy Novitus online i NoviCloud stanowi\u0105 jedyny i najlepszy tego typu system sprzeda\u017cy w Polsce.<\/p>\n<h4>POD\u0141\u0104CZ TERMINAL P\u0141ATNICZY<\/h4>\n<p>Kasa wsp\u00f3\u0142pracuje z terminalami p\u0142atniczymi za pomoc\u0105 protoko\u0142u ECR-EFT narzuconego przez przepisy dla kas fiskalnych Online&#8217;owych. Pracuje te\u017c z najpopularniejszymi terminalami p\u0142atniczymi z wykorzystaniem protoko\u0142u Novitus EFT-POS. Pozwala r\u00f3wnie\u017c na wsp\u00f3\u0142prac\u0119 z terminalami przeno\u015bnymi typu MPos.<\/p>\n<h4>POWER DUO &#8211; Kasa NANO Online z PIN Padem Paytel<\/h4>\n<p>Najlepszy spos\u00f3b na p\u0142atno\u015bci bezgot\u00f3wkowe w Twojej firmie &#8211; Kasa \u0142\u0105czy si\u0119 jednym kablem USB z PIN Padem Paytel i wsp\u00f3\u0142pracuje bez specjalnej konfiguracji. Oferuj swoim klientom wygodne transakcje bezgot\u00f3wkowe i nie tra\u0107 czasu na wprowadzanie kwoty na terminalu \u2013 kasa zrobi to za Ciebie. Wyeliminujesz w ten spos\u00f3b b\u0142\u0119dy i przy\u015bpieszysz obs\u0142ug\u0119 w puncie sprzeda\u017cy. Nie p\u0142a\u0107 przez rok za u\u017cytkowanie PIN Pada w ramach akcji \u201ePolska Bezgot\u00f3wkowa\u201d, a p\u00f3\u017aniej ciesz si\u0119 nawet o po\u0142ow\u0119 mniejszymi kosztami dzier\u017cawy PIN Pada!<\/p>","protected":false},"excerpt":{"rendered":"<p>NANO online GSM24 to wszechstronna kasa, dedykowana zar\u00f3wno do pracy stacjonarnej jak i w terenie, w us\u0142ugach oraz \u015brednich i ma\u0142ych plac\u00f3wkach handlowych. Zaufaj marce, u\u017cywanej przez ponad 900 000 u\u017cytkownik\u00f3w. Jest to najmniejsza kasa fiskalna w ofercie NOVITUS, kt\u00f3ra jednocze\u015bnie obs\u0142uguje komunikacj\u0119 z Centralnym Repozytorium Kas (CRK), zgodnie z wymogami Rozporz\u0105dzenia Ministra Przedsi\u0119biorczo\u015bci i Technologii z dnia 28 maja 2018 r. w sprawie kryteri\u00f3w i warunk\u00f3w technicznych, kt\u00f3rym musz\u0105 odpowiada\u0107 kasy rejestruj\u0105ce. Kopia wydruku dla u\u017cytkownika przechowywana jest w pami\u0119ci chronionej urz\u0105dzenia, a dost\u0119p do niej jest realizowany poprzez dedykowan\u0105 aplikacj\u0119.\u00a0<strong>Modem GSM wraz z kart\u0105 SIM i pakietem danych pozwala na swobodn\u0105 prac\u0119 mobiln\u0105 w terenie.<\/strong><\/p>","protected":false},"featured_media":2025,"comment_status":"closed","ping_status":"closed","template":"","meta":{"_et_pb_use_builder":"","_et_pb_old_content":"","_et_gb_content_width":""},"product_brand":[],"product_cat":[42,40,38],"product_tag":[],"class_list":{"0":"post-2031","1":"product","2":"type-product","3":"status-publish","4":"has-post-thumbnail","6":"product_cat-kasy-fiskalne-online","7":"product_cat-novitus","8":"product_cat-urzadzenia-fiskalne","10":"first","11":"instock","12":"taxable","13":"shipping-taxable","14":"purchasable","15":"product-type-variable"},"yoast_head":"<!-- This site is optimized with the Yoast SEO plugin v26.9 - https:\/\/yoast.com\/product\/yoast-seo-wordpress\/ -->\n<title>NANO Online GSM 24 - Kasy fiskalne Gda\u0144sk Kasa fiskalna Gdynia Sopot Tr\u00f3jmiasto<\/title>\n<meta name=\"robots\" content=\"index, follow, max-snippet:-1, max-image-preview:large, max-video-preview:-1\" \/>\n<link rel=\"canonical\" href=\"https:\/\/monkomp.pl\/en\/product\/nano-online-gsm-24\/\" \/>\n<meta property=\"og:locale\" content=\"en_GB\" \/>\n<meta property=\"og:type\" content=\"article\" \/>\n<meta property=\"og:title\" content=\"NANO Online GSM 24 - Kasy fiskalne Gda\u0144sk Kasa fiskalna Gdynia Sopot Tr\u00f3jmiasto\" \/>\n<meta property=\"og:description\" content=\"NANO online GSM24 to wszechstronna kasa, dedykowana zar\u00f3wno do pracy stacjonarnej jak i w terenie, w us\u0142ugach oraz \u015brednich i ma\u0142ych plac\u00f3wkach handlowych. Zaufaj marce, u\u017cywanej przez ponad 900 000 u\u017cytkownik\u00f3w. Jest to najmniejsza kasa fiskalna w ofercie NOVITUS, kt\u00f3ra jednocze\u015bnie obs\u0142uguje komunikacj\u0119 z Centralnym Repozytorium Kas (CRK), zgodnie z wymogami Rozporz\u0105dzenia Ministra Przedsi\u0119biorczo\u015bci i Technologii z dnia 28 maja 2018 r. w sprawie kryteri\u00f3w i warunk\u00f3w technicznych, kt\u00f3rym musz\u0105 odpowiada\u0107 kasy rejestruj\u0105ce. Kopia wydruku dla u\u017cytkownika przechowywana jest w pami\u0119ci chronionej urz\u0105dzenia, a dost\u0119p do niej jest realizowany poprzez dedykowan\u0105 aplikacj\u0119.\u00a0Modem GSM wraz z kart\u0105 SIM i pakietem danych pozwala na swobodn\u0105 prac\u0119 mobiln\u0105 w terenie.\" \/>\n<meta property=\"og:url\" content=\"https:\/\/monkomp.pl\/en\/product\/nano-online-gsm-24\/\" \/>\n<meta property=\"og:site_name\" content=\"Kasy fiskalne Gda\u0144sk Kasa fiskalna Gdynia Sopot Tr\u00f3jmiasto\" \/>\n<meta property=\"article:modified_time\" content=\"2022-07-17T14:26:42+00:00\" \/>\n<meta property=\"og:image\" content=\"https:\/\/monkomp.pl\/wp-content\/uploads\/2022\/07\/1-4.png\" \/>\n\t<meta property=\"og:image:width\" content=\"327\" \/>\n\t<meta property=\"og:image:height\" content=\"327\" \/>\n\t<meta property=\"og:image:type\" content=\"image\/png\" \/>\n<meta name=\"twitter:card\" content=\"summary_large_image\" \/>\n<meta name=\"twitter:label1\" content=\"Estimated reading time\" \/>\n\t<meta name=\"twitter:data1\" content=\"6 minutes\" \/>\n<script type=\"application\/ld+json\" class=\"yoast-schema-graph\">{\"@context\":\"https:\/\/schema.org\",\"@graph\":[{\"@type\":\"WebPage\",\"@id\":\"https:\/\/monkomp.pl\/produkt\/nano-online-gsm-24\/\",\"url\":\"https:\/\/monkomp.pl\/produkt\/nano-online-gsm-24\/\",\"name\":\"NANO Online GSM 24 - Kasy fiskalne Gda\u0144sk Kasa fiskalna Gdynia Sopot Tr\u00f3jmiasto\",\"isPartOf\":{\"@id\":\"https:\/\/monkomp.pl\/#website\"},\"primaryImageOfPage\":{\"@id\":\"https:\/\/monkomp.pl\/produkt\/nano-online-gsm-24\/#primaryimage\"},\"image\":{\"@id\":\"https:\/\/monkomp.pl\/produkt\/nano-online-gsm-24\/#primaryimage\"},\"thumbnailUrl\":\"https:\/\/monkomp.pl\/wp-content\/uploads\/2022\/07\/1-4.png\",\"datePublished\":\"2022-07-10T21:05:37+00:00\",\"dateModified\":\"2022-07-17T14:26:42+00:00\",\"breadcrumb\":{\"@id\":\"https:\/\/monkomp.pl\/produkt\/nano-online-gsm-24\/#breadcrumb\"},\"inLanguage\":\"en-GB\",\"potentialAction\":[{\"@type\":\"ReadAction\",\"target\":[\"https:\/\/monkomp.pl\/produkt\/nano-online-gsm-24\/\"]}]},{\"@type\":\"ImageObject\",\"inLanguage\":\"en-GB\",\"@id\":\"https:\/\/monkomp.pl\/produkt\/nano-online-gsm-24\/#primaryimage\",\"url\":\"https:\/\/monkomp.pl\/wp-content\/uploads\/2022\/07\/1-4.png\",\"contentUrl\":\"https:\/\/monkomp.pl\/wp-content\/uploads\/2022\/07\/1-4.png\",\"width\":327,\"height\":327},{\"@type\":\"BreadcrumbList\",\"@id\":\"https:\/\/monkomp.pl\/produkt\/nano-online-gsm-24\/#breadcrumb\",\"itemListElement\":[{\"@type\":\"ListItem\",\"position\":1,\"name\":\"Strona g\u0142\u00f3wna\",\"item\":\"https:\/\/monkomp.pl\/\"},{\"@type\":\"ListItem\",\"position\":2,\"name\":\"Sklep\",\"item\":\"https:\/\/monkomp.pl\/sklep\/\"},{\"@type\":\"ListItem\",\"position\":3,\"name\":\"NANO Online GSM 24\"}]},{\"@type\":\"WebSite\",\"@id\":\"https:\/\/monkomp.pl\/#website\",\"url\":\"https:\/\/monkomp.pl\/\",\"name\":\"Kasy fiskalne Gda\u0144sk Kasa fiskalna Gdynia Sopot Tr\u00f3jmiasto\",\"description\":\"Kasy fiskalne kasa fisklana\",\"potentialAction\":[{\"@type\":\"SearchAction\",\"target\":{\"@type\":\"EntryPoint\",\"urlTemplate\":\"https:\/\/monkomp.pl\/?s={search_term_string}\"},\"query-input\":{\"@type\":\"PropertyValueSpecification\",\"valueRequired\":true,\"valueName\":\"search_term_string\"}}],\"inLanguage\":\"en-GB\"}]}<\/script>\n<!-- \/ Yoast SEO plugin. -->","yoast_head_json":{"title":"NANO Online GSM 24 - Kasy fiskalne Gda\u0144sk Kasa fiskalna Gdynia Sopot Tr\u00f3jmiasto","robots":{"index":"index","follow":"follow","max-snippet":"max-snippet:-1","max-image-preview":"max-image-preview:large","max-video-preview":"max-video-preview:-1"},"canonical":"https:\/\/monkomp.pl\/en\/product\/nano-online-gsm-24\/","og_locale":"en_GB","og_type":"article","og_title":"NANO Online GSM 24 - Kasy fiskalne Gda\u0144sk Kasa fiskalna Gdynia Sopot Tr\u00f3jmiasto","og_description":"NANO online GSM24 to wszechstronna kasa, dedykowana zar\u00f3wno do pracy stacjonarnej jak i w terenie, w us\u0142ugach oraz \u015brednich i ma\u0142ych plac\u00f3wkach handlowych. Zaufaj marce, u\u017cywanej przez ponad 900 000 u\u017cytkownik\u00f3w. Jest to najmniejsza kasa fiskalna w ofercie NOVITUS, kt\u00f3ra jednocze\u015bnie obs\u0142uguje komunikacj\u0119 z Centralnym Repozytorium Kas (CRK), zgodnie z wymogami Rozporz\u0105dzenia Ministra Przedsi\u0119biorczo\u015bci i Technologii z dnia 28 maja 2018 r. w sprawie kryteri\u00f3w i warunk\u00f3w technicznych, kt\u00f3rym musz\u0105 odpowiada\u0107 kasy rejestruj\u0105ce. Kopia wydruku dla u\u017cytkownika przechowywana jest w pami\u0119ci chronionej urz\u0105dzenia, a dost\u0119p do niej jest realizowany poprzez dedykowan\u0105 aplikacj\u0119.\u00a0Modem GSM wraz z kart\u0105 SIM i pakietem danych pozwala na swobodn\u0105 prac\u0119 mobiln\u0105 w terenie.","og_url":"https:\/\/monkomp.pl\/en\/product\/nano-online-gsm-24\/","og_site_name":"Kasy fiskalne Gda\u0144sk Kasa fiskalna Gdynia Sopot Tr\u00f3jmiasto","article_modified_time":"2022-07-17T14:26:42+00:00","og_image":[{"width":327,"height":327,"url":"https:\/\/monkomp.pl\/wp-content\/uploads\/2022\/07\/1-4.png","type":"image\/png"}],"twitter_card":"summary_large_image","twitter_misc":{"Estimated reading time":"6 minutes"},"schema":{"@context":"https:\/\/schema.org","@graph":[{"@type":"WebPage","@id":"https:\/\/monkomp.pl\/produkt\/nano-online-gsm-24\/","url":"https:\/\/monkomp.pl\/produkt\/nano-online-gsm-24\/","name":"NANO Online GSM 24 - Kasy fiskalne Gda\u0144sk Kasa fiskalna Gdynia Sopot Tr\u00f3jmiasto","isPartOf":{"@id":"https:\/\/monkomp.pl\/#website"},"primaryImageOfPage":{"@id":"https:\/\/monkomp.pl\/produkt\/nano-online-gsm-24\/#primaryimage"},"image":{"@id":"https:\/\/monkomp.pl\/produkt\/nano-online-gsm-24\/#primaryimage"},"thumbnailUrl":"https:\/\/monkomp.pl\/wp-content\/uploads\/2022\/07\/1-4.png","datePublished":"2022-07-10T21:05:37+00:00","dateModified":"2022-07-17T14:26:42+00:00","breadcrumb":{"@id":"https:\/\/monkomp.pl\/produkt\/nano-online-gsm-24\/#breadcrumb"},"inLanguage":"en-GB","potentialAction":[{"@type":"ReadAction","target":["https:\/\/monkomp.pl\/produkt\/nano-online-gsm-24\/"]}]},{"@type":"ImageObject","inLanguage":"en-GB","@id":"https:\/\/monkomp.pl\/produkt\/nano-online-gsm-24\/#primaryimage","url":"https:\/\/monkomp.pl\/wp-content\/uploads\/2022\/07\/1-4.png","contentUrl":"https:\/\/monkomp.pl\/wp-content\/uploads\/2022\/07\/1-4.png","width":327,"height":327},{"@type":"BreadcrumbList","@id":"https:\/\/monkomp.pl\/produkt\/nano-online-gsm-24\/#breadcrumb","itemListElement":[{"@type":"ListItem","position":1,"name":"Strona g\u0142\u00f3wna","item":"https:\/\/monkomp.pl\/"},{"@type":"ListItem","position":2,"name":"Sklep","item":"https:\/\/monkomp.pl\/sklep\/"},{"@type":"ListItem","position":3,"name":"NANO Online GSM 24"}]},{"@type":"WebSite","@id":"https:\/\/monkomp.pl\/#website","url":"https:\/\/monkomp.pl\/","name":"Kasy fiskalne Gda\u0144sk Kasa fiskalna Gdynia Sopot Tr\u00f3jmiasto","description":"Kasy fiskalne kasa fisklana","potentialAction":[{"@type":"SearchAction","target":{"@type":"EntryPoint","urlTemplate":"https:\/\/monkomp.pl\/?s={search_term_string}"},"query-input":{"@type":"PropertyValueSpecification","valueRequired":true,"valueName":"search_term_string"}}],"inLanguage":"en-GB"}]}},"_links":{"self":[{"href":"https:\/\/monkomp.pl\/en\/wp-json\/wp\/v2\/product\/2031","targetHints":{"allow":["GET"]}}],"collection":[{"href":"https:\/\/monkomp.pl\/en\/wp-json\/wp\/v2\/product"}],"about":[{"href":"https:\/\/monkomp.pl\/en\/wp-json\/wp\/v2\/types\/product"}],"replies":[{"embeddable":true,"href":"https:\/\/monkomp.pl\/en\/wp-json\/wp\/v2\/comments?post=2031"}],"wp:featuredmedia":[{"embeddable":true,"href":"https:\/\/monkomp.pl\/en\/wp-json\/wp\/v2\/media\/2025"}],"wp:attachment":[{"href":"https:\/\/monkomp.pl\/en\/wp-json\/wp\/v2\/media?parent=2031"}],"wp:term":[{"taxonomy":"product_brand","embeddable":true,"href":"https:\/\/monkomp.pl\/en\/wp-json\/wp\/v2\/product_brand?post=2031"},{"taxonomy":"product_cat","embeddable":true,"href":"https:\/\/monkomp.pl\/en\/wp-json\/wp\/v2\/product_cat?post=2031"},{"taxonomy":"product_tag","embeddable":true,"href":"https:\/\/monkomp.pl\/en\/wp-json\/wp\/v2\/product_tag?post=2031"}],"curies":[{"name":"wp","href":"https:\/\/api.w.org\/{rel}","templated":true}]}}