{"id":2058,"date":"2022-07-10T23:28:18","date_gmt":"2022-07-10T21:28:18","guid":{"rendered":"https:\/\/monkomp.pl\/?post_type=product&#038;p=2058"},"modified":"2022-07-10T23:28:18","modified_gmt":"2022-07-10T21:28:18","slug":"one-gsm-24","status":"publish","type":"product","link":"https:\/\/monkomp.pl\/en\/product\/one-gsm-24\/","title":{"rendered":"ONE GSM 24"},"content":{"rendered":"<p><strong>Najnowocze\u015bniejsza kasa na rynku.<\/strong><\/p>\n<p>Strona dedykowana kasie One &#8211;\u00a0<a href=\"https:\/\/one.novitus.pl\/\">https:\/\/one.novitus.pl\/<\/a><\/p>\n<p>Idealne po\u0142\u0105czenie du\u017cej mocy, dotykowego ekranu oraz niewielkiej wagi i niezwykle ma\u0142ych wymiar\u00f3w. Zmie\u015bci si\u0119 na najmniejszym stanowisku sprzeda\u017cy, oferuj\u0105c jednocze\u015bnie niezwyk\u0142\u0105 elastyczno\u015b\u0107 pracy oraz programowalny ekran sprzeda\u017cy. Wystawia faktury i korekty, dokumenty zwrotu, obs\u0142uguje dodawanie notatek i ID klienta. \u0141atwe raportowanie, stany magazynowe, otwarte rachunki oraz wsp\u00f3\u0142praca z chmurowym systemem NoviCloud.<\/p>\n<p><strong>Teraz kasa ONE z mo\u017cliwo\u015bci\u0105 elastycznego wyboru aplikacji sprzeda\u017cy. Dla u\u017cytkownik\u00f3w oczekuj\u0105cych tylko podstawowych funkcji i szybkiego dost\u0119pu do raport\u00f3w jest aplikacja BILL, gwarantuj\u0105ca ca\u0142kowicie intuicyjn\u0105 obs\u0142ug\u0119. Je\u015bli potrzebne s\u0105 bardziej zaawansowane funkcje, mo\u017cna skorzysta\u0107 z rozbudowanej aplikacji ONE. Oba systemy s\u0105 zainstalowane w kasie, u\u017cytkownik w ka\u017cdej chwili mo\u017ce dokona\u0107 w\u0142asnego wyboru. Wi\u0119cej na stronie <a href=\"https:\/\/bill.novitus.pl\/\" target=\"_blank\" rel=\"noopener\">https:\/\/bill.novitus.pl\/<\/a><\/strong><\/p>\n<p>Skonfiguruj dowoln\u0105 skrzynk\u0119 mailow\u0105, przegl\u0105daj korespondencj\u0119, wysy\u0142aj faktury i utrzymuj kontakty ze swoimi kontrahentami. W chwili przerwy korzystaj z kasy ONE jak z ka\u017cdego innego tabletu, surfuj po Internecie, ogl\u0105daj Youtube i s\u0142uchaj muzyki, u\u017cywaj narz\u0119dzi systemu Android &#8211; zegar, kalkulator, kontakty, galeria i kalendarz. Na urz\u0105dzeniu mo\u017cna zainstalowa\u0107 tak\u017ce dodatkowe aplikacje sprzeda\u017cowe, przeznaczone np. dla gastronomii.<\/p>\n<p>Kasa ONE posiada wszystkie potrzebne z\u0142\u0105cza komunikacyjne, do kt\u00f3rych pod\u0142\u0105czysz to, co mo\u017ce by\u0107 potrzebne na\u00a0profesjonalnym stanowisku sprzeda\u017cy. Obs\u0142uguje sie\u0107 LAN oraz modu\u0142y WiFi, Bluetooth i modemy GSM. Kasa w wersji\u00a0<strong>GSM24<\/strong>\u00a0w standardzie ma zamontowany modu\u0142 GPRS &#8211;\u00a0<strong>wewn\u0119trzny modem GSM wraz z kart\u0105 SIM sieci Orange, umo\u017cliwij\u0105c\u0105 transmisj\u0119 danych poprzez siec kom\u00f3rkow\u0105 przez okres 24 miesi\u0119cy (1GB na miesi\u0105c).<\/strong> Oznacza to, \u017ce po wyj\u0119ciu z pude\u0142ka od razu \u0142\u0105czy si\u0119 z seci\u0105 GSM je\u015bli znajduje si\u0119 w jej zasi\u0119gu i mo\u017ce transmitowa\u0107 dane do serwer\u00f3w CRK. \u0141\u0105cze GSM mo\u017ce s\u0142u\u017cy\u0107 r\u00f3nie\u017c do \u0142\u0105czenia si\u0119 kasy z NoviCloud oraz internetem.<\/p>\n<p>Dzi\u0119ki elektronicznemu przesy\u0142owi paragony s\u0105 systematycznie wysy\u0142ane do CRK i u\u017cytkownik nie musi si\u0119 martwi\u0107 o ich\u00a0przechowywanie. Dost\u0119p do zapisanych danych jest bardzo prosty &#8211; u\u017cytkownik ma sta\u0142y dost\u0119p do modu\u0142u pami\u0119ci chronionej poprzez\u00a0aplikacj\u0119 i mo\u017ce je swobodnie odczytywa\u0107.<\/p>\n<p><span style=\"text-decoration: underline;\"><strong>Cena netto: <\/strong><\/span><strong>2 190 z\u0142<\/strong><\/p>\n<h3 class=\"h2\">Dane techniczne<\/h3>\n<h4>PE\u0141NA DOWOLNO\u015a\u0106 KONFIGURACJI DLA SWOICH POTRZEB<\/h4>\n<p>Intuicyjne i konfigurowalne oprogramowanie kasy ONE daje mo\u017cliwo\u015b\u0107 indywidualnej personalizacji wygl\u0105du okna sprzeda\u017cowego w zakresie funkcji i kolor\u00f3w przycisk\u00f3w. Mo\u017cesz dowolnie przypisa\u0107 funkcj\u0119 do ka\u017cdego z p\u00f3l na ekranie kasy ONE, mo\u017ce to by\u0107 dowolna funkcja kasy lub towar szybkiej sprzeda\u017cy. Wszystko po to aby pracowa\u0142o si\u0119 sprawniej i przyjemniej bez wzgl\u0119du na to jak\u0105 sprzeda\u017c prowadzisz.<\/p>\n<h4>ZARZ\u0104DZAJ SWOIM BIZNESEM POPRZEZ KAS\u0118 FISKALN\u0104<\/h4>\n<p>Raporty paragon\u00f3w i faktur, \u015brodk\u00f3w p\u0142atniczych, fiskalne i niefiskalne oraz sprzeda\u017cowe raporty kasjerskie i asortymentowe. W kasie Novitus ONE bardzo szybko uzyskasz dost\u0119p do interesuj\u0105cych Ci\u0119 danych biznesowych. Przeanalizujesz sprzeda\u017c kasjer\u00f3w, sprzeda\u017c ka\u017cdego produktu osobno, b\u0105d\u017a ca\u0142ego asortymentu w dowolnie wybranym okresie. O raportach pomocnych w biznesie Novitus ONE wie wszystko. Raportuj sprzeda\u017c i analizuj jeszcze \u0142atwiej wszystkie dane ze swoich kas i parametry swojego biznesu przy wykorzystaniu us\u0142ugi NoviCloud.<\/p>\n<h4>INTERNET, MAIL I INNE APLIKACJE U\u017bYWA SI\u0118 \u0141ATWO JAK SMARTFONA<\/h4>\n<p>To niesamowite jak przyjemnie pracuje si\u0119 na Novitus One. Intuicyjne i bogate w funkcje oprogramowanie sprzeda\u017cowe, a do tego szereg u\u017cytecznych w biznesie aplikacji, bo Novitus One jest jak smartfon z systemem Android.<\/p>\n<h4>NOVICLOUD, WEBOWY SYSTEM ZAPLECZOWY FUNKCJONALNA CHMURA DLA NOVITUS ONE<\/h4>\n<p>Kiedy masz ju\u017c kas\u0119 Novitus One to NoviCloud jest dla Ciebie. W NoviCloud masz dost\u0119p do wszystkiego co si\u0119 dzieje na Twoich kasach i monitorujesz i zarz\u0105dzasz ca\u0142ym biznesem z ka\u017cdego miejsca na ziemi. Poczytaj wi\u0119cej na stronie<strong>\u00a0<a href=\"https:\/\/novicloud.pl\/\">www.novicloud.pl<\/a><\/strong><\/p>\n<h4>POWER DUO &#8211; Kasa ONE Online z PIN Padem Paytel<\/h4>\n<p>Najlepszy spos\u00f3b na p\u0142atno\u015bci bezgot\u00f3wkowe w Twojej firmie &#8211; Kasa \u0142\u0105czy si\u0119 jednym kablem USB z PIN Padem Paytel i wsp\u00f3\u0142pracuje bez specjalnej konfiguracji.\u00a0 Oferuj swoim klientom wygodne transakcje bezgot\u00f3wkowe i nie tra\u0107 czasu na wprowadzanie kwoty na terminalu \u2013 kasa zrobi to za Ciebie. Wyeliminujesz w ten spos\u00f3b b\u0142\u0119dy i przy\u015bpieszysz obs\u0142ug\u0119 w punkcie sprzeda\u017cy. Nie p\u0142a\u0107 przez rok za u\u017cytkowanie PIN Pada w ramach akcji \u201ePolska Bezgot\u00f3wkowa\u201d, a p\u00f3\u017aniej ciesz si\u0119 nawet o po\u0142ow\u0119 mniejszymi kosztami dzier\u017cawy PIN Pada!<\/p>\n<h4>R\u00d3\u017bNE POTRZEBY, JEDEN NOVITUS ONE<\/h4>\n<p>Czy jeste\u015b prawnikiem czy mechanikiem, lekarzem czy sprzedawczyni\u0105 w sklepie, a mo\u017ce parkingowym, fryzjerk\u0105, kierowc\u0105 lub gastronomem, nie miej w\u0105tpliwo\u015bci, \u017ce One jest dla Ciebie. Nie szukaj ju\u017c kasy fiskalnej, masz ju\u017c ONE.<\/p>","protected":false},"excerpt":{"rendered":"<p>Najnowocze\u015bniejsza kasa na rynku. Strona dedykowana kasie One &#8211;\u00a0https:\/\/one.novitus.pl\/ Idealne po\u0142\u0105czenie du\u017cej mocy, dotykowego ekranu oraz niewielkiej wagi i niezwykle ma\u0142ych wymiar\u00f3w. Zmie\u015bci si\u0119 na najmniejszym stanowisku sprzeda\u017cy, oferuj\u0105c jednocze\u015bnie niezwyk\u0142\u0105 elastyczno\u015b\u0107 pracy oraz programowalny ekran sprzeda\u017cy. Wystawia faktury i korekty, dokumenty zwrotu, obs\u0142uguje dodawanie notatek i ID klienta. \u0141atwe raportowanie, stany magazynowe, otwarte rachunki [&hellip;]<\/p>","protected":false},"featured_media":2052,"comment_status":"closed","ping_status":"closed","template":"","meta":{"_et_pb_use_builder":"","_et_pb_old_content":"","_et_gb_content_width":""},"product_brand":[],"product_cat":[42,40,38],"product_tag":[],"class_list":{"0":"post-2058","1":"product","2":"type-product","3":"status-publish","4":"has-post-thumbnail","6":"product_cat-kasy-fiskalne-online","7":"product_cat-novitus","8":"product_cat-urzadzenia-fiskalne","10":"first","11":"instock","12":"taxable","13":"shipping-taxable","14":"purchasable","15":"product-type-variable"},"yoast_head":"<!-- This site is optimized with the Yoast SEO plugin v26.9 - https:\/\/yoast.com\/product\/yoast-seo-wordpress\/ -->\n<title>ONE GSM 24 - Kasy fiskalne Gda\u0144sk Kasa fiskalna Gdynia Sopot Tr\u00f3jmiasto<\/title>\n<meta name=\"robots\" content=\"index, follow, max-snippet:-1, max-image-preview:large, max-video-preview:-1\" \/>\n<link rel=\"canonical\" href=\"https:\/\/monkomp.pl\/en\/product\/one-gsm-24\/\" \/>\n<meta property=\"og:locale\" content=\"en_GB\" \/>\n<meta property=\"og:type\" content=\"article\" \/>\n<meta property=\"og:title\" content=\"ONE GSM 24 - Kasy fiskalne Gda\u0144sk Kasa fiskalna Gdynia Sopot Tr\u00f3jmiasto\" \/>\n<meta property=\"og:description\" content=\"Najnowocze\u015bniejsza kasa na rynku. Strona dedykowana kasie One &#8211;\u00a0https:\/\/one.novitus.pl\/ Idealne po\u0142\u0105czenie du\u017cej mocy, dotykowego ekranu oraz niewielkiej wagi i niezwykle ma\u0142ych wymiar\u00f3w. Zmie\u015bci si\u0119 na najmniejszym stanowisku sprzeda\u017cy, oferuj\u0105c jednocze\u015bnie niezwyk\u0142\u0105 elastyczno\u015b\u0107 pracy oraz programowalny ekran sprzeda\u017cy. Wystawia faktury i korekty, dokumenty zwrotu, obs\u0142uguje dodawanie notatek i ID klienta. \u0141atwe raportowanie, stany magazynowe, otwarte rachunki [&hellip;]\" \/>\n<meta property=\"og:url\" content=\"https:\/\/monkomp.pl\/en\/product\/one-gsm-24\/\" \/>\n<meta property=\"og:site_name\" content=\"Kasy fiskalne Gda\u0144sk Kasa fiskalna Gdynia Sopot Tr\u00f3jmiasto\" \/>\n<meta property=\"og:image\" content=\"https:\/\/monkomp.pl\/wp-content\/uploads\/2022\/07\/1-6.png\" \/>\n\t<meta property=\"og:image:width\" content=\"327\" \/>\n\t<meta property=\"og:image:height\" content=\"327\" \/>\n\t<meta property=\"og:image:type\" content=\"image\/png\" \/>\n<meta name=\"twitter:card\" content=\"summary_large_image\" \/>\n<meta name=\"twitter:label1\" content=\"Estimated reading time\" \/>\n\t<meta name=\"twitter:data1\" content=\"4 minutes\" \/>\n<script type=\"application\/ld+json\" class=\"yoast-schema-graph\">{\"@context\":\"https:\/\/schema.org\",\"@graph\":[{\"@type\":\"WebPage\",\"@id\":\"https:\/\/monkomp.pl\/produkt\/one-gsm-24\/\",\"url\":\"https:\/\/monkomp.pl\/produkt\/one-gsm-24\/\",\"name\":\"ONE GSM 24 - Kasy fiskalne Gda\u0144sk Kasa fiskalna Gdynia Sopot Tr\u00f3jmiasto\",\"isPartOf\":{\"@id\":\"https:\/\/monkomp.pl\/#website\"},\"primaryImageOfPage\":{\"@id\":\"https:\/\/monkomp.pl\/produkt\/one-gsm-24\/#primaryimage\"},\"image\":{\"@id\":\"https:\/\/monkomp.pl\/produkt\/one-gsm-24\/#primaryimage\"},\"thumbnailUrl\":\"https:\/\/monkomp.pl\/wp-content\/uploads\/2022\/07\/1-6.png\",\"datePublished\":\"2022-07-10T21:28:18+00:00\",\"breadcrumb\":{\"@id\":\"https:\/\/monkomp.pl\/produkt\/one-gsm-24\/#breadcrumb\"},\"inLanguage\":\"en-GB\",\"potentialAction\":[{\"@type\":\"ReadAction\",\"target\":[\"https:\/\/monkomp.pl\/produkt\/one-gsm-24\/\"]}]},{\"@type\":\"ImageObject\",\"inLanguage\":\"en-GB\",\"@id\":\"https:\/\/monkomp.pl\/produkt\/one-gsm-24\/#primaryimage\",\"url\":\"https:\/\/monkomp.pl\/wp-content\/uploads\/2022\/07\/1-6.png\",\"contentUrl\":\"https:\/\/monkomp.pl\/wp-content\/uploads\/2022\/07\/1-6.png\",\"width\":327,\"height\":327},{\"@type\":\"BreadcrumbList\",\"@id\":\"https:\/\/monkomp.pl\/produkt\/one-gsm-24\/#breadcrumb\",\"itemListElement\":[{\"@type\":\"ListItem\",\"position\":1,\"name\":\"Strona g\u0142\u00f3wna\",\"item\":\"https:\/\/monkomp.pl\/\"},{\"@type\":\"ListItem\",\"position\":2,\"name\":\"Sklep\",\"item\":\"https:\/\/monkomp.pl\/sklep\/\"},{\"@type\":\"ListItem\",\"position\":3,\"name\":\"ONE GSM 24\"}]},{\"@type\":\"WebSite\",\"@id\":\"https:\/\/monkomp.pl\/#website\",\"url\":\"https:\/\/monkomp.pl\/\",\"name\":\"Kasy fiskalne Gda\u0144sk Kasa fiskalna Gdynia Sopot Tr\u00f3jmiasto\",\"description\":\"Kasy fiskalne kasa fisklana\",\"potentialAction\":[{\"@type\":\"SearchAction\",\"target\":{\"@type\":\"EntryPoint\",\"urlTemplate\":\"https:\/\/monkomp.pl\/?s={search_term_string}\"},\"query-input\":{\"@type\":\"PropertyValueSpecification\",\"valueRequired\":true,\"valueName\":\"search_term_string\"}}],\"inLanguage\":\"en-GB\"}]}<\/script>\n<!-- \/ Yoast SEO plugin. -->","yoast_head_json":{"title":"ONE GSM 24 - Kasy fiskalne Gda\u0144sk Kasa fiskalna Gdynia Sopot Tr\u00f3jmiasto","robots":{"index":"index","follow":"follow","max-snippet":"max-snippet:-1","max-image-preview":"max-image-preview:large","max-video-preview":"max-video-preview:-1"},"canonical":"https:\/\/monkomp.pl\/en\/product\/one-gsm-24\/","og_locale":"en_GB","og_type":"article","og_title":"ONE GSM 24 - Kasy fiskalne Gda\u0144sk Kasa fiskalna Gdynia Sopot Tr\u00f3jmiasto","og_description":"Najnowocze\u015bniejsza kasa na rynku. Strona dedykowana kasie One &#8211;\u00a0https:\/\/one.novitus.pl\/ Idealne po\u0142\u0105czenie du\u017cej mocy, dotykowego ekranu oraz niewielkiej wagi i niezwykle ma\u0142ych wymiar\u00f3w. Zmie\u015bci si\u0119 na najmniejszym stanowisku sprzeda\u017cy, oferuj\u0105c jednocze\u015bnie niezwyk\u0142\u0105 elastyczno\u015b\u0107 pracy oraz programowalny ekran sprzeda\u017cy. Wystawia faktury i korekty, dokumenty zwrotu, obs\u0142uguje dodawanie notatek i ID klienta. \u0141atwe raportowanie, stany magazynowe, otwarte rachunki [&hellip;]","og_url":"https:\/\/monkomp.pl\/en\/product\/one-gsm-24\/","og_site_name":"Kasy fiskalne Gda\u0144sk Kasa fiskalna Gdynia Sopot Tr\u00f3jmiasto","og_image":[{"width":327,"height":327,"url":"https:\/\/monkomp.pl\/wp-content\/uploads\/2022\/07\/1-6.png","type":"image\/png"}],"twitter_card":"summary_large_image","twitter_misc":{"Estimated reading time":"4 minutes"},"schema":{"@context":"https:\/\/schema.org","@graph":[{"@type":"WebPage","@id":"https:\/\/monkomp.pl\/produkt\/one-gsm-24\/","url":"https:\/\/monkomp.pl\/produkt\/one-gsm-24\/","name":"ONE GSM 24 - Kasy fiskalne Gda\u0144sk Kasa fiskalna Gdynia Sopot Tr\u00f3jmiasto","isPartOf":{"@id":"https:\/\/monkomp.pl\/#website"},"primaryImageOfPage":{"@id":"https:\/\/monkomp.pl\/produkt\/one-gsm-24\/#primaryimage"},"image":{"@id":"https:\/\/monkomp.pl\/produkt\/one-gsm-24\/#primaryimage"},"thumbnailUrl":"https:\/\/monkomp.pl\/wp-content\/uploads\/2022\/07\/1-6.png","datePublished":"2022-07-10T21:28:18+00:00","breadcrumb":{"@id":"https:\/\/monkomp.pl\/produkt\/one-gsm-24\/#breadcrumb"},"inLanguage":"en-GB","potentialAction":[{"@type":"ReadAction","target":["https:\/\/monkomp.pl\/produkt\/one-gsm-24\/"]}]},{"@type":"ImageObject","inLanguage":"en-GB","@id":"https:\/\/monkomp.pl\/produkt\/one-gsm-24\/#primaryimage","url":"https:\/\/monkomp.pl\/wp-content\/uploads\/2022\/07\/1-6.png","contentUrl":"https:\/\/monkomp.pl\/wp-content\/uploads\/2022\/07\/1-6.png","width":327,"height":327},{"@type":"BreadcrumbList","@id":"https:\/\/monkomp.pl\/produkt\/one-gsm-24\/#breadcrumb","itemListElement":[{"@type":"ListItem","position":1,"name":"Strona g\u0142\u00f3wna","item":"https:\/\/monkomp.pl\/"},{"@type":"ListItem","position":2,"name":"Sklep","item":"https:\/\/monkomp.pl\/sklep\/"},{"@type":"ListItem","position":3,"name":"ONE GSM 24"}]},{"@type":"WebSite","@id":"https:\/\/monkomp.pl\/#website","url":"https:\/\/monkomp.pl\/","name":"Kasy fiskalne Gda\u0144sk Kasa fiskalna Gdynia Sopot Tr\u00f3jmiasto","description":"Kasy fiskalne kasa fisklana","potentialAction":[{"@type":"SearchAction","target":{"@type":"EntryPoint","urlTemplate":"https:\/\/monkomp.pl\/?s={search_term_string}"},"query-input":{"@type":"PropertyValueSpecification","valueRequired":true,"valueName":"search_term_string"}}],"inLanguage":"en-GB"}]}},"_links":{"self":[{"href":"https:\/\/monkomp.pl\/en\/wp-json\/wp\/v2\/product\/2058","targetHints":{"allow":["GET"]}}],"collection":[{"href":"https:\/\/monkomp.pl\/en\/wp-json\/wp\/v2\/product"}],"about":[{"href":"https:\/\/monkomp.pl\/en\/wp-json\/wp\/v2\/types\/product"}],"replies":[{"embeddable":true,"href":"https:\/\/monkomp.pl\/en\/wp-json\/wp\/v2\/comments?post=2058"}],"wp:featuredmedia":[{"embeddable":true,"href":"https:\/\/monkomp.pl\/en\/wp-json\/wp\/v2\/media\/2052"}],"wp:attachment":[{"href":"https:\/\/monkomp.pl\/en\/wp-json\/wp\/v2\/media?parent=2058"}],"wp:term":[{"taxonomy":"product_brand","embeddable":true,"href":"https:\/\/monkomp.pl\/en\/wp-json\/wp\/v2\/product_brand?post=2058"},{"taxonomy":"product_cat","embeddable":true,"href":"https:\/\/monkomp.pl\/en\/wp-json\/wp\/v2\/product_cat?post=2058"},{"taxonomy":"product_tag","embeddable":true,"href":"https:\/\/monkomp.pl\/en\/wp-json\/wp\/v2\/product_tag?post=2058"}],"curies":[{"name":"wp","href":"https:\/\/api.w.org\/{rel}","templated":true}]}}