{"id":2094,"date":"2022-07-10T23:56:40","date_gmt":"2022-07-10T21:56:40","guid":{"rendered":"https:\/\/monkomp.pl\/?post_type=product&#038;p=2094"},"modified":"2022-07-10T23:56:40","modified_gmt":"2022-07-10T21:56:40","slug":"sento-online","status":"publish","type":"product","link":"https:\/\/monkomp.pl\/en\/product\/sento-online\/","title":{"rendered":"SENTO Online"},"content":{"rendered":"<div class=\"field field-name-field-opis-lista field-type-text-long field-label-hidden\">\n<div class=\"field-items\">\n<div class=\"field-item even\">\n<p>Kasa SENTO Online czerpie z najlepszych wzorc\u00f3w i do\u015bwiadcze\u0144 kas z rodziny SENTO. Optymalne po\u0142\u0105czenie wy\u015brubowanych parametr\u00f3w technicznych oraz zaawansowanych funkcji to jej znak rozpoznawczy. Dzisiaj i za wiele lat taka sama wydajno\u015b\u0107 pracy jest gwarantowana. Kasa jest dedykowana ma\u0142ym i \u015brednim punktom handlowo \u2013 us\u0142ugowym. Ma\u0142a i por\u0119czna obudowa kasy kryje w sobie zaawansowan\u0105 technologi\u0119 i funkcjonalno\u015b\u0107 spotykan\u0105 wcze\u015bniej w segmencie du\u017cych kas systemowych.<\/p>\n<p>Bardzo du\u017ca baza towarowa, precyzyjne nazewnictwo towar\u00f3w, komunikacja on-line z komputerem, wiele z\u0142\u0105cz komunikacyjnych, w tym z\u0142\u0105cza RS232 i USB pozwalaj\u0105 stworzy\u0107 zaawansowany system sprzeda\u017cy dla \u015bredniego sklepu. Ergonomiczna budowa sprawia, \u017ce wielogodzinna praca na tej kasie b\u0119dzie wygodna i efektywna.<\/p>\n<p>SENTO Online nale\u017cy jak pozosta\u0142e kasy online do rodziny urz\u0105dze\u0144 <strong>Novitus Online Power<\/strong>. Co to znaczy? Stworzyli\u015bmy lini\u0119 urz\u0105dze\u0144 o niespotykanej do tej pory mocy, na kt\u00f3r\u0105 sk\u0142adaj\u0105 si\u0119 m.in. 32 bitowe procesory o taktowaniu nawet do 524MHz, ogromna pami\u0119\u0107 wewn\u0119trza oraz 256MB pami\u0119ci operacyjnej. System LINUX gwarantuje stabiln\u0105 prac\u0119, a nasza platforma daje zapas mocy na wiele lat do przodu, niezale\u017cnie od przysz\u0142ych wyzwa\u0144. Bezpiecze\u0144stwo danych zapewnia modu\u0142 TPM oraz dwustronna autentykacja \u2013 rozwi\u0105zania sprawdzone w ponad 4 miliardach urz\u0105dze\u0144 na \u015bwiecie.<\/p>\n<p>Kasa umo\u017cliwia przekazywanie danych do Centralnym Repozytorium Kas (CRK) poprzez port LAN lub opcjonalnie przez modu\u0142y WiFi lub GSM, zgodnie z wymogami Rozporz\u0105dzenia Ministra Przedsi\u0119biorczo\u015bci i Technologii z dnia 28 maja 2018 r. w sprawie kryteri\u00f3w i warunk\u00f3w technicznych, kt\u00f3rym musz\u0105 odpowiada\u0107 kasy rejestruj\u0105ce.<\/p>\n<p><span style=\"text-decoration: underline;\"><strong>Cena netto: <\/strong><\/span><strong>1790 z\u0142 netto<\/strong><\/p>\n<h3 class=\"h2\">Dane techniczne<\/h3>\n<h4>KASA SENTO ONLINE W SKR\u00d3CIE:<strong><br \/>\n<\/strong><\/h4>\n<ul>\n<li>Komunikacja z Centralnym Repozytorium Kas (CRK)<\/li>\n<li>50.000 towar\u00f3w w bazie<\/li>\n<li>40 znak\u00f3w w nazwie<\/li>\n<li>10.000 kod\u00f3w dowi\u0105zanych<\/li>\n<li>20.000 bufor paragon\u00f3w on-line<\/li>\n<li>100 pozycji na paragonie<\/li>\n<li>100 dzia\u0142\u00f3w towarowych<\/li>\n<li>32 kasjer\u00f3w<\/li>\n<li>10 form p\u0142atno\u015bci<\/li>\n<li>7 stawek PTU<\/li>\n<li>Procesor 524 MHz<\/li>\n<li>256 MB pami\u0119ci RAM<\/li>\n<li>4.096 MB pami\u0119ci flash<\/li>\n<li>System Linux<\/li>\n<li>2 wy\u015bwietlacze LCD 132&#215;32 pxl<\/li>\n<li>\u0141\u0105czno\u015b\u0107 LAN, RS232, USB, WiFi (opcja), BT(opcja), GSM 3G\/LTE (opcja)<\/li>\n<li>Wsp\u00f3\u0142praca z terminalem kart p\u0142atniczych, czytnikiem kod\u00f3w kreskowych i szuflad\u0105<\/li>\n<li>Wygodne programowalne klawisze szybkiej sprzeda\u017cy<\/li>\n<li>Rozliczenia opakowa\u0144 zwrotnych i kaucji oraz towar\u00f3w akcyzowych, us\u0142ugi BUS-owe i czasowe<\/li>\n<li>Programowalne nag\u0142\u00f3wki graficzne paragonu, grafiki w stopce paragonu<\/li>\n<li>Wsp\u00f3\u0142praca z systemami monitoringu<\/li>\n<\/ul>\n<h4>BAZA TOWAR\u00d3W ZMIE\u015aCI CA\u0141Y TW\u00d3J ASORTYMENT<\/h4>\n<p>SENTO Online posiada baz\u0119 towarow\u0105 mog\u0105c\u0105 pomie\u015bci\u0107 a\u017c 50.000 towar\u00f3w z nazw\u0105 40-sto znakow\u0105, co zbli\u017ca j\u0105 do poziomu kas systemowych. Mo\u017cna zaprogramowa\u0107 dodatkowo 10.000 kod\u00f3w dowi\u0105zanych do istniej\u0105cych towar\u00f3w. Posiada bufor ON-Line mog\u0105cy pomie\u015bci\u0107 a\u017c 20.000 wpis\u00f3w. Towary mo\u017cna przyporz\u0105dkowa\u0107 do 100 grup towarowych (dzia\u0142\u00f3w), a obs\u0142ug\u0119 na kasie kontrolowa\u0107 dla 32 kasjer\u00f3w z r\u00f3\u017cnymi prawami dost\u0119pu. W bazie towarowej mo\u017cna zaprogramowa\u0107 64 opakowania, kt\u00f3re mo\u017cna przypisa\u0107 do towar\u00f3w, tworz\u0105c a\u017c 1.000 tandem\u00f3w. Nowo\u015bci\u0105 jest r\u00f3wnie\u017c mo\u017cliwo\u015b\u0107 tworzenia powi\u0105za\u0144 (komplet\u00f3w) towar + towar. Kasa prowadzi kontrol\u0119 stan\u00f3w magazynowych sprzedawanych towar\u00f3w, posiada funkcj\u0119 \u201esprawdzarki cen\u201d, wykonania przeceny towar\u00f3w. Do sprzedawanych towar\u00f3w mo\u017cna do\u0142\u0105czy\u0107 dodatkowy opis towaru z wcze\u015bniej zaprogramowanych w bazie lub podany z klawiatury podczas sprzeda\u017cy.<\/p>\n<h4>PO\u0141\u0104CZ Z SYSTEMEM CHMUROWYM NOVICLOUD<\/h4>\n<p>NoviCloud to technologicznie zaawansowana us\u0142uga chmurowa stworzona dla kas Novitus. Pozwala na monitorowanie i zarz\u0105dzanie biznesem z ka\u017cdego miejsca na ziemi. Dzi\u0119ki NoviCloud u\u017cytkownik kasy ma dost\u0119p do wszystkiego, co si\u0119 dzieje na jego kasach fiskalnych za pomoc\u0105 tylko przegl\u0105darki internetowej. Kasy Novitus online i NoviCloud stanowi\u0105 jedyny i najlepszy tego typu system sprzeda\u017cy w Polsce.<\/p>\n<h4>WRZU\u0106 I PRACUJ. JAPO\u0143SKI MECHANIZM DRUKUJ\u0104CY<\/h4>\n<p>Wk\u0142adanie nowej rolki papieru nigdy nie by\u0142o tak proste. Wrzu\u0107 rolk\u0119 i dzia\u0142aj, ca\u0142y sw\u00f3j czas po\u015bwi\u0119\u0107 klientowi. Sprawdzony, japo\u0144ski mechanizm drukuj\u0105cy, u\u017cywany obecnie we wszystkich kasach Novitus na rynku.<\/p>\n<h4>KOMUNIKACJA NA WSZYSTKIE SPOSOBY<\/h4>\n<p>Interfejsy komunikacyjne &#8211; dzi\u0119ki nim mo\u017cna si\u0119 z kas\u0105 komunikowa\u0107 i programowa\u0107 z dowolnego miejsca na \u015bwiecie. Po\u0142\u0105czenie LAN Ethernet jest bardzo szybkie i stabilne. R\u00f3wnocze\u015bnie do kasy pod\u0142\u0105cz komputer, dowoln\u0105 szuflad\u0119, czytnik, wag\u0119, terminal kart p\u0142atniczych oraz kamery monitoringu. \u0141\u0105cz\u0105c obraz z kamer z wydrukiem z kasy kontroluj prac\u0119 kasjer\u00f3w. Pod\u0142\u0105czony do kasy pendrive USB przechowa kopi\u0119 bazy towarowej oraz konfiguracj\u0119 kasy.<\/p>\n<p>Kasa SENTO Online posiada nast\u0119puj\u0105ce interfejsy:<\/p>\n<ul>\n<li>1x Lan ethernet<\/li>\n<li>3 x USB<\/li>\n<li>1x USB Device<\/li>\n<li>2x RS232<\/li>\n<\/ul>\n<p>Funkcjonalno\u015b\u0107 z\u0142\u0105cz USB\u00a0 zosta\u0142a rozszerzona. Poza czytnikiem kod\u00f3w, mo\u017cna do urz\u0105dzenia pod\u0142\u0105czy\u0107 m.in. klawiatur\u0119 komputerow\u0105, kt\u00f3ra u\u0142atwi programowanie bazy towarowej lub innych tre\u015bci (nag\u0142\u00f3wk\u00f3w, kasjer\u00f3w itp.).\u00a0\u00a0Z Centralnym Repozytorium Kas oraz programem sprzeda\u017cy kasa mo\u017ce komunikowa\u0107 si\u0119 za pomoc\u0105 standardowej sieci komputerowej poprzez wbudowane z\u0142\u0105cze LAN, RS232 lub np. do\u0142\u0105czony do portu USB modu\u0142 WiFi lub GSM.<\/p>\n<h4>DRUKUJ NIE TYLKO PARAGONY FISKALNE<\/h4>\n<p>Aby klienci nie zapomnieli gdzie kupili towar kasa SENTO Online daje mo\u017cliwo\u015b\u0107 wykorzystania paragon\u00f3w na potrzeby reklamy swojej firmy. SENTO Online pozwala na drukowanie logo graficznego w nag\u0142\u00f3wku oraz grafiki w stopce paragonu. U\u017cytkownik mo\u017ce zadecydowa\u0107, czy logo graficzne ma si\u0119 drukowa\u0107 na ka\u017cdym wydruku, czy tylko na paragonach fiskalnych. Umieszczaj swoje logo w postaci graficznej, dane kontaktowe, czy te\u017c adres sklepu internetowego na ka\u017cdym z nich. Zyskujesz r\u00f3wnie\u017c mo\u017cliwo\u015b\u0107 wydruku bezpo\u015brednio na kasie : bilet\u00f3w, kupon\u00f3w rabatowych, informacji o promocjach, potwierdze\u0144 na opakowania zwrotne, okoliczno\u015bciowych zwrot\u00f3w. Mo\u017cesz r\u00f3wnie\u017c stworzy\u0107 swoj\u0105 dowoln\u0105 propozycj\u0119 wydruku.<\/p>\n<h4>POD\u0141\u0104CZ TERMINAL P\u0141ATNICZY<\/h4>\n<p>Kasa wsp\u00f3\u0142pracuje z terminalami p\u0142atniczymi za pomoc\u0105 protoko\u0142u ECR-EFT narzuconego przez przepisy dla kas fiskalnych online&#8217;owych. Pracuje te\u017c z najpopularniejszymi terminalami p\u0142atniczymi z wykorzystaniem protoko\u0142u Novitus EFT-POS. Pozwala r\u00f3wnie\u017c na wsp\u00f3\u0142prac\u0119 z terminalami przeno\u015bnymi typu MPos.<\/p>\n<h4>POWER DUO &#8211; Kasa SENTO Online\u00a0 z PIN Padem Paytel<\/h4>\n<p>Najlepszy spos\u00f3b na p\u0142atno\u015bci bezgot\u00f3wkowe w Twojej firmie &#8211; Kasa \u0142\u0105czy si\u0119 jednym kablem USB z PIN Padem Paytel i wsp\u00f3\u0142pracuje bez specjalnej konfiguracji.\u00a0 Oferuj swoim klientom wygodne transakcje bezgot\u00f3wkowe i nie tra\u0107 czasu na wprowadzanie kwoty na terminalu \u2013 kasa zrobi to za Ciebie. Wyeliminujesz w ten spos\u00f3b b\u0142\u0119dy i przy\u015bpieszysz obs\u0142ug\u0119 w puncie sprzeda\u017cy. Nie p\u0142a\u0107 przez rok za u\u017cytkowanie PIN Pada w ramach akcji \u201ePolska Bezgot\u00f3wkowa\u201d, a p\u00f3\u017aniej ciesz si\u0119 nawet o po\u0142ow\u0119 mniejszymi kosztami dzier\u017cawy PIN Pada!<\/p>\n<h4>WYGODNA DLA KA\u017bDEGO<\/h4>\n<p>Bez wzgl\u0119du na prowadzon\u0105 dzia\u0142alno\u015b\u0107, kasa zawsze dostosuje si\u0119 do prowadzonego biznesu. Sprzeda\u017c bilet\u00f3w na zaprogramowanych trasach umo\u017cliwiaj\u0105 funkcje BUS-owe. Obs\u0142ug\u0119 wypo\u017cyczalni oraz parking\u00f3w umo\u017cliwiaj\u0105 funkcje czasowe. Prowadzenie sklep\u00f3w monopolowych u\u0142atwiaj\u0105 raporty akcyzowe. Wykorzystuj kas\u0119 r\u00f3wnie\u017c jako sprawdzark\u0119 cen towar\u00f3w. Kasa przypomni te\u017c o ustawowym obowi\u0105zku wykonania codziennego raportu fiskalnego oraz przegl\u0105du okresowego.<\/p>\n<p>U\u017cytkownicy prowadz\u0105cy sprzeda\u017c towar\u00f3w akcyzowych (papieros\u00f3w, alkoholu) mog\u0105 tak oprogramowa\u0107 kas\u0119, aby zapami\u0119tywa\u0142a obr\u00f3t towar\u00f3w oznaczonych jako \u201eakcyzowe\u201d. Niezale\u017cnie od zmian w bazie towarowej (usuni\u0119cie towaru, zmiana, skasowanie ca\u0142ej bazy) kasa pozwoli na wydrukowanie raportu sumuj\u0105cego sprzeda\u017c tych towar\u00f3w w dowolnym zakresie czasowym (np. za ca\u0142y rok, dany miesi\u0105c). Takie &#8222;raporty akcyzowe\u201d s\u0105 bardzo po\u017c\u0105dane przy ubieganiu si\u0119 o przed\u0142u\u017cenie koncesji na sprzeda\u017c alkoholu. Pozwala na prowadzenie rejestracji us\u0142ug BUS-owych, czasowych, wypo\u017cyczalni i parking\u00f3w. Wydruki niefiskalne mog\u0105 by\u0107 drukowane jako oddzielne dokumenty (z nag\u0142\u00f3wkiem lub stopk\u0105), lub jako do\u0142\u0105czone do paragonu fiskalnego (jak rozliczenie opakowa\u0144 zwrotnych).<\/p>\n<\/div>\n<\/div>\n<\/div>","protected":false},"excerpt":{"rendered":"<p>Kasa SENTO Online czerpie z najlepszych wzorc\u00f3w i do\u015bwiadcze\u0144 kas z rodziny SENTO. Optymalne po\u0142\u0105czenie wy\u015brubowanych parametr\u00f3w technicznych oraz zaawansowanych funkcji to jej znak rozpoznawczy. Dzisiaj i za wiele lat taka sama wydajno\u015b\u0107 pracy jest gwarantowana. Kasa jest dedykowana ma\u0142ym i \u015brednim punktom handlowo \u2013 us\u0142ugowym. Ma\u0142a i por\u0119czna obudowa kasy kryje w sobie zaawansowan\u0105 technologi\u0119 i funkcjonalno\u015b\u0107 spotykan\u0105 wcze\u015bniej w segmencie du\u017cych kas systemowych.<\/p>","protected":false},"featured_media":2095,"comment_status":"closed","ping_status":"closed","template":"","meta":{"_et_pb_use_builder":"","_et_pb_old_content":"","_et_gb_content_width":""},"product_brand":[],"product_cat":[42,40,38],"product_tag":[],"class_list":{"0":"post-2094","1":"product","2":"type-product","3":"status-publish","4":"has-post-thumbnail","6":"product_cat-kasy-fiskalne-online","7":"product_cat-novitus","8":"product_cat-urzadzenia-fiskalne","10":"first","11":"instock","12":"taxable","13":"shipping-taxable","14":"purchasable","15":"product-type-simple"},"yoast_head":"<!-- This site is optimized with the Yoast SEO plugin v26.9 - https:\/\/yoast.com\/product\/yoast-seo-wordpress\/ -->\n<title>SENTO Online - Kasy fiskalne Gda\u0144sk Kasa fiskalna Gdynia Sopot Tr\u00f3jmiasto<\/title>\n<meta name=\"robots\" content=\"index, follow, max-snippet:-1, max-image-preview:large, max-video-preview:-1\" \/>\n<link rel=\"canonical\" href=\"https:\/\/monkomp.pl\/en\/product\/sento-online\/\" \/>\n<meta property=\"og:locale\" content=\"en_GB\" \/>\n<meta property=\"og:type\" content=\"article\" \/>\n<meta property=\"og:title\" content=\"SENTO Online - Kasy fiskalne Gda\u0144sk Kasa fiskalna Gdynia Sopot Tr\u00f3jmiasto\" \/>\n<meta property=\"og:description\" content=\"Kasa SENTO Online czerpie z najlepszych wzorc\u00f3w i do\u015bwiadcze\u0144 kas z rodziny SENTO. Optymalne po\u0142\u0105czenie wy\u015brubowanych parametr\u00f3w technicznych oraz zaawansowanych funkcji to jej znak rozpoznawczy. Dzisiaj i za wiele lat taka sama wydajno\u015b\u0107 pracy jest gwarantowana. Kasa jest dedykowana ma\u0142ym i \u015brednim punktom handlowo \u2013 us\u0142ugowym. Ma\u0142a i por\u0119czna obudowa kasy kryje w sobie zaawansowan\u0105 technologi\u0119 i funkcjonalno\u015b\u0107 spotykan\u0105 wcze\u015bniej w segmencie du\u017cych kas systemowych.\" \/>\n<meta property=\"og:url\" content=\"https:\/\/monkomp.pl\/en\/product\/sento-online\/\" \/>\n<meta property=\"og:site_name\" content=\"Kasy fiskalne Gda\u0144sk Kasa fiskalna Gdynia Sopot Tr\u00f3jmiasto\" \/>\n<meta property=\"og:image\" content=\"https:\/\/monkomp.pl\/wp-content\/uploads\/2022\/07\/1-10.png\" \/>\n\t<meta property=\"og:image:width\" content=\"327\" \/>\n\t<meta property=\"og:image:height\" content=\"327\" \/>\n\t<meta property=\"og:image:type\" content=\"image\/png\" \/>\n<meta name=\"twitter:card\" content=\"summary_large_image\" \/>\n<meta name=\"twitter:label1\" content=\"Estimated reading time\" \/>\n\t<meta name=\"twitter:data1\" content=\"7 minutes\" \/>\n<script type=\"application\/ld+json\" class=\"yoast-schema-graph\">{\"@context\":\"https:\/\/schema.org\",\"@graph\":[{\"@type\":\"WebPage\",\"@id\":\"https:\/\/monkomp.pl\/produkt\/sento-online\/\",\"url\":\"https:\/\/monkomp.pl\/produkt\/sento-online\/\",\"name\":\"SENTO Online - Kasy fiskalne Gda\u0144sk Kasa fiskalna Gdynia Sopot Tr\u00f3jmiasto\",\"isPartOf\":{\"@id\":\"https:\/\/monkomp.pl\/#website\"},\"primaryImageOfPage\":{\"@id\":\"https:\/\/monkomp.pl\/produkt\/sento-online\/#primaryimage\"},\"image\":{\"@id\":\"https:\/\/monkomp.pl\/produkt\/sento-online\/#primaryimage\"},\"thumbnailUrl\":\"https:\/\/monkomp.pl\/wp-content\/uploads\/2022\/07\/1-10.png\",\"datePublished\":\"2022-07-10T21:56:40+00:00\",\"breadcrumb\":{\"@id\":\"https:\/\/monkomp.pl\/produkt\/sento-online\/#breadcrumb\"},\"inLanguage\":\"en-GB\",\"potentialAction\":[{\"@type\":\"ReadAction\",\"target\":[\"https:\/\/monkomp.pl\/produkt\/sento-online\/\"]}]},{\"@type\":\"ImageObject\",\"inLanguage\":\"en-GB\",\"@id\":\"https:\/\/monkomp.pl\/produkt\/sento-online\/#primaryimage\",\"url\":\"https:\/\/monkomp.pl\/wp-content\/uploads\/2022\/07\/1-10.png\",\"contentUrl\":\"https:\/\/monkomp.pl\/wp-content\/uploads\/2022\/07\/1-10.png\",\"width\":327,\"height\":327},{\"@type\":\"BreadcrumbList\",\"@id\":\"https:\/\/monkomp.pl\/produkt\/sento-online\/#breadcrumb\",\"itemListElement\":[{\"@type\":\"ListItem\",\"position\":1,\"name\":\"Strona g\u0142\u00f3wna\",\"item\":\"https:\/\/monkomp.pl\/\"},{\"@type\":\"ListItem\",\"position\":2,\"name\":\"Sklep\",\"item\":\"https:\/\/monkomp.pl\/sklep\/\"},{\"@type\":\"ListItem\",\"position\":3,\"name\":\"SENTO Online\"}]},{\"@type\":\"WebSite\",\"@id\":\"https:\/\/monkomp.pl\/#website\",\"url\":\"https:\/\/monkomp.pl\/\",\"name\":\"Kasy fiskalne Gda\u0144sk Kasa fiskalna Gdynia Sopot Tr\u00f3jmiasto\",\"description\":\"Kasy fiskalne kasa fisklana\",\"potentialAction\":[{\"@type\":\"SearchAction\",\"target\":{\"@type\":\"EntryPoint\",\"urlTemplate\":\"https:\/\/monkomp.pl\/?s={search_term_string}\"},\"query-input\":{\"@type\":\"PropertyValueSpecification\",\"valueRequired\":true,\"valueName\":\"search_term_string\"}}],\"inLanguage\":\"en-GB\"}]}<\/script>\n<!-- \/ Yoast SEO plugin. -->","yoast_head_json":{"title":"SENTO Online - Kasy fiskalne Gda\u0144sk Kasa fiskalna Gdynia Sopot Tr\u00f3jmiasto","robots":{"index":"index","follow":"follow","max-snippet":"max-snippet:-1","max-image-preview":"max-image-preview:large","max-video-preview":"max-video-preview:-1"},"canonical":"https:\/\/monkomp.pl\/en\/product\/sento-online\/","og_locale":"en_GB","og_type":"article","og_title":"SENTO Online - Kasy fiskalne Gda\u0144sk Kasa fiskalna Gdynia Sopot Tr\u00f3jmiasto","og_description":"Kasa SENTO Online czerpie z najlepszych wzorc\u00f3w i do\u015bwiadcze\u0144 kas z rodziny SENTO. Optymalne po\u0142\u0105czenie wy\u015brubowanych parametr\u00f3w technicznych oraz zaawansowanych funkcji to jej znak rozpoznawczy. Dzisiaj i za wiele lat taka sama wydajno\u015b\u0107 pracy jest gwarantowana. Kasa jest dedykowana ma\u0142ym i \u015brednim punktom handlowo \u2013 us\u0142ugowym. Ma\u0142a i por\u0119czna obudowa kasy kryje w sobie zaawansowan\u0105 technologi\u0119 i funkcjonalno\u015b\u0107 spotykan\u0105 wcze\u015bniej w segmencie du\u017cych kas systemowych.","og_url":"https:\/\/monkomp.pl\/en\/product\/sento-online\/","og_site_name":"Kasy fiskalne Gda\u0144sk Kasa fiskalna Gdynia Sopot Tr\u00f3jmiasto","og_image":[{"width":327,"height":327,"url":"https:\/\/monkomp.pl\/wp-content\/uploads\/2022\/07\/1-10.png","type":"image\/png"}],"twitter_card":"summary_large_image","twitter_misc":{"Estimated reading time":"7 minutes"},"schema":{"@context":"https:\/\/schema.org","@graph":[{"@type":"WebPage","@id":"https:\/\/monkomp.pl\/produkt\/sento-online\/","url":"https:\/\/monkomp.pl\/produkt\/sento-online\/","name":"SENTO Online - Kasy fiskalne Gda\u0144sk Kasa fiskalna Gdynia Sopot Tr\u00f3jmiasto","isPartOf":{"@id":"https:\/\/monkomp.pl\/#website"},"primaryImageOfPage":{"@id":"https:\/\/monkomp.pl\/produkt\/sento-online\/#primaryimage"},"image":{"@id":"https:\/\/monkomp.pl\/produkt\/sento-online\/#primaryimage"},"thumbnailUrl":"https:\/\/monkomp.pl\/wp-content\/uploads\/2022\/07\/1-10.png","datePublished":"2022-07-10T21:56:40+00:00","breadcrumb":{"@id":"https:\/\/monkomp.pl\/produkt\/sento-online\/#breadcrumb"},"inLanguage":"en-GB","potentialAction":[{"@type":"ReadAction","target":["https:\/\/monkomp.pl\/produkt\/sento-online\/"]}]},{"@type":"ImageObject","inLanguage":"en-GB","@id":"https:\/\/monkomp.pl\/produkt\/sento-online\/#primaryimage","url":"https:\/\/monkomp.pl\/wp-content\/uploads\/2022\/07\/1-10.png","contentUrl":"https:\/\/monkomp.pl\/wp-content\/uploads\/2022\/07\/1-10.png","width":327,"height":327},{"@type":"BreadcrumbList","@id":"https:\/\/monkomp.pl\/produkt\/sento-online\/#breadcrumb","itemListElement":[{"@type":"ListItem","position":1,"name":"Strona g\u0142\u00f3wna","item":"https:\/\/monkomp.pl\/"},{"@type":"ListItem","position":2,"name":"Sklep","item":"https:\/\/monkomp.pl\/sklep\/"},{"@type":"ListItem","position":3,"name":"SENTO Online"}]},{"@type":"WebSite","@id":"https:\/\/monkomp.pl\/#website","url":"https:\/\/monkomp.pl\/","name":"Kasy fiskalne Gda\u0144sk Kasa fiskalna Gdynia Sopot Tr\u00f3jmiasto","description":"Kasy fiskalne kasa fisklana","potentialAction":[{"@type":"SearchAction","target":{"@type":"EntryPoint","urlTemplate":"https:\/\/monkomp.pl\/?s={search_term_string}"},"query-input":{"@type":"PropertyValueSpecification","valueRequired":true,"valueName":"search_term_string"}}],"inLanguage":"en-GB"}]}},"_links":{"self":[{"href":"https:\/\/monkomp.pl\/en\/wp-json\/wp\/v2\/product\/2094","targetHints":{"allow":["GET"]}}],"collection":[{"href":"https:\/\/monkomp.pl\/en\/wp-json\/wp\/v2\/product"}],"about":[{"href":"https:\/\/monkomp.pl\/en\/wp-json\/wp\/v2\/types\/product"}],"replies":[{"embeddable":true,"href":"https:\/\/monkomp.pl\/en\/wp-json\/wp\/v2\/comments?post=2094"}],"wp:featuredmedia":[{"embeddable":true,"href":"https:\/\/monkomp.pl\/en\/wp-json\/wp\/v2\/media\/2095"}],"wp:attachment":[{"href":"https:\/\/monkomp.pl\/en\/wp-json\/wp\/v2\/media?parent=2094"}],"wp:term":[{"taxonomy":"product_brand","embeddable":true,"href":"https:\/\/monkomp.pl\/en\/wp-json\/wp\/v2\/product_brand?post=2094"},{"taxonomy":"product_cat","embeddable":true,"href":"https:\/\/monkomp.pl\/en\/wp-json\/wp\/v2\/product_cat?post=2094"},{"taxonomy":"product_tag","embeddable":true,"href":"https:\/\/monkomp.pl\/en\/wp-json\/wp\/v2\/product_tag?post=2094"}],"curies":[{"name":"wp","href":"https:\/\/api.w.org\/{rel}","templated":true}]}}