{"id":2107,"date":"2022-07-11T11:13:27","date_gmt":"2022-07-11T09:13:27","guid":{"rendered":"https:\/\/monkomp.pl\/?post_type=product&#038;p=2107"},"modified":"2022-07-11T15:44:13","modified_gmt":"2022-07-11T13:44:13","slug":"dibal-g-305-15-30-kg","status":"publish","type":"product","link":"https:\/\/monkomp.pl\/en\/product\/dibal-g-305-15-30-kg\/","title":{"rendered":"DIBAL G-305 15\/30 kg"},"content":{"rendered":"<p>DIBAL G-305 to waga kontrolna wskazuj\u0105ca mas\u0119 produktu znajduj\u0105cego si\u0119 na szalce. Jest wyposa\u017cona w dwa pod\u015bwietlane wy\u015bwietlacze LCD. Jeden od strony obs\u0142ugi umieszczony jest w obudowie wagi. Drugi od strony klienta mo\u017ce by\u0107 umieszczony w obudowie wagi lub po zamontowaniu do\u0142\u0105czonej do ka\u017cdego urz\u0105dzenia wie\u017cy na wysi\u0119gniku.Waga \u015bwietnie sprawdza si\u0119 w plac\u00f3wkach handlowych r\u00f3\u017cnej wielko\u015bci oraz w gastronomii. Posiada wa\u017cn\u0105 legalizacj\u0119. Dodany interfejs komunikacyjny RS232 z zaimplementowanym protoko\u0142em komunikacyjnym AP-1 umo\u017cliwia wsp\u00f3\u0142prac\u0119 wagi z wi\u0119kszo\u015bci\u0105 kas fiskalnych i POS-\u00f3w dost\u0119pnych na polskim rynku. Wersja z zakresem wa\u017cenia 15\/30 kg.<\/p>\n<p>Zalety u\u017cytkowe wagi:<\/p>\n<ul>\n<li>ergonomiczna obudowa w kolorze czarnym<\/li>\n<li>mo\u017cliwo\u015b\u0107 monta\u017cu opcjonalnego wysi\u0119gnika<\/li>\n<li>stabilny i odporny na drgania oraz przeci\u0105\u017cenia uk\u0142ad pomiarowy<\/li>\n<li>wbudowany akumulator<\/li>\n<\/ul>\n<p>&nbsp;<\/p>","protected":false},"excerpt":{"rendered":"<p>DIBAL G-305 to waga kontrolna wskazuj\u0105ca mas\u0119 produktu znajduj\u0105cego si\u0119 na szalce. Jest wyposa\u017cona w dwa pod\u015bwietlane wy\u015bwietlacze LCD. Jeden od strony obs\u0142ugi umieszczony jest w obudowie wagi. Drugi od strony klienta mo\u017ce by\u0107 umieszczony w obudowie wagi lub po zamontowaniu do\u0142\u0105czonej do ka\u017cdego urz\u0105dzenia wie\u017cy na wysi\u0119gniku.Waga \u015bwietnie sprawdza si\u0119 w plac\u00f3wkach handlowych r\u00f3\u017cnej wielko\u015bci oraz w gastronomii.<\/p>","protected":false},"featured_media":2109,"comment_status":"closed","ping_status":"closed","template":"","meta":{"_et_pb_use_builder":"","_et_pb_old_content":"","_et_gb_content_width":""},"product_brand":[],"product_cat":[40,44,43],"product_tag":[],"class_list":{"0":"post-2107","1":"product","2":"type-product","3":"status-publish","4":"has-post-thumbnail","6":"product_cat-novitus","7":"product_cat-wagi-kontrolne","8":"product_cat-wagi-sklepowe","10":"first","11":"instock","12":"taxable","13":"shipping-taxable","14":"purchasable","15":"product-type-variable"},"yoast_head":"<!-- This site is optimized with the Yoast SEO plugin v26.9 - https:\/\/yoast.com\/product\/yoast-seo-wordpress\/ -->\n<title>DIBAL G-305 15\/30 kg - Kasy fiskalne Gda\u0144sk Kasa fiskalna Gdynia Sopot Tr\u00f3jmiasto<\/title>\n<meta name=\"robots\" content=\"index, follow, max-snippet:-1, max-image-preview:large, max-video-preview:-1\" \/>\n<link rel=\"canonical\" href=\"https:\/\/monkomp.pl\/en\/product\/dibal-g-305-15-30-kg\/\" \/>\n<meta property=\"og:locale\" content=\"en_GB\" \/>\n<meta property=\"og:type\" content=\"article\" \/>\n<meta property=\"og:title\" content=\"DIBAL G-305 15\/30 kg - Kasy fiskalne Gda\u0144sk Kasa fiskalna Gdynia Sopot Tr\u00f3jmiasto\" \/>\n<meta property=\"og:description\" content=\"DIBAL G-305 to waga kontrolna wskazuj\u0105ca mas\u0119 produktu znajduj\u0105cego si\u0119 na szalce. Jest wyposa\u017cona w dwa pod\u015bwietlane wy\u015bwietlacze LCD. Jeden od strony obs\u0142ugi umieszczony jest w obudowie wagi. Drugi od strony klienta mo\u017ce by\u0107 umieszczony w obudowie wagi lub po zamontowaniu do\u0142\u0105czonej do ka\u017cdego urz\u0105dzenia wie\u017cy na wysi\u0119gniku.Waga \u015bwietnie sprawdza si\u0119 w plac\u00f3wkach handlowych r\u00f3\u017cnej wielko\u015bci oraz w gastronomii.\" \/>\n<meta property=\"og:url\" content=\"https:\/\/monkomp.pl\/en\/product\/dibal-g-305-15-30-kg\/\" \/>\n<meta property=\"og:site_name\" content=\"Kasy fiskalne Gda\u0144sk Kasa fiskalna Gdynia Sopot Tr\u00f3jmiasto\" \/>\n<meta property=\"article:modified_time\" content=\"2022-07-11T13:44:13+00:00\" \/>\n<meta property=\"og:image\" content=\"https:\/\/monkomp.pl\/wp-content\/uploads\/2022\/07\/1.jpg\" \/>\n\t<meta property=\"og:image:width\" content=\"608\" \/>\n\t<meta property=\"og:image:height\" content=\"323\" \/>\n\t<meta property=\"og:image:type\" content=\"image\/jpeg\" \/>\n<meta name=\"twitter:card\" content=\"summary_large_image\" \/>\n<meta name=\"twitter:label1\" content=\"Estimated reading time\" \/>\n\t<meta name=\"twitter:data1\" content=\"1 minute\" \/>\n<script type=\"application\/ld+json\" class=\"yoast-schema-graph\">{\"@context\":\"https:\/\/schema.org\",\"@graph\":[{\"@type\":\"WebPage\",\"@id\":\"https:\/\/monkomp.pl\/produkt\/dibal-g-305-15-30-kg\/\",\"url\":\"https:\/\/monkomp.pl\/produkt\/dibal-g-305-15-30-kg\/\",\"name\":\"DIBAL G-305 15\/30 kg - Kasy fiskalne Gda\u0144sk Kasa fiskalna Gdynia Sopot Tr\u00f3jmiasto\",\"isPartOf\":{\"@id\":\"https:\/\/monkomp.pl\/#website\"},\"primaryImageOfPage\":{\"@id\":\"https:\/\/monkomp.pl\/produkt\/dibal-g-305-15-30-kg\/#primaryimage\"},\"image\":{\"@id\":\"https:\/\/monkomp.pl\/produkt\/dibal-g-305-15-30-kg\/#primaryimage\"},\"thumbnailUrl\":\"https:\/\/monkomp.pl\/wp-content\/uploads\/2022\/07\/1.jpg\",\"datePublished\":\"2022-07-11T09:13:27+00:00\",\"dateModified\":\"2022-07-11T13:44:13+00:00\",\"breadcrumb\":{\"@id\":\"https:\/\/monkomp.pl\/produkt\/dibal-g-305-15-30-kg\/#breadcrumb\"},\"inLanguage\":\"en-GB\",\"potentialAction\":[{\"@type\":\"ReadAction\",\"target\":[\"https:\/\/monkomp.pl\/produkt\/dibal-g-305-15-30-kg\/\"]}]},{\"@type\":\"ImageObject\",\"inLanguage\":\"en-GB\",\"@id\":\"https:\/\/monkomp.pl\/produkt\/dibal-g-305-15-30-kg\/#primaryimage\",\"url\":\"https:\/\/monkomp.pl\/wp-content\/uploads\/2022\/07\/1.jpg\",\"contentUrl\":\"https:\/\/monkomp.pl\/wp-content\/uploads\/2022\/07\/1.jpg\",\"width\":608,\"height\":323,\"caption\":\"Dibal G-305\"},{\"@type\":\"BreadcrumbList\",\"@id\":\"https:\/\/monkomp.pl\/produkt\/dibal-g-305-15-30-kg\/#breadcrumb\",\"itemListElement\":[{\"@type\":\"ListItem\",\"position\":1,\"name\":\"Strona g\u0142\u00f3wna\",\"item\":\"https:\/\/monkomp.pl\/\"},{\"@type\":\"ListItem\",\"position\":2,\"name\":\"Sklep\",\"item\":\"https:\/\/monkomp.pl\/sklep\/\"},{\"@type\":\"ListItem\",\"position\":3,\"name\":\"DIBAL G-305 15\/30 kg\"}]},{\"@type\":\"WebSite\",\"@id\":\"https:\/\/monkomp.pl\/#website\",\"url\":\"https:\/\/monkomp.pl\/\",\"name\":\"Kasy fiskalne Gda\u0144sk Kasa fiskalna Gdynia Sopot Tr\u00f3jmiasto\",\"description\":\"Kasy fiskalne kasa fisklana\",\"potentialAction\":[{\"@type\":\"SearchAction\",\"target\":{\"@type\":\"EntryPoint\",\"urlTemplate\":\"https:\/\/monkomp.pl\/?s={search_term_string}\"},\"query-input\":{\"@type\":\"PropertyValueSpecification\",\"valueRequired\":true,\"valueName\":\"search_term_string\"}}],\"inLanguage\":\"en-GB\"}]}<\/script>\n<!-- \/ Yoast SEO plugin. -->","yoast_head_json":{"title":"DIBAL G-305 15\/30 kg - Kasy fiskalne Gda\u0144sk Kasa fiskalna Gdynia Sopot Tr\u00f3jmiasto","robots":{"index":"index","follow":"follow","max-snippet":"max-snippet:-1","max-image-preview":"max-image-preview:large","max-video-preview":"max-video-preview:-1"},"canonical":"https:\/\/monkomp.pl\/en\/product\/dibal-g-305-15-30-kg\/","og_locale":"en_GB","og_type":"article","og_title":"DIBAL G-305 15\/30 kg - Kasy fiskalne Gda\u0144sk Kasa fiskalna Gdynia Sopot Tr\u00f3jmiasto","og_description":"DIBAL G-305 to waga kontrolna wskazuj\u0105ca mas\u0119 produktu znajduj\u0105cego si\u0119 na szalce. Jest wyposa\u017cona w dwa pod\u015bwietlane wy\u015bwietlacze LCD. Jeden od strony obs\u0142ugi umieszczony jest w obudowie wagi. Drugi od strony klienta mo\u017ce by\u0107 umieszczony w obudowie wagi lub po zamontowaniu do\u0142\u0105czonej do ka\u017cdego urz\u0105dzenia wie\u017cy na wysi\u0119gniku.Waga \u015bwietnie sprawdza si\u0119 w plac\u00f3wkach handlowych r\u00f3\u017cnej wielko\u015bci oraz w gastronomii.","og_url":"https:\/\/monkomp.pl\/en\/product\/dibal-g-305-15-30-kg\/","og_site_name":"Kasy fiskalne Gda\u0144sk Kasa fiskalna Gdynia Sopot Tr\u00f3jmiasto","article_modified_time":"2022-07-11T13:44:13+00:00","og_image":[{"width":608,"height":323,"url":"https:\/\/monkomp.pl\/wp-content\/uploads\/2022\/07\/1.jpg","type":"image\/jpeg"}],"twitter_card":"summary_large_image","twitter_misc":{"Estimated reading time":"1 minute"},"schema":{"@context":"https:\/\/schema.org","@graph":[{"@type":"WebPage","@id":"https:\/\/monkomp.pl\/produkt\/dibal-g-305-15-30-kg\/","url":"https:\/\/monkomp.pl\/produkt\/dibal-g-305-15-30-kg\/","name":"DIBAL G-305 15\/30 kg - Kasy fiskalne Gda\u0144sk Kasa fiskalna Gdynia Sopot Tr\u00f3jmiasto","isPartOf":{"@id":"https:\/\/monkomp.pl\/#website"},"primaryImageOfPage":{"@id":"https:\/\/monkomp.pl\/produkt\/dibal-g-305-15-30-kg\/#primaryimage"},"image":{"@id":"https:\/\/monkomp.pl\/produkt\/dibal-g-305-15-30-kg\/#primaryimage"},"thumbnailUrl":"https:\/\/monkomp.pl\/wp-content\/uploads\/2022\/07\/1.jpg","datePublished":"2022-07-11T09:13:27+00:00","dateModified":"2022-07-11T13:44:13+00:00","breadcrumb":{"@id":"https:\/\/monkomp.pl\/produkt\/dibal-g-305-15-30-kg\/#breadcrumb"},"inLanguage":"en-GB","potentialAction":[{"@type":"ReadAction","target":["https:\/\/monkomp.pl\/produkt\/dibal-g-305-15-30-kg\/"]}]},{"@type":"ImageObject","inLanguage":"en-GB","@id":"https:\/\/monkomp.pl\/produkt\/dibal-g-305-15-30-kg\/#primaryimage","url":"https:\/\/monkomp.pl\/wp-content\/uploads\/2022\/07\/1.jpg","contentUrl":"https:\/\/monkomp.pl\/wp-content\/uploads\/2022\/07\/1.jpg","width":608,"height":323,"caption":"Dibal G-305"},{"@type":"BreadcrumbList","@id":"https:\/\/monkomp.pl\/produkt\/dibal-g-305-15-30-kg\/#breadcrumb","itemListElement":[{"@type":"ListItem","position":1,"name":"Strona g\u0142\u00f3wna","item":"https:\/\/monkomp.pl\/"},{"@type":"ListItem","position":2,"name":"Sklep","item":"https:\/\/monkomp.pl\/sklep\/"},{"@type":"ListItem","position":3,"name":"DIBAL G-305 15\/30 kg"}]},{"@type":"WebSite","@id":"https:\/\/monkomp.pl\/#website","url":"https:\/\/monkomp.pl\/","name":"Kasy fiskalne Gda\u0144sk Kasa fiskalna Gdynia Sopot Tr\u00f3jmiasto","description":"Kasy fiskalne kasa fisklana","potentialAction":[{"@type":"SearchAction","target":{"@type":"EntryPoint","urlTemplate":"https:\/\/monkomp.pl\/?s={search_term_string}"},"query-input":{"@type":"PropertyValueSpecification","valueRequired":true,"valueName":"search_term_string"}}],"inLanguage":"en-GB"}]}},"_links":{"self":[{"href":"https:\/\/monkomp.pl\/en\/wp-json\/wp\/v2\/product\/2107","targetHints":{"allow":["GET"]}}],"collection":[{"href":"https:\/\/monkomp.pl\/en\/wp-json\/wp\/v2\/product"}],"about":[{"href":"https:\/\/monkomp.pl\/en\/wp-json\/wp\/v2\/types\/product"}],"replies":[{"embeddable":true,"href":"https:\/\/monkomp.pl\/en\/wp-json\/wp\/v2\/comments?post=2107"}],"wp:featuredmedia":[{"embeddable":true,"href":"https:\/\/monkomp.pl\/en\/wp-json\/wp\/v2\/media\/2109"}],"wp:attachment":[{"href":"https:\/\/monkomp.pl\/en\/wp-json\/wp\/v2\/media?parent=2107"}],"wp:term":[{"taxonomy":"product_brand","embeddable":true,"href":"https:\/\/monkomp.pl\/en\/wp-json\/wp\/v2\/product_brand?post=2107"},{"taxonomy":"product_cat","embeddable":true,"href":"https:\/\/monkomp.pl\/en\/wp-json\/wp\/v2\/product_cat?post=2107"},{"taxonomy":"product_tag","embeddable":true,"href":"https:\/\/monkomp.pl\/en\/wp-json\/wp\/v2\/product_tag?post=2107"}],"curies":[{"name":"wp","href":"https:\/\/api.w.org\/{rel}","templated":true}]}}