{"id":2131,"date":"2022-07-11T11:41:44","date_gmt":"2022-07-11T09:41:44","guid":{"rendered":"https:\/\/monkomp.pl\/?post_type=product&#038;p=2131"},"modified":"2022-07-11T15:43:46","modified_gmt":"2022-07-11T13:43:46","slug":"dibal-spc-s-6-15-kg","status":"publish","type":"product","link":"https:\/\/monkomp.pl\/en\/product\/dibal-spc-s-6-15-kg\/","title":{"rendered":"DIBAL SPC-S 6\/15 kg"},"content":{"rendered":"<p>DIBAL SPC-S to elektroniczna waga kalkulacyjna w kompaktowej, funkcjonalnej obudowie. Jest wyposa\u017cona w dwa pod\u015bwietlane wy\u015bwietlacze LCD umieszone w obudowie wagi: jeden od strony obs\u0142ugi i drugi od strony klienta. Na wy\u015bwietlaczach waga wskazuje jednocze\u015bnie mas\u0119 produktu, cen\u0119 za kilogram oraz nale\u017cno\u015b\u0107 do zap\u0142aty. Urz\u0105dzenie jest standardowo wyposa\u017cone w akumulator zapewniaj\u0105cy jego poprawn\u0105 prac\u0119 w przypadku braku zasilania sieciowego. Znajduje ono szerokie zastosowanie w ma\u0142ych i \u015brednich plac\u00f3wkach handlowych. \u015awietnie sprawdza si\u0119 r\u00f3wnie\u017c w handlu bazarowym. Wersja z zakresem wa\u017cenia 6\/15 kg.<\/p>\n<p>Zalety u\u017cytkowe wagi:<\/p>\n<ul>\n<li>ergonomiczna obudowa w kolorze bia\u0142ym<\/li>\n<li>du\u017ce pod\u015bwietlane wy\u015bwietlacze LCD<\/li>\n<li>stabilny i odporny na drgania oraz przeci\u0105\u017cenia uk\u0142ad pomiarowy<\/li>\n<li>\u0142atwo\u015b\u0107 utrzymania w czysto\u015bci &#8211; plastikowa nak\u0142adka na wag\u0119<\/li>\n<li>wbudowany akumulator zapewniaj\u0105cy do 100 godzin pracy bez zasilania sieciowego<\/li>\n<\/ul>","protected":false},"excerpt":{"rendered":"<p>DIBAL SPC-S to elektroniczna waga kalkulacyjna w kompaktowej, funkcjonalnej obudowie. Jest wyposa\u017cona w dwa pod\u015bwietlane wy\u015bwietlacze LCD umieszone w obudowie wagi: jeden od strony obs\u0142ugi i drugi od strony klienta. Na wy\u015bwietlaczach waga wskazuje jednocze\u015bnie mas\u0119 produktu, cen\u0119 za kilogram oraz nale\u017cno\u015b\u0107 do zap\u0142aty. Urz\u0105dzenie jest standardowo wyposa\u017cone w akumulator zapewniaj\u0105cy jego poprawn\u0105 prac\u0119 w przypadku braku zasilania sieciowego. Znajduje ono szerokie zastosowanie w ma\u0142ych i \u015brednich plac\u00f3wkach handlowych. \u015awietnie sprawdza si\u0119 r\u00f3wnie\u017c w handlu bazarowym.<\/p>","protected":false},"featured_media":2133,"comment_status":"closed","ping_status":"closed","template":"","meta":{"_et_pb_use_builder":"","_et_pb_old_content":"","_et_gb_content_width":""},"product_brand":[],"product_cat":[40,45,43],"product_tag":[],"class_list":{"0":"post-2131","1":"product","2":"type-product","3":"status-publish","4":"has-post-thumbnail","6":"product_cat-novitus","7":"product_cat-wagi-kalkulacyjne","8":"product_cat-wagi-sklepowe","10":"first","11":"instock","12":"taxable","13":"shipping-taxable","14":"purchasable","15":"product-type-variable"},"yoast_head":"<!-- This site is optimized with the Yoast SEO plugin v26.9 - https:\/\/yoast.com\/product\/yoast-seo-wordpress\/ -->\n<title>DIBAL SPC-S 6\/15 kg - Kasy fiskalne Gda\u0144sk Kasa fiskalna Gdynia Sopot Tr\u00f3jmiasto<\/title>\n<meta name=\"robots\" content=\"index, follow, max-snippet:-1, max-image-preview:large, max-video-preview:-1\" \/>\n<link rel=\"canonical\" href=\"https:\/\/monkomp.pl\/en\/product\/dibal-spc-s-6-15-kg\/\" \/>\n<meta property=\"og:locale\" content=\"en_GB\" \/>\n<meta property=\"og:type\" content=\"article\" \/>\n<meta property=\"og:title\" content=\"DIBAL SPC-S 6\/15 kg - Kasy fiskalne Gda\u0144sk Kasa fiskalna Gdynia Sopot Tr\u00f3jmiasto\" \/>\n<meta property=\"og:description\" content=\"DIBAL SPC-S to elektroniczna waga kalkulacyjna w kompaktowej, funkcjonalnej obudowie. Jest wyposa\u017cona w dwa pod\u015bwietlane wy\u015bwietlacze LCD umieszone w obudowie wagi: jeden od strony obs\u0142ugi i drugi od strony klienta. Na wy\u015bwietlaczach waga wskazuje jednocze\u015bnie mas\u0119 produktu, cen\u0119 za kilogram oraz nale\u017cno\u015b\u0107 do zap\u0142aty. Urz\u0105dzenie jest standardowo wyposa\u017cone w akumulator zapewniaj\u0105cy jego poprawn\u0105 prac\u0119 w przypadku braku zasilania sieciowego. Znajduje ono szerokie zastosowanie w ma\u0142ych i \u015brednich plac\u00f3wkach handlowych. \u015awietnie sprawdza si\u0119 r\u00f3wnie\u017c w handlu bazarowym.\" \/>\n<meta property=\"og:url\" content=\"https:\/\/monkomp.pl\/en\/product\/dibal-spc-s-6-15-kg\/\" \/>\n<meta property=\"og:site_name\" content=\"Kasy fiskalne Gda\u0144sk Kasa fiskalna Gdynia Sopot Tr\u00f3jmiasto\" \/>\n<meta property=\"article:modified_time\" content=\"2022-07-11T13:43:46+00:00\" \/>\n<meta property=\"og:image\" content=\"https:\/\/monkomp.pl\/wp-content\/uploads\/2022\/07\/1-3.jpg\" \/>\n\t<meta property=\"og:image:width\" content=\"458\" \/>\n\t<meta property=\"og:image:height\" content=\"327\" \/>\n\t<meta property=\"og:image:type\" content=\"image\/jpeg\" \/>\n<meta name=\"twitter:card\" content=\"summary_large_image\" \/>\n<meta name=\"twitter:label1\" content=\"Estimated reading time\" \/>\n\t<meta name=\"twitter:data1\" content=\"1 minute\" \/>\n<script type=\"application\/ld+json\" class=\"yoast-schema-graph\">{\"@context\":\"https:\/\/schema.org\",\"@graph\":[{\"@type\":\"WebPage\",\"@id\":\"https:\/\/monkomp.pl\/produkt\/dibal-spc-s-6-15-kg\/\",\"url\":\"https:\/\/monkomp.pl\/produkt\/dibal-spc-s-6-15-kg\/\",\"name\":\"DIBAL SPC-S 6\/15 kg - Kasy fiskalne Gda\u0144sk Kasa fiskalna Gdynia Sopot Tr\u00f3jmiasto\",\"isPartOf\":{\"@id\":\"https:\/\/monkomp.pl\/#website\"},\"primaryImageOfPage\":{\"@id\":\"https:\/\/monkomp.pl\/produkt\/dibal-spc-s-6-15-kg\/#primaryimage\"},\"image\":{\"@id\":\"https:\/\/monkomp.pl\/produkt\/dibal-spc-s-6-15-kg\/#primaryimage\"},\"thumbnailUrl\":\"https:\/\/monkomp.pl\/wp-content\/uploads\/2022\/07\/1-3.jpg\",\"datePublished\":\"2022-07-11T09:41:44+00:00\",\"dateModified\":\"2022-07-11T13:43:46+00:00\",\"breadcrumb\":{\"@id\":\"https:\/\/monkomp.pl\/produkt\/dibal-spc-s-6-15-kg\/#breadcrumb\"},\"inLanguage\":\"en-GB\",\"potentialAction\":[{\"@type\":\"ReadAction\",\"target\":[\"https:\/\/monkomp.pl\/produkt\/dibal-spc-s-6-15-kg\/\"]}]},{\"@type\":\"ImageObject\",\"inLanguage\":\"en-GB\",\"@id\":\"https:\/\/monkomp.pl\/produkt\/dibal-spc-s-6-15-kg\/#primaryimage\",\"url\":\"https:\/\/monkomp.pl\/wp-content\/uploads\/2022\/07\/1-3.jpg\",\"contentUrl\":\"https:\/\/monkomp.pl\/wp-content\/uploads\/2022\/07\/1-3.jpg\",\"width\":458,\"height\":327,\"caption\":\"DIBAL SPC-S\"},{\"@type\":\"BreadcrumbList\",\"@id\":\"https:\/\/monkomp.pl\/produkt\/dibal-spc-s-6-15-kg\/#breadcrumb\",\"itemListElement\":[{\"@type\":\"ListItem\",\"position\":1,\"name\":\"Strona g\u0142\u00f3wna\",\"item\":\"https:\/\/monkomp.pl\/\"},{\"@type\":\"ListItem\",\"position\":2,\"name\":\"Sklep\",\"item\":\"https:\/\/monkomp.pl\/sklep\/\"},{\"@type\":\"ListItem\",\"position\":3,\"name\":\"DIBAL SPC-S 6\/15 kg\"}]},{\"@type\":\"WebSite\",\"@id\":\"https:\/\/monkomp.pl\/#website\",\"url\":\"https:\/\/monkomp.pl\/\",\"name\":\"Kasy fiskalne Gda\u0144sk Kasa fiskalna Gdynia Sopot Tr\u00f3jmiasto\",\"description\":\"Kasy fiskalne kasa fisklana\",\"potentialAction\":[{\"@type\":\"SearchAction\",\"target\":{\"@type\":\"EntryPoint\",\"urlTemplate\":\"https:\/\/monkomp.pl\/?s={search_term_string}\"},\"query-input\":{\"@type\":\"PropertyValueSpecification\",\"valueRequired\":true,\"valueName\":\"search_term_string\"}}],\"inLanguage\":\"en-GB\"}]}<\/script>\n<!-- \/ Yoast SEO plugin. -->","yoast_head_json":{"title":"DIBAL SPC-S 6\/15 kg - Kasy fiskalne Gda\u0144sk Kasa fiskalna Gdynia Sopot Tr\u00f3jmiasto","robots":{"index":"index","follow":"follow","max-snippet":"max-snippet:-1","max-image-preview":"max-image-preview:large","max-video-preview":"max-video-preview:-1"},"canonical":"https:\/\/monkomp.pl\/en\/product\/dibal-spc-s-6-15-kg\/","og_locale":"en_GB","og_type":"article","og_title":"DIBAL SPC-S 6\/15 kg - Kasy fiskalne Gda\u0144sk Kasa fiskalna Gdynia Sopot Tr\u00f3jmiasto","og_description":"DIBAL SPC-S to elektroniczna waga kalkulacyjna w kompaktowej, funkcjonalnej obudowie. Jest wyposa\u017cona w dwa pod\u015bwietlane wy\u015bwietlacze LCD umieszone w obudowie wagi: jeden od strony obs\u0142ugi i drugi od strony klienta. Na wy\u015bwietlaczach waga wskazuje jednocze\u015bnie mas\u0119 produktu, cen\u0119 za kilogram oraz nale\u017cno\u015b\u0107 do zap\u0142aty. Urz\u0105dzenie jest standardowo wyposa\u017cone w akumulator zapewniaj\u0105cy jego poprawn\u0105 prac\u0119 w przypadku braku zasilania sieciowego. Znajduje ono szerokie zastosowanie w ma\u0142ych i \u015brednich plac\u00f3wkach handlowych. \u015awietnie sprawdza si\u0119 r\u00f3wnie\u017c w handlu bazarowym.","og_url":"https:\/\/monkomp.pl\/en\/product\/dibal-spc-s-6-15-kg\/","og_site_name":"Kasy fiskalne Gda\u0144sk Kasa fiskalna Gdynia Sopot Tr\u00f3jmiasto","article_modified_time":"2022-07-11T13:43:46+00:00","og_image":[{"width":458,"height":327,"url":"https:\/\/monkomp.pl\/wp-content\/uploads\/2022\/07\/1-3.jpg","type":"image\/jpeg"}],"twitter_card":"summary_large_image","twitter_misc":{"Estimated reading time":"1 minute"},"schema":{"@context":"https:\/\/schema.org","@graph":[{"@type":"WebPage","@id":"https:\/\/monkomp.pl\/produkt\/dibal-spc-s-6-15-kg\/","url":"https:\/\/monkomp.pl\/produkt\/dibal-spc-s-6-15-kg\/","name":"DIBAL SPC-S 6\/15 kg - Kasy fiskalne Gda\u0144sk Kasa fiskalna Gdynia Sopot Tr\u00f3jmiasto","isPartOf":{"@id":"https:\/\/monkomp.pl\/#website"},"primaryImageOfPage":{"@id":"https:\/\/monkomp.pl\/produkt\/dibal-spc-s-6-15-kg\/#primaryimage"},"image":{"@id":"https:\/\/monkomp.pl\/produkt\/dibal-spc-s-6-15-kg\/#primaryimage"},"thumbnailUrl":"https:\/\/monkomp.pl\/wp-content\/uploads\/2022\/07\/1-3.jpg","datePublished":"2022-07-11T09:41:44+00:00","dateModified":"2022-07-11T13:43:46+00:00","breadcrumb":{"@id":"https:\/\/monkomp.pl\/produkt\/dibal-spc-s-6-15-kg\/#breadcrumb"},"inLanguage":"en-GB","potentialAction":[{"@type":"ReadAction","target":["https:\/\/monkomp.pl\/produkt\/dibal-spc-s-6-15-kg\/"]}]},{"@type":"ImageObject","inLanguage":"en-GB","@id":"https:\/\/monkomp.pl\/produkt\/dibal-spc-s-6-15-kg\/#primaryimage","url":"https:\/\/monkomp.pl\/wp-content\/uploads\/2022\/07\/1-3.jpg","contentUrl":"https:\/\/monkomp.pl\/wp-content\/uploads\/2022\/07\/1-3.jpg","width":458,"height":327,"caption":"DIBAL SPC-S"},{"@type":"BreadcrumbList","@id":"https:\/\/monkomp.pl\/produkt\/dibal-spc-s-6-15-kg\/#breadcrumb","itemListElement":[{"@type":"ListItem","position":1,"name":"Strona g\u0142\u00f3wna","item":"https:\/\/monkomp.pl\/"},{"@type":"ListItem","position":2,"name":"Sklep","item":"https:\/\/monkomp.pl\/sklep\/"},{"@type":"ListItem","position":3,"name":"DIBAL SPC-S 6\/15 kg"}]},{"@type":"WebSite","@id":"https:\/\/monkomp.pl\/#website","url":"https:\/\/monkomp.pl\/","name":"Kasy fiskalne Gda\u0144sk Kasa fiskalna Gdynia Sopot Tr\u00f3jmiasto","description":"Kasy fiskalne kasa fisklana","potentialAction":[{"@type":"SearchAction","target":{"@type":"EntryPoint","urlTemplate":"https:\/\/monkomp.pl\/?s={search_term_string}"},"query-input":{"@type":"PropertyValueSpecification","valueRequired":true,"valueName":"search_term_string"}}],"inLanguage":"en-GB"}]}},"_links":{"self":[{"href":"https:\/\/monkomp.pl\/en\/wp-json\/wp\/v2\/product\/2131","targetHints":{"allow":["GET"]}}],"collection":[{"href":"https:\/\/monkomp.pl\/en\/wp-json\/wp\/v2\/product"}],"about":[{"href":"https:\/\/monkomp.pl\/en\/wp-json\/wp\/v2\/types\/product"}],"replies":[{"embeddable":true,"href":"https:\/\/monkomp.pl\/en\/wp-json\/wp\/v2\/comments?post=2131"}],"wp:featuredmedia":[{"embeddable":true,"href":"https:\/\/monkomp.pl\/en\/wp-json\/wp\/v2\/media\/2133"}],"wp:attachment":[{"href":"https:\/\/monkomp.pl\/en\/wp-json\/wp\/v2\/media?parent=2131"}],"wp:term":[{"taxonomy":"product_brand","embeddable":true,"href":"https:\/\/monkomp.pl\/en\/wp-json\/wp\/v2\/product_brand?post=2131"},{"taxonomy":"product_cat","embeddable":true,"href":"https:\/\/monkomp.pl\/en\/wp-json\/wp\/v2\/product_cat?post=2131"},{"taxonomy":"product_tag","embeddable":true,"href":"https:\/\/monkomp.pl\/en\/wp-json\/wp\/v2\/product_tag?post=2131"}],"curies":[{"name":"wp","href":"https:\/\/api.w.org\/{rel}","templated":true}]}}