{"id":2153,"date":"2022-07-11T12:03:16","date_gmt":"2022-07-11T10:03:16","guid":{"rendered":"https:\/\/monkomp.pl\/?post_type=product&#038;p=2153"},"modified":"2022-07-11T15:43:44","modified_gmt":"2022-07-11T13:43:44","slug":"dibal-pi-100t-rs-6-15-kg","status":"publish","type":"product","link":"https:\/\/monkomp.pl\/en\/product\/dibal-pi-100t-rs-6-15-kg\/","title":{"rendered":"DIBAL PI-100T RS 6\/15 kg"},"content":{"rendered":"<p>DIBAL PI-100T RS to waga kalkulacyjna wskazuj\u0105ca jednocze\u015bnie mas\u0119 produktu, cen\u0119 za kilogram oraz nale\u017cno\u015b\u0107 do zap\u0142aty na dw\u00f3ch pod\u015bwietlanych wy\u015bwietlaczach LCD: jednym od strony obs\u0142ugi umieszczonym w obudowie wagi i drugim od strony klienta umieszczonym na do\u0142\u0105czonym wysi\u0119gniku. Jest dedykowana dla wszystkich, kt\u00f3rzy potrzebuj\u0105 niezawodnego urz\u0105dzenia do sprzeda\u017cy detalicznej lub kontroli dostaw towar\u00f3w wa\u017conych. Interfejs komunikacyjny RS232 z zaimplementowanym protoko\u0142em komunikacyjnym AP-1 umo\u017cliwia wsp\u00f3\u0142prac\u0119 wagi z wi\u0119kszo\u015bci\u0105 kas fiskalnych i POS-\u00f3w dost\u0119pnych na polskim rynku. Wbudowany akumulator gwarantuje d\u0142ug\u0105 prac\u0119 urz\u0105dzenia bez konieczno\u015bci pod\u0142\u0105czania zasilania sieciowego co umo\u017cliwia wykorzystywanie wagi tak\u017ce do sprzeda\u017cy bazarowej. Wersja z zakresem wa\u017cenia 6\/15 kg.<\/p>\n<p>Zalety u\u017cytkowe wagi:<\/p>\n<ul>\n<li>niewielkie rozmiary<\/li>\n<li>ergonomiczna obudowa w kolorze czarnym<\/li>\n<li>stabilny i odporny na drgania oraz przeci\u0105\u017cenia uk\u0142ad pomiarowy<\/li>\n<li>2 szalki w zestawie: z tworzywa ABS oraz metalowa<\/li>\n<\/ul>","protected":false},"excerpt":{"rendered":"<p>DIBAL PI-100T RS to waga kalkulacyjna wskazuj\u0105ca jednocze\u015bnie mas\u0119 produktu, cen\u0119 za kilogram oraz nale\u017cno\u015b\u0107 do zap\u0142aty na dw\u00f3ch pod\u015bwietlanych wy\u015bwietlaczach LCD: jednym od strony obs\u0142ugi umieszczonym w obudowie wagi i drugim od strony klienta umieszczonym na do\u0142\u0105czonym wysi\u0119gniku. Jest dedykowana dla wszystkich, kt\u00f3rzy potrzebuj\u0105 niezawodnego urz\u0105dzenia do sprzeda\u017cy detalicznej lub kontroli dostaw towar\u00f3w wa\u017conych. Interfejs komunikacyjny RS232 z zaimplementowanym protoko\u0142em komunikacyjnym AP-1 umo\u017cliwia wsp\u00f3\u0142prac\u0119 wagi z wi\u0119kszo\u015bci\u0105 kas fiskalnych i POS-\u00f3w dost\u0119pnych na polskim rynku. Wbudowany akumulator gwarantuje d\u0142ug\u0105 prac\u0119 urz\u0105dzenia bez konieczno\u015bci pod\u0142\u0105czania zasilania sieciowego co umo\u017cliwia wykorzystywanie wagi tak\u017ce do sprzeda\u017cy bazarowej.<\/p>","protected":false},"featured_media":2151,"comment_status":"closed","ping_status":"closed","template":"","meta":{"_et_pb_use_builder":"","_et_pb_old_content":"","_et_gb_content_width":""},"product_brand":[],"product_cat":[40,45,43],"product_tag":[],"class_list":{"0":"post-2153","1":"product","2":"type-product","3":"status-publish","4":"has-post-thumbnail","6":"product_cat-novitus","7":"product_cat-wagi-kalkulacyjne","8":"product_cat-wagi-sklepowe","10":"first","11":"instock","12":"taxable","13":"shipping-taxable","14":"purchasable","15":"product-type-variable"},"yoast_head":"<!-- This site is optimized with the Yoast SEO plugin v26.9 - https:\/\/yoast.com\/product\/yoast-seo-wordpress\/ -->\n<title>DIBAL PI-100T RS 6\/15 kg - Kasy fiskalne Gda\u0144sk Kasa fiskalna Gdynia Sopot Tr\u00f3jmiasto<\/title>\n<meta name=\"robots\" content=\"index, follow, max-snippet:-1, max-image-preview:large, max-video-preview:-1\" \/>\n<link rel=\"canonical\" href=\"https:\/\/monkomp.pl\/en\/product\/dibal-pi-100t-rs-6-15-kg\/\" \/>\n<meta property=\"og:locale\" content=\"en_GB\" \/>\n<meta property=\"og:type\" content=\"article\" \/>\n<meta property=\"og:title\" content=\"DIBAL PI-100T RS 6\/15 kg - Kasy fiskalne Gda\u0144sk Kasa fiskalna Gdynia Sopot Tr\u00f3jmiasto\" \/>\n<meta property=\"og:description\" content=\"DIBAL PI-100T RS to waga kalkulacyjna wskazuj\u0105ca jednocze\u015bnie mas\u0119 produktu, cen\u0119 za kilogram oraz nale\u017cno\u015b\u0107 do zap\u0142aty na dw\u00f3ch pod\u015bwietlanych wy\u015bwietlaczach LCD: jednym od strony obs\u0142ugi umieszczonym w obudowie wagi i drugim od strony klienta umieszczonym na do\u0142\u0105czonym wysi\u0119gniku. Jest dedykowana dla wszystkich, kt\u00f3rzy potrzebuj\u0105 niezawodnego urz\u0105dzenia do sprzeda\u017cy detalicznej lub kontroli dostaw towar\u00f3w wa\u017conych. Interfejs komunikacyjny RS232 z zaimplementowanym protoko\u0142em komunikacyjnym AP-1 umo\u017cliwia wsp\u00f3\u0142prac\u0119 wagi z wi\u0119kszo\u015bci\u0105 kas fiskalnych i POS-\u00f3w dost\u0119pnych na polskim rynku. Wbudowany akumulator gwarantuje d\u0142ug\u0105 prac\u0119 urz\u0105dzenia bez konieczno\u015bci pod\u0142\u0105czania zasilania sieciowego co umo\u017cliwia wykorzystywanie wagi tak\u017ce do sprzeda\u017cy bazarowej.\" \/>\n<meta property=\"og:url\" content=\"https:\/\/monkomp.pl\/en\/product\/dibal-pi-100t-rs-6-15-kg\/\" \/>\n<meta property=\"og:site_name\" content=\"Kasy fiskalne Gda\u0144sk Kasa fiskalna Gdynia Sopot Tr\u00f3jmiasto\" \/>\n<meta property=\"article:modified_time\" content=\"2022-07-11T13:43:44+00:00\" \/>\n<meta property=\"og:image\" content=\"https:\/\/monkomp.pl\/wp-content\/uploads\/2022\/07\/1-5.jpg\" \/>\n\t<meta property=\"og:image:width\" content=\"227\" \/>\n\t<meta property=\"og:image:height\" content=\"327\" \/>\n\t<meta property=\"og:image:type\" content=\"image\/jpeg\" \/>\n<meta name=\"twitter:card\" content=\"summary_large_image\" \/>\n<meta name=\"twitter:label1\" content=\"Estimated reading time\" \/>\n\t<meta name=\"twitter:data1\" content=\"1 minute\" \/>\n<script type=\"application\/ld+json\" class=\"yoast-schema-graph\">{\"@context\":\"https:\/\/schema.org\",\"@graph\":[{\"@type\":\"WebPage\",\"@id\":\"https:\/\/monkomp.pl\/produkt\/dibal-pi-100t-rs-6-15-kg\/\",\"url\":\"https:\/\/monkomp.pl\/produkt\/dibal-pi-100t-rs-6-15-kg\/\",\"name\":\"DIBAL PI-100T RS 6\/15 kg - Kasy fiskalne Gda\u0144sk Kasa fiskalna Gdynia Sopot Tr\u00f3jmiasto\",\"isPartOf\":{\"@id\":\"https:\/\/monkomp.pl\/#website\"},\"primaryImageOfPage\":{\"@id\":\"https:\/\/monkomp.pl\/produkt\/dibal-pi-100t-rs-6-15-kg\/#primaryimage\"},\"image\":{\"@id\":\"https:\/\/monkomp.pl\/produkt\/dibal-pi-100t-rs-6-15-kg\/#primaryimage\"},\"thumbnailUrl\":\"https:\/\/monkomp.pl\/wp-content\/uploads\/2022\/07\/1-5.jpg\",\"datePublished\":\"2022-07-11T10:03:16+00:00\",\"dateModified\":\"2022-07-11T13:43:44+00:00\",\"breadcrumb\":{\"@id\":\"https:\/\/monkomp.pl\/produkt\/dibal-pi-100t-rs-6-15-kg\/#breadcrumb\"},\"inLanguage\":\"en-GB\",\"potentialAction\":[{\"@type\":\"ReadAction\",\"target\":[\"https:\/\/monkomp.pl\/produkt\/dibal-pi-100t-rs-6-15-kg\/\"]}]},{\"@type\":\"ImageObject\",\"inLanguage\":\"en-GB\",\"@id\":\"https:\/\/monkomp.pl\/produkt\/dibal-pi-100t-rs-6-15-kg\/#primaryimage\",\"url\":\"https:\/\/monkomp.pl\/wp-content\/uploads\/2022\/07\/1-5.jpg\",\"contentUrl\":\"https:\/\/monkomp.pl\/wp-content\/uploads\/2022\/07\/1-5.jpg\",\"width\":227,\"height\":327,\"caption\":\"DIBAL PI-100T\"},{\"@type\":\"BreadcrumbList\",\"@id\":\"https:\/\/monkomp.pl\/produkt\/dibal-pi-100t-rs-6-15-kg\/#breadcrumb\",\"itemListElement\":[{\"@type\":\"ListItem\",\"position\":1,\"name\":\"Strona g\u0142\u00f3wna\",\"item\":\"https:\/\/monkomp.pl\/\"},{\"@type\":\"ListItem\",\"position\":2,\"name\":\"Sklep\",\"item\":\"https:\/\/monkomp.pl\/sklep\/\"},{\"@type\":\"ListItem\",\"position\":3,\"name\":\"DIBAL PI-100T RS 6\/15 kg\"}]},{\"@type\":\"WebSite\",\"@id\":\"https:\/\/monkomp.pl\/#website\",\"url\":\"https:\/\/monkomp.pl\/\",\"name\":\"Kasy fiskalne Gda\u0144sk Kasa fiskalna Gdynia Sopot Tr\u00f3jmiasto\",\"description\":\"Kasy fiskalne kasa fisklana\",\"potentialAction\":[{\"@type\":\"SearchAction\",\"target\":{\"@type\":\"EntryPoint\",\"urlTemplate\":\"https:\/\/monkomp.pl\/?s={search_term_string}\"},\"query-input\":{\"@type\":\"PropertyValueSpecification\",\"valueRequired\":true,\"valueName\":\"search_term_string\"}}],\"inLanguage\":\"en-GB\"}]}<\/script>\n<!-- \/ Yoast SEO plugin. -->","yoast_head_json":{"title":"DIBAL PI-100T RS 6\/15 kg - Kasy fiskalne Gda\u0144sk Kasa fiskalna Gdynia Sopot Tr\u00f3jmiasto","robots":{"index":"index","follow":"follow","max-snippet":"max-snippet:-1","max-image-preview":"max-image-preview:large","max-video-preview":"max-video-preview:-1"},"canonical":"https:\/\/monkomp.pl\/en\/product\/dibal-pi-100t-rs-6-15-kg\/","og_locale":"en_GB","og_type":"article","og_title":"DIBAL PI-100T RS 6\/15 kg - Kasy fiskalne Gda\u0144sk Kasa fiskalna Gdynia Sopot Tr\u00f3jmiasto","og_description":"DIBAL PI-100T RS to waga kalkulacyjna wskazuj\u0105ca jednocze\u015bnie mas\u0119 produktu, cen\u0119 za kilogram oraz nale\u017cno\u015b\u0107 do zap\u0142aty na dw\u00f3ch pod\u015bwietlanych wy\u015bwietlaczach LCD: jednym od strony obs\u0142ugi umieszczonym w obudowie wagi i drugim od strony klienta umieszczonym na do\u0142\u0105czonym wysi\u0119gniku. Jest dedykowana dla wszystkich, kt\u00f3rzy potrzebuj\u0105 niezawodnego urz\u0105dzenia do sprzeda\u017cy detalicznej lub kontroli dostaw towar\u00f3w wa\u017conych. Interfejs komunikacyjny RS232 z zaimplementowanym protoko\u0142em komunikacyjnym AP-1 umo\u017cliwia wsp\u00f3\u0142prac\u0119 wagi z wi\u0119kszo\u015bci\u0105 kas fiskalnych i POS-\u00f3w dost\u0119pnych na polskim rynku. Wbudowany akumulator gwarantuje d\u0142ug\u0105 prac\u0119 urz\u0105dzenia bez konieczno\u015bci pod\u0142\u0105czania zasilania sieciowego co umo\u017cliwia wykorzystywanie wagi tak\u017ce do sprzeda\u017cy bazarowej.","og_url":"https:\/\/monkomp.pl\/en\/product\/dibal-pi-100t-rs-6-15-kg\/","og_site_name":"Kasy fiskalne Gda\u0144sk Kasa fiskalna Gdynia Sopot Tr\u00f3jmiasto","article_modified_time":"2022-07-11T13:43:44+00:00","og_image":[{"width":227,"height":327,"url":"https:\/\/monkomp.pl\/wp-content\/uploads\/2022\/07\/1-5.jpg","type":"image\/jpeg"}],"twitter_card":"summary_large_image","twitter_misc":{"Estimated reading time":"1 minute"},"schema":{"@context":"https:\/\/schema.org","@graph":[{"@type":"WebPage","@id":"https:\/\/monkomp.pl\/produkt\/dibal-pi-100t-rs-6-15-kg\/","url":"https:\/\/monkomp.pl\/produkt\/dibal-pi-100t-rs-6-15-kg\/","name":"DIBAL PI-100T RS 6\/15 kg - Kasy fiskalne Gda\u0144sk Kasa fiskalna Gdynia Sopot Tr\u00f3jmiasto","isPartOf":{"@id":"https:\/\/monkomp.pl\/#website"},"primaryImageOfPage":{"@id":"https:\/\/monkomp.pl\/produkt\/dibal-pi-100t-rs-6-15-kg\/#primaryimage"},"image":{"@id":"https:\/\/monkomp.pl\/produkt\/dibal-pi-100t-rs-6-15-kg\/#primaryimage"},"thumbnailUrl":"https:\/\/monkomp.pl\/wp-content\/uploads\/2022\/07\/1-5.jpg","datePublished":"2022-07-11T10:03:16+00:00","dateModified":"2022-07-11T13:43:44+00:00","breadcrumb":{"@id":"https:\/\/monkomp.pl\/produkt\/dibal-pi-100t-rs-6-15-kg\/#breadcrumb"},"inLanguage":"en-GB","potentialAction":[{"@type":"ReadAction","target":["https:\/\/monkomp.pl\/produkt\/dibal-pi-100t-rs-6-15-kg\/"]}]},{"@type":"ImageObject","inLanguage":"en-GB","@id":"https:\/\/monkomp.pl\/produkt\/dibal-pi-100t-rs-6-15-kg\/#primaryimage","url":"https:\/\/monkomp.pl\/wp-content\/uploads\/2022\/07\/1-5.jpg","contentUrl":"https:\/\/monkomp.pl\/wp-content\/uploads\/2022\/07\/1-5.jpg","width":227,"height":327,"caption":"DIBAL PI-100T"},{"@type":"BreadcrumbList","@id":"https:\/\/monkomp.pl\/produkt\/dibal-pi-100t-rs-6-15-kg\/#breadcrumb","itemListElement":[{"@type":"ListItem","position":1,"name":"Strona g\u0142\u00f3wna","item":"https:\/\/monkomp.pl\/"},{"@type":"ListItem","position":2,"name":"Sklep","item":"https:\/\/monkomp.pl\/sklep\/"},{"@type":"ListItem","position":3,"name":"DIBAL PI-100T RS 6\/15 kg"}]},{"@type":"WebSite","@id":"https:\/\/monkomp.pl\/#website","url":"https:\/\/monkomp.pl\/","name":"Kasy fiskalne Gda\u0144sk Kasa fiskalna Gdynia Sopot Tr\u00f3jmiasto","description":"Kasy fiskalne kasa fisklana","potentialAction":[{"@type":"SearchAction","target":{"@type":"EntryPoint","urlTemplate":"https:\/\/monkomp.pl\/?s={search_term_string}"},"query-input":{"@type":"PropertyValueSpecification","valueRequired":true,"valueName":"search_term_string"}}],"inLanguage":"en-GB"}]}},"_links":{"self":[{"href":"https:\/\/monkomp.pl\/en\/wp-json\/wp\/v2\/product\/2153","targetHints":{"allow":["GET"]}}],"collection":[{"href":"https:\/\/monkomp.pl\/en\/wp-json\/wp\/v2\/product"}],"about":[{"href":"https:\/\/monkomp.pl\/en\/wp-json\/wp\/v2\/types\/product"}],"replies":[{"embeddable":true,"href":"https:\/\/monkomp.pl\/en\/wp-json\/wp\/v2\/comments?post=2153"}],"wp:featuredmedia":[{"embeddable":true,"href":"https:\/\/monkomp.pl\/en\/wp-json\/wp\/v2\/media\/2151"}],"wp:attachment":[{"href":"https:\/\/monkomp.pl\/en\/wp-json\/wp\/v2\/media?parent=2153"}],"wp:term":[{"taxonomy":"product_brand","embeddable":true,"href":"https:\/\/monkomp.pl\/en\/wp-json\/wp\/v2\/product_brand?post=2153"},{"taxonomy":"product_cat","embeddable":true,"href":"https:\/\/monkomp.pl\/en\/wp-json\/wp\/v2\/product_cat?post=2153"},{"taxonomy":"product_tag","embeddable":true,"href":"https:\/\/monkomp.pl\/en\/wp-json\/wp\/v2\/product_tag?post=2153"}],"curies":[{"name":"wp","href":"https:\/\/api.w.org\/{rel}","templated":true}]}}