{"id":2173,"date":"2022-07-11T12:36:04","date_gmt":"2022-07-11T10:36:04","guid":{"rendered":"https:\/\/monkomp.pl\/?post_type=product&#038;p=2173"},"modified":"2022-07-11T15:42:56","modified_gmt":"2022-07-11T13:42:56","slug":"dibal-ks-400-magellan-9300i-2d","status":"publish","type":"product","link":"https:\/\/monkomp.pl\/en\/product\/dibal-ks-400-magellan-9300i-2d\/","title":{"rendered":"DIBAL KS-400 MAGELLAN 9300I 2D"},"content":{"rendered":"<p>DIBAL KS-400 to waga zabudowana wewn\u0105trz skanera MAGELLAN 9300I 2D co pozwala po\u0142\u0105czy\u0107 w jednej obudowie funkcje wagi i czytnika kodow kreskowych. Poprawia to znacznie komfort i szybko\u015b\u0107 pracy kasjera poniewa\u017c ca\u0142y proces sprzeda\u017cy odbywa si\u0119 w jednym miejscu. Urz\u0105dzenie wyposa\u017cone jest w dwustronny pod\u015bwietlany wy\u015bwietlacz graficzny na s\u0142upku z obrotow\u0105 podstaw\u0105. Wbudowany interfejs RS232 z zaimplementowanym protoko\u0142em komunikacyjnym AP-1 zapewnia wsp\u00f3\u0142prac\u0119 wagi z wi\u0119kszo\u015bci\u0105 kas fiskalnych i POS-\u00f3w dost\u0119pnych na polskim rynku. Czytnik Magellan 9300I stworzony jest z zastosowaniem technologii imagerowej co czyni go idealnym rozwi\u0105zaniem do punkt\u00f3w kasowych o du\u017cym nat\u0119\u017ceniu ruchu. Odczyt nast\u0119puje natychmiastowo, bez op\u00f3\u017anie\u0144 wynikaj\u0105cych z niedok\u0142adnego u\u0142o\u017cenia kodu. Bezproblemowe staje si\u0119 skanowanie kod\u00f3w trudnych, \u017ale wydrukowanych, czy uszkodzonych. Dekodowane s\u0105 wszystkie standardowe kody 1D i wiele kod\u00f3w 2D. Wago-skaner dost\u0119pny jest jedynie z zakresem wa\u017cenia 6\/15 kg.<\/p>\n<p>Zalety u\u017cytkowe wago-skanera:<\/p>\n<ul>\n<li>oszcz\u0119dno\u015b\u0107 miejsca dzi\u0119ki instalacji dw\u00f3ch urz\u0105dze\u0144 w jednej, kompaktowej obudowie montowanej w blacie stanowiska kasowego<\/li>\n<li>stabilny i odporny na drgania oraz przeci\u0105\u017cenia uk\u0142ad pomiarowy<\/li>\n<li>wsp\u00f3\u0142praca ze skanerem bi-optycznymi Magellan 9300I 2D<\/li>\n<li>wygodna i szybka obs\u0142uga<\/li>\n<\/ul>","protected":false},"excerpt":{"rendered":"<p>DIBAL KS-400 to waga zabudowana wewn\u0105trz skanera MAGELLAN 9300I 2D co pozwala po\u0142\u0105czy\u0107 w jednej obudowie funkcje wagi i czytnika kodow kreskowych. Poprawia to znacznie komfort i szybko\u015b\u0107 pracy kasjera poniewa\u017c ca\u0142y proces sprzeda\u017cy odbywa si\u0119 w jednym miejscu. Urz\u0105dzenie wyposa\u017cone jest w dwustronny pod\u015bwietlany wy\u015bwietlacz graficzny na s\u0142upku z obrotow\u0105 podstaw\u0105.<\/p>","protected":false},"featured_media":2174,"comment_status":"closed","ping_status":"closed","template":"","meta":{"_et_pb_use_builder":"","_et_pb_old_content":"","_et_gb_content_width":""},"product_brand":[],"product_cat":[40,46,43],"product_tag":[],"class_list":{"0":"post-2173","1":"product","2":"type-product","3":"status-publish","4":"has-post-thumbnail","6":"product_cat-novitus","7":"product_cat-wagi-do-boksow-kasowych","8":"product_cat-wagi-sklepowe","10":"first","11":"instock","12":"taxable","13":"shipping-taxable","14":"purchasable","15":"product-type-simple"},"yoast_head":"<!-- This site is optimized with the Yoast SEO plugin v26.9 - https:\/\/yoast.com\/product\/yoast-seo-wordpress\/ -->\n<title>DIBAL KS-400 MAGELLAN 9300I 2D - Kasy fiskalne Gda\u0144sk Kasa fiskalna Gdynia Sopot Tr\u00f3jmiasto<\/title>\n<meta name=\"robots\" content=\"index, follow, max-snippet:-1, max-image-preview:large, max-video-preview:-1\" \/>\n<link rel=\"canonical\" href=\"https:\/\/monkomp.pl\/en\/product\/dibal-ks-400-magellan-9300i-2d\/\" \/>\n<meta property=\"og:locale\" content=\"en_GB\" \/>\n<meta property=\"og:type\" content=\"article\" \/>\n<meta property=\"og:title\" content=\"DIBAL KS-400 MAGELLAN 9300I 2D - Kasy fiskalne Gda\u0144sk Kasa fiskalna Gdynia Sopot Tr\u00f3jmiasto\" \/>\n<meta property=\"og:description\" content=\"DIBAL KS-400 to waga zabudowana wewn\u0105trz skanera MAGELLAN 9300I 2D co pozwala po\u0142\u0105czy\u0107 w jednej obudowie funkcje wagi i czytnika kodow kreskowych. Poprawia to znacznie komfort i szybko\u015b\u0107 pracy kasjera poniewa\u017c ca\u0142y proces sprzeda\u017cy odbywa si\u0119 w jednym miejscu. Urz\u0105dzenie wyposa\u017cone jest w dwustronny pod\u015bwietlany wy\u015bwietlacz graficzny na s\u0142upku z obrotow\u0105 podstaw\u0105.\" \/>\n<meta property=\"og:url\" content=\"https:\/\/monkomp.pl\/en\/product\/dibal-ks-400-magellan-9300i-2d\/\" \/>\n<meta property=\"og:site_name\" content=\"Kasy fiskalne Gda\u0144sk Kasa fiskalna Gdynia Sopot Tr\u00f3jmiasto\" \/>\n<meta property=\"article:modified_time\" content=\"2022-07-11T13:42:56+00:00\" \/>\n<meta property=\"og:image\" content=\"https:\/\/monkomp.pl\/wp-content\/uploads\/2022\/07\/1-8.jpg\" \/>\n\t<meta property=\"og:image:width\" content=\"327\" \/>\n\t<meta property=\"og:image:height\" content=\"327\" \/>\n\t<meta property=\"og:image:type\" content=\"image\/jpeg\" \/>\n<meta name=\"twitter:card\" content=\"summary_large_image\" \/>\n<meta name=\"twitter:label1\" content=\"Estimated reading time\" \/>\n\t<meta name=\"twitter:data1\" content=\"2 minutes\" \/>\n<script type=\"application\/ld+json\" class=\"yoast-schema-graph\">{\"@context\":\"https:\/\/schema.org\",\"@graph\":[{\"@type\":\"WebPage\",\"@id\":\"https:\/\/monkomp.pl\/produkt\/dibal-ks-400-magellan-9300i-2d\/\",\"url\":\"https:\/\/monkomp.pl\/produkt\/dibal-ks-400-magellan-9300i-2d\/\",\"name\":\"DIBAL KS-400 MAGELLAN 9300I 2D - Kasy fiskalne Gda\u0144sk Kasa fiskalna Gdynia Sopot Tr\u00f3jmiasto\",\"isPartOf\":{\"@id\":\"https:\/\/monkomp.pl\/#website\"},\"primaryImageOfPage\":{\"@id\":\"https:\/\/monkomp.pl\/produkt\/dibal-ks-400-magellan-9300i-2d\/#primaryimage\"},\"image\":{\"@id\":\"https:\/\/monkomp.pl\/produkt\/dibal-ks-400-magellan-9300i-2d\/#primaryimage\"},\"thumbnailUrl\":\"https:\/\/monkomp.pl\/wp-content\/uploads\/2022\/07\/1-8.jpg\",\"datePublished\":\"2022-07-11T10:36:04+00:00\",\"dateModified\":\"2022-07-11T13:42:56+00:00\",\"breadcrumb\":{\"@id\":\"https:\/\/monkomp.pl\/produkt\/dibal-ks-400-magellan-9300i-2d\/#breadcrumb\"},\"inLanguage\":\"en-GB\",\"potentialAction\":[{\"@type\":\"ReadAction\",\"target\":[\"https:\/\/monkomp.pl\/produkt\/dibal-ks-400-magellan-9300i-2d\/\"]}]},{\"@type\":\"ImageObject\",\"inLanguage\":\"en-GB\",\"@id\":\"https:\/\/monkomp.pl\/produkt\/dibal-ks-400-magellan-9300i-2d\/#primaryimage\",\"url\":\"https:\/\/monkomp.pl\/wp-content\/uploads\/2022\/07\/1-8.jpg\",\"contentUrl\":\"https:\/\/monkomp.pl\/wp-content\/uploads\/2022\/07\/1-8.jpg\",\"width\":327,\"height\":327,\"caption\":\"DIBAL KS-400 MAGELLAN 9300I 2D\"},{\"@type\":\"BreadcrumbList\",\"@id\":\"https:\/\/monkomp.pl\/produkt\/dibal-ks-400-magellan-9300i-2d\/#breadcrumb\",\"itemListElement\":[{\"@type\":\"ListItem\",\"position\":1,\"name\":\"Strona g\u0142\u00f3wna\",\"item\":\"https:\/\/monkomp.pl\/\"},{\"@type\":\"ListItem\",\"position\":2,\"name\":\"Sklep\",\"item\":\"https:\/\/monkomp.pl\/sklep\/\"},{\"@type\":\"ListItem\",\"position\":3,\"name\":\"DIBAL KS-400 MAGELLAN 9300I 2D\"}]},{\"@type\":\"WebSite\",\"@id\":\"https:\/\/monkomp.pl\/#website\",\"url\":\"https:\/\/monkomp.pl\/\",\"name\":\"Kasy fiskalne Gda\u0144sk Kasa fiskalna Gdynia Sopot Tr\u00f3jmiasto\",\"description\":\"Kasy fiskalne kasa fisklana\",\"potentialAction\":[{\"@type\":\"SearchAction\",\"target\":{\"@type\":\"EntryPoint\",\"urlTemplate\":\"https:\/\/monkomp.pl\/?s={search_term_string}\"},\"query-input\":{\"@type\":\"PropertyValueSpecification\",\"valueRequired\":true,\"valueName\":\"search_term_string\"}}],\"inLanguage\":\"en-GB\"}]}<\/script>\n<!-- \/ Yoast SEO plugin. -->","yoast_head_json":{"title":"DIBAL KS-400 MAGELLAN 9300I 2D - Kasy fiskalne Gda\u0144sk Kasa fiskalna Gdynia Sopot Tr\u00f3jmiasto","robots":{"index":"index","follow":"follow","max-snippet":"max-snippet:-1","max-image-preview":"max-image-preview:large","max-video-preview":"max-video-preview:-1"},"canonical":"https:\/\/monkomp.pl\/en\/product\/dibal-ks-400-magellan-9300i-2d\/","og_locale":"en_GB","og_type":"article","og_title":"DIBAL KS-400 MAGELLAN 9300I 2D - Kasy fiskalne Gda\u0144sk Kasa fiskalna Gdynia Sopot Tr\u00f3jmiasto","og_description":"DIBAL KS-400 to waga zabudowana wewn\u0105trz skanera MAGELLAN 9300I 2D co pozwala po\u0142\u0105czy\u0107 w jednej obudowie funkcje wagi i czytnika kodow kreskowych. Poprawia to znacznie komfort i szybko\u015b\u0107 pracy kasjera poniewa\u017c ca\u0142y proces sprzeda\u017cy odbywa si\u0119 w jednym miejscu. Urz\u0105dzenie wyposa\u017cone jest w dwustronny pod\u015bwietlany wy\u015bwietlacz graficzny na s\u0142upku z obrotow\u0105 podstaw\u0105.","og_url":"https:\/\/monkomp.pl\/en\/product\/dibal-ks-400-magellan-9300i-2d\/","og_site_name":"Kasy fiskalne Gda\u0144sk Kasa fiskalna Gdynia Sopot Tr\u00f3jmiasto","article_modified_time":"2022-07-11T13:42:56+00:00","og_image":[{"width":327,"height":327,"url":"https:\/\/monkomp.pl\/wp-content\/uploads\/2022\/07\/1-8.jpg","type":"image\/jpeg"}],"twitter_card":"summary_large_image","twitter_misc":{"Estimated reading time":"2 minutes"},"schema":{"@context":"https:\/\/schema.org","@graph":[{"@type":"WebPage","@id":"https:\/\/monkomp.pl\/produkt\/dibal-ks-400-magellan-9300i-2d\/","url":"https:\/\/monkomp.pl\/produkt\/dibal-ks-400-magellan-9300i-2d\/","name":"DIBAL KS-400 MAGELLAN 9300I 2D - Kasy fiskalne Gda\u0144sk Kasa fiskalna Gdynia Sopot Tr\u00f3jmiasto","isPartOf":{"@id":"https:\/\/monkomp.pl\/#website"},"primaryImageOfPage":{"@id":"https:\/\/monkomp.pl\/produkt\/dibal-ks-400-magellan-9300i-2d\/#primaryimage"},"image":{"@id":"https:\/\/monkomp.pl\/produkt\/dibal-ks-400-magellan-9300i-2d\/#primaryimage"},"thumbnailUrl":"https:\/\/monkomp.pl\/wp-content\/uploads\/2022\/07\/1-8.jpg","datePublished":"2022-07-11T10:36:04+00:00","dateModified":"2022-07-11T13:42:56+00:00","breadcrumb":{"@id":"https:\/\/monkomp.pl\/produkt\/dibal-ks-400-magellan-9300i-2d\/#breadcrumb"},"inLanguage":"en-GB","potentialAction":[{"@type":"ReadAction","target":["https:\/\/monkomp.pl\/produkt\/dibal-ks-400-magellan-9300i-2d\/"]}]},{"@type":"ImageObject","inLanguage":"en-GB","@id":"https:\/\/monkomp.pl\/produkt\/dibal-ks-400-magellan-9300i-2d\/#primaryimage","url":"https:\/\/monkomp.pl\/wp-content\/uploads\/2022\/07\/1-8.jpg","contentUrl":"https:\/\/monkomp.pl\/wp-content\/uploads\/2022\/07\/1-8.jpg","width":327,"height":327,"caption":"DIBAL KS-400 MAGELLAN 9300I 2D"},{"@type":"BreadcrumbList","@id":"https:\/\/monkomp.pl\/produkt\/dibal-ks-400-magellan-9300i-2d\/#breadcrumb","itemListElement":[{"@type":"ListItem","position":1,"name":"Strona g\u0142\u00f3wna","item":"https:\/\/monkomp.pl\/"},{"@type":"ListItem","position":2,"name":"Sklep","item":"https:\/\/monkomp.pl\/sklep\/"},{"@type":"ListItem","position":3,"name":"DIBAL KS-400 MAGELLAN 9300I 2D"}]},{"@type":"WebSite","@id":"https:\/\/monkomp.pl\/#website","url":"https:\/\/monkomp.pl\/","name":"Kasy fiskalne Gda\u0144sk Kasa fiskalna Gdynia Sopot Tr\u00f3jmiasto","description":"Kasy fiskalne kasa fisklana","potentialAction":[{"@type":"SearchAction","target":{"@type":"EntryPoint","urlTemplate":"https:\/\/monkomp.pl\/?s={search_term_string}"},"query-input":{"@type":"PropertyValueSpecification","valueRequired":true,"valueName":"search_term_string"}}],"inLanguage":"en-GB"}]}},"_links":{"self":[{"href":"https:\/\/monkomp.pl\/en\/wp-json\/wp\/v2\/product\/2173","targetHints":{"allow":["GET"]}}],"collection":[{"href":"https:\/\/monkomp.pl\/en\/wp-json\/wp\/v2\/product"}],"about":[{"href":"https:\/\/monkomp.pl\/en\/wp-json\/wp\/v2\/types\/product"}],"replies":[{"embeddable":true,"href":"https:\/\/monkomp.pl\/en\/wp-json\/wp\/v2\/comments?post=2173"}],"wp:featuredmedia":[{"embeddable":true,"href":"https:\/\/monkomp.pl\/en\/wp-json\/wp\/v2\/media\/2174"}],"wp:attachment":[{"href":"https:\/\/monkomp.pl\/en\/wp-json\/wp\/v2\/media?parent=2173"}],"wp:term":[{"taxonomy":"product_brand","embeddable":true,"href":"https:\/\/monkomp.pl\/en\/wp-json\/wp\/v2\/product_brand?post=2173"},{"taxonomy":"product_cat","embeddable":true,"href":"https:\/\/monkomp.pl\/en\/wp-json\/wp\/v2\/product_cat?post=2173"},{"taxonomy":"product_tag","embeddable":true,"href":"https:\/\/monkomp.pl\/en\/wp-json\/wp\/v2\/product_tag?post=2173"}],"curies":[{"name":"wp","href":"https:\/\/api.w.org\/{rel}","templated":true}]}}