{"id":2186,"date":"2022-07-11T12:49:03","date_gmt":"2022-07-11T10:49:03","guid":{"rendered":"https:\/\/monkomp.pl\/?post_type=product&#038;p=2186"},"modified":"2022-07-11T15:42:54","modified_gmt":"2022-07-11T13:42:54","slug":"saturn-2-magellan-3550hs-2d","status":"publish","type":"product","link":"https:\/\/monkomp.pl\/en\/product\/saturn-2-magellan-3550hs-2d\/","title":{"rendered":"SATURN 2 MAGELLAN 3550HS 2D"},"content":{"rendered":"<p>SATURN 2 to waga zintegrowana ze skanerem MAGELLAN 3550HS 2D co pozwala po\u0142\u0105czy\u0107 w jednej obudowie funkcje wagi i czytnika kod\u00f3w kreskowych. Poprawia to znacznie komfort i szybko\u015b\u0107 pracy kasjera poniewa\u017c ca\u0142y proces sprzeda\u017cy odbywa si\u0119 w jednym miejscu. Niewielkie rozmiary i atrakcyjna cena to cechy urz\u0105dzenia tworz\u0105cego idealne wyposa\u017cenie stanowiska sprzeda\u017cy w sklepie dowolnej wielko\u015bci. W zestawie z wag\u0105 znajduje si\u0119 kosz monta\u017cowy zapewniaj\u0105cy uzyskanie dobrego efektu estetycznego. Urz\u0105dzenie jest wyposa\u017cone w wy\u015bwietlacz na s\u0142upku, kt\u00f3rego wysoko\u015b\u0107 mo\u017cna regulowa\u0107. Wbudowany interfejs RS232 z zaimplementowanym protoko\u0142em komunikacyjnym AP-1 zapewnia wsp\u00f3\u0142prac\u0119 wagi z wi\u0119kszo\u015bci\u0105 kas fiskalnych i POS-\u00f3w dost\u0119pnych na polskim rynku. Urz\u0105dzenie dost\u0119pne jest jedynie z zakresem wa\u017cenia 6\/15 kg.<\/p>\n<p>Zalety u\u017cytkowe wago-skanera:<\/p>\n<ul>\n<li>oszcz\u0119dno\u015b\u0107 miejsca dzi\u0119ki instalacji dw\u00f3ch urz\u0105dze\u0144 w jednej, kompaktowej obudowie montowanej w blacie stanowiska kasowego<\/li>\n<li>stabilny i odporny na drgania oraz przeci\u0105\u017cenia uk\u0142ad pomiarowy<\/li>\n<li>odporno\u015b\u0107 na trudne warunki pracy (nierdzewne elementy konstrukcyjne)<\/li>\n<li>mo\u017cliwo\u015b\u0107 wbudowania szerokiej gamy skaner\u00f3w r\u00f3\u017cnych producent\u00f3w<\/li>\n<li>wygodna i szybka obs\u0142uga<\/li>\n<li>szybki odczyt kod\u00f3w 1D i 2D<\/li>\n<li>ulepszone skanowanie z ekran\u00f3w telefonicznych<\/li>\n<li>g\u0142\u0119boka czerwie\u0144 pod\u015bwietlenia dla komfortu kasjera<\/li>\n<li>automatyczna regulacja pod\u015bwietlenia produkt\u00f3w<\/li>\n<li>du\u017ce, intuicyjne i wielokierunkowe pole skanowania<\/li>\n<li>wsparcie\u00a0<i>kod\u00f3w Digimarc\u00ae<\/i>\u00a0podnosz\u0105cych wydajno\u015b\u0107 o 30%<\/li>\n<\/ul>","protected":false},"excerpt":{"rendered":"<p>SATURN 2 to waga zintegrowana ze skanerem MAGELLAN 3550HS 2D co pozwala po\u0142\u0105czy\u0107 w jednej obudowie funkcje wagi i czytnika kod\u00f3w kreskowych. Poprawia to znacznie komfort i szybko\u015b\u0107 pracy kasjera poniewa\u017c ca\u0142y proces sprzeda\u017cy odbywa si\u0119 w jednym miejscu. Niewielkie rozmiary i atrakcyjna cena to cechy urz\u0105dzenia tworz\u0105cego idealne wyposa\u017cenie stanowiska sprzeda\u017cy w sklepie dowolnej wielko\u015bci. W zestawie z wag\u0105 znajduje si\u0119 kosz monta\u017cowy zapewniaj\u0105cy uzyskanie dobrego efektu estetycznego. Urz\u0105dzenie jest wyposa\u017cone w wy\u015bwietlacz na s\u0142upku, kt\u00f3rego wysoko\u015b\u0107 mo\u017cna regulowa\u0107. Wbudowany interfejs RS232 z zaimplementowanym protoko\u0142em komunikacyjnym AP-1 zapewnia wsp\u00f3\u0142prac\u0119 wagi z wi\u0119kszo\u015bci\u0105 kas fiskalnych i POS-\u00f3w dost\u0119pnych na polskim rynku. Urz\u0105dzenie dost\u0119pne jest jedynie z zakresem wa\u017cenia 6\/15 kg.<\/p>","protected":false},"featured_media":2187,"comment_status":"closed","ping_status":"closed","template":"","meta":{"_et_pb_use_builder":"","_et_pb_old_content":"","_et_gb_content_width":""},"product_brand":[],"product_cat":[40,46,43],"product_tag":[],"class_list":{"0":"post-2186","1":"product","2":"type-product","3":"status-publish","4":"has-post-thumbnail","6":"product_cat-novitus","7":"product_cat-wagi-do-boksow-kasowych","8":"product_cat-wagi-sklepowe","10":"first","11":"instock","12":"taxable","13":"shipping-taxable","14":"purchasable","15":"product-type-simple"},"yoast_head":"<!-- This site is optimized with the Yoast SEO plugin v26.9 - https:\/\/yoast.com\/product\/yoast-seo-wordpress\/ -->\n<title>SATURN 2 MAGELLAN 3550HS 2D - Kasy fiskalne Gda\u0144sk Kasa fiskalna Gdynia Sopot Tr\u00f3jmiasto<\/title>\n<meta name=\"robots\" content=\"index, follow, max-snippet:-1, max-image-preview:large, max-video-preview:-1\" \/>\n<link rel=\"canonical\" href=\"https:\/\/monkomp.pl\/en\/product\/saturn-2-magellan-3550hs-2d\/\" \/>\n<meta property=\"og:locale\" content=\"en_GB\" \/>\n<meta property=\"og:type\" content=\"article\" \/>\n<meta property=\"og:title\" content=\"SATURN 2 MAGELLAN 3550HS 2D - Kasy fiskalne Gda\u0144sk Kasa fiskalna Gdynia Sopot Tr\u00f3jmiasto\" \/>\n<meta property=\"og:description\" content=\"SATURN 2 to waga zintegrowana ze skanerem MAGELLAN 3550HS 2D co pozwala po\u0142\u0105czy\u0107 w jednej obudowie funkcje wagi i czytnika kod\u00f3w kreskowych. Poprawia to znacznie komfort i szybko\u015b\u0107 pracy kasjera poniewa\u017c ca\u0142y proces sprzeda\u017cy odbywa si\u0119 w jednym miejscu. Niewielkie rozmiary i atrakcyjna cena to cechy urz\u0105dzenia tworz\u0105cego idealne wyposa\u017cenie stanowiska sprzeda\u017cy w sklepie dowolnej wielko\u015bci. W zestawie z wag\u0105 znajduje si\u0119 kosz monta\u017cowy zapewniaj\u0105cy uzyskanie dobrego efektu estetycznego. Urz\u0105dzenie jest wyposa\u017cone w wy\u015bwietlacz na s\u0142upku, kt\u00f3rego wysoko\u015b\u0107 mo\u017cna regulowa\u0107. Wbudowany interfejs RS232 z zaimplementowanym protoko\u0142em komunikacyjnym AP-1 zapewnia wsp\u00f3\u0142prac\u0119 wagi z wi\u0119kszo\u015bci\u0105 kas fiskalnych i POS-\u00f3w dost\u0119pnych na polskim rynku. Urz\u0105dzenie dost\u0119pne jest jedynie z zakresem wa\u017cenia 6\/15 kg.\" \/>\n<meta property=\"og:url\" content=\"https:\/\/monkomp.pl\/en\/product\/saturn-2-magellan-3550hs-2d\/\" \/>\n<meta property=\"og:site_name\" content=\"Kasy fiskalne Gda\u0144sk Kasa fiskalna Gdynia Sopot Tr\u00f3jmiasto\" \/>\n<meta property=\"article:modified_time\" content=\"2022-07-11T13:42:54+00:00\" \/>\n<meta property=\"og:image\" content=\"https:\/\/monkomp.pl\/wp-content\/uploads\/2022\/07\/1-13.jpg\" \/>\n\t<meta property=\"og:image:width\" content=\"392\" \/>\n\t<meta property=\"og:image:height\" content=\"327\" \/>\n\t<meta property=\"og:image:type\" content=\"image\/jpeg\" \/>\n<meta name=\"twitter:card\" content=\"summary_large_image\" \/>\n<meta name=\"twitter:label1\" content=\"Estimated reading time\" \/>\n\t<meta name=\"twitter:data1\" content=\"2 minutes\" \/>\n<script type=\"application\/ld+json\" class=\"yoast-schema-graph\">{\"@context\":\"https:\/\/schema.org\",\"@graph\":[{\"@type\":\"WebPage\",\"@id\":\"https:\/\/monkomp.pl\/produkt\/saturn-2-magellan-3550hs-2d\/\",\"url\":\"https:\/\/monkomp.pl\/produkt\/saturn-2-magellan-3550hs-2d\/\",\"name\":\"SATURN 2 MAGELLAN 3550HS 2D - Kasy fiskalne Gda\u0144sk Kasa fiskalna Gdynia Sopot Tr\u00f3jmiasto\",\"isPartOf\":{\"@id\":\"https:\/\/monkomp.pl\/#website\"},\"primaryImageOfPage\":{\"@id\":\"https:\/\/monkomp.pl\/produkt\/saturn-2-magellan-3550hs-2d\/#primaryimage\"},\"image\":{\"@id\":\"https:\/\/monkomp.pl\/produkt\/saturn-2-magellan-3550hs-2d\/#primaryimage\"},\"thumbnailUrl\":\"https:\/\/monkomp.pl\/wp-content\/uploads\/2022\/07\/1-13.jpg\",\"datePublished\":\"2022-07-11T10:49:03+00:00\",\"dateModified\":\"2022-07-11T13:42:54+00:00\",\"breadcrumb\":{\"@id\":\"https:\/\/monkomp.pl\/produkt\/saturn-2-magellan-3550hs-2d\/#breadcrumb\"},\"inLanguage\":\"en-GB\",\"potentialAction\":[{\"@type\":\"ReadAction\",\"target\":[\"https:\/\/monkomp.pl\/produkt\/saturn-2-magellan-3550hs-2d\/\"]}]},{\"@type\":\"ImageObject\",\"inLanguage\":\"en-GB\",\"@id\":\"https:\/\/monkomp.pl\/produkt\/saturn-2-magellan-3550hs-2d\/#primaryimage\",\"url\":\"https:\/\/monkomp.pl\/wp-content\/uploads\/2022\/07\/1-13.jpg\",\"contentUrl\":\"https:\/\/monkomp.pl\/wp-content\/uploads\/2022\/07\/1-13.jpg\",\"width\":392,\"height\":327,\"caption\":\"SATURN 2 MAGELLAN 3550HS 2D\"},{\"@type\":\"BreadcrumbList\",\"@id\":\"https:\/\/monkomp.pl\/produkt\/saturn-2-magellan-3550hs-2d\/#breadcrumb\",\"itemListElement\":[{\"@type\":\"ListItem\",\"position\":1,\"name\":\"Strona g\u0142\u00f3wna\",\"item\":\"https:\/\/monkomp.pl\/\"},{\"@type\":\"ListItem\",\"position\":2,\"name\":\"Sklep\",\"item\":\"https:\/\/monkomp.pl\/sklep\/\"},{\"@type\":\"ListItem\",\"position\":3,\"name\":\"SATURN 2 MAGELLAN 3550HS 2D\"}]},{\"@type\":\"WebSite\",\"@id\":\"https:\/\/monkomp.pl\/#website\",\"url\":\"https:\/\/monkomp.pl\/\",\"name\":\"Kasy fiskalne Gda\u0144sk Kasa fiskalna Gdynia Sopot Tr\u00f3jmiasto\",\"description\":\"Kasy fiskalne kasa fisklana\",\"potentialAction\":[{\"@type\":\"SearchAction\",\"target\":{\"@type\":\"EntryPoint\",\"urlTemplate\":\"https:\/\/monkomp.pl\/?s={search_term_string}\"},\"query-input\":{\"@type\":\"PropertyValueSpecification\",\"valueRequired\":true,\"valueName\":\"search_term_string\"}}],\"inLanguage\":\"en-GB\"}]}<\/script>\n<!-- \/ Yoast SEO plugin. -->","yoast_head_json":{"title":"SATURN 2 MAGELLAN 3550HS 2D - Kasy fiskalne Gda\u0144sk Kasa fiskalna Gdynia Sopot Tr\u00f3jmiasto","robots":{"index":"index","follow":"follow","max-snippet":"max-snippet:-1","max-image-preview":"max-image-preview:large","max-video-preview":"max-video-preview:-1"},"canonical":"https:\/\/monkomp.pl\/en\/product\/saturn-2-magellan-3550hs-2d\/","og_locale":"en_GB","og_type":"article","og_title":"SATURN 2 MAGELLAN 3550HS 2D - Kasy fiskalne Gda\u0144sk Kasa fiskalna Gdynia Sopot Tr\u00f3jmiasto","og_description":"SATURN 2 to waga zintegrowana ze skanerem MAGELLAN 3550HS 2D co pozwala po\u0142\u0105czy\u0107 w jednej obudowie funkcje wagi i czytnika kod\u00f3w kreskowych. Poprawia to znacznie komfort i szybko\u015b\u0107 pracy kasjera poniewa\u017c ca\u0142y proces sprzeda\u017cy odbywa si\u0119 w jednym miejscu. Niewielkie rozmiary i atrakcyjna cena to cechy urz\u0105dzenia tworz\u0105cego idealne wyposa\u017cenie stanowiska sprzeda\u017cy w sklepie dowolnej wielko\u015bci. W zestawie z wag\u0105 znajduje si\u0119 kosz monta\u017cowy zapewniaj\u0105cy uzyskanie dobrego efektu estetycznego. Urz\u0105dzenie jest wyposa\u017cone w wy\u015bwietlacz na s\u0142upku, kt\u00f3rego wysoko\u015b\u0107 mo\u017cna regulowa\u0107. Wbudowany interfejs RS232 z zaimplementowanym protoko\u0142em komunikacyjnym AP-1 zapewnia wsp\u00f3\u0142prac\u0119 wagi z wi\u0119kszo\u015bci\u0105 kas fiskalnych i POS-\u00f3w dost\u0119pnych na polskim rynku. Urz\u0105dzenie dost\u0119pne jest jedynie z zakresem wa\u017cenia 6\/15 kg.","og_url":"https:\/\/monkomp.pl\/en\/product\/saturn-2-magellan-3550hs-2d\/","og_site_name":"Kasy fiskalne Gda\u0144sk Kasa fiskalna Gdynia Sopot Tr\u00f3jmiasto","article_modified_time":"2022-07-11T13:42:54+00:00","og_image":[{"width":392,"height":327,"url":"https:\/\/monkomp.pl\/wp-content\/uploads\/2022\/07\/1-13.jpg","type":"image\/jpeg"}],"twitter_card":"summary_large_image","twitter_misc":{"Estimated reading time":"2 minutes"},"schema":{"@context":"https:\/\/schema.org","@graph":[{"@type":"WebPage","@id":"https:\/\/monkomp.pl\/produkt\/saturn-2-magellan-3550hs-2d\/","url":"https:\/\/monkomp.pl\/produkt\/saturn-2-magellan-3550hs-2d\/","name":"SATURN 2 MAGELLAN 3550HS 2D - Kasy fiskalne Gda\u0144sk Kasa fiskalna Gdynia Sopot Tr\u00f3jmiasto","isPartOf":{"@id":"https:\/\/monkomp.pl\/#website"},"primaryImageOfPage":{"@id":"https:\/\/monkomp.pl\/produkt\/saturn-2-magellan-3550hs-2d\/#primaryimage"},"image":{"@id":"https:\/\/monkomp.pl\/produkt\/saturn-2-magellan-3550hs-2d\/#primaryimage"},"thumbnailUrl":"https:\/\/monkomp.pl\/wp-content\/uploads\/2022\/07\/1-13.jpg","datePublished":"2022-07-11T10:49:03+00:00","dateModified":"2022-07-11T13:42:54+00:00","breadcrumb":{"@id":"https:\/\/monkomp.pl\/produkt\/saturn-2-magellan-3550hs-2d\/#breadcrumb"},"inLanguage":"en-GB","potentialAction":[{"@type":"ReadAction","target":["https:\/\/monkomp.pl\/produkt\/saturn-2-magellan-3550hs-2d\/"]}]},{"@type":"ImageObject","inLanguage":"en-GB","@id":"https:\/\/monkomp.pl\/produkt\/saturn-2-magellan-3550hs-2d\/#primaryimage","url":"https:\/\/monkomp.pl\/wp-content\/uploads\/2022\/07\/1-13.jpg","contentUrl":"https:\/\/monkomp.pl\/wp-content\/uploads\/2022\/07\/1-13.jpg","width":392,"height":327,"caption":"SATURN 2 MAGELLAN 3550HS 2D"},{"@type":"BreadcrumbList","@id":"https:\/\/monkomp.pl\/produkt\/saturn-2-magellan-3550hs-2d\/#breadcrumb","itemListElement":[{"@type":"ListItem","position":1,"name":"Strona g\u0142\u00f3wna","item":"https:\/\/monkomp.pl\/"},{"@type":"ListItem","position":2,"name":"Sklep","item":"https:\/\/monkomp.pl\/sklep\/"},{"@type":"ListItem","position":3,"name":"SATURN 2 MAGELLAN 3550HS 2D"}]},{"@type":"WebSite","@id":"https:\/\/monkomp.pl\/#website","url":"https:\/\/monkomp.pl\/","name":"Kasy fiskalne Gda\u0144sk Kasa fiskalna Gdynia Sopot Tr\u00f3jmiasto","description":"Kasy fiskalne kasa fisklana","potentialAction":[{"@type":"SearchAction","target":{"@type":"EntryPoint","urlTemplate":"https:\/\/monkomp.pl\/?s={search_term_string}"},"query-input":{"@type":"PropertyValueSpecification","valueRequired":true,"valueName":"search_term_string"}}],"inLanguage":"en-GB"}]}},"_links":{"self":[{"href":"https:\/\/monkomp.pl\/en\/wp-json\/wp\/v2\/product\/2186","targetHints":{"allow":["GET"]}}],"collection":[{"href":"https:\/\/monkomp.pl\/en\/wp-json\/wp\/v2\/product"}],"about":[{"href":"https:\/\/monkomp.pl\/en\/wp-json\/wp\/v2\/types\/product"}],"replies":[{"embeddable":true,"href":"https:\/\/monkomp.pl\/en\/wp-json\/wp\/v2\/comments?post=2186"}],"wp:featuredmedia":[{"embeddable":true,"href":"https:\/\/monkomp.pl\/en\/wp-json\/wp\/v2\/media\/2187"}],"wp:attachment":[{"href":"https:\/\/monkomp.pl\/en\/wp-json\/wp\/v2\/media?parent=2186"}],"wp:term":[{"taxonomy":"product_brand","embeddable":true,"href":"https:\/\/monkomp.pl\/en\/wp-json\/wp\/v2\/product_brand?post=2186"},{"taxonomy":"product_cat","embeddable":true,"href":"https:\/\/monkomp.pl\/en\/wp-json\/wp\/v2\/product_cat?post=2186"},{"taxonomy":"product_tag","embeddable":true,"href":"https:\/\/monkomp.pl\/en\/wp-json\/wp\/v2\/product_tag?post=2186"}],"curies":[{"name":"wp","href":"https:\/\/api.w.org\/{rel}","templated":true}]}}