{"id":2196,"date":"2022-07-11T13:22:33","date_gmt":"2022-07-11T11:22:33","guid":{"rendered":"https:\/\/monkomp.pl\/?post_type=product&#038;p=2196"},"modified":"2022-07-11T15:42:54","modified_gmt":"2022-07-11T13:42:54","slug":"dibal-w-025t","status":"publish","type":"product","link":"https:\/\/monkomp.pl\/en\/product\/dibal-w-025t\/","title":{"rendered":"DIBAL W-025T"},"content":{"rendered":"<p>DIBAL W-025T to waga etykietuj\u0105ca z serii WIND dedykowana dla \u015bredniej wielko\u015bci obiekt\u00f3w handlowych, w kt\u00f3rych wagi pracuj\u0105 w rozbudowanych sieciach. Nowoczesne wzornictwo, atrakcyjny wygl\u0105d, funkcjonalno\u015b\u0107 oraz prostota programowania i obs\u0142ugi to g\u0142\u00f3wne atuty tej serii urz\u0105dze\u0144. Waga wyposa\u017cona jest w dwa pod\u015bwietlane wy\u015bwietlacze alfanumeryczne umieszczone na wysi\u0119gniku: jeden od strony obs\u0142ugi i drugi od strony klienta. Wyst\u0119puje jedynie w zakresie wa\u017cenia 6\/15 kg.<\/p>\n<p>Zalety u\u017cytkowe wagi:<\/p>\n<ul>\n<li>komunikacja TCP\/IP \/ opcjonalnie komunikacja WI-FI<\/li>\n<li>przyjazna struktura menu<\/li>\n<li>doskona\u0142a konstrukcja drukarki &#8211; niezawodno\u015b\u0107, \u0142atwa konserwacja i zak\u0142adanie papieru<\/li>\n<li>mo\u017cliwo\u015b\u0107 drukowania etykiet o rozmiarach od 3&#215;3 cm do 6&#215;10 cm<\/li>\n<li>wiele mo\u017cliwych tryb\u00f3w pracy &#8211; podstawowy, samoobs\u0142ugowy, automatyczny<\/li>\n<li>mo\u017cliwo\u015b\u0107 pracy z etykietami, paragonami oraz papierem ci\u0105g\u0142ym samoprzylepnym<\/li>\n<li>20 fabrycznych i 20 dowolnie programowalnych format\u00f3w etykiet<\/li>\n<li>nowy, \u0142atwy w obs\u0142udze program DFS pod Windows &#8211; do programowania wagi i format\u00f3w etykiet<\/li>\n<li>wsp\u00f3\u0142praca z najpopularniejszymi na rynku programami sprzeda\u017cy: KC firma, Hipermarket, Small Business, WF-MAG, Sklep, PC-Market, Magnat i innymi<\/li>\n<\/ul>","protected":false},"excerpt":{"rendered":"<p>DIBAL W-025T to waga etykietuj\u0105ca z serii WIND dedykowana dla \u015bredniej wielko\u015bci obiekt\u00f3w handlowych, w kt\u00f3rych wagi pracuj\u0105 w rozbudowanych sieciach. Nowoczesne wzornictwo, atrakcyjny wygl\u0105d, funkcjonalno\u015b\u0107 oraz prostota programowania i obs\u0142ugi to g\u0142\u00f3wne atuty tej serii urz\u0105dze\u0144. Waga wyposa\u017cona jest w dwa pod\u015bwietlane wy\u015bwietlacze alfanumeryczne umieszczone na wysi\u0119gniku: jeden od strony obs\u0142ugi i drugi od strony klienta. Wyst\u0119puje jedynie w zakresie wa\u017cenia 6\/15 kg.<\/p>","protected":false},"featured_media":2197,"comment_status":"closed","ping_status":"closed","template":"","meta":{"_et_pb_use_builder":"","_et_pb_old_content":"","_et_gb_content_width":""},"product_brand":[],"product_cat":[40,47,43],"product_tag":[],"class_list":{"0":"post-2196","1":"product","2":"type-product","3":"status-publish","4":"has-post-thumbnail","6":"product_cat-novitus","7":"product_cat-wagi-etykietujace","8":"product_cat-wagi-sklepowe","10":"first","11":"instock","12":"taxable","13":"shipping-taxable","14":"purchasable","15":"product-type-simple"},"yoast_head":"<!-- This site is optimized with the Yoast SEO plugin v26.9 - https:\/\/yoast.com\/product\/yoast-seo-wordpress\/ -->\n<title>DIBAL W-025T - Kasy fiskalne Gda\u0144sk Kasa fiskalna Gdynia Sopot Tr\u00f3jmiasto<\/title>\n<meta name=\"robots\" content=\"index, follow, max-snippet:-1, max-image-preview:large, max-video-preview:-1\" \/>\n<link rel=\"canonical\" href=\"https:\/\/monkomp.pl\/en\/product\/dibal-w-025t\/\" \/>\n<meta property=\"og:locale\" content=\"en_GB\" \/>\n<meta property=\"og:type\" content=\"article\" \/>\n<meta property=\"og:title\" content=\"DIBAL W-025T - Kasy fiskalne Gda\u0144sk Kasa fiskalna Gdynia Sopot Tr\u00f3jmiasto\" \/>\n<meta property=\"og:description\" content=\"DIBAL W-025T to waga etykietuj\u0105ca z serii WIND dedykowana dla \u015bredniej wielko\u015bci obiekt\u00f3w handlowych, w kt\u00f3rych wagi pracuj\u0105 w rozbudowanych sieciach. Nowoczesne wzornictwo, atrakcyjny wygl\u0105d, funkcjonalno\u015b\u0107 oraz prostota programowania i obs\u0142ugi to g\u0142\u00f3wne atuty tej serii urz\u0105dze\u0144. Waga wyposa\u017cona jest w dwa pod\u015bwietlane wy\u015bwietlacze alfanumeryczne umieszczone na wysi\u0119gniku: jeden od strony obs\u0142ugi i drugi od strony klienta. Wyst\u0119puje jedynie w zakresie wa\u017cenia 6\/15 kg.\" \/>\n<meta property=\"og:url\" content=\"https:\/\/monkomp.pl\/en\/product\/dibal-w-025t\/\" \/>\n<meta property=\"og:site_name\" content=\"Kasy fiskalne Gda\u0144sk Kasa fiskalna Gdynia Sopot Tr\u00f3jmiasto\" \/>\n<meta property=\"article:modified_time\" content=\"2022-07-11T13:42:54+00:00\" \/>\n<meta property=\"og:image\" content=\"https:\/\/monkomp.pl\/wp-content\/uploads\/2022\/07\/1-17.jpg\" \/>\n\t<meta property=\"og:image:width\" content=\"287\" \/>\n\t<meta property=\"og:image:height\" content=\"327\" \/>\n\t<meta property=\"og:image:type\" content=\"image\/jpeg\" \/>\n<meta name=\"twitter:card\" content=\"summary_large_image\" \/>\n<meta name=\"twitter:label1\" content=\"Estimated reading time\" \/>\n\t<meta name=\"twitter:data1\" content=\"1 minute\" \/>\n<script type=\"application\/ld+json\" class=\"yoast-schema-graph\">{\"@context\":\"https:\/\/schema.org\",\"@graph\":[{\"@type\":\"WebPage\",\"@id\":\"https:\/\/monkomp.pl\/produkt\/dibal-w-025t\/\",\"url\":\"https:\/\/monkomp.pl\/produkt\/dibal-w-025t\/\",\"name\":\"DIBAL W-025T - Kasy fiskalne Gda\u0144sk Kasa fiskalna Gdynia Sopot Tr\u00f3jmiasto\",\"isPartOf\":{\"@id\":\"https:\/\/monkomp.pl\/#website\"},\"primaryImageOfPage\":{\"@id\":\"https:\/\/monkomp.pl\/produkt\/dibal-w-025t\/#primaryimage\"},\"image\":{\"@id\":\"https:\/\/monkomp.pl\/produkt\/dibal-w-025t\/#primaryimage\"},\"thumbnailUrl\":\"https:\/\/monkomp.pl\/wp-content\/uploads\/2022\/07\/1-17.jpg\",\"datePublished\":\"2022-07-11T11:22:33+00:00\",\"dateModified\":\"2022-07-11T13:42:54+00:00\",\"breadcrumb\":{\"@id\":\"https:\/\/monkomp.pl\/produkt\/dibal-w-025t\/#breadcrumb\"},\"inLanguage\":\"en-GB\",\"potentialAction\":[{\"@type\":\"ReadAction\",\"target\":[\"https:\/\/monkomp.pl\/produkt\/dibal-w-025t\/\"]}]},{\"@type\":\"ImageObject\",\"inLanguage\":\"en-GB\",\"@id\":\"https:\/\/monkomp.pl\/produkt\/dibal-w-025t\/#primaryimage\",\"url\":\"https:\/\/monkomp.pl\/wp-content\/uploads\/2022\/07\/1-17.jpg\",\"contentUrl\":\"https:\/\/monkomp.pl\/wp-content\/uploads\/2022\/07\/1-17.jpg\",\"width\":287,\"height\":327},{\"@type\":\"BreadcrumbList\",\"@id\":\"https:\/\/monkomp.pl\/produkt\/dibal-w-025t\/#breadcrumb\",\"itemListElement\":[{\"@type\":\"ListItem\",\"position\":1,\"name\":\"Strona g\u0142\u00f3wna\",\"item\":\"https:\/\/monkomp.pl\/\"},{\"@type\":\"ListItem\",\"position\":2,\"name\":\"Sklep\",\"item\":\"https:\/\/monkomp.pl\/sklep\/\"},{\"@type\":\"ListItem\",\"position\":3,\"name\":\"DIBAL W-025T\"}]},{\"@type\":\"WebSite\",\"@id\":\"https:\/\/monkomp.pl\/#website\",\"url\":\"https:\/\/monkomp.pl\/\",\"name\":\"Kasy fiskalne Gda\u0144sk Kasa fiskalna Gdynia Sopot Tr\u00f3jmiasto\",\"description\":\"Kasy fiskalne kasa fisklana\",\"potentialAction\":[{\"@type\":\"SearchAction\",\"target\":{\"@type\":\"EntryPoint\",\"urlTemplate\":\"https:\/\/monkomp.pl\/?s={search_term_string}\"},\"query-input\":{\"@type\":\"PropertyValueSpecification\",\"valueRequired\":true,\"valueName\":\"search_term_string\"}}],\"inLanguage\":\"en-GB\"}]}<\/script>\n<!-- \/ Yoast SEO plugin. -->","yoast_head_json":{"title":"DIBAL W-025T - Kasy fiskalne Gda\u0144sk Kasa fiskalna Gdynia Sopot Tr\u00f3jmiasto","robots":{"index":"index","follow":"follow","max-snippet":"max-snippet:-1","max-image-preview":"max-image-preview:large","max-video-preview":"max-video-preview:-1"},"canonical":"https:\/\/monkomp.pl\/en\/product\/dibal-w-025t\/","og_locale":"en_GB","og_type":"article","og_title":"DIBAL W-025T - Kasy fiskalne Gda\u0144sk Kasa fiskalna Gdynia Sopot Tr\u00f3jmiasto","og_description":"DIBAL W-025T to waga etykietuj\u0105ca z serii WIND dedykowana dla \u015bredniej wielko\u015bci obiekt\u00f3w handlowych, w kt\u00f3rych wagi pracuj\u0105 w rozbudowanych sieciach. Nowoczesne wzornictwo, atrakcyjny wygl\u0105d, funkcjonalno\u015b\u0107 oraz prostota programowania i obs\u0142ugi to g\u0142\u00f3wne atuty tej serii urz\u0105dze\u0144. Waga wyposa\u017cona jest w dwa pod\u015bwietlane wy\u015bwietlacze alfanumeryczne umieszczone na wysi\u0119gniku: jeden od strony obs\u0142ugi i drugi od strony klienta. Wyst\u0119puje jedynie w zakresie wa\u017cenia 6\/15 kg.","og_url":"https:\/\/monkomp.pl\/en\/product\/dibal-w-025t\/","og_site_name":"Kasy fiskalne Gda\u0144sk Kasa fiskalna Gdynia Sopot Tr\u00f3jmiasto","article_modified_time":"2022-07-11T13:42:54+00:00","og_image":[{"width":287,"height":327,"url":"https:\/\/monkomp.pl\/wp-content\/uploads\/2022\/07\/1-17.jpg","type":"image\/jpeg"}],"twitter_card":"summary_large_image","twitter_misc":{"Estimated reading time":"1 minute"},"schema":{"@context":"https:\/\/schema.org","@graph":[{"@type":"WebPage","@id":"https:\/\/monkomp.pl\/produkt\/dibal-w-025t\/","url":"https:\/\/monkomp.pl\/produkt\/dibal-w-025t\/","name":"DIBAL W-025T - Kasy fiskalne Gda\u0144sk Kasa fiskalna Gdynia Sopot Tr\u00f3jmiasto","isPartOf":{"@id":"https:\/\/monkomp.pl\/#website"},"primaryImageOfPage":{"@id":"https:\/\/monkomp.pl\/produkt\/dibal-w-025t\/#primaryimage"},"image":{"@id":"https:\/\/monkomp.pl\/produkt\/dibal-w-025t\/#primaryimage"},"thumbnailUrl":"https:\/\/monkomp.pl\/wp-content\/uploads\/2022\/07\/1-17.jpg","datePublished":"2022-07-11T11:22:33+00:00","dateModified":"2022-07-11T13:42:54+00:00","breadcrumb":{"@id":"https:\/\/monkomp.pl\/produkt\/dibal-w-025t\/#breadcrumb"},"inLanguage":"en-GB","potentialAction":[{"@type":"ReadAction","target":["https:\/\/monkomp.pl\/produkt\/dibal-w-025t\/"]}]},{"@type":"ImageObject","inLanguage":"en-GB","@id":"https:\/\/monkomp.pl\/produkt\/dibal-w-025t\/#primaryimage","url":"https:\/\/monkomp.pl\/wp-content\/uploads\/2022\/07\/1-17.jpg","contentUrl":"https:\/\/monkomp.pl\/wp-content\/uploads\/2022\/07\/1-17.jpg","width":287,"height":327},{"@type":"BreadcrumbList","@id":"https:\/\/monkomp.pl\/produkt\/dibal-w-025t\/#breadcrumb","itemListElement":[{"@type":"ListItem","position":1,"name":"Strona g\u0142\u00f3wna","item":"https:\/\/monkomp.pl\/"},{"@type":"ListItem","position":2,"name":"Sklep","item":"https:\/\/monkomp.pl\/sklep\/"},{"@type":"ListItem","position":3,"name":"DIBAL W-025T"}]},{"@type":"WebSite","@id":"https:\/\/monkomp.pl\/#website","url":"https:\/\/monkomp.pl\/","name":"Kasy fiskalne Gda\u0144sk Kasa fiskalna Gdynia Sopot Tr\u00f3jmiasto","description":"Kasy fiskalne kasa fisklana","potentialAction":[{"@type":"SearchAction","target":{"@type":"EntryPoint","urlTemplate":"https:\/\/monkomp.pl\/?s={search_term_string}"},"query-input":{"@type":"PropertyValueSpecification","valueRequired":true,"valueName":"search_term_string"}}],"inLanguage":"en-GB"}]}},"_links":{"self":[{"href":"https:\/\/monkomp.pl\/en\/wp-json\/wp\/v2\/product\/2196","targetHints":{"allow":["GET"]}}],"collection":[{"href":"https:\/\/monkomp.pl\/en\/wp-json\/wp\/v2\/product"}],"about":[{"href":"https:\/\/monkomp.pl\/en\/wp-json\/wp\/v2\/types\/product"}],"replies":[{"embeddable":true,"href":"https:\/\/monkomp.pl\/en\/wp-json\/wp\/v2\/comments?post=2196"}],"wp:featuredmedia":[{"embeddable":true,"href":"https:\/\/monkomp.pl\/en\/wp-json\/wp\/v2\/media\/2197"}],"wp:attachment":[{"href":"https:\/\/monkomp.pl\/en\/wp-json\/wp\/v2\/media?parent=2196"}],"wp:term":[{"taxonomy":"product_brand","embeddable":true,"href":"https:\/\/monkomp.pl\/en\/wp-json\/wp\/v2\/product_brand?post=2196"},{"taxonomy":"product_cat","embeddable":true,"href":"https:\/\/monkomp.pl\/en\/wp-json\/wp\/v2\/product_cat?post=2196"},{"taxonomy":"product_tag","embeddable":true,"href":"https:\/\/monkomp.pl\/en\/wp-json\/wp\/v2\/product_tag?post=2196"}],"curies":[{"name":"wp","href":"https:\/\/api.w.org\/{rel}","templated":true}]}}