{"id":2205,"date":"2022-07-11T13:43:21","date_gmt":"2022-07-11T11:43:21","guid":{"rendered":"https:\/\/monkomp.pl\/?post_type=product&#038;p=2205"},"modified":"2022-07-11T15:42:52","modified_gmt":"2022-07-11T13:42:52","slug":"zestaw-gastronomiczny-soga-tab-p","status":"publish","type":"product","link":"https:\/\/monkomp.pl\/en\/product\/zestaw-gastronomiczny-soga-tab-p\/","title":{"rendered":"Zestaw gastronomiczny SOGA TAB P"},"content":{"rendered":"<h3>Zestaw gastronomiczny SOGA TAB P<\/h3>\n<p><em>\u201eNie musisz by\u0107 wielkim by zacz\u0105\u0107. Musisz zacz\u0105\u0107 by by\u0107 wielkim.\u201d<\/em><br \/>\nLes Brown<\/p>\n<p>Rozpoczynasz swoj\u0105 przygod\u0119 z gastronomi\u0105? Wydatki pi\u0119trz\u0105 si\u0119 z ka\u017cdej strony. Zastanawiasz si\u0119 jak zmie\u015bci\u0107 wszystko na niewielkiej powierzchni i r\u00f3wnie ograniczonym bud\u017cecie? Rozumiemy to! Dlatego proponujemy proste a zarazem funkcjonalne rozwi\u0105zanie \u2013 SOGA TAB<\/p>\n<h4>W sk\u0142ad zestawu wchodz\u0105 nast\u0119puj\u0105ce produkty:<\/h4>\n<ul>\n<li>Tablet 10&#8243;<\/li>\n<li>stojak N-TAB<\/li>\n<li>system operacyjny Windows10<\/li>\n<li>program gastronomiczny SOGA<\/li>\n<li>aplikacja sieciowa SOGAcloud<\/li>\n<\/ul>","protected":false},"excerpt":{"rendered":"<p>Rozpoczynasz swoj\u0105 przygod\u0119 z gastronomi\u0105? Wydatki pi\u0119trz\u0105 si\u0119 z ka\u017cdej strony. Zastanawiasz si\u0119 jak zmie\u015bci\u0107 wszystko na niewielkiej powierzchni i r\u00f3wnie ograniczonym bud\u017cecie? Rozumiemy to! Dlatego proponujemy proste a zarazem funkcjonalne rozwi\u0105zanie \u2013 SOGA TAB<\/p>","protected":false},"featured_media":2206,"comment_status":"closed","ping_status":"closed","template":"","meta":{"_et_pb_use_builder":"","_et_pb_old_content":"","_et_gb_content_width":""},"product_brand":[],"product_cat":[40,48,49],"product_tag":[],"class_list":{"0":"post-2205","1":"product","2":"type-product","3":"status-publish","4":"has-post-thumbnail","6":"product_cat-novitus","7":"product_cat-pos","8":"product_cat-zestawy-pos-z-programem","10":"first","11":"instock","12":"taxable","13":"shipping-taxable","14":"purchasable","15":"product-type-simple"},"yoast_head":"<!-- This site is optimized with the Yoast SEO plugin v26.9 - https:\/\/yoast.com\/product\/yoast-seo-wordpress\/ -->\n<title>Zestaw gastronomiczny SOGA TAB P - Kasy fiskalne Gda\u0144sk Kasa fiskalna Gdynia Sopot Tr\u00f3jmiasto<\/title>\n<meta name=\"robots\" content=\"index, follow, max-snippet:-1, max-image-preview:large, max-video-preview:-1\" \/>\n<link rel=\"canonical\" href=\"https:\/\/monkomp.pl\/en\/product\/zestaw-gastronomiczny-soga-tab-p\/\" \/>\n<meta property=\"og:locale\" content=\"en_GB\" \/>\n<meta property=\"og:type\" content=\"article\" \/>\n<meta property=\"og:title\" content=\"Zestaw gastronomiczny SOGA TAB P - Kasy fiskalne Gda\u0144sk Kasa fiskalna Gdynia Sopot Tr\u00f3jmiasto\" \/>\n<meta property=\"og:description\" content=\"Rozpoczynasz swoj\u0105 przygod\u0119 z gastronomi\u0105? Wydatki pi\u0119trz\u0105 si\u0119 z ka\u017cdej strony. Zastanawiasz si\u0119 jak zmie\u015bci\u0107 wszystko na niewielkiej powierzchni i r\u00f3wnie ograniczonym bud\u017cecie? Rozumiemy to! Dlatego proponujemy proste a zarazem funkcjonalne rozwi\u0105zanie \u2013 SOGA TAB\" \/>\n<meta property=\"og:url\" content=\"https:\/\/monkomp.pl\/en\/product\/zestaw-gastronomiczny-soga-tab-p\/\" \/>\n<meta property=\"og:site_name\" content=\"Kasy fiskalne Gda\u0144sk Kasa fiskalna Gdynia Sopot Tr\u00f3jmiasto\" \/>\n<meta property=\"article:modified_time\" content=\"2022-07-11T13:42:52+00:00\" \/>\n<meta property=\"og:image\" content=\"https:\/\/monkomp.pl\/wp-content\/uploads\/2022\/07\/1-20.jpg\" \/>\n\t<meta property=\"og:image:width\" content=\"327\" \/>\n\t<meta property=\"og:image:height\" content=\"327\" \/>\n\t<meta property=\"og:image:type\" content=\"image\/jpeg\" \/>\n<meta name=\"twitter:card\" content=\"summary_large_image\" \/>\n<script type=\"application\/ld+json\" class=\"yoast-schema-graph\">{\"@context\":\"https:\/\/schema.org\",\"@graph\":[{\"@type\":\"WebPage\",\"@id\":\"https:\/\/monkomp.pl\/produkt\/zestaw-gastronomiczny-soga-tab-p\/\",\"url\":\"https:\/\/monkomp.pl\/produkt\/zestaw-gastronomiczny-soga-tab-p\/\",\"name\":\"Zestaw gastronomiczny SOGA TAB P - Kasy fiskalne Gda\u0144sk Kasa fiskalna Gdynia Sopot Tr\u00f3jmiasto\",\"isPartOf\":{\"@id\":\"https:\/\/monkomp.pl\/#website\"},\"primaryImageOfPage\":{\"@id\":\"https:\/\/monkomp.pl\/produkt\/zestaw-gastronomiczny-soga-tab-p\/#primaryimage\"},\"image\":{\"@id\":\"https:\/\/monkomp.pl\/produkt\/zestaw-gastronomiczny-soga-tab-p\/#primaryimage\"},\"thumbnailUrl\":\"https:\/\/monkomp.pl\/wp-content\/uploads\/2022\/07\/1-20.jpg\",\"datePublished\":\"2022-07-11T11:43:21+00:00\",\"dateModified\":\"2022-07-11T13:42:52+00:00\",\"breadcrumb\":{\"@id\":\"https:\/\/monkomp.pl\/produkt\/zestaw-gastronomiczny-soga-tab-p\/#breadcrumb\"},\"inLanguage\":\"en-GB\",\"potentialAction\":[{\"@type\":\"ReadAction\",\"target\":[\"https:\/\/monkomp.pl\/produkt\/zestaw-gastronomiczny-soga-tab-p\/\"]}]},{\"@type\":\"ImageObject\",\"inLanguage\":\"en-GB\",\"@id\":\"https:\/\/monkomp.pl\/produkt\/zestaw-gastronomiczny-soga-tab-p\/#primaryimage\",\"url\":\"https:\/\/monkomp.pl\/wp-content\/uploads\/2022\/07\/1-20.jpg\",\"contentUrl\":\"https:\/\/monkomp.pl\/wp-content\/uploads\/2022\/07\/1-20.jpg\",\"width\":327,\"height\":327,\"caption\":\"Zestaw gastronomiczny SOGA TAB P\"},{\"@type\":\"BreadcrumbList\",\"@id\":\"https:\/\/monkomp.pl\/produkt\/zestaw-gastronomiczny-soga-tab-p\/#breadcrumb\",\"itemListElement\":[{\"@type\":\"ListItem\",\"position\":1,\"name\":\"Strona g\u0142\u00f3wna\",\"item\":\"https:\/\/monkomp.pl\/\"},{\"@type\":\"ListItem\",\"position\":2,\"name\":\"Sklep\",\"item\":\"https:\/\/monkomp.pl\/sklep\/\"},{\"@type\":\"ListItem\",\"position\":3,\"name\":\"Zestaw gastronomiczny SOGA TAB P\"}]},{\"@type\":\"WebSite\",\"@id\":\"https:\/\/monkomp.pl\/#website\",\"url\":\"https:\/\/monkomp.pl\/\",\"name\":\"Kasy fiskalne Gda\u0144sk Kasa fiskalna Gdynia Sopot Tr\u00f3jmiasto\",\"description\":\"Kasy fiskalne kasa fisklana\",\"potentialAction\":[{\"@type\":\"SearchAction\",\"target\":{\"@type\":\"EntryPoint\",\"urlTemplate\":\"https:\/\/monkomp.pl\/?s={search_term_string}\"},\"query-input\":{\"@type\":\"PropertyValueSpecification\",\"valueRequired\":true,\"valueName\":\"search_term_string\"}}],\"inLanguage\":\"en-GB\"}]}<\/script>\n<!-- \/ Yoast SEO plugin. -->","yoast_head_json":{"title":"Zestaw gastronomiczny SOGA TAB P - Kasy fiskalne Gda\u0144sk Kasa fiskalna Gdynia Sopot Tr\u00f3jmiasto","robots":{"index":"index","follow":"follow","max-snippet":"max-snippet:-1","max-image-preview":"max-image-preview:large","max-video-preview":"max-video-preview:-1"},"canonical":"https:\/\/monkomp.pl\/en\/product\/zestaw-gastronomiczny-soga-tab-p\/","og_locale":"en_GB","og_type":"article","og_title":"Zestaw gastronomiczny SOGA TAB P - Kasy fiskalne Gda\u0144sk Kasa fiskalna Gdynia Sopot Tr\u00f3jmiasto","og_description":"Rozpoczynasz swoj\u0105 przygod\u0119 z gastronomi\u0105? Wydatki pi\u0119trz\u0105 si\u0119 z ka\u017cdej strony. Zastanawiasz si\u0119 jak zmie\u015bci\u0107 wszystko na niewielkiej powierzchni i r\u00f3wnie ograniczonym bud\u017cecie? Rozumiemy to! Dlatego proponujemy proste a zarazem funkcjonalne rozwi\u0105zanie \u2013 SOGA TAB","og_url":"https:\/\/monkomp.pl\/en\/product\/zestaw-gastronomiczny-soga-tab-p\/","og_site_name":"Kasy fiskalne Gda\u0144sk Kasa fiskalna Gdynia Sopot Tr\u00f3jmiasto","article_modified_time":"2022-07-11T13:42:52+00:00","og_image":[{"width":327,"height":327,"url":"https:\/\/monkomp.pl\/wp-content\/uploads\/2022\/07\/1-20.jpg","type":"image\/jpeg"}],"twitter_card":"summary_large_image","schema":{"@context":"https:\/\/schema.org","@graph":[{"@type":"WebPage","@id":"https:\/\/monkomp.pl\/produkt\/zestaw-gastronomiczny-soga-tab-p\/","url":"https:\/\/monkomp.pl\/produkt\/zestaw-gastronomiczny-soga-tab-p\/","name":"Zestaw gastronomiczny SOGA TAB P - Kasy fiskalne Gda\u0144sk Kasa fiskalna Gdynia Sopot Tr\u00f3jmiasto","isPartOf":{"@id":"https:\/\/monkomp.pl\/#website"},"primaryImageOfPage":{"@id":"https:\/\/monkomp.pl\/produkt\/zestaw-gastronomiczny-soga-tab-p\/#primaryimage"},"image":{"@id":"https:\/\/monkomp.pl\/produkt\/zestaw-gastronomiczny-soga-tab-p\/#primaryimage"},"thumbnailUrl":"https:\/\/monkomp.pl\/wp-content\/uploads\/2022\/07\/1-20.jpg","datePublished":"2022-07-11T11:43:21+00:00","dateModified":"2022-07-11T13:42:52+00:00","breadcrumb":{"@id":"https:\/\/monkomp.pl\/produkt\/zestaw-gastronomiczny-soga-tab-p\/#breadcrumb"},"inLanguage":"en-GB","potentialAction":[{"@type":"ReadAction","target":["https:\/\/monkomp.pl\/produkt\/zestaw-gastronomiczny-soga-tab-p\/"]}]},{"@type":"ImageObject","inLanguage":"en-GB","@id":"https:\/\/monkomp.pl\/produkt\/zestaw-gastronomiczny-soga-tab-p\/#primaryimage","url":"https:\/\/monkomp.pl\/wp-content\/uploads\/2022\/07\/1-20.jpg","contentUrl":"https:\/\/monkomp.pl\/wp-content\/uploads\/2022\/07\/1-20.jpg","width":327,"height":327,"caption":"Zestaw gastronomiczny SOGA TAB P"},{"@type":"BreadcrumbList","@id":"https:\/\/monkomp.pl\/produkt\/zestaw-gastronomiczny-soga-tab-p\/#breadcrumb","itemListElement":[{"@type":"ListItem","position":1,"name":"Strona g\u0142\u00f3wna","item":"https:\/\/monkomp.pl\/"},{"@type":"ListItem","position":2,"name":"Sklep","item":"https:\/\/monkomp.pl\/sklep\/"},{"@type":"ListItem","position":3,"name":"Zestaw gastronomiczny SOGA TAB P"}]},{"@type":"WebSite","@id":"https:\/\/monkomp.pl\/#website","url":"https:\/\/monkomp.pl\/","name":"Kasy fiskalne Gda\u0144sk Kasa fiskalna Gdynia Sopot Tr\u00f3jmiasto","description":"Kasy fiskalne kasa fisklana","potentialAction":[{"@type":"SearchAction","target":{"@type":"EntryPoint","urlTemplate":"https:\/\/monkomp.pl\/?s={search_term_string}"},"query-input":{"@type":"PropertyValueSpecification","valueRequired":true,"valueName":"search_term_string"}}],"inLanguage":"en-GB"}]}},"_links":{"self":[{"href":"https:\/\/monkomp.pl\/en\/wp-json\/wp\/v2\/product\/2205","targetHints":{"allow":["GET"]}}],"collection":[{"href":"https:\/\/monkomp.pl\/en\/wp-json\/wp\/v2\/product"}],"about":[{"href":"https:\/\/monkomp.pl\/en\/wp-json\/wp\/v2\/types\/product"}],"replies":[{"embeddable":true,"href":"https:\/\/monkomp.pl\/en\/wp-json\/wp\/v2\/comments?post=2205"}],"wp:featuredmedia":[{"embeddable":true,"href":"https:\/\/monkomp.pl\/en\/wp-json\/wp\/v2\/media\/2206"}],"wp:attachment":[{"href":"https:\/\/monkomp.pl\/en\/wp-json\/wp\/v2\/media?parent=2205"}],"wp:term":[{"taxonomy":"product_brand","embeddable":true,"href":"https:\/\/monkomp.pl\/en\/wp-json\/wp\/v2\/product_brand?post=2205"},{"taxonomy":"product_cat","embeddable":true,"href":"https:\/\/monkomp.pl\/en\/wp-json\/wp\/v2\/product_cat?post=2205"},{"taxonomy":"product_tag","embeddable":true,"href":"https:\/\/monkomp.pl\/en\/wp-json\/wp\/v2\/product_tag?post=2205"}],"curies":[{"name":"wp","href":"https:\/\/api.w.org\/{rel}","templated":true}]}}