{"id":2213,"date":"2022-07-11T15:15:52","date_gmt":"2022-07-11T13:15:52","guid":{"rendered":"https:\/\/monkomp.pl\/?post_type=product&#038;p=2213"},"modified":"2022-07-11T15:42:51","modified_gmt":"2022-07-11T13:42:51","slug":"zestaw-gastronomiczny-mega","status":"publish","type":"product","link":"https:\/\/monkomp.pl\/en\/product\/zestaw-gastronomiczny-mega\/","title":{"rendered":"Zestaw gastronomiczny MEGA"},"content":{"rendered":"<h3>Zestaw gastronomiczny MEGA<\/h3>\n<p><em>\u201eStatek jest bezpieczny, gdy kotwiczy w porcie, nie po to jednak buduje si\u0119 statki\u201d<\/em><br \/>\nPaulo Coelho<\/p>\n<p>Sukces! Twoja intuicja pozwoli\u0142a Ci trafi\u0107 w gusta klient\u00f3w. Lokal t\u0119tni \u017cyciem. T\u0142umy go\u015bci. Liczna za\u0142oga. Ci\u0119\u017cko nad tym wszystkim zapanowa\u0107 by cieszy\u0107 si\u0119 w pe\u0142ni z owoc\u00f3w swojej pracy i nadal si\u0119 rozwija\u0107. Bez niezawodnego systemu gastronomicznego b\u0119dzie niezwykle trudno. Nie wiesz jednak jakiej funkcjonalno\u015bci mo\u017cesz potrzebowa\u0107. Nie musisz si\u0119 przecie\u017c zna\u0107 na wszystkim. Rozumiemy to doskonale. Dlatego mamy dla Ciebie zestaw gastronomiczny MEGA z SOGA ALL Inclusive zawieraj\u0105cy wszystkie aktualne dost\u0119pne modu\u0142y.<\/p>\n<h4>W sk\u0142ad zestawu wchodz\u0105 nast\u0119puj\u0105ce produkty:<\/h4>\n<ul>\n<li>POS 15&#8243; VELOX<\/li>\n<li>system operacyjny Windows10<\/li>\n<li>program gastronomiczny SOGA POS wraz z wszystkimi aktualnie dost\u0119pnymi modu\u0142ami, tj.:<\/li>\n<li>modu\u0142 obs\u0142ugi zaplecza magazynowego<\/li>\n<li>obs\u0142uga mobilnego bonownika Android (1x)<\/li>\n<li>zam\u00f3wienia internetowe<\/li>\n<li>dostawy telefoniczne<\/li>\n<li>SOGAcloud<\/li>\n<li>monitoring kasowy<\/li>\n<li>modu\u0142 raport\u00f3w w\u0142asnych<\/li>\n<li>system lojalno\u015bciowy<\/li>\n<li>system motywacyjny<\/li>\n<li>eksport danych do programu ksi\u0119gowego<\/li>\n<li>obs\u0142uga drugiej drukarki fiskalnej<\/li>\n<li>obs\u0142uga ekran\u00f3w kuchennych KDS<\/li>\n<li>obs\u0142uga ekranu realizacji zam\u00f3wie\u0144 RDS<\/li>\n<li>rejestracja czasu pracy RCP<\/li>\n<\/ul>","protected":false},"excerpt":{"rendered":"<p>Sukces! Twoja intuicja pozwoli\u0142a Ci trafi\u0107 w gusta klient\u00f3w. Lokal t\u0119tni \u017cyciem. T\u0142umy go\u015bci. Liczna za\u0142oga. Ci\u0119\u017cko nad tym wszystkim zapanowa\u0107 by cieszy\u0107 si\u0119 w pe\u0142ni z owoc\u00f3w swojej pracy i nadal si\u0119 rozwija\u0107. Bez niezawodnego systemu gastronomicznego b\u0119dzie niezwykle trudno. Nie wiesz jednak jakiej funkcjonalno\u015bci mo\u017cesz potrzebowa\u0107. Nie musisz si\u0119 przecie\u017c zna\u0107 na wszystkim. Rozumiemy to doskonale. Dlatego mamy dla Ciebie zestaw gastronomiczny MEGA z SOGA ALL Inclusive zawieraj\u0105cy wszystkie aktualne dost\u0119pne modu\u0142y.<\/p>","protected":false},"featured_media":2210,"comment_status":"closed","ping_status":"closed","template":"","meta":{"_et_pb_use_builder":"","_et_pb_old_content":"","_et_gb_content_width":""},"product_brand":[],"product_cat":[40,48,49],"product_tag":[],"class_list":{"0":"post-2213","1":"product","2":"type-product","3":"status-publish","4":"has-post-thumbnail","6":"product_cat-novitus","7":"product_cat-pos","8":"product_cat-zestawy-pos-z-programem","10":"first","11":"instock","12":"taxable","13":"shipping-taxable","14":"purchasable","15":"product-type-simple"},"yoast_head":"<!-- This site is optimized with the Yoast SEO plugin v26.9 - https:\/\/yoast.com\/product\/yoast-seo-wordpress\/ -->\n<title>Zestaw gastronomiczny MEGA - Kasy fiskalne Gda\u0144sk Kasa fiskalna Gdynia Sopot Tr\u00f3jmiasto<\/title>\n<meta name=\"robots\" content=\"index, follow, max-snippet:-1, max-image-preview:large, max-video-preview:-1\" \/>\n<link rel=\"canonical\" href=\"https:\/\/monkomp.pl\/en\/product\/zestaw-gastronomiczny-mega\/\" \/>\n<meta property=\"og:locale\" content=\"en_GB\" \/>\n<meta property=\"og:type\" content=\"article\" \/>\n<meta property=\"og:title\" content=\"Zestaw gastronomiczny MEGA - Kasy fiskalne Gda\u0144sk Kasa fiskalna Gdynia Sopot Tr\u00f3jmiasto\" \/>\n<meta property=\"og:description\" content=\"Sukces! Twoja intuicja pozwoli\u0142a Ci trafi\u0107 w gusta klient\u00f3w. Lokal t\u0119tni \u017cyciem. T\u0142umy go\u015bci. Liczna za\u0142oga. Ci\u0119\u017cko nad tym wszystkim zapanowa\u0107 by cieszy\u0107 si\u0119 w pe\u0142ni z owoc\u00f3w swojej pracy i nadal si\u0119 rozwija\u0107. Bez niezawodnego systemu gastronomicznego b\u0119dzie niezwykle trudno. Nie wiesz jednak jakiej funkcjonalno\u015bci mo\u017cesz potrzebowa\u0107. Nie musisz si\u0119 przecie\u017c zna\u0107 na wszystkim. Rozumiemy to doskonale. Dlatego mamy dla Ciebie zestaw gastronomiczny MEGA z SOGA ALL Inclusive zawieraj\u0105cy wszystkie aktualne dost\u0119pne modu\u0142y.\" \/>\n<meta property=\"og:url\" content=\"https:\/\/monkomp.pl\/en\/product\/zestaw-gastronomiczny-mega\/\" \/>\n<meta property=\"og:site_name\" content=\"Kasy fiskalne Gda\u0144sk Kasa fiskalna Gdynia Sopot Tr\u00f3jmiasto\" \/>\n<meta property=\"article:modified_time\" content=\"2022-07-11T13:42:51+00:00\" \/>\n<meta property=\"og:image\" content=\"https:\/\/monkomp.pl\/wp-content\/uploads\/2022\/07\/1-13.png\" \/>\n\t<meta property=\"og:image:width\" content=\"327\" \/>\n\t<meta property=\"og:image:height\" content=\"327\" \/>\n\t<meta property=\"og:image:type\" content=\"image\/png\" \/>\n<meta name=\"twitter:card\" content=\"summary_large_image\" \/>\n<meta name=\"twitter:label1\" content=\"Estimated reading time\" \/>\n\t<meta name=\"twitter:data1\" content=\"1 minute\" \/>\n<script type=\"application\/ld+json\" class=\"yoast-schema-graph\">{\"@context\":\"https:\/\/schema.org\",\"@graph\":[{\"@type\":\"WebPage\",\"@id\":\"https:\/\/monkomp.pl\/produkt\/zestaw-gastronomiczny-mega\/\",\"url\":\"https:\/\/monkomp.pl\/produkt\/zestaw-gastronomiczny-mega\/\",\"name\":\"Zestaw gastronomiczny MEGA - Kasy fiskalne Gda\u0144sk Kasa fiskalna Gdynia Sopot Tr\u00f3jmiasto\",\"isPartOf\":{\"@id\":\"https:\/\/monkomp.pl\/#website\"},\"primaryImageOfPage\":{\"@id\":\"https:\/\/monkomp.pl\/produkt\/zestaw-gastronomiczny-mega\/#primaryimage\"},\"image\":{\"@id\":\"https:\/\/monkomp.pl\/produkt\/zestaw-gastronomiczny-mega\/#primaryimage\"},\"thumbnailUrl\":\"https:\/\/monkomp.pl\/wp-content\/uploads\/2022\/07\/1-13.png\",\"datePublished\":\"2022-07-11T13:15:52+00:00\",\"dateModified\":\"2022-07-11T13:42:51+00:00\",\"breadcrumb\":{\"@id\":\"https:\/\/monkomp.pl\/produkt\/zestaw-gastronomiczny-mega\/#breadcrumb\"},\"inLanguage\":\"en-GB\",\"potentialAction\":[{\"@type\":\"ReadAction\",\"target\":[\"https:\/\/monkomp.pl\/produkt\/zestaw-gastronomiczny-mega\/\"]}]},{\"@type\":\"ImageObject\",\"inLanguage\":\"en-GB\",\"@id\":\"https:\/\/monkomp.pl\/produkt\/zestaw-gastronomiczny-mega\/#primaryimage\",\"url\":\"https:\/\/monkomp.pl\/wp-content\/uploads\/2022\/07\/1-13.png\",\"contentUrl\":\"https:\/\/monkomp.pl\/wp-content\/uploads\/2022\/07\/1-13.png\",\"width\":327,\"height\":327,\"caption\":\"Zestaw gastronomiczny\"},{\"@type\":\"BreadcrumbList\",\"@id\":\"https:\/\/monkomp.pl\/produkt\/zestaw-gastronomiczny-mega\/#breadcrumb\",\"itemListElement\":[{\"@type\":\"ListItem\",\"position\":1,\"name\":\"Strona g\u0142\u00f3wna\",\"item\":\"https:\/\/monkomp.pl\/\"},{\"@type\":\"ListItem\",\"position\":2,\"name\":\"Sklep\",\"item\":\"https:\/\/monkomp.pl\/sklep\/\"},{\"@type\":\"ListItem\",\"position\":3,\"name\":\"Zestaw gastronomiczny MEGA\"}]},{\"@type\":\"WebSite\",\"@id\":\"https:\/\/monkomp.pl\/#website\",\"url\":\"https:\/\/monkomp.pl\/\",\"name\":\"Kasy fiskalne Gda\u0144sk Kasa fiskalna Gdynia Sopot Tr\u00f3jmiasto\",\"description\":\"Kasy fiskalne kasa fisklana\",\"potentialAction\":[{\"@type\":\"SearchAction\",\"target\":{\"@type\":\"EntryPoint\",\"urlTemplate\":\"https:\/\/monkomp.pl\/?s={search_term_string}\"},\"query-input\":{\"@type\":\"PropertyValueSpecification\",\"valueRequired\":true,\"valueName\":\"search_term_string\"}}],\"inLanguage\":\"en-GB\"}]}<\/script>\n<!-- \/ Yoast SEO plugin. -->","yoast_head_json":{"title":"Zestaw gastronomiczny MEGA - Kasy fiskalne Gda\u0144sk Kasa fiskalna Gdynia Sopot Tr\u00f3jmiasto","robots":{"index":"index","follow":"follow","max-snippet":"max-snippet:-1","max-image-preview":"max-image-preview:large","max-video-preview":"max-video-preview:-1"},"canonical":"https:\/\/monkomp.pl\/en\/product\/zestaw-gastronomiczny-mega\/","og_locale":"en_GB","og_type":"article","og_title":"Zestaw gastronomiczny MEGA - Kasy fiskalne Gda\u0144sk Kasa fiskalna Gdynia Sopot Tr\u00f3jmiasto","og_description":"Sukces! Twoja intuicja pozwoli\u0142a Ci trafi\u0107 w gusta klient\u00f3w. Lokal t\u0119tni \u017cyciem. T\u0142umy go\u015bci. Liczna za\u0142oga. Ci\u0119\u017cko nad tym wszystkim zapanowa\u0107 by cieszy\u0107 si\u0119 w pe\u0142ni z owoc\u00f3w swojej pracy i nadal si\u0119 rozwija\u0107. Bez niezawodnego systemu gastronomicznego b\u0119dzie niezwykle trudno. Nie wiesz jednak jakiej funkcjonalno\u015bci mo\u017cesz potrzebowa\u0107. Nie musisz si\u0119 przecie\u017c zna\u0107 na wszystkim. Rozumiemy to doskonale. Dlatego mamy dla Ciebie zestaw gastronomiczny MEGA z SOGA ALL Inclusive zawieraj\u0105cy wszystkie aktualne dost\u0119pne modu\u0142y.","og_url":"https:\/\/monkomp.pl\/en\/product\/zestaw-gastronomiczny-mega\/","og_site_name":"Kasy fiskalne Gda\u0144sk Kasa fiskalna Gdynia Sopot Tr\u00f3jmiasto","article_modified_time":"2022-07-11T13:42:51+00:00","og_image":[{"width":327,"height":327,"url":"https:\/\/monkomp.pl\/wp-content\/uploads\/2022\/07\/1-13.png","type":"image\/png"}],"twitter_card":"summary_large_image","twitter_misc":{"Estimated reading time":"1 minute"},"schema":{"@context":"https:\/\/schema.org","@graph":[{"@type":"WebPage","@id":"https:\/\/monkomp.pl\/produkt\/zestaw-gastronomiczny-mega\/","url":"https:\/\/monkomp.pl\/produkt\/zestaw-gastronomiczny-mega\/","name":"Zestaw gastronomiczny MEGA - Kasy fiskalne Gda\u0144sk Kasa fiskalna Gdynia Sopot Tr\u00f3jmiasto","isPartOf":{"@id":"https:\/\/monkomp.pl\/#website"},"primaryImageOfPage":{"@id":"https:\/\/monkomp.pl\/produkt\/zestaw-gastronomiczny-mega\/#primaryimage"},"image":{"@id":"https:\/\/monkomp.pl\/produkt\/zestaw-gastronomiczny-mega\/#primaryimage"},"thumbnailUrl":"https:\/\/monkomp.pl\/wp-content\/uploads\/2022\/07\/1-13.png","datePublished":"2022-07-11T13:15:52+00:00","dateModified":"2022-07-11T13:42:51+00:00","breadcrumb":{"@id":"https:\/\/monkomp.pl\/produkt\/zestaw-gastronomiczny-mega\/#breadcrumb"},"inLanguage":"en-GB","potentialAction":[{"@type":"ReadAction","target":["https:\/\/monkomp.pl\/produkt\/zestaw-gastronomiczny-mega\/"]}]},{"@type":"ImageObject","inLanguage":"en-GB","@id":"https:\/\/monkomp.pl\/produkt\/zestaw-gastronomiczny-mega\/#primaryimage","url":"https:\/\/monkomp.pl\/wp-content\/uploads\/2022\/07\/1-13.png","contentUrl":"https:\/\/monkomp.pl\/wp-content\/uploads\/2022\/07\/1-13.png","width":327,"height":327,"caption":"Zestaw gastronomiczny"},{"@type":"BreadcrumbList","@id":"https:\/\/monkomp.pl\/produkt\/zestaw-gastronomiczny-mega\/#breadcrumb","itemListElement":[{"@type":"ListItem","position":1,"name":"Strona g\u0142\u00f3wna","item":"https:\/\/monkomp.pl\/"},{"@type":"ListItem","position":2,"name":"Sklep","item":"https:\/\/monkomp.pl\/sklep\/"},{"@type":"ListItem","position":3,"name":"Zestaw gastronomiczny MEGA"}]},{"@type":"WebSite","@id":"https:\/\/monkomp.pl\/#website","url":"https:\/\/monkomp.pl\/","name":"Kasy fiskalne Gda\u0144sk Kasa fiskalna Gdynia Sopot Tr\u00f3jmiasto","description":"Kasy fiskalne kasa fisklana","potentialAction":[{"@type":"SearchAction","target":{"@type":"EntryPoint","urlTemplate":"https:\/\/monkomp.pl\/?s={search_term_string}"},"query-input":{"@type":"PropertyValueSpecification","valueRequired":true,"valueName":"search_term_string"}}],"inLanguage":"en-GB"}]}},"_links":{"self":[{"href":"https:\/\/monkomp.pl\/en\/wp-json\/wp\/v2\/product\/2213","targetHints":{"allow":["GET"]}}],"collection":[{"href":"https:\/\/monkomp.pl\/en\/wp-json\/wp\/v2\/product"}],"about":[{"href":"https:\/\/monkomp.pl\/en\/wp-json\/wp\/v2\/types\/product"}],"replies":[{"embeddable":true,"href":"https:\/\/monkomp.pl\/en\/wp-json\/wp\/v2\/comments?post=2213"}],"wp:featuredmedia":[{"embeddable":true,"href":"https:\/\/monkomp.pl\/en\/wp-json\/wp\/v2\/media\/2210"}],"wp:attachment":[{"href":"https:\/\/monkomp.pl\/en\/wp-json\/wp\/v2\/media?parent=2213"}],"wp:term":[{"taxonomy":"product_brand","embeddable":true,"href":"https:\/\/monkomp.pl\/en\/wp-json\/wp\/v2\/product_brand?post=2213"},{"taxonomy":"product_cat","embeddable":true,"href":"https:\/\/monkomp.pl\/en\/wp-json\/wp\/v2\/product_cat?post=2213"},{"taxonomy":"product_tag","embeddable":true,"href":"https:\/\/monkomp.pl\/en\/wp-json\/wp\/v2\/product_tag?post=2213"}],"curies":[{"name":"wp","href":"https:\/\/api.w.org\/{rel}","templated":true}]}}