{"id":2226,"date":"2022-07-11T17:16:13","date_gmt":"2022-07-11T15:16:13","guid":{"rendered":"https:\/\/monkomp.pl\/?post_type=product&#038;p=2226"},"modified":"2022-07-11T17:16:43","modified_gmt":"2022-07-11T15:16:43","slug":"ergo-online","status":"publish","type":"product","link":"https:\/\/monkomp.pl\/en\/product\/ergo-online\/","title":{"rendered":"Ergo Online"},"content":{"rendered":"<p>Jedna z\u00a0najbardziej popularnych kas fiskalnych na rynku. Urz\u0105dzenie, dzi\u0119ki modu\u0142owej konstrukcji, zapewnia u\u017cytkownikowi swobod\u0119 wyboru mi\u0119dzy przewodowym lub bezprzewodowym po\u0142\u0105czeniem z\u00a0Centralnym Repozytorium Kas (CRK).<\/p>\n<h3>PO\u0141\u0104CZ SI\u0118 Z CRK<\/h3>\n<p>Je\u015bli masz komputer po\u0142\u0105czony z Internetem &#8211; pod\u0142\u0105cz kas\u0119 do komputera za pomoc\u0105 z\u0142\u0105cza USB i nie p\u0142a\u0107 dodatkowo za transmisj\u0119 danych. To podstawowa wersja kasy.<\/p>\n<div class=\"product_price_list\">\n<p>W dowolnym momencie mo\u017cesz doposa\u017cy\u0107 Ergo w\u00a0modu\u0142y komunikacyjne. Czy masz w\u00a0swoim sklepie Internet i\u00a0WiFi? Mo\u017cesz go wykorzysta\u0107 do komunikacji z\u00a0CRK (po uprzedniej instalacji modu\u0142u rozszerzenia II w\u00a0kasie). \u015awiadczysz us\u0142ugi lub prowadzisz handel mobilny w\u00a0terenie? Po\u0142\u0105cz si\u0119 z\u00a0CRK za pomoc\u0105 sieci kom\u00f3rkowej. Ten rodzaj po\u0142\u0105czenia mo\u017cesz uzyska\u0107 wybieraj\u0105c kas\u0119 w\u00a0wersji z\u00a0modemem GPRS i\u00a0kart\u0105 SIM lub poprzez instalacj\u0119 modu\u0142 rozszerzenia III, z\u00a0kart\u0105 SIM micro dowolnego operatora.<br \/>\n\u015aci\u0105gnij instrukcj\u0119 dotycz\u0105c\u0105 skonfigurowania po\u0142\u0105czenia z\u00a0CRK w\u00a0kasach Posnet ONLINE (<a href=\"https:\/\/monkomp.pl\/wp-content\/uploads\/2022\/07\/quick-online-kasy-ergo-online-wersja-1.0.pdf\" target=\"_blank\" rel=\"noopener\">instrukcja Quick OnLine &#8211; PDF<\/a>).<\/p>\n<h3>SUMA WSZYSTKICH ZALET<\/h3>\n<p>Kasa ERGO\u00a0ONLINE \u0142\u0105czy w\u00a0sobie zalety wszystkich naszych kas. Mo\u017ce dzia\u0142a\u0107 samodzielnie, jak r\u00f3wnie\u017c stanowi\u0107 element systemu kasowego. Do kasy pod\u0142\u0105czysz wag\u0119, skaner kod\u00f3w kreskowych, terminal p\u0142atniczy itp. Konstrukcja kasy, podobnie jak innych urz\u0105dze\u0144 POSNET, jest w\u00a0stanie wytrzyma\u0107 upadki, wstrz\u0105sy czy zachlapanie.<\/p>\n<h3>ZINTEGRUJ SI\u0118 Z\u00a0WAG\u0104<\/h3>\n<p>Poszerz mo\u017cliwo\u015bci swojej kasy ERGO ONLINE, wykorzystuj\u0105c j\u0105 jako nowoczesn\u0105 i rozbudowan\u0105 kasowag\u0119. Jako pierwsi wprowadzili\u015bmy standard po\u0142\u0105czenia kasy z szalk\u0105 wa\u017c\u0105c\u0105 DS1. Takie rozwi\u0105zanie umo\u017cliwia obs\u0142ug\u0119 wagi bezpo\u015brednio z klawiatury kasy. Postaw na innowacyjno\u015b\u0107 &#8211; oszcz\u0119dno\u015b\u0107 czasu, miejsca i energii!<\/p>\n<h3>WRZU\u0106 I\u00a0DRUKUJ<\/h3>\n<p>Wymiana papieru zajmuje kilka sekund. Polega na wykonaniu trzech, prostych ruch\u00f3w: otwierasz &#8211; wrzucasz papier &#8211; zamykasz. I\u00a0mo\u017cesz pracowa\u0107 dalej.<\/p>\n<h3>ZWI\u0118KSZ BAZ\u0118 PLU<\/h3>\n<p>Bez wzgl\u0119du na to, jak\u0105 dzia\u0142alno\u015b\u0107 prowadzisz, mo\u017cesz dostosowa\u0107 pojemno\u015b\u0107 bazy PLU do ilo\u015bci towar\u00f3w b\u0105d\u017a us\u0142ug, kt\u00f3re sprzedajesz. W\u00a0zale\u017cno\u015bci od potrzeb na Twoim ERGO\u00a0ONLINE mo\u017cesz zdefiniowa\u0107 4000, 6000 lub 8000 nazw towar\u00f3w lub us\u0142ug.<\/p>\n<h3>GRAFICZNE WY\u015aWIETLACZE<\/h3>\n<p>ERGO\u00a0ONLINE posiada dwa graficzne wy\u015bwietlacze, dzi\u0119ki czemu zoptymalizowali\u015bmy czytelno\u015b\u0107 prezentowanych informacji. Dodatkowo wydzielili\u015bmy pole przeznaczone na wy\u015bwietlanie wskaza\u0144 z\u00a0wagi. Zar\u00f3wno klient, jak i\u00a0sprzedaj\u0105cy na bie\u017c\u0105co otrzymuj\u0105 pe\u0142n\u0105 informacj\u0119 o\u00a0zakupach.<\/p>\n<h3>ERGO ONLINE Z\u00a0MODEMEM GPRS Z\u00a0KART\u0104 SIM<\/h3>\n<p>Wersje urz\u0105dzenia z modemem GPRS wyposa\u017cone s\u0105 w kart\u0119 SIM z uruchomion\u0105 us\u0142ug\u0105 przesy\u0142u danych, na okres 36 miesi\u0119cy. Uruchomienie karty\/us\u0142ugi nie wymaga dodatkowych formalno\u015bci, ani czynno\u015bci, nast\u0119puje automatycznie, tu\u017c po inicjalizacji przesy\u0142u danych.<\/p>\n<h3>SPRAWDZA SI\u0118 NA MIEJSCU I\u00a0W\u00a0TERENIE<\/h3>\n<p>Niezale\u017cnie od tego czy posiadasz punkt handlowy, czy \u015bwiadczysz us\u0142ugi, pracujesz stacjonarnie, a\u00a0mo\u017ce w\u00a0terenie? Kasa ERGO\u00a0ONLINE doskonale sprawdzi si\u0119 w\u00a0ka\u017cdej sytuacji.<\/p>\n<p>ERGO\u00a0ONLINE mo\u017cesz tak\u017ce wykorzysta\u0107 \u015bwiadcz\u0105c us\u0142ugi u\u00a0klienta (np. mobilne kosmetyczki), na festynie lub jarmarku, je\u015bli wystawisz tam swoje stoisko. A\u00a0kiedy zamienisz ma\u0142y sklep w\u00a0du\u017cy salon, wystarczy, \u017ce dodasz odpowiednie modu\u0142y, poszerzysz baz\u0119 PLU i\u00a0Posnet ERGO\u00a0ONLINE nadal b\u0119dzie Ci s\u0142u\u017cy\u0107.<\/p>\n<p>Szczeg\u00f3lnie polecamy kas\u0119 do: sklep\u00f3w internetowych, piekarni, cukierni, salon\u00f3w fryzjerskich i\u00a0kosmetycznych, wysp marketowych i\u00a0ma\u0142ych punkt\u00f3w gastronomicznych (fast-foody, food-trucki).<\/p>\n<p><em>Kasa fiskalna typu ERGO ONLINE Z MODEMEM GPRS, z kart\u0105 SIM (dalej: Urz\u0105dzenie) umo\u017cliwia po\u0142\u0105czenie i przesy\u0142anie danych mi\u0119dzy ni\u0105 a Centralnym Repozytorium Kas, (ii) pod warunkiem u\u017cywania Urz\u0105dzenia w zasi\u0119gu sieci telekomunikacyjnej sp\u00f3\u0142ki POLKOMTEL Sp. z o.o., dzi\u0119ki skonfigurowanej z Urz\u0105dzeniem karcie SIM, w okresie 36 miesi\u0119cy od dnia sprzeda\u017cy Urz\u0105dzenia przez MONKOMP SP. Z O.O., dzi\u0119ki skonfigurowanej z Urz\u0105dzeniem karcie SIM, zapewniona jest tak\u017ce transmisja danych, (iii) w przypadku wskazanym w pkt. (ii) powy\u017cej po up\u0142ywie 36 miesi\u0119cy od dnia sprzeda\u017cy Urz\u0105dzenia przez MONKOMP SP. Z O.O., a tak\u017ce w przypadku, gdy Urz\u0105dzenie u\u017cywane jest poza zasi\u0119giem sieci telekomunikacyjnej sp\u00f3\u0142ki POLKOMTEL Sp. z o.o. transmisja danych mi\u0119dzy Urz\u0105dzeniem a Centralnym Repozytorium Kas wymaga uzyskania przez u\u017cytkownika Urz\u0105dzenia we w\u0142asnym zakresie i na w\u0142asny koszt dost\u0119pu do sieci telekomunikacyjnej, (iv) w przypadku, gdy taki dost\u0119p do sieci ma by\u0107 zapewniony w inny spos\u00f3b ni\u017c przez przewodowe po\u0142\u0105czenie Urz\u0105dzenia z komputerem przez z\u0142\u0105cze USB, MONKOMP SP. Z O.O. rekomenduje skontaktowanie si\u0119 przez u\u017cytkownika Urz\u0105dzenia z serwisem Urz\u0105dzenia w celu skonfigurowania \u0142\u0105cza z Urz\u0105dzeniem.&#8221;<\/em><\/p>\n<\/div>\n<div class=\"product_price_desc\"><em>Podane ceny s\u0105 cenami detalicznymi netto.<\/em><\/div>","protected":false},"excerpt":{"rendered":"<p>Jedna z\u00a0najbardziej popularnych kas fiskalnych na rynku. Urz\u0105dzenie, dzi\u0119ki modu\u0142owej konstrukcji, zapewnia u\u017cytkownikowi swobod\u0119 wyboru mi\u0119dzy przewodowym lub bezprzewodowym po\u0142\u0105czeniem z\u00a0Centralnym Repozytorium Kas (CRK).<\/p>","protected":false},"featured_media":2227,"comment_status":"closed","ping_status":"closed","template":"","meta":{"_et_pb_use_builder":"","_et_pb_old_content":"","_et_gb_content_width":""},"product_brand":[],"product_cat":[42,50,38],"product_tag":[],"class_list":{"0":"post-2226","1":"product","2":"type-product","3":"status-publish","4":"has-post-thumbnail","6":"product_cat-kasy-fiskalne-online","7":"product_cat-posnet","8":"product_cat-urzadzenia-fiskalne","10":"first","11":"instock","12":"taxable","13":"shipping-taxable","14":"purchasable","15":"product-type-simple"},"yoast_head":"<!-- This site is optimized with the Yoast SEO plugin v26.9 - https:\/\/yoast.com\/product\/yoast-seo-wordpress\/ -->\n<title>Ergo Online - Kasy fiskalne Gda\u0144sk Kasa fiskalna Gdynia Sopot Tr\u00f3jmiasto<\/title>\n<meta name=\"robots\" content=\"index, follow, max-snippet:-1, max-image-preview:large, max-video-preview:-1\" \/>\n<link rel=\"canonical\" href=\"https:\/\/monkomp.pl\/en\/product\/ergo-online\/\" \/>\n<meta property=\"og:locale\" content=\"en_GB\" \/>\n<meta property=\"og:type\" content=\"article\" \/>\n<meta property=\"og:title\" content=\"Ergo Online - Kasy fiskalne Gda\u0144sk Kasa fiskalna Gdynia Sopot Tr\u00f3jmiasto\" \/>\n<meta property=\"og:description\" content=\"Jedna z\u00a0najbardziej popularnych kas fiskalnych na rynku. Urz\u0105dzenie, dzi\u0119ki modu\u0142owej konstrukcji, zapewnia u\u017cytkownikowi swobod\u0119 wyboru mi\u0119dzy przewodowym lub bezprzewodowym po\u0142\u0105czeniem z\u00a0Centralnym Repozytorium Kas (CRK).\" \/>\n<meta property=\"og:url\" content=\"https:\/\/monkomp.pl\/en\/product\/ergo-online\/\" \/>\n<meta property=\"og:site_name\" content=\"Kasy fiskalne Gda\u0144sk Kasa fiskalna Gdynia Sopot Tr\u00f3jmiasto\" \/>\n<meta property=\"article:modified_time\" content=\"2022-07-11T15:16:43+00:00\" \/>\n<meta property=\"og:image\" content=\"https:\/\/monkomp.pl\/wp-content\/uploads\/2022\/07\/1-22.jpg\" \/>\n\t<meta property=\"og:image:width\" content=\"500\" \/>\n\t<meta property=\"og:image:height\" content=\"300\" \/>\n\t<meta property=\"og:image:type\" content=\"image\/jpeg\" \/>\n<meta name=\"twitter:card\" content=\"summary_large_image\" \/>\n<meta name=\"twitter:label1\" content=\"Estimated reading time\" \/>\n\t<meta name=\"twitter:data1\" content=\"4 minutes\" \/>\n<script type=\"application\/ld+json\" class=\"yoast-schema-graph\">{\"@context\":\"https:\/\/schema.org\",\"@graph\":[{\"@type\":\"WebPage\",\"@id\":\"https:\/\/monkomp.pl\/produkt\/ergo-online\/\",\"url\":\"https:\/\/monkomp.pl\/produkt\/ergo-online\/\",\"name\":\"Ergo Online - Kasy fiskalne Gda\u0144sk Kasa fiskalna Gdynia Sopot Tr\u00f3jmiasto\",\"isPartOf\":{\"@id\":\"https:\/\/monkomp.pl\/#website\"},\"primaryImageOfPage\":{\"@id\":\"https:\/\/monkomp.pl\/produkt\/ergo-online\/#primaryimage\"},\"image\":{\"@id\":\"https:\/\/monkomp.pl\/produkt\/ergo-online\/#primaryimage\"},\"thumbnailUrl\":\"https:\/\/monkomp.pl\/wp-content\/uploads\/2022\/07\/1-22.jpg\",\"datePublished\":\"2022-07-11T15:16:13+00:00\",\"dateModified\":\"2022-07-11T15:16:43+00:00\",\"breadcrumb\":{\"@id\":\"https:\/\/monkomp.pl\/produkt\/ergo-online\/#breadcrumb\"},\"inLanguage\":\"en-GB\",\"potentialAction\":[{\"@type\":\"ReadAction\",\"target\":[\"https:\/\/monkomp.pl\/produkt\/ergo-online\/\"]}]},{\"@type\":\"ImageObject\",\"inLanguage\":\"en-GB\",\"@id\":\"https:\/\/monkomp.pl\/produkt\/ergo-online\/#primaryimage\",\"url\":\"https:\/\/monkomp.pl\/wp-content\/uploads\/2022\/07\/1-22.jpg\",\"contentUrl\":\"https:\/\/monkomp.pl\/wp-content\/uploads\/2022\/07\/1-22.jpg\",\"width\":500,\"height\":300,\"caption\":\"Ergo Online\"},{\"@type\":\"BreadcrumbList\",\"@id\":\"https:\/\/monkomp.pl\/produkt\/ergo-online\/#breadcrumb\",\"itemListElement\":[{\"@type\":\"ListItem\",\"position\":1,\"name\":\"Strona g\u0142\u00f3wna\",\"item\":\"https:\/\/monkomp.pl\/\"},{\"@type\":\"ListItem\",\"position\":2,\"name\":\"Sklep\",\"item\":\"https:\/\/monkomp.pl\/sklep\/\"},{\"@type\":\"ListItem\",\"position\":3,\"name\":\"Ergo Online\"}]},{\"@type\":\"WebSite\",\"@id\":\"https:\/\/monkomp.pl\/#website\",\"url\":\"https:\/\/monkomp.pl\/\",\"name\":\"Kasy fiskalne Gda\u0144sk Kasa fiskalna Gdynia Sopot Tr\u00f3jmiasto\",\"description\":\"Kasy fiskalne kasa fisklana\",\"potentialAction\":[{\"@type\":\"SearchAction\",\"target\":{\"@type\":\"EntryPoint\",\"urlTemplate\":\"https:\/\/monkomp.pl\/?s={search_term_string}\"},\"query-input\":{\"@type\":\"PropertyValueSpecification\",\"valueRequired\":true,\"valueName\":\"search_term_string\"}}],\"inLanguage\":\"en-GB\"}]}<\/script>\n<!-- \/ Yoast SEO plugin. -->","yoast_head_json":{"title":"Ergo Online - Kasy fiskalne Gda\u0144sk Kasa fiskalna Gdynia Sopot Tr\u00f3jmiasto","robots":{"index":"index","follow":"follow","max-snippet":"max-snippet:-1","max-image-preview":"max-image-preview:large","max-video-preview":"max-video-preview:-1"},"canonical":"https:\/\/monkomp.pl\/en\/product\/ergo-online\/","og_locale":"en_GB","og_type":"article","og_title":"Ergo Online - Kasy fiskalne Gda\u0144sk Kasa fiskalna Gdynia Sopot Tr\u00f3jmiasto","og_description":"Jedna z\u00a0najbardziej popularnych kas fiskalnych na rynku. Urz\u0105dzenie, dzi\u0119ki modu\u0142owej konstrukcji, zapewnia u\u017cytkownikowi swobod\u0119 wyboru mi\u0119dzy przewodowym lub bezprzewodowym po\u0142\u0105czeniem z\u00a0Centralnym Repozytorium Kas (CRK).","og_url":"https:\/\/monkomp.pl\/en\/product\/ergo-online\/","og_site_name":"Kasy fiskalne Gda\u0144sk Kasa fiskalna Gdynia Sopot Tr\u00f3jmiasto","article_modified_time":"2022-07-11T15:16:43+00:00","og_image":[{"width":500,"height":300,"url":"https:\/\/monkomp.pl\/wp-content\/uploads\/2022\/07\/1-22.jpg","type":"image\/jpeg"}],"twitter_card":"summary_large_image","twitter_misc":{"Estimated reading time":"4 minutes"},"schema":{"@context":"https:\/\/schema.org","@graph":[{"@type":"WebPage","@id":"https:\/\/monkomp.pl\/produkt\/ergo-online\/","url":"https:\/\/monkomp.pl\/produkt\/ergo-online\/","name":"Ergo Online - Kasy fiskalne Gda\u0144sk Kasa fiskalna Gdynia Sopot Tr\u00f3jmiasto","isPartOf":{"@id":"https:\/\/monkomp.pl\/#website"},"primaryImageOfPage":{"@id":"https:\/\/monkomp.pl\/produkt\/ergo-online\/#primaryimage"},"image":{"@id":"https:\/\/monkomp.pl\/produkt\/ergo-online\/#primaryimage"},"thumbnailUrl":"https:\/\/monkomp.pl\/wp-content\/uploads\/2022\/07\/1-22.jpg","datePublished":"2022-07-11T15:16:13+00:00","dateModified":"2022-07-11T15:16:43+00:00","breadcrumb":{"@id":"https:\/\/monkomp.pl\/produkt\/ergo-online\/#breadcrumb"},"inLanguage":"en-GB","potentialAction":[{"@type":"ReadAction","target":["https:\/\/monkomp.pl\/produkt\/ergo-online\/"]}]},{"@type":"ImageObject","inLanguage":"en-GB","@id":"https:\/\/monkomp.pl\/produkt\/ergo-online\/#primaryimage","url":"https:\/\/monkomp.pl\/wp-content\/uploads\/2022\/07\/1-22.jpg","contentUrl":"https:\/\/monkomp.pl\/wp-content\/uploads\/2022\/07\/1-22.jpg","width":500,"height":300,"caption":"Ergo Online"},{"@type":"BreadcrumbList","@id":"https:\/\/monkomp.pl\/produkt\/ergo-online\/#breadcrumb","itemListElement":[{"@type":"ListItem","position":1,"name":"Strona g\u0142\u00f3wna","item":"https:\/\/monkomp.pl\/"},{"@type":"ListItem","position":2,"name":"Sklep","item":"https:\/\/monkomp.pl\/sklep\/"},{"@type":"ListItem","position":3,"name":"Ergo Online"}]},{"@type":"WebSite","@id":"https:\/\/monkomp.pl\/#website","url":"https:\/\/monkomp.pl\/","name":"Kasy fiskalne Gda\u0144sk Kasa fiskalna Gdynia Sopot Tr\u00f3jmiasto","description":"Kasy fiskalne kasa fisklana","potentialAction":[{"@type":"SearchAction","target":{"@type":"EntryPoint","urlTemplate":"https:\/\/monkomp.pl\/?s={search_term_string}"},"query-input":{"@type":"PropertyValueSpecification","valueRequired":true,"valueName":"search_term_string"}}],"inLanguage":"en-GB"}]}},"_links":{"self":[{"href":"https:\/\/monkomp.pl\/en\/wp-json\/wp\/v2\/product\/2226","targetHints":{"allow":["GET"]}}],"collection":[{"href":"https:\/\/monkomp.pl\/en\/wp-json\/wp\/v2\/product"}],"about":[{"href":"https:\/\/monkomp.pl\/en\/wp-json\/wp\/v2\/types\/product"}],"replies":[{"embeddable":true,"href":"https:\/\/monkomp.pl\/en\/wp-json\/wp\/v2\/comments?post=2226"}],"wp:featuredmedia":[{"embeddable":true,"href":"https:\/\/monkomp.pl\/en\/wp-json\/wp\/v2\/media\/2227"}],"wp:attachment":[{"href":"https:\/\/monkomp.pl\/en\/wp-json\/wp\/v2\/media?parent=2226"}],"wp:term":[{"taxonomy":"product_brand","embeddable":true,"href":"https:\/\/monkomp.pl\/en\/wp-json\/wp\/v2\/product_brand?post=2226"},{"taxonomy":"product_cat","embeddable":true,"href":"https:\/\/monkomp.pl\/en\/wp-json\/wp\/v2\/product_cat?post=2226"},{"taxonomy":"product_tag","embeddable":true,"href":"https:\/\/monkomp.pl\/en\/wp-json\/wp\/v2\/product_tag?post=2226"}],"curies":[{"name":"wp","href":"https:\/\/api.w.org\/{rel}","templated":true}]}}