{"id":2238,"date":"2022-07-11T22:35:00","date_gmt":"2022-07-11T20:35:00","guid":{"rendered":"https:\/\/monkomp.pl\/?post_type=product&#038;p=2238"},"modified":"2022-07-11T22:35:22","modified_gmt":"2022-07-11T20:35:22","slug":"noe-online","status":"publish","type":"product","link":"https:\/\/monkomp.pl\/en\/product\/noe-online\/","title":{"rendered":"Noe Online"},"content":{"rendered":"<h3>PO\u0141\u0104CZ SI\u0118 Z\u00a0CRK<\/h3>\n<p>Urz\u0105dzenie mo\u017cna pod\u0142\u0105czy\u0107 do CRK a\u017c 4 na r\u00f3\u017cne sposoby &#8211; wybierz taki, kt\u00f3rego potrzebujesz. W\u00a0standardzie dost\u0119pne s\u0105: LAN\/Ethernet oraz USB. Je\u015bli posiadasz komputer z\u00a0dost\u0119pem do internetu, mo\u017cesz pod\u0142\u0105czy\u0107 do niego kas\u0119 wykorzystuj\u0105c te z\u0142\u0105cza.<\/p>\n<p>Potrzebujesz komunikacji bezprzewodowej? Zam\u00f3w NEO Online w\u00a0wersji z\u00a0WiFi.<\/p>\n<p>Czwarty spos\u00f3b po\u0142\u0105czenia z\u00a0CRK (dla tych, kt\u00f3rzy na sta\u0142e nie posiadaj\u0105 dost\u0119pu do internetu) jest mo\u017cliwy za pomoc\u0105 sieci kom\u00f3rkowej. Ten rodzaj po\u0142\u0105czenia mo\u017cesz uzyska\u0107 wybieraj\u0105c dodatkowe akcesorium &#8211; modem BOX 3G, dedykowany do tego modelu. Modem instalowany jest we wn\u0119ce kasy i\u00a0b\u0119dzie dzia\u0142a\u0142 po zainstalowaniu karty SIM micro dowolnego operatora. \u015aci\u0105gnij instrukcj\u0119 dotycz\u0105c\u0105 skonfigurowania po\u0142\u0105czenia z\u00a0CRK w\u00a0kasach Posnet (<a href=\"https:\/\/monkomp.pl\/wp-content\/uploads\/2022\/07\/quick-online-kasy-wersja-1.0.pdf\" target=\"_blank\" rel=\"noopener\">Quick OnLine &#8211; instrukcja<\/a>).<\/p>\n<h3>WA\u017bY I\u00a0MONITORUJE<\/h3>\n<p>Wzbogacili\u015bmy funkcjonalno\u015b\u0107 kasy NEO ONLINE, dodaj\u0105c mo\u017cliwo\u015b\u0107 zintegrowania jej z\u00a0szalk\u0105 wa\u017c\u0105c\u0105, wsp\u00f3\u0142prac\u0119 z\u00a0terminalem p\u0142atniczym i\u00a0jednoczesne korzystanie z\u00a0r\u00f3\u017cnych interfejs\u00f3w. Kasa posiada automatyczn\u0105 obs\u0142ug\u0119 skanera kod\u00f3w kreskowych, co pozwala na natychmiastow\u0105 sprzeda\u017c z\u00a0jego u\u017cyciem, bezpo\u015brednio po pod\u0142\u0105czeniu.<br \/>\nCo wi\u0119cej, kasa mo\u017ce tak\u017ce s\u0142u\u017cy\u0107 do wideomonitorowania plac\u00f3wki handlowej.<\/p>\n<h3>TWOJA GRAFIKA NA PARAGONACH<\/h3>\n<p>Ka\u017cdy paragon oraz wydruk z\u00a0kasy mo\u017cna wzbogaci\u0107 o\u00a0dowoln\u0105 czarno-bia\u0142\u0105 grafik\u0119. U\u017cywaj\u0105c programu Posnet Grafik mo\u017cesz samodzielnie zdefiniowa\u0107 zawarto\u015b\u0107 np.: logo sklepu, p\u0142atna reklama dostawcy czy promocja okoliczno\u015bciowa.<\/p>\n<h3>SPRAWDZONA W\u00a0HANDLOWYM BOJU<\/h3>\n<p>Kasa Posnet NEO ONLINE doskonale sprawdza si\u0119 w\u00a0sklepach \u015bredniej wielko\u015bci lub marketach spo\u017cywczo-przemys\u0142owych, ale r\u00f3wnie\u017c w\u00a0sklepach osiedlowych, minimarketach czy delikatesach. Cz\u0119sto jest wybierana przez w\u0142a\u015bcicieli sklep\u00f3w mi\u0119snych, pasmanteryjnych lub monopolowych. Polecamy j\u0105 tak\u017ce do \u015brednich lokali gastronomicznych, piekarni i\u00a0cukierni.<\/p>","protected":false},"excerpt":{"rendered":"<p>Urz\u0105dzenie mo\u017cna pod\u0142\u0105czy\u0107 do CRK a\u017c 4 na r\u00f3\u017cne sposoby &#8211; wybierz taki, kt\u00f3rego potrzebujesz. W\u00a0standardzie dost\u0119pne s\u0105: LAN\/Ethernet oraz USB. Je\u015bli posiadasz komputer z\u00a0dost\u0119pem do internetu, mo\u017cesz pod\u0142\u0105czy\u0107 do niego kas\u0119 wykorzystuj\u0105c te z\u0142\u0105cza.<\/p>\n<p>Potrzebujesz komunikacji bezprzewodowej? Zam\u00f3w NEO Online w\u00a0wersji z\u00a0WiFi.<\/p>","protected":false},"featured_media":2239,"comment_status":"closed","ping_status":"closed","template":"","meta":{"_et_pb_use_builder":"","_et_pb_old_content":"","_et_gb_content_width":""},"product_brand":[],"product_cat":[42,50,38],"product_tag":[],"class_list":{"0":"post-2238","1":"product","2":"type-product","3":"status-publish","4":"has-post-thumbnail","6":"product_cat-kasy-fiskalne-online","7":"product_cat-posnet","8":"product_cat-urzadzenia-fiskalne","10":"first","11":"instock","12":"taxable","13":"shipping-taxable","14":"purchasable","15":"product-type-simple"},"yoast_head":"<!-- This site is optimized with the Yoast SEO plugin v26.9 - https:\/\/yoast.com\/product\/yoast-seo-wordpress\/ -->\n<title>Noe Online - Kasy fiskalne Gda\u0144sk Kasa fiskalna Gdynia Sopot Tr\u00f3jmiasto<\/title>\n<meta name=\"robots\" content=\"index, follow, max-snippet:-1, max-image-preview:large, max-video-preview:-1\" \/>\n<link rel=\"canonical\" href=\"https:\/\/monkomp.pl\/en\/product\/noe-online\/\" \/>\n<meta property=\"og:locale\" content=\"en_GB\" \/>\n<meta property=\"og:type\" content=\"article\" \/>\n<meta property=\"og:title\" content=\"Noe Online - Kasy fiskalne Gda\u0144sk Kasa fiskalna Gdynia Sopot Tr\u00f3jmiasto\" \/>\n<meta property=\"og:description\" content=\"Urz\u0105dzenie mo\u017cna pod\u0142\u0105czy\u0107 do CRK a\u017c 4 na r\u00f3\u017cne sposoby - wybierz taki, kt\u00f3rego potrzebujesz. W\u00a0standardzie dost\u0119pne s\u0105: LAN\/Ethernet oraz USB. Je\u015bli posiadasz komputer z\u00a0dost\u0119pem do internetu, mo\u017cesz pod\u0142\u0105czy\u0107 do niego kas\u0119 wykorzystuj\u0105c te z\u0142\u0105cza.  Potrzebujesz komunikacji bezprzewodowej? Zam\u00f3w NEO Online w\u00a0wersji z\u00a0WiFi.\" \/>\n<meta property=\"og:url\" content=\"https:\/\/monkomp.pl\/en\/product\/noe-online\/\" \/>\n<meta property=\"og:site_name\" content=\"Kasy fiskalne Gda\u0144sk Kasa fiskalna Gdynia Sopot Tr\u00f3jmiasto\" \/>\n<meta property=\"article:modified_time\" content=\"2022-07-11T20:35:22+00:00\" \/>\n<meta property=\"og:image\" content=\"https:\/\/monkomp.pl\/wp-content\/uploads\/2022\/07\/1-15.png\" \/>\n\t<meta property=\"og:image:width\" content=\"800\" \/>\n\t<meta property=\"og:image:height\" content=\"800\" \/>\n\t<meta property=\"og:image:type\" content=\"image\/png\" \/>\n<meta name=\"twitter:card\" content=\"summary_large_image\" \/>\n<meta name=\"twitter:label1\" content=\"Estimated reading time\" \/>\n\t<meta name=\"twitter:data1\" content=\"2 minutes\" \/>\n<script type=\"application\/ld+json\" class=\"yoast-schema-graph\">{\"@context\":\"https:\/\/schema.org\",\"@graph\":[{\"@type\":\"WebPage\",\"@id\":\"https:\/\/monkomp.pl\/produkt\/noe-online\/\",\"url\":\"https:\/\/monkomp.pl\/produkt\/noe-online\/\",\"name\":\"Noe Online - Kasy fiskalne Gda\u0144sk Kasa fiskalna Gdynia Sopot Tr\u00f3jmiasto\",\"isPartOf\":{\"@id\":\"https:\/\/monkomp.pl\/#website\"},\"primaryImageOfPage\":{\"@id\":\"https:\/\/monkomp.pl\/produkt\/noe-online\/#primaryimage\"},\"image\":{\"@id\":\"https:\/\/monkomp.pl\/produkt\/noe-online\/#primaryimage\"},\"thumbnailUrl\":\"https:\/\/monkomp.pl\/wp-content\/uploads\/2022\/07\/1-15.png\",\"datePublished\":\"2022-07-11T20:35:00+00:00\",\"dateModified\":\"2022-07-11T20:35:22+00:00\",\"breadcrumb\":{\"@id\":\"https:\/\/monkomp.pl\/produkt\/noe-online\/#breadcrumb\"},\"inLanguage\":\"en-GB\",\"potentialAction\":[{\"@type\":\"ReadAction\",\"target\":[\"https:\/\/monkomp.pl\/produkt\/noe-online\/\"]}]},{\"@type\":\"ImageObject\",\"inLanguage\":\"en-GB\",\"@id\":\"https:\/\/monkomp.pl\/produkt\/noe-online\/#primaryimage\",\"url\":\"https:\/\/monkomp.pl\/wp-content\/uploads\/2022\/07\/1-15.png\",\"contentUrl\":\"https:\/\/monkomp.pl\/wp-content\/uploads\/2022\/07\/1-15.png\",\"width\":800,\"height\":800,\"caption\":\"Noe Online\"},{\"@type\":\"BreadcrumbList\",\"@id\":\"https:\/\/monkomp.pl\/produkt\/noe-online\/#breadcrumb\",\"itemListElement\":[{\"@type\":\"ListItem\",\"position\":1,\"name\":\"Strona g\u0142\u00f3wna\",\"item\":\"https:\/\/monkomp.pl\/\"},{\"@type\":\"ListItem\",\"position\":2,\"name\":\"Sklep\",\"item\":\"https:\/\/monkomp.pl\/sklep\/\"},{\"@type\":\"ListItem\",\"position\":3,\"name\":\"Noe Online\"}]},{\"@type\":\"WebSite\",\"@id\":\"https:\/\/monkomp.pl\/#website\",\"url\":\"https:\/\/monkomp.pl\/\",\"name\":\"Kasy fiskalne Gda\u0144sk Kasa fiskalna Gdynia Sopot Tr\u00f3jmiasto\",\"description\":\"Kasy fiskalne kasa fisklana\",\"potentialAction\":[{\"@type\":\"SearchAction\",\"target\":{\"@type\":\"EntryPoint\",\"urlTemplate\":\"https:\/\/monkomp.pl\/?s={search_term_string}\"},\"query-input\":{\"@type\":\"PropertyValueSpecification\",\"valueRequired\":true,\"valueName\":\"search_term_string\"}}],\"inLanguage\":\"en-GB\"}]}<\/script>\n<!-- \/ Yoast SEO plugin. -->","yoast_head_json":{"title":"Noe Online - Kasy fiskalne Gda\u0144sk Kasa fiskalna Gdynia Sopot Tr\u00f3jmiasto","robots":{"index":"index","follow":"follow","max-snippet":"max-snippet:-1","max-image-preview":"max-image-preview:large","max-video-preview":"max-video-preview:-1"},"canonical":"https:\/\/monkomp.pl\/en\/product\/noe-online\/","og_locale":"en_GB","og_type":"article","og_title":"Noe Online - Kasy fiskalne Gda\u0144sk Kasa fiskalna Gdynia Sopot Tr\u00f3jmiasto","og_description":"Urz\u0105dzenie mo\u017cna pod\u0142\u0105czy\u0107 do CRK a\u017c 4 na r\u00f3\u017cne sposoby - wybierz taki, kt\u00f3rego potrzebujesz. W\u00a0standardzie dost\u0119pne s\u0105: LAN\/Ethernet oraz USB. Je\u015bli posiadasz komputer z\u00a0dost\u0119pem do internetu, mo\u017cesz pod\u0142\u0105czy\u0107 do niego kas\u0119 wykorzystuj\u0105c te z\u0142\u0105cza.  Potrzebujesz komunikacji bezprzewodowej? Zam\u00f3w NEO Online w\u00a0wersji z\u00a0WiFi.","og_url":"https:\/\/monkomp.pl\/en\/product\/noe-online\/","og_site_name":"Kasy fiskalne Gda\u0144sk Kasa fiskalna Gdynia Sopot Tr\u00f3jmiasto","article_modified_time":"2022-07-11T20:35:22+00:00","og_image":[{"width":800,"height":800,"url":"https:\/\/monkomp.pl\/wp-content\/uploads\/2022\/07\/1-15.png","type":"image\/png"}],"twitter_card":"summary_large_image","twitter_misc":{"Estimated reading time":"2 minutes"},"schema":{"@context":"https:\/\/schema.org","@graph":[{"@type":"WebPage","@id":"https:\/\/monkomp.pl\/produkt\/noe-online\/","url":"https:\/\/monkomp.pl\/produkt\/noe-online\/","name":"Noe Online - Kasy fiskalne Gda\u0144sk Kasa fiskalna Gdynia Sopot Tr\u00f3jmiasto","isPartOf":{"@id":"https:\/\/monkomp.pl\/#website"},"primaryImageOfPage":{"@id":"https:\/\/monkomp.pl\/produkt\/noe-online\/#primaryimage"},"image":{"@id":"https:\/\/monkomp.pl\/produkt\/noe-online\/#primaryimage"},"thumbnailUrl":"https:\/\/monkomp.pl\/wp-content\/uploads\/2022\/07\/1-15.png","datePublished":"2022-07-11T20:35:00+00:00","dateModified":"2022-07-11T20:35:22+00:00","breadcrumb":{"@id":"https:\/\/monkomp.pl\/produkt\/noe-online\/#breadcrumb"},"inLanguage":"en-GB","potentialAction":[{"@type":"ReadAction","target":["https:\/\/monkomp.pl\/produkt\/noe-online\/"]}]},{"@type":"ImageObject","inLanguage":"en-GB","@id":"https:\/\/monkomp.pl\/produkt\/noe-online\/#primaryimage","url":"https:\/\/monkomp.pl\/wp-content\/uploads\/2022\/07\/1-15.png","contentUrl":"https:\/\/monkomp.pl\/wp-content\/uploads\/2022\/07\/1-15.png","width":800,"height":800,"caption":"Noe Online"},{"@type":"BreadcrumbList","@id":"https:\/\/monkomp.pl\/produkt\/noe-online\/#breadcrumb","itemListElement":[{"@type":"ListItem","position":1,"name":"Strona g\u0142\u00f3wna","item":"https:\/\/monkomp.pl\/"},{"@type":"ListItem","position":2,"name":"Sklep","item":"https:\/\/monkomp.pl\/sklep\/"},{"@type":"ListItem","position":3,"name":"Noe Online"}]},{"@type":"WebSite","@id":"https:\/\/monkomp.pl\/#website","url":"https:\/\/monkomp.pl\/","name":"Kasy fiskalne Gda\u0144sk Kasa fiskalna Gdynia Sopot Tr\u00f3jmiasto","description":"Kasy fiskalne kasa fisklana","potentialAction":[{"@type":"SearchAction","target":{"@type":"EntryPoint","urlTemplate":"https:\/\/monkomp.pl\/?s={search_term_string}"},"query-input":{"@type":"PropertyValueSpecification","valueRequired":true,"valueName":"search_term_string"}}],"inLanguage":"en-GB"}]}},"_links":{"self":[{"href":"https:\/\/monkomp.pl\/en\/wp-json\/wp\/v2\/product\/2238","targetHints":{"allow":["GET"]}}],"collection":[{"href":"https:\/\/monkomp.pl\/en\/wp-json\/wp\/v2\/product"}],"about":[{"href":"https:\/\/monkomp.pl\/en\/wp-json\/wp\/v2\/types\/product"}],"replies":[{"embeddable":true,"href":"https:\/\/monkomp.pl\/en\/wp-json\/wp\/v2\/comments?post=2238"}],"wp:featuredmedia":[{"embeddable":true,"href":"https:\/\/monkomp.pl\/en\/wp-json\/wp\/v2\/media\/2239"}],"wp:attachment":[{"href":"https:\/\/monkomp.pl\/en\/wp-json\/wp\/v2\/media?parent=2238"}],"wp:term":[{"taxonomy":"product_brand","embeddable":true,"href":"https:\/\/monkomp.pl\/en\/wp-json\/wp\/v2\/product_brand?post=2238"},{"taxonomy":"product_cat","embeddable":true,"href":"https:\/\/monkomp.pl\/en\/wp-json\/wp\/v2\/product_cat?post=2238"},{"taxonomy":"product_tag","embeddable":true,"href":"https:\/\/monkomp.pl\/en\/wp-json\/wp\/v2\/product_tag?post=2238"}],"curies":[{"name":"wp","href":"https:\/\/api.w.org\/{rel}","templated":true}]}}