{"id":2256,"date":"2022-07-12T00:26:49","date_gmt":"2022-07-11T22:26:49","guid":{"rendered":"https:\/\/monkomp.pl\/?post_type=product&#038;p=2256"},"modified":"2022-07-12T00:26:49","modified_gmt":"2022-07-11T22:26:49","slug":"mobile-online","status":"publish","type":"product","link":"https:\/\/monkomp.pl\/en\/product\/mobile-online\/","title":{"rendered":"Mobile Online"},"content":{"rendered":"<p>Wrzu\u0107 j\u0105 do teczki lub wsad\u017a do kieszeni. To najmniejsza kasa fiskalna\u00a0ONLINE\u00a0na rynku, z\u00a0kt\u00f3r\u0105 udasz si\u0119 w\u00a0dowolne miejsce, by sprzeda\u0107 swoje us\u0142ugi lub produkty.<\/p>\n<p>Teraz dodatkowo zosta\u0142a wyposa\u017cona w bezprzewodowe interfejsy komunikacyjne.\u00a0 Do wyboru u\u017cytkownika jest wersja z WiFi\/Bluetooth (cena netto podstawowa) lub ze zintegrowanym modemem GPRS i kart\u0105 SIM.<\/p>\n<h3>PO\u0141\u0104CZ SI\u0118 Z\u00a0CRK<\/h3>\n<p><span>Ka\u017cda kasa\u00a0 MOBILE ONLINE\u00a0 wyposa\u017cona jest w bezprzewodowy interfejs komunikacyjny za pomoc\u0105 kt\u00f3rego\u00a0 mo\u017cna skomunikowa\u0107 si\u0119 z CRK.<\/span><\/p>\n<p>Kasa dost\u0119pna w\u00a02 wersjach:<\/p>\n<ul>\n<li>z WiFi,<\/li>\n<li>ze zintegrowanym modemem GPRS i\u00a0kart\u0105 SIM\u00a0&#8211; mobilne, kompaktowe rozwi\u0105zanie dla u\u017cytkownik\u00f3w chc\u0105cych przesy\u0142a\u0107 dane do CRK poprzez sie\u0107 GSM.<\/li>\n<\/ul>\n<p>Karta SIM zainstalowana w\u00a0kasach posiada uruchomion\u0105 us\u0142ug\u0105 przesy\u0142u danych.<\/p>\n<p>Wersje kas s\u0105 konstrukcjami zamkni\u0119tymi, interfejsy komunikacyjne instalowane na etapie produkcyjnym, bez mo\u017cliwo\u015bci p\u00f3\u017aniejszej rozbudowy. <span>Standardowo ka\u017cda kasa wyposa\u017cona jest r\u00f3wnie\u017c w\u00a0kart\u0119 sieciow\u0105 na USB. Wybierz taki rodzaj kasy, kt\u00f3ry najbardziej b\u0119dzie odpowiada\u0142 Twojej dzia\u0142alno\u015bci.<\/span><\/p>\n<p>Pobierz instrukcj\u0119 dotycz\u0105c\u0105 skonfigurowania po\u0142\u0105czenia z\u00a0CRK w\u00a0kasach Posnet ONLINE (<a href=\"https:\/\/www.posnet.com.pl\/web\/files\/editor\/FILES\/quick-online-kasy-wersja-1.0.pdf?preview\" target=\"_blank\" rel=\"noopener\">instrukcja Quick OnLine &#8211; PDF<\/a>).<\/p>\n<h3>MA\u0141E JEST \u2026 FUNKCJONALNE<\/h3>\n<p>Kasa Mobile ONLINE jest ma\u0142a, ale bardzo wydajna. Pozwoli Ci wydrukowa\u0107 8\u00a0000 paragon\u00f3w bez dodatkowego zasilania. Poza zasilaniem sieciowym kas\u0119 Mobile ONLINE na\u0142adujesz za pomoc\u0105 kabla USB pod\u0142\u0105czonego do komputera lub \u0142adowarki samochodowej. Co wi\u0119cej, na paragonach mo\u017cesz zaprojektowa\u0107 logo lub nazw\u0119 swojej firmy.<\/p>\n<h3>WRZU\u0106 I\u00a0DRUKUJ<\/h3>\n<p>Wymiana papieru zajmuje kilka sekund. Polega na wykonaniu trzech, prostych ruch\u00f3w: otwierasz &#8211; wrzucasz papier &#8211; zamykasz. I\u00a0mo\u017cesz pracowa\u0107 dalej.<\/p>\n<h3>UBIERZ SWOJ\u0104 KAS\u0118<\/h3>\n<p>Dla zabezpieczenia kasy Mobile ONLINE polecamy eleganckie, sk\u00f3rzane etui. Mo\u017cliwo\u015b\u0107 wyboru jasnej lub ciemnej wersji kolorystycznej dodatkowo ozdobi Twoje urz\u0105dzenie.<\/p>\n<h3>MOBILE ONLINE Z\u00a0MODEMEM GPRS Z\u00a0KART\u0104 SIM<\/h3>\n<p>Wersje urz\u0105dzenia z\u00a0modemem GPRS wyposa\u017cone s\u0105 w\u00a0kart\u0119 SIM z\u00a0uruchomion\u0105 us\u0142ug\u0105 przesy\u0142u danych, na okres 80 miesi\u0119cy. Uruchomienie karty\/us\u0142ugi nie wymaga dodatkowych formalno\u015bci, ani czynno\u015bci, nast\u0119puje automatycznie, tu\u017c po inicjalizacji przesy\u0142u danych.<\/p>\n<h3>KTO PRACUJE NA MOBILE ONLINE<\/h3>\n<p>Urz\u0105dzenie rekomendowane do mobilnego zastosowania dla:<\/p>\n<ul>\n<li>mechanik\u00f3w samochodowych<\/li>\n<li>wulkanizator\u00f3w<\/li>\n<li>lekarzy<\/li>\n<li>prawnik\u00f3w<\/li>\n<li>ma\u0142ej gastronomii (food trucki, fast foody)<\/li>\n<li>bar\u00f3w, restauracji.<\/li>\n<\/ul>\n<p>* Koszty uruchomienia i\u00a0przesy\u0142u danych wliczone w\u00a0cen\u0119 urz\u0105dzenia.<\/p>\n<p><em>MONKOMP SP. Z O.O. informuje, \u017ce: (i) kasa fiskalna typu MOBILE ONLINE Z MODEMEM GPRS, z kart\u0105 SIM (dalej: Urz\u0105dzenie) umo\u017cliwia po\u0142\u0105czenie i przesy\u0142anie danych mi\u0119dzy ni\u0105 a Centralnym Repozytorium Kas, (ii) pod warunkiem u\u017cywania Urz\u0105dzenia w zasi\u0119gu sieci telekomunikacyjnej sp\u00f3\u0142ki POLKOMTEL SP. Z O.O., dzi\u0119ki skonfigurowanej z Urz\u0105dzeniem karcie SIM, w okresie 80 miesi\u0119cy od dnia sprzeda\u017cy Urz\u0105dzenia przez MONKOMP SP. Z O.O., dzi\u0119ki skonfigurowanej z Urz\u0105dzeniem karcie SIM, zapewniona jest tak\u017ce transmisja danych, (iii) w przypadku wskazanym w pkt. (ii) powy\u017cej po up\u0142ywie 80 miesi\u0119cy od dnia sprzeda\u017cy Urz\u0105dzenia przez MONKOMP SP. Z O.O., a tak\u017ce w przypadku, gdy Urz\u0105dzenie u\u017cywane jest poza zasi\u0119giem sieci telekomunikacyjnej sp\u00f3\u0142ki POLKOMTEL SP. Z O.O. transmisja danych mi\u0119dzy Urz\u0105dzeniem a Centralnym Repozytorium Kas wymaga uzyskania przez u\u017cytkownika Urz\u0105dzenia we w\u0142asnym zakresie i na w\u0142asny koszt dost\u0119pu do sieci telekomunikacyjnej, (iv) w przypadku, gdy taki dost\u0119p do sieci ma by\u0107 zapewniony w inny spos\u00f3b ni\u017c przez przewodowe po\u0142\u0105czenie Urz\u0105dzenia z komputerem przez z\u0142\u0105cze USB, MONKOMP SP. Z O.O. rekomenduje skontaktowanie si\u0119 przez u\u017cytkownika Urz\u0105dzenia z serwisem Urz\u0105dzenia w celu skonfigurowania \u0142\u0105cza z Urz\u0105dzeniem.<\/em><\/p>","protected":false},"excerpt":{"rendered":"<p>Wrzu\u0107 j\u0105 do teczki lub wsad\u017a do kieszeni. To najmniejsza kasa fiskalna\u00a0ONLINE\u00a0na rynku, z\u00a0kt\u00f3r\u0105 udasz si\u0119 w\u00a0dowolne miejsce, by sprzeda\u0107 swoje us\u0142ugi lub produkty.<\/p>\n<p>Teraz dodatkowo zosta\u0142a wyposa\u017cona w\u00a0bezprzewodowe interfejsy komunikacyjne.\u00a0 Do wyboru u\u017cytkownika jest wersja z\u00a0WiFi\/Bluetooth lub ze zintegrowanym modemem GPRS i\u00a0kart\u0105 SIM.<\/p>","protected":false},"featured_media":2257,"comment_status":"closed","ping_status":"closed","template":"","meta":{"_et_pb_use_builder":"","_et_pb_old_content":"","_et_gb_content_width":""},"product_brand":[],"product_cat":[42,50,38],"product_tag":[],"class_list":{"0":"post-2256","1":"product","2":"type-product","3":"status-publish","4":"has-post-thumbnail","6":"product_cat-kasy-fiskalne-online","7":"product_cat-posnet","8":"product_cat-urzadzenia-fiskalne","10":"first","11":"instock","12":"taxable","13":"shipping-taxable","14":"purchasable","15":"product-type-simple"},"yoast_head":"<!-- This site is optimized with the Yoast SEO plugin v26.9 - https:\/\/yoast.com\/product\/yoast-seo-wordpress\/ -->\n<title>Mobile Online - Kasy fiskalne Gda\u0144sk Kasa fiskalna Gdynia Sopot Tr\u00f3jmiasto<\/title>\n<meta name=\"robots\" content=\"index, follow, max-snippet:-1, max-image-preview:large, max-video-preview:-1\" \/>\n<link rel=\"canonical\" href=\"https:\/\/monkomp.pl\/en\/product\/mobile-online\/\" \/>\n<meta property=\"og:locale\" content=\"en_GB\" \/>\n<meta property=\"og:type\" content=\"article\" \/>\n<meta property=\"og:title\" content=\"Mobile Online - Kasy fiskalne Gda\u0144sk Kasa fiskalna Gdynia Sopot Tr\u00f3jmiasto\" \/>\n<meta property=\"og:description\" content=\"Wrzu\u0107 j\u0105 do teczki lub wsad\u017a do kieszeni. To najmniejsza kasa fiskalna\u00a0ONLINE\u00a0na rynku, z\u00a0kt\u00f3r\u0105 udasz si\u0119 w\u00a0dowolne miejsce, by sprzeda\u0107 swoje us\u0142ugi lub produkty.  Teraz dodatkowo zosta\u0142a wyposa\u017cona w\u00a0bezprzewodowe interfejsy komunikacyjne.\u00a0 Do wyboru u\u017cytkownika jest wersja z\u00a0WiFi\/Bluetooth lub ze zintegrowanym modemem GPRS i\u00a0kart\u0105 SIM.\" \/>\n<meta property=\"og:url\" content=\"https:\/\/monkomp.pl\/en\/product\/mobile-online\/\" \/>\n<meta property=\"og:site_name\" content=\"Kasy fiskalne Gda\u0144sk Kasa fiskalna Gdynia Sopot Tr\u00f3jmiasto\" \/>\n<meta property=\"og:image\" content=\"https:\/\/monkomp.pl\/wp-content\/uploads\/2022\/07\/1-17.png\" \/>\n\t<meta property=\"og:image:width\" content=\"600\" \/>\n\t<meta property=\"og:image:height\" content=\"600\" \/>\n\t<meta property=\"og:image:type\" content=\"image\/png\" \/>\n<meta name=\"twitter:card\" content=\"summary_large_image\" \/>\n<meta name=\"twitter:label1\" content=\"Estimated reading time\" \/>\n\t<meta name=\"twitter:data1\" content=\"4 minutes\" \/>\n<script type=\"application\/ld+json\" class=\"yoast-schema-graph\">{\"@context\":\"https:\/\/schema.org\",\"@graph\":[{\"@type\":\"WebPage\",\"@id\":\"https:\/\/monkomp.pl\/produkt\/mobile-online\/\",\"url\":\"https:\/\/monkomp.pl\/produkt\/mobile-online\/\",\"name\":\"Mobile Online - Kasy fiskalne Gda\u0144sk Kasa fiskalna Gdynia Sopot Tr\u00f3jmiasto\",\"isPartOf\":{\"@id\":\"https:\/\/monkomp.pl\/#website\"},\"primaryImageOfPage\":{\"@id\":\"https:\/\/monkomp.pl\/produkt\/mobile-online\/#primaryimage\"},\"image\":{\"@id\":\"https:\/\/monkomp.pl\/produkt\/mobile-online\/#primaryimage\"},\"thumbnailUrl\":\"https:\/\/monkomp.pl\/wp-content\/uploads\/2022\/07\/1-17.png\",\"datePublished\":\"2022-07-11T22:26:49+00:00\",\"breadcrumb\":{\"@id\":\"https:\/\/monkomp.pl\/produkt\/mobile-online\/#breadcrumb\"},\"inLanguage\":\"en-GB\",\"potentialAction\":[{\"@type\":\"ReadAction\",\"target\":[\"https:\/\/monkomp.pl\/produkt\/mobile-online\/\"]}]},{\"@type\":\"ImageObject\",\"inLanguage\":\"en-GB\",\"@id\":\"https:\/\/monkomp.pl\/produkt\/mobile-online\/#primaryimage\",\"url\":\"https:\/\/monkomp.pl\/wp-content\/uploads\/2022\/07\/1-17.png\",\"contentUrl\":\"https:\/\/monkomp.pl\/wp-content\/uploads\/2022\/07\/1-17.png\",\"width\":600,\"height\":600,\"caption\":\"Mobile Online\"},{\"@type\":\"BreadcrumbList\",\"@id\":\"https:\/\/monkomp.pl\/produkt\/mobile-online\/#breadcrumb\",\"itemListElement\":[{\"@type\":\"ListItem\",\"position\":1,\"name\":\"Strona g\u0142\u00f3wna\",\"item\":\"https:\/\/monkomp.pl\/\"},{\"@type\":\"ListItem\",\"position\":2,\"name\":\"Sklep\",\"item\":\"https:\/\/monkomp.pl\/sklep\/\"},{\"@type\":\"ListItem\",\"position\":3,\"name\":\"Mobile Online\"}]},{\"@type\":\"WebSite\",\"@id\":\"https:\/\/monkomp.pl\/#website\",\"url\":\"https:\/\/monkomp.pl\/\",\"name\":\"Kasy fiskalne Gda\u0144sk Kasa fiskalna Gdynia Sopot Tr\u00f3jmiasto\",\"description\":\"Kasy fiskalne kasa fisklana\",\"potentialAction\":[{\"@type\":\"SearchAction\",\"target\":{\"@type\":\"EntryPoint\",\"urlTemplate\":\"https:\/\/monkomp.pl\/?s={search_term_string}\"},\"query-input\":{\"@type\":\"PropertyValueSpecification\",\"valueRequired\":true,\"valueName\":\"search_term_string\"}}],\"inLanguage\":\"en-GB\"}]}<\/script>\n<!-- \/ Yoast SEO plugin. -->","yoast_head_json":{"title":"Mobile Online - Kasy fiskalne Gda\u0144sk Kasa fiskalna Gdynia Sopot Tr\u00f3jmiasto","robots":{"index":"index","follow":"follow","max-snippet":"max-snippet:-1","max-image-preview":"max-image-preview:large","max-video-preview":"max-video-preview:-1"},"canonical":"https:\/\/monkomp.pl\/en\/product\/mobile-online\/","og_locale":"en_GB","og_type":"article","og_title":"Mobile Online - Kasy fiskalne Gda\u0144sk Kasa fiskalna Gdynia Sopot Tr\u00f3jmiasto","og_description":"Wrzu\u0107 j\u0105 do teczki lub wsad\u017a do kieszeni. To najmniejsza kasa fiskalna\u00a0ONLINE\u00a0na rynku, z\u00a0kt\u00f3r\u0105 udasz si\u0119 w\u00a0dowolne miejsce, by sprzeda\u0107 swoje us\u0142ugi lub produkty.  Teraz dodatkowo zosta\u0142a wyposa\u017cona w\u00a0bezprzewodowe interfejsy komunikacyjne.\u00a0 Do wyboru u\u017cytkownika jest wersja z\u00a0WiFi\/Bluetooth lub ze zintegrowanym modemem GPRS i\u00a0kart\u0105 SIM.","og_url":"https:\/\/monkomp.pl\/en\/product\/mobile-online\/","og_site_name":"Kasy fiskalne Gda\u0144sk Kasa fiskalna Gdynia Sopot Tr\u00f3jmiasto","og_image":[{"width":600,"height":600,"url":"https:\/\/monkomp.pl\/wp-content\/uploads\/2022\/07\/1-17.png","type":"image\/png"}],"twitter_card":"summary_large_image","twitter_misc":{"Estimated reading time":"4 minutes"},"schema":{"@context":"https:\/\/schema.org","@graph":[{"@type":"WebPage","@id":"https:\/\/monkomp.pl\/produkt\/mobile-online\/","url":"https:\/\/monkomp.pl\/produkt\/mobile-online\/","name":"Mobile Online - Kasy fiskalne Gda\u0144sk Kasa fiskalna Gdynia Sopot Tr\u00f3jmiasto","isPartOf":{"@id":"https:\/\/monkomp.pl\/#website"},"primaryImageOfPage":{"@id":"https:\/\/monkomp.pl\/produkt\/mobile-online\/#primaryimage"},"image":{"@id":"https:\/\/monkomp.pl\/produkt\/mobile-online\/#primaryimage"},"thumbnailUrl":"https:\/\/monkomp.pl\/wp-content\/uploads\/2022\/07\/1-17.png","datePublished":"2022-07-11T22:26:49+00:00","breadcrumb":{"@id":"https:\/\/monkomp.pl\/produkt\/mobile-online\/#breadcrumb"},"inLanguage":"en-GB","potentialAction":[{"@type":"ReadAction","target":["https:\/\/monkomp.pl\/produkt\/mobile-online\/"]}]},{"@type":"ImageObject","inLanguage":"en-GB","@id":"https:\/\/monkomp.pl\/produkt\/mobile-online\/#primaryimage","url":"https:\/\/monkomp.pl\/wp-content\/uploads\/2022\/07\/1-17.png","contentUrl":"https:\/\/monkomp.pl\/wp-content\/uploads\/2022\/07\/1-17.png","width":600,"height":600,"caption":"Mobile Online"},{"@type":"BreadcrumbList","@id":"https:\/\/monkomp.pl\/produkt\/mobile-online\/#breadcrumb","itemListElement":[{"@type":"ListItem","position":1,"name":"Strona g\u0142\u00f3wna","item":"https:\/\/monkomp.pl\/"},{"@type":"ListItem","position":2,"name":"Sklep","item":"https:\/\/monkomp.pl\/sklep\/"},{"@type":"ListItem","position":3,"name":"Mobile Online"}]},{"@type":"WebSite","@id":"https:\/\/monkomp.pl\/#website","url":"https:\/\/monkomp.pl\/","name":"Kasy fiskalne Gda\u0144sk Kasa fiskalna Gdynia Sopot Tr\u00f3jmiasto","description":"Kasy fiskalne kasa fisklana","potentialAction":[{"@type":"SearchAction","target":{"@type":"EntryPoint","urlTemplate":"https:\/\/monkomp.pl\/?s={search_term_string}"},"query-input":{"@type":"PropertyValueSpecification","valueRequired":true,"valueName":"search_term_string"}}],"inLanguage":"en-GB"}]}},"_links":{"self":[{"href":"https:\/\/monkomp.pl\/en\/wp-json\/wp\/v2\/product\/2256","targetHints":{"allow":["GET"]}}],"collection":[{"href":"https:\/\/monkomp.pl\/en\/wp-json\/wp\/v2\/product"}],"about":[{"href":"https:\/\/monkomp.pl\/en\/wp-json\/wp\/v2\/types\/product"}],"replies":[{"embeddable":true,"href":"https:\/\/monkomp.pl\/en\/wp-json\/wp\/v2\/comments?post=2256"}],"wp:featuredmedia":[{"embeddable":true,"href":"https:\/\/monkomp.pl\/en\/wp-json\/wp\/v2\/media\/2257"}],"wp:attachment":[{"href":"https:\/\/monkomp.pl\/en\/wp-json\/wp\/v2\/media?parent=2256"}],"wp:term":[{"taxonomy":"product_brand","embeddable":true,"href":"https:\/\/monkomp.pl\/en\/wp-json\/wp\/v2\/product_brand?post=2256"},{"taxonomy":"product_cat","embeddable":true,"href":"https:\/\/monkomp.pl\/en\/wp-json\/wp\/v2\/product_cat?post=2256"},{"taxonomy":"product_tag","embeddable":true,"href":"https:\/\/monkomp.pl\/en\/wp-json\/wp\/v2\/product_tag?post=2256"}],"curies":[{"name":"wp","href":"https:\/\/api.w.org\/{rel}","templated":true}]}}