{"id":2266,"date":"2022-07-12T00:37:41","date_gmt":"2022-07-11T22:37:41","guid":{"rendered":"https:\/\/monkomp.pl\/?post_type=product&#038;p=2266"},"modified":"2026-02-05T13:42:07","modified_gmt":"2026-02-05T12:42:07","slug":"bingo-max-2","status":"publish","type":"product","link":"https:\/\/monkomp.pl\/en\/product\/bingo-max-2\/","title":{"rendered":"Bingo Max 2 Online"},"content":{"rendered":"<p><strong>Bingo Max 2<\/strong> to nowa, doskonalsza wersja legendarnej kasy fiskalnej Posnet! W znanej ju\u017c, kompaktowej i eleganckiej formie, zastosowano teraz m. in. nowy, szybszy mechanizm drukuj\u0105cy oraz umo\u017cliwiono p\u0142atno\u015bci BLIK. Dzi\u0119ki opcji rozbudowy o dodatkowe modu\u0142y komunikacji, kasa idealnie sprawdzi si\u0119 w ma\u0142ych i \u015brednich przedsi\u0119biorstwach.<\/p>\n<h3>PO\u0141\u0104CZ SI\u0118 Z\u00a0CRK<\/h3>\n<p>Bingo Max 2 zapewnia komunikacj\u0119 z Centralnym Repozytorium Kas za pomoc\u0105 interfejs\u00f3w:<\/p>\n<ul>\n<li>Ethernet<\/li>\n<li>USB<\/li>\n<li>WiFi *<\/li>\n<\/ul>\n<p>Pozwala to optymalnie dopasowa\u0107 spos\u00f3b komunikacji z CRK do warunk\u00f3w, w jakich prowadzony jest biznes. Pobierz instrukcj\u0119 dotycz\u0105c\u0105 skonfigurowania po\u0142\u0105czenia z CRK w kasach Posnet (<a href=\"https:\/\/www.posnet.com.pl\/public\/files\/editor\/FILES\/quick-online-kasy-wersja-1.0.pdf\" target=\"_blank\" rel=\"noopener nofollow\">Quick OnLine &#8211; instrukcja<\/a>).<\/p>\n<p><em>* &#8211; wyposa\u017cenie opcjonalne<\/em><\/p>\n<h3>WYGODNA I\u00a0WYTRZYMA\u0141A KLAWIATURA<\/h3>\n<p>Bingo Max 2 posiada wytrzyma\u0142\u0105 i wygodn\u0105 klawiatur\u0119 mechaniczn\u0105 z mo\u017cliwo\u015bci\u0105 zaprogramowania 42 klawiszy skr\u00f3tu do najwa\u017cniejszych funkcji jak:<\/p>\n<ul>\n<li>sprzeda\u017c szybka,<\/li>\n<li>p\u0142atno\u015b\u0107 kart\u0105,<\/li>\n<li>raport dobowy, miesi\u0119czny itp.<\/li>\n<\/ul>\n<p>Gwarantuje to komfort pracy, a tak\u017ce sprawia, \u017ce jej obs\u0142uga jest prosta i szybka.<\/p>\n<h3>CZYTELNE WY\u015aWIETLACZE<\/h3>\n<p>Zastosowanie graficznych pod\u015bwietlanych wy\u015bwietlaczy z\u00a0du\u017c\u0105 i\u00a0czyteln\u0105 czcionk\u0105, zapewnia wygod\u0119 oraz komfort pracy na urz\u0105dzeniu.<\/p>\n<h3>\u0141ATWA WYMIANA PAPIERU<\/h3>\n<p>W kasie zastosowano mechanizm drukuj\u0105cy \u201edrop in &#8211; wrzu\u0107 i drukuj\u201d, kt\u00f3ry zapewnia szybk\u0105 i sprawn\u0105 wymian\u0119 papieru. Co wi\u0119cej, mechanizm drukuj\u0105cy jest teraz jeszcze szybszy ni\u017c w Bingo Max ONLINE!<\/p>\n<h3>KOMFORT U\u017bYTKOWANIA<\/h3>\n<p>Kasa Bingo Max 2 ma nowoczesn\u0105 budow\u0119, niedu\u017ce rozmiary (249 x 99 x 207 mm), intuicyjn\u0105 i wygodn\u0105 klawiatur\u0119, co gwarantuje komfort w u\u017cytkowaniu urz\u0105dzenia.<\/p>\n<h3>NETPAY I TRANSAKCJE BEZGOT\u00d3WKOWE<\/h3>\n<p>Bingo Max2 wsp\u00f3\u0142pracuje z terminalem p\u0142atniczym Netpay. Pozwala to realizowa\u0107 p\u0142atno\u015bci bezgot\u00f3wkowe. Dodatkowo, Netpay mo\u017ce zapewni\u0107 kasie po\u0142\u0105czenie z CRK, poprzez udost\u0119pnienie internetu.<\/p>\n<p>Ale to nie wszystko &#8211; kasa, dla zmaksymalizowania wygody p\u0142atno\u015bci klienta, umo\u017cliwia tak\u017ce p\u0142atno\u015bci uniwersalnym standardem BLIK!<\/p>\n<div class=\"product_description_left\">\n<div class=\"product_description\">\n<h3>WSP\u00d3\u0141PRACA Z\u00a0INNYMI URZ\u0104DZENIAMI<\/h3>\n<p>W prosty spos\u00f3b mo\u017cesz poszerzy\u0107 mo\u017cliwo\u015bci kasy Bingo Max 2, pod\u0142\u0105czaj\u0105c do niej urz\u0105dzenia wspomagaj\u0105ce sprzeda\u017c, mi\u0119dzy innymi:<\/p>\n<ul>\n<li>wag\u0119<\/li>\n<li>czytnik kod\u00f3w kreskowych<\/li>\n<li>terminal p\u0142atniczy<\/li>\n<li>szuflad\u0119\u00a0kasow\u0105.<\/li>\n<\/ul>\n<\/div>\n<\/div>\n<div class=\"product_description_text\">\n<div class=\"product_description\">\n<h3>DU\u017bA BAZA TOWAROWA (PLU)<\/h3>\n<p>Bingo Max 2 oferuje du\u017c\u0105 baz\u0119 towarow\u0105. W standardowej wersji jest to 10 000 PLU, a po rozszerzeniu do 30 000 PLU, a nawet 60 000 PLU. To dwa razy wi\u0119cej ni\u017c w Bingo Max ONLINE! Dzi\u0119ki temu, u\u017cytkownik mo\u017ce zaprogramowa\u0107 nawet mocno rozbudowany asortyment produkt\u00f3w.<\/p>\n<\/div>\n<\/div>\n<div class=\"product_description_right\">\n<div class=\"product_description\">\n<h3>GOTOWA NA E-PARAGON<\/h3>\n<p>Kasa Bingo Max 2 jest produktem w pe\u0142ni nowoczesnym. Ma m.in. funkcjonalno\u015bci pozwalaj\u0105ce jej przesy\u0142a\u0107 e-paragony do klient\u00f3w.<\/p>\n<h3>DLA KOGO?<\/h3>\n<p>Znakomicie sprawdza si\u0119 jako <strong>kasa sklepowa<\/strong>. Polecana szczeg\u00f3lnie do ma\u0142ych sklep\u00f3w i plac\u00f3wek handlowo-us\u0142ugowych. Np.:<\/p>\n<ul>\n<li>sklepy spo\u017cywcze,<\/li>\n<li>sklepy przemys\u0142owe,<\/li>\n<li>minimarkety,<\/li>\n<li>kwiaciarnie,<\/li>\n<li>sklepy osiedlowe,<\/li>\n<li>punkty us\u0142ugowe,<\/li>\n<li>salony beauty,<\/li>\n<li>pensjonaty,<\/li>\n<li>ma\u0142a gastronomia.<\/li>\n<\/ul>\n<\/div>\n<\/div>","protected":false},"excerpt":{"rendered":"<p>Bingo Max to legendarna kasa w\u00a0nowym wydaniu. Po\u0142\u0105czyli\u015bmy niezawodn\u0105 funkcjonalno\u015b\u0107 jej poprzednik\u00f3w z\u00a0now\u0105 form\u0105. Dzi\u0119ki mo\u017cliwo\u015bci rozbudowy o\u00a0dodatkowe modu\u0142y komunikacji, kasa idealnie sprawdzi si\u0119 w\u00a0ma\u0142ych i\u00a0\u015brednich przedsi\u0119biorstwach.<\/p>","protected":false},"featured_media":2874,"comment_status":"closed","ping_status":"closed","template":"","meta":{"_et_pb_use_builder":"","_et_pb_old_content":"","_et_gb_content_width":""},"product_brand":[],"product_cat":[42,50,38],"product_tag":[],"class_list":{"0":"post-2266","1":"product","2":"type-product","3":"status-publish","4":"has-post-thumbnail","6":"product_cat-kasy-fiskalne-online","7":"product_cat-posnet","8":"product_cat-urzadzenia-fiskalne","10":"first","11":"instock","12":"taxable","13":"shipping-taxable","14":"purchasable","15":"product-type-variable"},"yoast_head":"<!-- This site is optimized with the Yoast SEO plugin v26.9 - https:\/\/yoast.com\/product\/yoast-seo-wordpress\/ -->\n<title>Bingo Max 2 Online - Kasy fiskalne Gda\u0144sk Kasa fiskalna Gdynia Sopot Tr\u00f3jmiasto<\/title>\n<meta name=\"robots\" content=\"index, follow, max-snippet:-1, max-image-preview:large, max-video-preview:-1\" \/>\n<link rel=\"canonical\" href=\"https:\/\/monkomp.pl\/en\/product\/bingo-max-2\/\" \/>\n<meta property=\"og:locale\" content=\"en_GB\" \/>\n<meta property=\"og:type\" content=\"article\" \/>\n<meta property=\"og:title\" content=\"Bingo Max 2 Online - Kasy fiskalne Gda\u0144sk Kasa fiskalna Gdynia Sopot Tr\u00f3jmiasto\" \/>\n<meta property=\"og:description\" content=\"Bingo Max to legendarna kasa w\u00a0nowym wydaniu. Po\u0142\u0105czyli\u015bmy niezawodn\u0105 funkcjonalno\u015b\u0107 jej poprzednik\u00f3w z\u00a0now\u0105 form\u0105. Dzi\u0119ki mo\u017cliwo\u015bci rozbudowy o\u00a0dodatkowe modu\u0142y komunikacji, kasa idealnie sprawdzi si\u0119 w\u00a0ma\u0142ych i\u00a0\u015brednich przedsi\u0119biorstwach.\" \/>\n<meta property=\"og:url\" content=\"https:\/\/monkomp.pl\/en\/product\/bingo-max-2\/\" \/>\n<meta property=\"og:site_name\" content=\"Kasy fiskalne Gda\u0144sk Kasa fiskalna Gdynia Sopot Tr\u00f3jmiasto\" \/>\n<meta property=\"article:modified_time\" content=\"2026-02-05T12:42:07+00:00\" \/>\n<meta property=\"og:image\" content=\"https:\/\/monkomp.pl\/wp-content\/uploads\/2022\/07\/kasa-fiskalna-bingo-max-2-online-posnet-1.jpg\" \/>\n\t<meta property=\"og:image:width\" content=\"600\" \/>\n\t<meta property=\"og:image:height\" content=\"600\" \/>\n\t<meta property=\"og:image:type\" content=\"image\/jpeg\" \/>\n<meta name=\"twitter:card\" content=\"summary_large_image\" \/>\n<meta name=\"twitter:label1\" content=\"Estimated reading time\" \/>\n\t<meta name=\"twitter:data1\" content=\"3 minutes\" \/>\n<script type=\"application\/ld+json\" class=\"yoast-schema-graph\">{\"@context\":\"https:\/\/schema.org\",\"@graph\":[{\"@type\":\"WebPage\",\"@id\":\"https:\/\/monkomp.pl\/produkt\/bingo-max-2\/\",\"url\":\"https:\/\/monkomp.pl\/produkt\/bingo-max-2\/\",\"name\":\"Bingo Max 2 Online - Kasy fiskalne Gda\u0144sk Kasa fiskalna Gdynia Sopot Tr\u00f3jmiasto\",\"isPartOf\":{\"@id\":\"https:\/\/monkomp.pl\/#website\"},\"primaryImageOfPage\":{\"@id\":\"https:\/\/monkomp.pl\/produkt\/bingo-max-2\/#primaryimage\"},\"image\":{\"@id\":\"https:\/\/monkomp.pl\/produkt\/bingo-max-2\/#primaryimage\"},\"thumbnailUrl\":\"https:\/\/monkomp.pl\/wp-content\/uploads\/2022\/07\/kasa-fiskalna-bingo-max-2-online-posnet-1.jpg\",\"datePublished\":\"2022-07-11T22:37:41+00:00\",\"dateModified\":\"2026-02-05T12:42:07+00:00\",\"breadcrumb\":{\"@id\":\"https:\/\/monkomp.pl\/produkt\/bingo-max-2\/#breadcrumb\"},\"inLanguage\":\"en-GB\",\"potentialAction\":[{\"@type\":\"ReadAction\",\"target\":[\"https:\/\/monkomp.pl\/produkt\/bingo-max-2\/\"]}]},{\"@type\":\"ImageObject\",\"inLanguage\":\"en-GB\",\"@id\":\"https:\/\/monkomp.pl\/produkt\/bingo-max-2\/#primaryimage\",\"url\":\"https:\/\/monkomp.pl\/wp-content\/uploads\/2022\/07\/kasa-fiskalna-bingo-max-2-online-posnet-1.jpg\",\"contentUrl\":\"https:\/\/monkomp.pl\/wp-content\/uploads\/2022\/07\/kasa-fiskalna-bingo-max-2-online-posnet-1.jpg\",\"width\":600,\"height\":600,\"caption\":\"Posnet Bingo Max 2 Online\"},{\"@type\":\"BreadcrumbList\",\"@id\":\"https:\/\/monkomp.pl\/produkt\/bingo-max-2\/#breadcrumb\",\"itemListElement\":[{\"@type\":\"ListItem\",\"position\":1,\"name\":\"Strona g\u0142\u00f3wna\",\"item\":\"https:\/\/monkomp.pl\/\"},{\"@type\":\"ListItem\",\"position\":2,\"name\":\"Sklep\",\"item\":\"https:\/\/monkomp.pl\/sklep\/\"},{\"@type\":\"ListItem\",\"position\":3,\"name\":\"Bingo Max 2 Online\"}]},{\"@type\":\"WebSite\",\"@id\":\"https:\/\/monkomp.pl\/#website\",\"url\":\"https:\/\/monkomp.pl\/\",\"name\":\"Kasy fiskalne Gda\u0144sk Kasa fiskalna Gdynia Sopot Tr\u00f3jmiasto\",\"description\":\"Kasy fiskalne kasa fisklana\",\"potentialAction\":[{\"@type\":\"SearchAction\",\"target\":{\"@type\":\"EntryPoint\",\"urlTemplate\":\"https:\/\/monkomp.pl\/?s={search_term_string}\"},\"query-input\":{\"@type\":\"PropertyValueSpecification\",\"valueRequired\":true,\"valueName\":\"search_term_string\"}}],\"inLanguage\":\"en-GB\"}]}<\/script>\n<!-- \/ Yoast SEO plugin. -->","yoast_head_json":{"title":"Bingo Max 2 Online - Kasy fiskalne Gda\u0144sk Kasa fiskalna Gdynia Sopot Tr\u00f3jmiasto","robots":{"index":"index","follow":"follow","max-snippet":"max-snippet:-1","max-image-preview":"max-image-preview:large","max-video-preview":"max-video-preview:-1"},"canonical":"https:\/\/monkomp.pl\/en\/product\/bingo-max-2\/","og_locale":"en_GB","og_type":"article","og_title":"Bingo Max 2 Online - Kasy fiskalne Gda\u0144sk Kasa fiskalna Gdynia Sopot Tr\u00f3jmiasto","og_description":"Bingo Max to legendarna kasa w\u00a0nowym wydaniu. Po\u0142\u0105czyli\u015bmy niezawodn\u0105 funkcjonalno\u015b\u0107 jej poprzednik\u00f3w z\u00a0now\u0105 form\u0105. Dzi\u0119ki mo\u017cliwo\u015bci rozbudowy o\u00a0dodatkowe modu\u0142y komunikacji, kasa idealnie sprawdzi si\u0119 w\u00a0ma\u0142ych i\u00a0\u015brednich przedsi\u0119biorstwach.","og_url":"https:\/\/monkomp.pl\/en\/product\/bingo-max-2\/","og_site_name":"Kasy fiskalne Gda\u0144sk Kasa fiskalna Gdynia Sopot Tr\u00f3jmiasto","article_modified_time":"2026-02-05T12:42:07+00:00","og_image":[{"width":600,"height":600,"url":"https:\/\/monkomp.pl\/wp-content\/uploads\/2022\/07\/kasa-fiskalna-bingo-max-2-online-posnet-1.jpg","type":"image\/jpeg"}],"twitter_card":"summary_large_image","twitter_misc":{"Estimated reading time":"3 minutes"},"schema":{"@context":"https:\/\/schema.org","@graph":[{"@type":"WebPage","@id":"https:\/\/monkomp.pl\/produkt\/bingo-max-2\/","url":"https:\/\/monkomp.pl\/produkt\/bingo-max-2\/","name":"Bingo Max 2 Online - Kasy fiskalne Gda\u0144sk Kasa fiskalna Gdynia Sopot Tr\u00f3jmiasto","isPartOf":{"@id":"https:\/\/monkomp.pl\/#website"},"primaryImageOfPage":{"@id":"https:\/\/monkomp.pl\/produkt\/bingo-max-2\/#primaryimage"},"image":{"@id":"https:\/\/monkomp.pl\/produkt\/bingo-max-2\/#primaryimage"},"thumbnailUrl":"https:\/\/monkomp.pl\/wp-content\/uploads\/2022\/07\/kasa-fiskalna-bingo-max-2-online-posnet-1.jpg","datePublished":"2022-07-11T22:37:41+00:00","dateModified":"2026-02-05T12:42:07+00:00","breadcrumb":{"@id":"https:\/\/monkomp.pl\/produkt\/bingo-max-2\/#breadcrumb"},"inLanguage":"en-GB","potentialAction":[{"@type":"ReadAction","target":["https:\/\/monkomp.pl\/produkt\/bingo-max-2\/"]}]},{"@type":"ImageObject","inLanguage":"en-GB","@id":"https:\/\/monkomp.pl\/produkt\/bingo-max-2\/#primaryimage","url":"https:\/\/monkomp.pl\/wp-content\/uploads\/2022\/07\/kasa-fiskalna-bingo-max-2-online-posnet-1.jpg","contentUrl":"https:\/\/monkomp.pl\/wp-content\/uploads\/2022\/07\/kasa-fiskalna-bingo-max-2-online-posnet-1.jpg","width":600,"height":600,"caption":"Posnet Bingo Max 2 Online"},{"@type":"BreadcrumbList","@id":"https:\/\/monkomp.pl\/produkt\/bingo-max-2\/#breadcrumb","itemListElement":[{"@type":"ListItem","position":1,"name":"Strona g\u0142\u00f3wna","item":"https:\/\/monkomp.pl\/"},{"@type":"ListItem","position":2,"name":"Sklep","item":"https:\/\/monkomp.pl\/sklep\/"},{"@type":"ListItem","position":3,"name":"Bingo Max 2 Online"}]},{"@type":"WebSite","@id":"https:\/\/monkomp.pl\/#website","url":"https:\/\/monkomp.pl\/","name":"Kasy fiskalne Gda\u0144sk Kasa fiskalna Gdynia Sopot Tr\u00f3jmiasto","description":"Kasy fiskalne kasa fisklana","potentialAction":[{"@type":"SearchAction","target":{"@type":"EntryPoint","urlTemplate":"https:\/\/monkomp.pl\/?s={search_term_string}"},"query-input":{"@type":"PropertyValueSpecification","valueRequired":true,"valueName":"search_term_string"}}],"inLanguage":"en-GB"}]}},"_links":{"self":[{"href":"https:\/\/monkomp.pl\/en\/wp-json\/wp\/v2\/product\/2266","targetHints":{"allow":["GET"]}}],"collection":[{"href":"https:\/\/monkomp.pl\/en\/wp-json\/wp\/v2\/product"}],"about":[{"href":"https:\/\/monkomp.pl\/en\/wp-json\/wp\/v2\/types\/product"}],"replies":[{"embeddable":true,"href":"https:\/\/monkomp.pl\/en\/wp-json\/wp\/v2\/comments?post=2266"}],"wp:featuredmedia":[{"embeddable":true,"href":"https:\/\/monkomp.pl\/en\/wp-json\/wp\/v2\/media\/2874"}],"wp:attachment":[{"href":"https:\/\/monkomp.pl\/en\/wp-json\/wp\/v2\/media?parent=2266"}],"wp:term":[{"taxonomy":"product_brand","embeddable":true,"href":"https:\/\/monkomp.pl\/en\/wp-json\/wp\/v2\/product_brand?post=2266"},{"taxonomy":"product_cat","embeddable":true,"href":"https:\/\/monkomp.pl\/en\/wp-json\/wp\/v2\/product_cat?post=2266"},{"taxonomy":"product_tag","embeddable":true,"href":"https:\/\/monkomp.pl\/en\/wp-json\/wp\/v2\/product_tag?post=2266"}],"curies":[{"name":"wp","href":"https:\/\/api.w.org\/{rel}","templated":true}]}}