{"id":2297,"date":"2022-07-12T02:24:17","date_gmt":"2022-07-12T00:24:17","guid":{"rendered":"https:\/\/monkomp.pl\/?post_type=product&#038;p=2297"},"modified":"2022-07-12T02:24:17","modified_gmt":"2022-07-12T00:24:17","slug":"drukarka-paragonowa-npos-thermal-t800-bonowa","status":"publish","type":"product","link":"https:\/\/monkomp.pl\/en\/product\/drukarka-paragonowa-npos-thermal-t800-bonowa\/","title":{"rendered":"Drukarka paragonowa NPOS Thermal T800 (bonowa)"},"content":{"rendered":"<div class=\"container\">\n<section id=\"sectionDescription\" class=\"techCart\">\n<div class=\"techCart__header\">\n<div class=\"wyswigContent\">Niezwykle elegancka, kompaktowa i uniwersalna drukarka T800N zaspokoi potrzeby najbardziej wymagaj\u0105cych u\u017cytkownik\u00f3w.<\/div>\n<div><\/div>\n<div class=\"wyswigContent\">G\u0142\u00f3wne zalety urz\u0105dzenia:<\/div>\n<div class=\"wyswigContent\">\n<ul>\n<li>najnowsze wzornictwo przemys\u0142owe<\/li>\n<li>kompaktowe rozmiary do 40% mniejsze w por\u00f3wnaniu do tradycyjnych drukarek<\/li>\n<li>wydruk z g\u00f3ry lub przodu urz\u0105dzenia<\/li>\n<li>pr\u0119dko\u015b\u0107 wydruku do 260 mm\/sekund\u0119<\/li>\n<li>porty komunikacyjne: USB, Ethernet, RS (COM)<\/li>\n<li>obcinacz papieru cz\u0119\u015bciowy lub ca\u0142kowity<\/li>\n<li>regulacja szeroko\u015bci papieru<\/li>\n<li>d\u017awi\u0119kowa sygnalizacja wydruku<\/li>\n<\/ul>\n<p><a href=\"https:\/\/monkomp.pl\/wp-content\/uploads\/2022\/07\/specyfikacja-techniczna-1-1.png\"><img loading=\"lazy\" decoding=\"async\" class=\"aligncenter wp-image-2302 size-full\" src=\"https:\/\/monkomp.pl\/wp-content\/uploads\/2022\/07\/specyfikacja-techniczna-1-1.png\" alt=\"Drukarka paragonowa NPOS Thermal T800 (bonowa) -specyfikacja techniczna\" width=\"712\" height=\"1650\" srcset=\"https:\/\/monkomp.pl\/wp-content\/uploads\/2022\/07\/specyfikacja-techniczna-1-1.png 712w, https:\/\/monkomp.pl\/wp-content\/uploads\/2022\/07\/specyfikacja-techniczna-1-1-480x1112.png 480w\" sizes=\"(min-width: 0px) and (max-width: 480px) 480px, (min-width: 481px) 712px, 100vw\" \/><\/a><\/p>\n<\/div>\n<\/div>\n<\/section>\n<\/div>\n<section class=\"wyswigContent\"><\/section>","protected":false},"excerpt":{"rendered":"<div class=\"container\">\n<section id=\"sectionDescription\" class=\"techCart\">\n<div class=\"techCart__header\">\n<div class=\"wyswigContent\">Niezwykle elegancka, kompaktowa i uniwersalna drukarka T800N zaspokoi potrzeby najbardziej wymagaj\u0105cych u\u017cytkownik\u00f3w.<\/div>\n<div><\/div>\n<div class=\"wyswigContent\">G\u0142\u00f3wne zalety urz\u0105dzenia:<\/div>\n<div class=\"wyswigContent\">\n<ul>\n<li>najnowsze wzornictwo przemys\u0142owe<\/li>\n<li>kompaktowe rozmiary do 40% mniejsze w por\u00f3wnaniu do tradycyjnych drukarek<\/li>\n<li>wydruk z g\u00f3ry lub przodu urz\u0105dzenia<\/li>\n<li>pr\u0119dko\u015b\u0107 wydruku do 260 mm\/sekund\u0119<\/li>\n<li>porty komunikacyjne: USB, Ethernet, RS (COM)<\/li>\n<li>obcinacz papieru cz\u0119\u015bciowy lub ca\u0142kowity<\/li>\n<li>regulacja szeroko\u015bci papieru<\/li>\n<li>d\u017awi\u0119kowa sygnalizacja wydruku<\/li>\n<\/ul>\n<\/div>\n<\/div>\n<\/section>\n<\/div>\n<section class=\"wyswigContent\"><\/section>","protected":false},"featured_media":2298,"comment_status":"closed","ping_status":"closed","template":"","meta":{"_et_pb_use_builder":"","_et_pb_old_content":"","_et_gb_content_width":""},"product_brand":[],"product_cat":[51,40,48],"product_tag":[],"class_list":{"0":"post-2297","1":"product","2":"type-product","3":"status-publish","4":"has-post-thumbnail","6":"product_cat-drukarki-kuchenne","7":"product_cat-novitus","8":"product_cat-pos","10":"first","11":"instock","12":"taxable","13":"shipping-taxable","14":"purchasable","15":"product-type-simple"},"yoast_head":"<!-- This site is optimized with the Yoast SEO plugin v26.9 - https:\/\/yoast.com\/product\/yoast-seo-wordpress\/ -->\n<title>Drukarka paragonowa NPOS Thermal T800 (bonowa) - Kasy fiskalne Gda\u0144sk Kasa fiskalna Gdynia Sopot Tr\u00f3jmiasto<\/title>\n<meta name=\"robots\" content=\"index, follow, max-snippet:-1, max-image-preview:large, max-video-preview:-1\" \/>\n<link rel=\"canonical\" href=\"https:\/\/monkomp.pl\/en\/product\/drukarka-paragonowa-npos-thermal-t800-bonowa\/\" \/>\n<meta property=\"og:locale\" content=\"en_GB\" \/>\n<meta property=\"og:type\" content=\"article\" \/>\n<meta property=\"og:title\" content=\"Drukarka paragonowa NPOS Thermal T800 (bonowa) - Kasy fiskalne Gda\u0144sk Kasa fiskalna Gdynia Sopot Tr\u00f3jmiasto\" \/>\n<meta property=\"og:description\" content=\"Niezwykle elegancka, kompaktowa i uniwersalna drukarka T800N zaspokoi potrzeby najbardziej wymagaj\u0105cych u\u017cytkownik\u00f3w.  G\u0142\u00f3wne zalety urz\u0105dzenia:    najnowsze wzornictwo przemys\u0142owe  kompaktowe rozmiary do 40% mniejsze w por\u00f3wnaniu do tradycyjnych drukarek  wydruk z g\u00f3ry lub przodu urz\u0105dzenia  pr\u0119dko\u015b\u0107 wydruku do 260 mm\/sekund\u0119  porty komunikacyjne: USB, Ethernet, RS (COM)  obcinacz papieru cz\u0119\u015bciowy lub ca\u0142kowity  regulacja szeroko\u015bci papieru  d\u017awi\u0119kowa sygnalizacja wydruku\" \/>\n<meta property=\"og:url\" content=\"https:\/\/monkomp.pl\/en\/product\/drukarka-paragonowa-npos-thermal-t800-bonowa\/\" \/>\n<meta property=\"og:site_name\" content=\"Kasy fiskalne Gda\u0144sk Kasa fiskalna Gdynia Sopot Tr\u00f3jmiasto\" \/>\n<meta property=\"og:image\" content=\"https:\/\/monkomp.pl\/wp-content\/uploads\/2022\/07\/1-20.png\" \/>\n\t<meta property=\"og:image:width\" content=\"327\" \/>\n\t<meta property=\"og:image:height\" content=\"327\" \/>\n\t<meta property=\"og:image:type\" content=\"image\/png\" \/>\n<meta name=\"twitter:card\" content=\"summary_large_image\" \/>\n<meta name=\"twitter:label1\" content=\"Estimated reading time\" \/>\n\t<meta name=\"twitter:data1\" content=\"1 minute\" \/>\n<script type=\"application\/ld+json\" class=\"yoast-schema-graph\">{\"@context\":\"https:\/\/schema.org\",\"@graph\":[{\"@type\":\"WebPage\",\"@id\":\"https:\/\/monkomp.pl\/produkt\/drukarka-paragonowa-npos-thermal-t800-bonowa\/\",\"url\":\"https:\/\/monkomp.pl\/produkt\/drukarka-paragonowa-npos-thermal-t800-bonowa\/\",\"name\":\"Drukarka paragonowa NPOS Thermal T800 (bonowa) - Kasy fiskalne Gda\u0144sk Kasa fiskalna Gdynia Sopot Tr\u00f3jmiasto\",\"isPartOf\":{\"@id\":\"https:\/\/monkomp.pl\/#website\"},\"primaryImageOfPage\":{\"@id\":\"https:\/\/monkomp.pl\/produkt\/drukarka-paragonowa-npos-thermal-t800-bonowa\/#primaryimage\"},\"image\":{\"@id\":\"https:\/\/monkomp.pl\/produkt\/drukarka-paragonowa-npos-thermal-t800-bonowa\/#primaryimage\"},\"thumbnailUrl\":\"https:\/\/monkomp.pl\/wp-content\/uploads\/2022\/07\/1-20.png\",\"datePublished\":\"2022-07-12T00:24:17+00:00\",\"breadcrumb\":{\"@id\":\"https:\/\/monkomp.pl\/produkt\/drukarka-paragonowa-npos-thermal-t800-bonowa\/#breadcrumb\"},\"inLanguage\":\"en-GB\",\"potentialAction\":[{\"@type\":\"ReadAction\",\"target\":[\"https:\/\/monkomp.pl\/produkt\/drukarka-paragonowa-npos-thermal-t800-bonowa\/\"]}]},{\"@type\":\"ImageObject\",\"inLanguage\":\"en-GB\",\"@id\":\"https:\/\/monkomp.pl\/produkt\/drukarka-paragonowa-npos-thermal-t800-bonowa\/#primaryimage\",\"url\":\"https:\/\/monkomp.pl\/wp-content\/uploads\/2022\/07\/1-20.png\",\"contentUrl\":\"https:\/\/monkomp.pl\/wp-content\/uploads\/2022\/07\/1-20.png\",\"width\":327,\"height\":327,\"caption\":\"Drukarka paragonowa NPOS Thermal T800 (bonowa)\"},{\"@type\":\"BreadcrumbList\",\"@id\":\"https:\/\/monkomp.pl\/produkt\/drukarka-paragonowa-npos-thermal-t800-bonowa\/#breadcrumb\",\"itemListElement\":[{\"@type\":\"ListItem\",\"position\":1,\"name\":\"Strona g\u0142\u00f3wna\",\"item\":\"https:\/\/monkomp.pl\/\"},{\"@type\":\"ListItem\",\"position\":2,\"name\":\"Sklep\",\"item\":\"https:\/\/monkomp.pl\/sklep\/\"},{\"@type\":\"ListItem\",\"position\":3,\"name\":\"Drukarka paragonowa NPOS Thermal T800 (bonowa)\"}]},{\"@type\":\"WebSite\",\"@id\":\"https:\/\/monkomp.pl\/#website\",\"url\":\"https:\/\/monkomp.pl\/\",\"name\":\"Kasy fiskalne Gda\u0144sk Kasa fiskalna Gdynia Sopot Tr\u00f3jmiasto\",\"description\":\"Kasy fiskalne kasa fisklana\",\"potentialAction\":[{\"@type\":\"SearchAction\",\"target\":{\"@type\":\"EntryPoint\",\"urlTemplate\":\"https:\/\/monkomp.pl\/?s={search_term_string}\"},\"query-input\":{\"@type\":\"PropertyValueSpecification\",\"valueRequired\":true,\"valueName\":\"search_term_string\"}}],\"inLanguage\":\"en-GB\"}]}<\/script>\n<!-- \/ Yoast SEO plugin. -->","yoast_head_json":{"title":"Drukarka paragonowa NPOS Thermal T800 (bonowa) - Kasy fiskalne Gda\u0144sk Kasa fiskalna Gdynia Sopot Tr\u00f3jmiasto","robots":{"index":"index","follow":"follow","max-snippet":"max-snippet:-1","max-image-preview":"max-image-preview:large","max-video-preview":"max-video-preview:-1"},"canonical":"https:\/\/monkomp.pl\/en\/product\/drukarka-paragonowa-npos-thermal-t800-bonowa\/","og_locale":"en_GB","og_type":"article","og_title":"Drukarka paragonowa NPOS Thermal T800 (bonowa) - Kasy fiskalne Gda\u0144sk Kasa fiskalna Gdynia Sopot Tr\u00f3jmiasto","og_description":"Niezwykle elegancka, kompaktowa i uniwersalna drukarka T800N zaspokoi potrzeby najbardziej wymagaj\u0105cych u\u017cytkownik\u00f3w.  G\u0142\u00f3wne zalety urz\u0105dzenia:    najnowsze wzornictwo przemys\u0142owe  kompaktowe rozmiary do 40% mniejsze w por\u00f3wnaniu do tradycyjnych drukarek  wydruk z g\u00f3ry lub przodu urz\u0105dzenia  pr\u0119dko\u015b\u0107 wydruku do 260 mm\/sekund\u0119  porty komunikacyjne: USB, Ethernet, RS (COM)  obcinacz papieru cz\u0119\u015bciowy lub ca\u0142kowity  regulacja szeroko\u015bci papieru  d\u017awi\u0119kowa sygnalizacja wydruku","og_url":"https:\/\/monkomp.pl\/en\/product\/drukarka-paragonowa-npos-thermal-t800-bonowa\/","og_site_name":"Kasy fiskalne Gda\u0144sk Kasa fiskalna Gdynia Sopot Tr\u00f3jmiasto","og_image":[{"width":327,"height":327,"url":"https:\/\/monkomp.pl\/wp-content\/uploads\/2022\/07\/1-20.png","type":"image\/png"}],"twitter_card":"summary_large_image","twitter_misc":{"Estimated reading time":"1 minute"},"schema":{"@context":"https:\/\/schema.org","@graph":[{"@type":"WebPage","@id":"https:\/\/monkomp.pl\/produkt\/drukarka-paragonowa-npos-thermal-t800-bonowa\/","url":"https:\/\/monkomp.pl\/produkt\/drukarka-paragonowa-npos-thermal-t800-bonowa\/","name":"Drukarka paragonowa NPOS Thermal T800 (bonowa) - Kasy fiskalne Gda\u0144sk Kasa fiskalna Gdynia Sopot Tr\u00f3jmiasto","isPartOf":{"@id":"https:\/\/monkomp.pl\/#website"},"primaryImageOfPage":{"@id":"https:\/\/monkomp.pl\/produkt\/drukarka-paragonowa-npos-thermal-t800-bonowa\/#primaryimage"},"image":{"@id":"https:\/\/monkomp.pl\/produkt\/drukarka-paragonowa-npos-thermal-t800-bonowa\/#primaryimage"},"thumbnailUrl":"https:\/\/monkomp.pl\/wp-content\/uploads\/2022\/07\/1-20.png","datePublished":"2022-07-12T00:24:17+00:00","breadcrumb":{"@id":"https:\/\/monkomp.pl\/produkt\/drukarka-paragonowa-npos-thermal-t800-bonowa\/#breadcrumb"},"inLanguage":"en-GB","potentialAction":[{"@type":"ReadAction","target":["https:\/\/monkomp.pl\/produkt\/drukarka-paragonowa-npos-thermal-t800-bonowa\/"]}]},{"@type":"ImageObject","inLanguage":"en-GB","@id":"https:\/\/monkomp.pl\/produkt\/drukarka-paragonowa-npos-thermal-t800-bonowa\/#primaryimage","url":"https:\/\/monkomp.pl\/wp-content\/uploads\/2022\/07\/1-20.png","contentUrl":"https:\/\/monkomp.pl\/wp-content\/uploads\/2022\/07\/1-20.png","width":327,"height":327,"caption":"Drukarka paragonowa NPOS Thermal T800 (bonowa)"},{"@type":"BreadcrumbList","@id":"https:\/\/monkomp.pl\/produkt\/drukarka-paragonowa-npos-thermal-t800-bonowa\/#breadcrumb","itemListElement":[{"@type":"ListItem","position":1,"name":"Strona g\u0142\u00f3wna","item":"https:\/\/monkomp.pl\/"},{"@type":"ListItem","position":2,"name":"Sklep","item":"https:\/\/monkomp.pl\/sklep\/"},{"@type":"ListItem","position":3,"name":"Drukarka paragonowa NPOS Thermal T800 (bonowa)"}]},{"@type":"WebSite","@id":"https:\/\/monkomp.pl\/#website","url":"https:\/\/monkomp.pl\/","name":"Kasy fiskalne Gda\u0144sk Kasa fiskalna Gdynia Sopot Tr\u00f3jmiasto","description":"Kasy fiskalne kasa fisklana","potentialAction":[{"@type":"SearchAction","target":{"@type":"EntryPoint","urlTemplate":"https:\/\/monkomp.pl\/?s={search_term_string}"},"query-input":{"@type":"PropertyValueSpecification","valueRequired":true,"valueName":"search_term_string"}}],"inLanguage":"en-GB"}]}},"_links":{"self":[{"href":"https:\/\/monkomp.pl\/en\/wp-json\/wp\/v2\/product\/2297","targetHints":{"allow":["GET"]}}],"collection":[{"href":"https:\/\/monkomp.pl\/en\/wp-json\/wp\/v2\/product"}],"about":[{"href":"https:\/\/monkomp.pl\/en\/wp-json\/wp\/v2\/types\/product"}],"replies":[{"embeddable":true,"href":"https:\/\/monkomp.pl\/en\/wp-json\/wp\/v2\/comments?post=2297"}],"wp:featuredmedia":[{"embeddable":true,"href":"https:\/\/monkomp.pl\/en\/wp-json\/wp\/v2\/media\/2298"}],"wp:attachment":[{"href":"https:\/\/monkomp.pl\/en\/wp-json\/wp\/v2\/media?parent=2297"}],"wp:term":[{"taxonomy":"product_brand","embeddable":true,"href":"https:\/\/monkomp.pl\/en\/wp-json\/wp\/v2\/product_brand?post=2297"},{"taxonomy":"product_cat","embeddable":true,"href":"https:\/\/monkomp.pl\/en\/wp-json\/wp\/v2\/product_cat?post=2297"},{"taxonomy":"product_tag","embeddable":true,"href":"https:\/\/monkomp.pl\/en\/wp-json\/wp\/v2\/product_tag?post=2297"}],"curies":[{"name":"wp","href":"https:\/\/api.w.org\/{rel}","templated":true}]}}