{"id":2305,"date":"2022-07-12T02:29:00","date_gmt":"2022-07-12T00:29:00","guid":{"rendered":"https:\/\/monkomp.pl\/?post_type=product&#038;p=2305"},"modified":"2022-07-12T02:29:01","modified_gmt":"2022-07-12T00:29:01","slug":"buzzer-uniwersalny-do-drukarek-paragonowych","status":"publish","type":"product","link":"https:\/\/monkomp.pl\/en\/product\/buzzer-uniwersalny-do-drukarek-paragonowych\/","title":{"rendered":"Buzzer! Uniwersalny do drukarek paragonowych"},"content":{"rendered":"<p>Je\u017celi w miejscu pracy drukarki panuje du\u017cy ha\u0142as sprawiaj\u0105cy, \u017ce obs\u0142uga nie s\u0142yszy kiedy pojwi si\u0119 wydruk rozwi\u0105zaniem problemu b\u0119dzie instalacja BUZZER!&#8217;a.<\/p>\n<p>Jest to niewielkie urz\u0105dzenie generuj\u0105ce dodatkowy\u00a0<strong>g\u0142o\u015bny<\/strong>\u00a0sygna\u0142 d\u017awi\u0119kowy sygnalizuj\u0105cy pojawienie si\u0119 wydruku na drukarce kuchennej.<\/p>\n<p>Komunikacja z drukark\u0105 odbywa si\u0119 poprzez z\u0142\u0105cze RJ-11, 24V. D\u0142ugo\u015b\u0107 przewodu sygna\u0142owego ok. 150cm<\/p>\n<p>W zestawie dodatkowo specjalna ta\u015bma monta\u017cowa umo\u017cliwiaj\u0105ca instalacj\u0119 BUZZER!&#8217;a bezpo\u015brednio na drukarce lub w jej otoczeniu.<\/p>","protected":false},"excerpt":{"rendered":"<p>Je\u017celi w miejscu pracy drukarki panuje du\u017cy ha\u0142as sprawiaj\u0105cy, \u017ce obs\u0142uga nie s\u0142yszy kiedy pojwi si\u0119 wydruk rozwi\u0105zaniem problemu b\u0119dzie instalacja BUZZER!&#8217;a.<\/p>\n<p>Jest to niewielkie urz\u0105dzenie generuj\u0105ce dodatkowy\u00a0<strong>g\u0142o\u015bny<\/strong>\u00a0sygna\u0142 d\u017awi\u0119kowy sygnalizuj\u0105cy pojawienie si\u0119 wydruku na drukarce kuchennej.<\/p>\n<p>Komunikacja z drukark\u0105 odbywa si\u0119 poprzez z\u0142\u0105cze RJ-11, 24V. D\u0142ugo\u015b\u0107 przewodu sygna\u0142owego ok. 150cm<\/p>\n<p>W zestawie dodatkowo specjalna ta\u015bma monta\u017cowa umo\u017cliwiaj\u0105ca instalacj\u0119 BUZZER!&#8217;a bezpo\u015brednio na drukarce lub w jej otoczeniu.<\/p>","protected":false},"featured_media":2306,"comment_status":"closed","ping_status":"closed","template":"","meta":{"_et_pb_use_builder":"","_et_pb_old_content":"","_et_gb_content_width":""},"product_brand":[],"product_cat":[51,40,48],"product_tag":[],"class_list":{"0":"post-2305","1":"product","2":"type-product","3":"status-publish","4":"has-post-thumbnail","6":"product_cat-drukarki-kuchenne","7":"product_cat-novitus","8":"product_cat-pos","10":"first","11":"instock","12":"taxable","13":"shipping-taxable","14":"purchasable","15":"product-type-simple"},"yoast_head":"<!-- This site is optimized with the Yoast SEO plugin v26.9 - https:\/\/yoast.com\/product\/yoast-seo-wordpress\/ -->\n<title>Buzzer! Uniwersalny do drukarek paragonowych - Kasy fiskalne Gda\u0144sk Kasa fiskalna Gdynia Sopot Tr\u00f3jmiasto<\/title>\n<meta name=\"robots\" content=\"index, follow, max-snippet:-1, max-image-preview:large, max-video-preview:-1\" \/>\n<link rel=\"canonical\" href=\"https:\/\/monkomp.pl\/en\/product\/buzzer-uniwersalny-do-drukarek-paragonowych\/\" \/>\n<meta property=\"og:locale\" content=\"en_GB\" \/>\n<meta property=\"og:type\" content=\"article\" \/>\n<meta property=\"og:title\" content=\"Buzzer! Uniwersalny do drukarek paragonowych - Kasy fiskalne Gda\u0144sk Kasa fiskalna Gdynia Sopot Tr\u00f3jmiasto\" \/>\n<meta property=\"og:description\" content=\"Je\u017celi w miejscu pracy drukarki panuje du\u017cy ha\u0142as sprawiaj\u0105cy, \u017ce obs\u0142uga nie s\u0142yszy kiedy pojwi si\u0119 wydruk rozwi\u0105zaniem problemu b\u0119dzie instalacja BUZZER!&#039;a.  Jest to niewielkie urz\u0105dzenie generuj\u0105ce dodatkowy\u00a0g\u0142o\u015bny\u00a0sygna\u0142 d\u017awi\u0119kowy sygnalizuj\u0105cy pojawienie si\u0119 wydruku na drukarce kuchennej.  Komunikacja z drukark\u0105 odbywa si\u0119 poprzez z\u0142\u0105cze RJ-11, 24V. D\u0142ugo\u015b\u0107 przewodu sygna\u0142owego ok. 150cm  W zestawie dodatkowo specjalna ta\u015bma monta\u017cowa umo\u017cliwiaj\u0105ca instalacj\u0119 BUZZER!&#039;a bezpo\u015brednio na drukarce lub w jej otoczeniu.\" \/>\n<meta property=\"og:url\" content=\"https:\/\/monkomp.pl\/en\/product\/buzzer-uniwersalny-do-drukarek-paragonowych\/\" \/>\n<meta property=\"og:site_name\" content=\"Kasy fiskalne Gda\u0144sk Kasa fiskalna Gdynia Sopot Tr\u00f3jmiasto\" \/>\n<meta property=\"article:modified_time\" content=\"2022-07-12T00:29:01+00:00\" \/>\n<meta property=\"og:image\" content=\"https:\/\/monkomp.pl\/wp-content\/uploads\/2022\/07\/1-24.jpg\" \/>\n\t<meta property=\"og:image:width\" content=\"490\" \/>\n\t<meta property=\"og:image:height\" content=\"327\" \/>\n\t<meta property=\"og:image:type\" content=\"image\/jpeg\" \/>\n<meta name=\"twitter:card\" content=\"summary_large_image\" \/>\n<meta name=\"twitter:label1\" content=\"Estimated reading time\" \/>\n\t<meta name=\"twitter:data1\" content=\"1 minute\" \/>\n<script type=\"application\/ld+json\" class=\"yoast-schema-graph\">{\"@context\":\"https:\/\/schema.org\",\"@graph\":[{\"@type\":\"WebPage\",\"@id\":\"https:\/\/monkomp.pl\/produkt\/buzzer-uniwersalny-do-drukarek-paragonowych\/\",\"url\":\"https:\/\/monkomp.pl\/produkt\/buzzer-uniwersalny-do-drukarek-paragonowych\/\",\"name\":\"Buzzer! Uniwersalny do drukarek paragonowych - Kasy fiskalne Gda\u0144sk Kasa fiskalna Gdynia Sopot Tr\u00f3jmiasto\",\"isPartOf\":{\"@id\":\"https:\/\/monkomp.pl\/#website\"},\"primaryImageOfPage\":{\"@id\":\"https:\/\/monkomp.pl\/produkt\/buzzer-uniwersalny-do-drukarek-paragonowych\/#primaryimage\"},\"image\":{\"@id\":\"https:\/\/monkomp.pl\/produkt\/buzzer-uniwersalny-do-drukarek-paragonowych\/#primaryimage\"},\"thumbnailUrl\":\"https:\/\/monkomp.pl\/wp-content\/uploads\/2022\/07\/1-24.jpg\",\"datePublished\":\"2022-07-12T00:29:00+00:00\",\"dateModified\":\"2022-07-12T00:29:01+00:00\",\"breadcrumb\":{\"@id\":\"https:\/\/monkomp.pl\/produkt\/buzzer-uniwersalny-do-drukarek-paragonowych\/#breadcrumb\"},\"inLanguage\":\"en-GB\",\"potentialAction\":[{\"@type\":\"ReadAction\",\"target\":[\"https:\/\/monkomp.pl\/produkt\/buzzer-uniwersalny-do-drukarek-paragonowych\/\"]}]},{\"@type\":\"ImageObject\",\"inLanguage\":\"en-GB\",\"@id\":\"https:\/\/monkomp.pl\/produkt\/buzzer-uniwersalny-do-drukarek-paragonowych\/#primaryimage\",\"url\":\"https:\/\/monkomp.pl\/wp-content\/uploads\/2022\/07\/1-24.jpg\",\"contentUrl\":\"https:\/\/monkomp.pl\/wp-content\/uploads\/2022\/07\/1-24.jpg\",\"width\":490,\"height\":327,\"caption\":\"Buzzer! Uniwersalny do drukarek paragonowych\"},{\"@type\":\"BreadcrumbList\",\"@id\":\"https:\/\/monkomp.pl\/produkt\/buzzer-uniwersalny-do-drukarek-paragonowych\/#breadcrumb\",\"itemListElement\":[{\"@type\":\"ListItem\",\"position\":1,\"name\":\"Strona g\u0142\u00f3wna\",\"item\":\"https:\/\/monkomp.pl\/\"},{\"@type\":\"ListItem\",\"position\":2,\"name\":\"Sklep\",\"item\":\"https:\/\/monkomp.pl\/sklep\/\"},{\"@type\":\"ListItem\",\"position\":3,\"name\":\"Buzzer! Uniwersalny do drukarek paragonowych\"}]},{\"@type\":\"WebSite\",\"@id\":\"https:\/\/monkomp.pl\/#website\",\"url\":\"https:\/\/monkomp.pl\/\",\"name\":\"Kasy fiskalne Gda\u0144sk Kasa fiskalna Gdynia Sopot Tr\u00f3jmiasto\",\"description\":\"Kasy fiskalne kasa fisklana\",\"potentialAction\":[{\"@type\":\"SearchAction\",\"target\":{\"@type\":\"EntryPoint\",\"urlTemplate\":\"https:\/\/monkomp.pl\/?s={search_term_string}\"},\"query-input\":{\"@type\":\"PropertyValueSpecification\",\"valueRequired\":true,\"valueName\":\"search_term_string\"}}],\"inLanguage\":\"en-GB\"}]}<\/script>\n<!-- \/ Yoast SEO plugin. -->","yoast_head_json":{"title":"Buzzer! Uniwersalny do drukarek paragonowych - Kasy fiskalne Gda\u0144sk Kasa fiskalna Gdynia Sopot Tr\u00f3jmiasto","robots":{"index":"index","follow":"follow","max-snippet":"max-snippet:-1","max-image-preview":"max-image-preview:large","max-video-preview":"max-video-preview:-1"},"canonical":"https:\/\/monkomp.pl\/en\/product\/buzzer-uniwersalny-do-drukarek-paragonowych\/","og_locale":"en_GB","og_type":"article","og_title":"Buzzer! Uniwersalny do drukarek paragonowych - Kasy fiskalne Gda\u0144sk Kasa fiskalna Gdynia Sopot Tr\u00f3jmiasto","og_description":"Je\u017celi w miejscu pracy drukarki panuje du\u017cy ha\u0142as sprawiaj\u0105cy, \u017ce obs\u0142uga nie s\u0142yszy kiedy pojwi si\u0119 wydruk rozwi\u0105zaniem problemu b\u0119dzie instalacja BUZZER!'a.  Jest to niewielkie urz\u0105dzenie generuj\u0105ce dodatkowy\u00a0g\u0142o\u015bny\u00a0sygna\u0142 d\u017awi\u0119kowy sygnalizuj\u0105cy pojawienie si\u0119 wydruku na drukarce kuchennej.  Komunikacja z drukark\u0105 odbywa si\u0119 poprzez z\u0142\u0105cze RJ-11, 24V. D\u0142ugo\u015b\u0107 przewodu sygna\u0142owego ok. 150cm  W zestawie dodatkowo specjalna ta\u015bma monta\u017cowa umo\u017cliwiaj\u0105ca instalacj\u0119 BUZZER!'a bezpo\u015brednio na drukarce lub w jej otoczeniu.","og_url":"https:\/\/monkomp.pl\/en\/product\/buzzer-uniwersalny-do-drukarek-paragonowych\/","og_site_name":"Kasy fiskalne Gda\u0144sk Kasa fiskalna Gdynia Sopot Tr\u00f3jmiasto","article_modified_time":"2022-07-12T00:29:01+00:00","og_image":[{"width":490,"height":327,"url":"https:\/\/monkomp.pl\/wp-content\/uploads\/2022\/07\/1-24.jpg","type":"image\/jpeg"}],"twitter_card":"summary_large_image","twitter_misc":{"Estimated reading time":"1 minute"},"schema":{"@context":"https:\/\/schema.org","@graph":[{"@type":"WebPage","@id":"https:\/\/monkomp.pl\/produkt\/buzzer-uniwersalny-do-drukarek-paragonowych\/","url":"https:\/\/monkomp.pl\/produkt\/buzzer-uniwersalny-do-drukarek-paragonowych\/","name":"Buzzer! Uniwersalny do drukarek paragonowych - Kasy fiskalne Gda\u0144sk Kasa fiskalna Gdynia Sopot Tr\u00f3jmiasto","isPartOf":{"@id":"https:\/\/monkomp.pl\/#website"},"primaryImageOfPage":{"@id":"https:\/\/monkomp.pl\/produkt\/buzzer-uniwersalny-do-drukarek-paragonowych\/#primaryimage"},"image":{"@id":"https:\/\/monkomp.pl\/produkt\/buzzer-uniwersalny-do-drukarek-paragonowych\/#primaryimage"},"thumbnailUrl":"https:\/\/monkomp.pl\/wp-content\/uploads\/2022\/07\/1-24.jpg","datePublished":"2022-07-12T00:29:00+00:00","dateModified":"2022-07-12T00:29:01+00:00","breadcrumb":{"@id":"https:\/\/monkomp.pl\/produkt\/buzzer-uniwersalny-do-drukarek-paragonowych\/#breadcrumb"},"inLanguage":"en-GB","potentialAction":[{"@type":"ReadAction","target":["https:\/\/monkomp.pl\/produkt\/buzzer-uniwersalny-do-drukarek-paragonowych\/"]}]},{"@type":"ImageObject","inLanguage":"en-GB","@id":"https:\/\/monkomp.pl\/produkt\/buzzer-uniwersalny-do-drukarek-paragonowych\/#primaryimage","url":"https:\/\/monkomp.pl\/wp-content\/uploads\/2022\/07\/1-24.jpg","contentUrl":"https:\/\/monkomp.pl\/wp-content\/uploads\/2022\/07\/1-24.jpg","width":490,"height":327,"caption":"Buzzer! Uniwersalny do drukarek paragonowych"},{"@type":"BreadcrumbList","@id":"https:\/\/monkomp.pl\/produkt\/buzzer-uniwersalny-do-drukarek-paragonowych\/#breadcrumb","itemListElement":[{"@type":"ListItem","position":1,"name":"Strona g\u0142\u00f3wna","item":"https:\/\/monkomp.pl\/"},{"@type":"ListItem","position":2,"name":"Sklep","item":"https:\/\/monkomp.pl\/sklep\/"},{"@type":"ListItem","position":3,"name":"Buzzer! Uniwersalny do drukarek paragonowych"}]},{"@type":"WebSite","@id":"https:\/\/monkomp.pl\/#website","url":"https:\/\/monkomp.pl\/","name":"Kasy fiskalne Gda\u0144sk Kasa fiskalna Gdynia Sopot Tr\u00f3jmiasto","description":"Kasy fiskalne kasa fisklana","potentialAction":[{"@type":"SearchAction","target":{"@type":"EntryPoint","urlTemplate":"https:\/\/monkomp.pl\/?s={search_term_string}"},"query-input":{"@type":"PropertyValueSpecification","valueRequired":true,"valueName":"search_term_string"}}],"inLanguage":"en-GB"}]}},"_links":{"self":[{"href":"https:\/\/monkomp.pl\/en\/wp-json\/wp\/v2\/product\/2305","targetHints":{"allow":["GET"]}}],"collection":[{"href":"https:\/\/monkomp.pl\/en\/wp-json\/wp\/v2\/product"}],"about":[{"href":"https:\/\/monkomp.pl\/en\/wp-json\/wp\/v2\/types\/product"}],"replies":[{"embeddable":true,"href":"https:\/\/monkomp.pl\/en\/wp-json\/wp\/v2\/comments?post=2305"}],"wp:featuredmedia":[{"embeddable":true,"href":"https:\/\/monkomp.pl\/en\/wp-json\/wp\/v2\/media\/2306"}],"wp:attachment":[{"href":"https:\/\/monkomp.pl\/en\/wp-json\/wp\/v2\/media?parent=2305"}],"wp:term":[{"taxonomy":"product_brand","embeddable":true,"href":"https:\/\/monkomp.pl\/en\/wp-json\/wp\/v2\/product_brand?post=2305"},{"taxonomy":"product_cat","embeddable":true,"href":"https:\/\/monkomp.pl\/en\/wp-json\/wp\/v2\/product_cat?post=2305"},{"taxonomy":"product_tag","embeddable":true,"href":"https:\/\/monkomp.pl\/en\/wp-json\/wp\/v2\/product_tag?post=2305"}],"curies":[{"name":"wp","href":"https:\/\/api.w.org\/{rel}","templated":true}]}}