{"id":2319,"date":"2022-07-12T03:26:10","date_gmt":"2022-07-12T01:26:10","guid":{"rendered":"https:\/\/monkomp.pl\/?post_type=product&#038;p=2319"},"modified":"2022-07-12T03:27:21","modified_gmt":"2022-07-12T01:27:21","slug":"pos-quant-pcap-3200","status":"publish","type":"product","link":"https:\/\/monkomp.pl\/en\/product\/pos-quant-pcap-3200\/","title":{"rendered":"POS QUANT PCAP-3200"},"content":{"rendered":"<p>Idealne po\u0142\u0105czenie optymalnie dobranych najwy\u017cszej jako\u015bci komponent\u00f3w oraz niewyg\u00f3rowanej ceny. Pozwala na p\u0142ynn\u0105 prac\u0119 z systemami sprzeda\u017cowymi dost\u0119pnymi na rynku.<\/p>\n<h3>EKRAN<\/h3>\n<p>W przeciwie\u0144stwie do ta\u0144szych rozwi\u0105za\u0144 skonstruowanych na bazie ekran\u00f3w 16:9 w naszym urz\u0105dzeniu zastosowany zosta\u0142 klasyczny 15\u201d ekran formatu 4:3 zapewniaj\u0105cy doskona\u0142\u0105 kompatybilno\u015b\u0107 z aplikacjami sprzeda\u017cowymi dost\u0119pnymi na rynku. Ekran zgodny z norm\u0105 ISO 13406-2 klasa II.<\/p>\n<p>Jest to ekran bezramkowy, tzw. \u201ebezel-free\u201d.<\/p>\n<p>Ekran dotykowy \u2013 P-CAP pojemno\u015bciowy<\/p>\n<p>Ekran spe\u0142nia norm\u0119 IP64 dla wodo- i py\u0142oodporno\u015bci.<\/p>\n<h3>KONSTRUKCJA<\/h3>\n<p>Demonta\u017c podstawy umo\u017cliwia umieszczenie urz\u0105dzenia na \u015bcianie za pomoc\u0105 standardowych uchwyt\u00f3w VESA. Innowacyjne rozwi\u0105zanie w postaci opcjonalnej dwuprzegubowej podstawy zapewnia niezwykle mo\u017cliwo\u015bci wychylania ekranu.<\/p>\n<h3>KOMPONENTY<\/h3>\n<p>Zestaw komponent\u00f3w stanowi\u0105cych standardow\u0105 specyfikacj\u0119 urz\u0105dzenia zapewnia niezwykle wydajn\u0105 prac\u0119.<\/p>\n<p>4-rdzeniowy procesor Intel \u00ae Celeron J1900 Quad Core z taktowaniem 2.0GHz<\/p>\n<p>4GB pami\u0119ci DDR3 z mo\u017cliwo\u015bci\u0105 zwi\u0119kszenia a\u017c do 8GB<\/p>\n<p>dysk twardy SSD pojemno\u015bci 120GB z mo\u017cliwo\u015bci\u0105 rozszerzenia<\/p>\n<h3>OPCJONALNE WYPOSA\u017bENIE<\/h3>\n<p>Bogata gama opcjonalnego wyposa\u017cenia sprawia, i\u017c urz\u0105dzenie mo\u017ce zaspokoi\u0107 wymagania ka\u017cdego Klienta. Oferta obejmuje:<\/p>\n<ul>\n<li>czytnik kart magnetycznych MSR<\/li>\n<li>czytnik kod\u00f3w kreskowych 1D\/2D<\/li>\n<li>wy\u015bwietlacz klienta VFD<\/li>\n<li>wy\u015bwietlacz klienta LCD w formatach 8\u201d i 10\u201d<\/li>\n<\/ul>\n<p>&nbsp;<\/p>\n<h3>SYSTEM OPERACYJNY<\/h3>\n<p>Nasze urz\u0105dzenia oferujemy r\u00f3wnie\u017c z zainstalowanym systemem operacyjnym MS Windows 10 IoT. Jest to system operacyjny dedykowany do urz\u0105dze\u0144 z ekranem dotykowym POS.<\/p>","protected":false},"excerpt":{"rendered":"<p>Idealne po\u0142\u0105czenie optymalnie dobranych najwy\u017cszej jako\u015bci komponent\u00f3w oraz niewyg\u00f3rowanej ceny. Pozwala na p\u0142ynn\u0105 prac\u0119 z systemami sprzeda\u017cowymi dost\u0119pnymi na rynku.<\/p>","protected":false},"featured_media":2320,"comment_status":"closed","ping_status":"closed","template":"","meta":{"_et_pb_use_builder":"","_et_pb_old_content":"","_et_gb_content_width":""},"product_brand":[],"product_cat":[40,48,52],"product_tag":[],"class_list":{"0":"post-2319","1":"product","2":"type-product","3":"status-publish","4":"has-post-thumbnail","6":"product_cat-novitus","7":"product_cat-pos","8":"product_cat-terminale-pos","10":"first","11":"instock","12":"taxable","13":"shipping-taxable","14":"purchasable","15":"product-type-simple"},"yoast_head":"<!-- This site is optimized with the Yoast SEO plugin v26.9 - https:\/\/yoast.com\/product\/yoast-seo-wordpress\/ -->\n<title>POS QUANT PCAP-3200 - Kasy fiskalne Gda\u0144sk Kasa fiskalna Gdynia Sopot Tr\u00f3jmiasto<\/title>\n<meta name=\"robots\" content=\"index, follow, max-snippet:-1, max-image-preview:large, max-video-preview:-1\" \/>\n<link rel=\"canonical\" href=\"https:\/\/monkomp.pl\/en\/product\/pos-quant-pcap-3200\/\" \/>\n<meta property=\"og:locale\" content=\"en_GB\" \/>\n<meta property=\"og:type\" content=\"article\" \/>\n<meta property=\"og:title\" content=\"POS QUANT PCAP-3200 - Kasy fiskalne Gda\u0144sk Kasa fiskalna Gdynia Sopot Tr\u00f3jmiasto\" \/>\n<meta property=\"og:description\" content=\"Idealne po\u0142\u0105czenie optymalnie dobranych najwy\u017cszej jako\u015bci komponent\u00f3w oraz niewyg\u00f3rowanej ceny. Pozwala na p\u0142ynn\u0105 prac\u0119 z systemami sprzeda\u017cowymi dost\u0119pnymi na rynku.\" \/>\n<meta property=\"og:url\" content=\"https:\/\/monkomp.pl\/en\/product\/pos-quant-pcap-3200\/\" \/>\n<meta property=\"og:site_name\" content=\"Kasy fiskalne Gda\u0144sk Kasa fiskalna Gdynia Sopot Tr\u00f3jmiasto\" \/>\n<meta property=\"article:modified_time\" content=\"2022-07-12T01:27:21+00:00\" \/>\n<meta property=\"og:image\" content=\"https:\/\/monkomp.pl\/wp-content\/uploads\/2022\/07\/1-25.jpg\" \/>\n\t<meta property=\"og:image:width\" content=\"334\" \/>\n\t<meta property=\"og:image:height\" content=\"327\" \/>\n\t<meta property=\"og:image:type\" content=\"image\/jpeg\" \/>\n<meta name=\"twitter:card\" content=\"summary_large_image\" \/>\n<meta name=\"twitter:label1\" content=\"Estimated reading time\" \/>\n\t<meta name=\"twitter:data1\" content=\"2 minutes\" \/>\n<script type=\"application\/ld+json\" class=\"yoast-schema-graph\">{\"@context\":\"https:\/\/schema.org\",\"@graph\":[{\"@type\":\"WebPage\",\"@id\":\"https:\/\/monkomp.pl\/produkt\/pos-quant-pcap-3200\/\",\"url\":\"https:\/\/monkomp.pl\/produkt\/pos-quant-pcap-3200\/\",\"name\":\"POS QUANT PCAP-3200 - Kasy fiskalne Gda\u0144sk Kasa fiskalna Gdynia Sopot Tr\u00f3jmiasto\",\"isPartOf\":{\"@id\":\"https:\/\/monkomp.pl\/#website\"},\"primaryImageOfPage\":{\"@id\":\"https:\/\/monkomp.pl\/produkt\/pos-quant-pcap-3200\/#primaryimage\"},\"image\":{\"@id\":\"https:\/\/monkomp.pl\/produkt\/pos-quant-pcap-3200\/#primaryimage\"},\"thumbnailUrl\":\"https:\/\/monkomp.pl\/wp-content\/uploads\/2022\/07\/1-25.jpg\",\"datePublished\":\"2022-07-12T01:26:10+00:00\",\"dateModified\":\"2022-07-12T01:27:21+00:00\",\"breadcrumb\":{\"@id\":\"https:\/\/monkomp.pl\/produkt\/pos-quant-pcap-3200\/#breadcrumb\"},\"inLanguage\":\"en-GB\",\"potentialAction\":[{\"@type\":\"ReadAction\",\"target\":[\"https:\/\/monkomp.pl\/produkt\/pos-quant-pcap-3200\/\"]}]},{\"@type\":\"ImageObject\",\"inLanguage\":\"en-GB\",\"@id\":\"https:\/\/monkomp.pl\/produkt\/pos-quant-pcap-3200\/#primaryimage\",\"url\":\"https:\/\/monkomp.pl\/wp-content\/uploads\/2022\/07\/1-25.jpg\",\"contentUrl\":\"https:\/\/monkomp.pl\/wp-content\/uploads\/2022\/07\/1-25.jpg\",\"width\":334,\"height\":327,\"caption\":\"POS QUANT PCAP-3200\"},{\"@type\":\"BreadcrumbList\",\"@id\":\"https:\/\/monkomp.pl\/produkt\/pos-quant-pcap-3200\/#breadcrumb\",\"itemListElement\":[{\"@type\":\"ListItem\",\"position\":1,\"name\":\"Strona g\u0142\u00f3wna\",\"item\":\"https:\/\/monkomp.pl\/\"},{\"@type\":\"ListItem\",\"position\":2,\"name\":\"Sklep\",\"item\":\"https:\/\/monkomp.pl\/sklep\/\"},{\"@type\":\"ListItem\",\"position\":3,\"name\":\"POS QUANT PCAP-3200\"}]},{\"@type\":\"WebSite\",\"@id\":\"https:\/\/monkomp.pl\/#website\",\"url\":\"https:\/\/monkomp.pl\/\",\"name\":\"Kasy fiskalne Gda\u0144sk Kasa fiskalna Gdynia Sopot Tr\u00f3jmiasto\",\"description\":\"Kasy fiskalne kasa fisklana\",\"potentialAction\":[{\"@type\":\"SearchAction\",\"target\":{\"@type\":\"EntryPoint\",\"urlTemplate\":\"https:\/\/monkomp.pl\/?s={search_term_string}\"},\"query-input\":{\"@type\":\"PropertyValueSpecification\",\"valueRequired\":true,\"valueName\":\"search_term_string\"}}],\"inLanguage\":\"en-GB\"}]}<\/script>\n<!-- \/ Yoast SEO plugin. -->","yoast_head_json":{"title":"POS QUANT PCAP-3200 - Kasy fiskalne Gda\u0144sk Kasa fiskalna Gdynia Sopot Tr\u00f3jmiasto","robots":{"index":"index","follow":"follow","max-snippet":"max-snippet:-1","max-image-preview":"max-image-preview:large","max-video-preview":"max-video-preview:-1"},"canonical":"https:\/\/monkomp.pl\/en\/product\/pos-quant-pcap-3200\/","og_locale":"en_GB","og_type":"article","og_title":"POS QUANT PCAP-3200 - Kasy fiskalne Gda\u0144sk Kasa fiskalna Gdynia Sopot Tr\u00f3jmiasto","og_description":"Idealne po\u0142\u0105czenie optymalnie dobranych najwy\u017cszej jako\u015bci komponent\u00f3w oraz niewyg\u00f3rowanej ceny. Pozwala na p\u0142ynn\u0105 prac\u0119 z systemami sprzeda\u017cowymi dost\u0119pnymi na rynku.","og_url":"https:\/\/monkomp.pl\/en\/product\/pos-quant-pcap-3200\/","og_site_name":"Kasy fiskalne Gda\u0144sk Kasa fiskalna Gdynia Sopot Tr\u00f3jmiasto","article_modified_time":"2022-07-12T01:27:21+00:00","og_image":[{"width":334,"height":327,"url":"https:\/\/monkomp.pl\/wp-content\/uploads\/2022\/07\/1-25.jpg","type":"image\/jpeg"}],"twitter_card":"summary_large_image","twitter_misc":{"Estimated reading time":"2 minutes"},"schema":{"@context":"https:\/\/schema.org","@graph":[{"@type":"WebPage","@id":"https:\/\/monkomp.pl\/produkt\/pos-quant-pcap-3200\/","url":"https:\/\/monkomp.pl\/produkt\/pos-quant-pcap-3200\/","name":"POS QUANT PCAP-3200 - Kasy fiskalne Gda\u0144sk Kasa fiskalna Gdynia Sopot Tr\u00f3jmiasto","isPartOf":{"@id":"https:\/\/monkomp.pl\/#website"},"primaryImageOfPage":{"@id":"https:\/\/monkomp.pl\/produkt\/pos-quant-pcap-3200\/#primaryimage"},"image":{"@id":"https:\/\/monkomp.pl\/produkt\/pos-quant-pcap-3200\/#primaryimage"},"thumbnailUrl":"https:\/\/monkomp.pl\/wp-content\/uploads\/2022\/07\/1-25.jpg","datePublished":"2022-07-12T01:26:10+00:00","dateModified":"2022-07-12T01:27:21+00:00","breadcrumb":{"@id":"https:\/\/monkomp.pl\/produkt\/pos-quant-pcap-3200\/#breadcrumb"},"inLanguage":"en-GB","potentialAction":[{"@type":"ReadAction","target":["https:\/\/monkomp.pl\/produkt\/pos-quant-pcap-3200\/"]}]},{"@type":"ImageObject","inLanguage":"en-GB","@id":"https:\/\/monkomp.pl\/produkt\/pos-quant-pcap-3200\/#primaryimage","url":"https:\/\/monkomp.pl\/wp-content\/uploads\/2022\/07\/1-25.jpg","contentUrl":"https:\/\/monkomp.pl\/wp-content\/uploads\/2022\/07\/1-25.jpg","width":334,"height":327,"caption":"POS QUANT PCAP-3200"},{"@type":"BreadcrumbList","@id":"https:\/\/monkomp.pl\/produkt\/pos-quant-pcap-3200\/#breadcrumb","itemListElement":[{"@type":"ListItem","position":1,"name":"Strona g\u0142\u00f3wna","item":"https:\/\/monkomp.pl\/"},{"@type":"ListItem","position":2,"name":"Sklep","item":"https:\/\/monkomp.pl\/sklep\/"},{"@type":"ListItem","position":3,"name":"POS QUANT PCAP-3200"}]},{"@type":"WebSite","@id":"https:\/\/monkomp.pl\/#website","url":"https:\/\/monkomp.pl\/","name":"Kasy fiskalne Gda\u0144sk Kasa fiskalna Gdynia Sopot Tr\u00f3jmiasto","description":"Kasy fiskalne kasa fisklana","potentialAction":[{"@type":"SearchAction","target":{"@type":"EntryPoint","urlTemplate":"https:\/\/monkomp.pl\/?s={search_term_string}"},"query-input":{"@type":"PropertyValueSpecification","valueRequired":true,"valueName":"search_term_string"}}],"inLanguage":"en-GB"}]}},"_links":{"self":[{"href":"https:\/\/monkomp.pl\/en\/wp-json\/wp\/v2\/product\/2319","targetHints":{"allow":["GET"]}}],"collection":[{"href":"https:\/\/monkomp.pl\/en\/wp-json\/wp\/v2\/product"}],"about":[{"href":"https:\/\/monkomp.pl\/en\/wp-json\/wp\/v2\/types\/product"}],"replies":[{"embeddable":true,"href":"https:\/\/monkomp.pl\/en\/wp-json\/wp\/v2\/comments?post=2319"}],"wp:featuredmedia":[{"embeddable":true,"href":"https:\/\/monkomp.pl\/en\/wp-json\/wp\/v2\/media\/2320"}],"wp:attachment":[{"href":"https:\/\/monkomp.pl\/en\/wp-json\/wp\/v2\/media?parent=2319"}],"wp:term":[{"taxonomy":"product_brand","embeddable":true,"href":"https:\/\/monkomp.pl\/en\/wp-json\/wp\/v2\/product_brand?post=2319"},{"taxonomy":"product_cat","embeddable":true,"href":"https:\/\/monkomp.pl\/en\/wp-json\/wp\/v2\/product_cat?post=2319"},{"taxonomy":"product_tag","embeddable":true,"href":"https:\/\/monkomp.pl\/en\/wp-json\/wp\/v2\/product_tag?post=2319"}],"curies":[{"name":"wp","href":"https:\/\/api.w.org\/{rel}","templated":true}]}}