{"id":2338,"date":"2022-07-12T12:07:48","date_gmt":"2022-07-12T10:07:48","guid":{"rendered":"https:\/\/monkomp.pl\/?post_type=product&#038;p=2338"},"modified":"2022-07-12T12:07:48","modified_gmt":"2022-07-12T10:07:48","slug":"pos-service-pack-extra-36-standard","status":"publish","type":"product","link":"https:\/\/monkomp.pl\/en\/product\/pos-service-pack-extra-36-standard\/","title":{"rendered":"POS Service Pack Extra 36 Standard"},"content":{"rendered":"<p>Us\u0142uga wyd\u0142u\u017cenia standardowej gwarancji do 36 miesi\u0119cy.<\/p>\n<p><strong>Zakup mo\u017cliwy jest wy\u0142\u0105cznie przy zakupie z urz\u0105dzeniem na jednej fakturze.<\/strong> Nie ma mo\u017cliwo\u015bci zakupu w terminie p\u00f3\u017aniejszym. Model urz\u0105dzenia zast\u0119pczego w gestii COMP S.A.<\/p>","protected":false},"excerpt":{"rendered":"<p>Us\u0142uga wyd\u0142u\u017cenia standardowej gwarancji do 36 miesi\u0119cy.<\/p>\n<p><strong>Zakup mo\u017cliwy jest wy\u0142\u0105cznie przy zakupie z urz\u0105dzeniem na jednej fakturze.<\/strong> Nie ma mo\u017cliwo\u015bci zakupu w terminie p\u00f3\u017aniejszym. Model urz\u0105dzenia zast\u0119pczego w gestii COMP S.A.<\/p>","protected":false},"featured_media":2339,"comment_status":"closed","ping_status":"closed","template":"","meta":{"_et_pb_use_builder":"","_et_pb_old_content":"","_et_gb_content_width":""},"product_brand":[],"product_cat":[40,48],"product_tag":[],"class_list":{"0":"post-2338","1":"product","2":"type-product","3":"status-publish","4":"has-post-thumbnail","6":"product_cat-novitus","7":"product_cat-pos","9":"first","10":"instock","11":"taxable","12":"shipping-taxable","13":"purchasable","14":"product-type-simple"},"yoast_head":"<!-- This site is optimized with the Yoast SEO plugin v26.9 - https:\/\/yoast.com\/product\/yoast-seo-wordpress\/ -->\n<title>POS Service Pack Extra 36 Standard - Kasy fiskalne Gda\u0144sk Kasa fiskalna Gdynia Sopot Tr\u00f3jmiasto<\/title>\n<meta name=\"robots\" content=\"index, follow, max-snippet:-1, max-image-preview:large, max-video-preview:-1\" \/>\n<link rel=\"canonical\" href=\"https:\/\/monkomp.pl\/en\/product\/pos-service-pack-extra-36-standard\/\" \/>\n<meta property=\"og:locale\" content=\"en_GB\" \/>\n<meta property=\"og:type\" content=\"article\" \/>\n<meta property=\"og:title\" content=\"POS Service Pack Extra 36 Standard - Kasy fiskalne Gda\u0144sk Kasa fiskalna Gdynia Sopot Tr\u00f3jmiasto\" \/>\n<meta property=\"og:description\" content=\"Us\u0142uga wyd\u0142u\u017cenia standardowej gwarancji do 36 miesi\u0119cy.  Zakup mo\u017cliwy jest wy\u0142\u0105cznie przy zakupie z urz\u0105dzeniem na jednej fakturze. Nie ma mo\u017cliwo\u015bci zakupu w terminie p\u00f3\u017aniejszym. Model urz\u0105dzenia zast\u0119pczego w gestii COMP S.A.\" \/>\n<meta property=\"og:url\" content=\"https:\/\/monkomp.pl\/en\/product\/pos-service-pack-extra-36-standard\/\" \/>\n<meta property=\"og:site_name\" content=\"Kasy fiskalne Gda\u0144sk Kasa fiskalna Gdynia Sopot Tr\u00f3jmiasto\" \/>\n<meta property=\"og:image\" content=\"https:\/\/monkomp.pl\/wp-content\/uploads\/2022\/07\/1-23.png\" \/>\n\t<meta property=\"og:image:width\" content=\"286\" \/>\n\t<meta property=\"og:image:height\" content=\"327\" \/>\n\t<meta property=\"og:image:type\" content=\"image\/png\" \/>\n<meta name=\"twitter:card\" content=\"summary_large_image\" \/>\n<script type=\"application\/ld+json\" class=\"yoast-schema-graph\">{\"@context\":\"https:\/\/schema.org\",\"@graph\":[{\"@type\":\"WebPage\",\"@id\":\"https:\/\/monkomp.pl\/produkt\/pos-service-pack-extra-36-standard\/\",\"url\":\"https:\/\/monkomp.pl\/produkt\/pos-service-pack-extra-36-standard\/\",\"name\":\"POS Service Pack Extra 36 Standard - Kasy fiskalne Gda\u0144sk Kasa fiskalna Gdynia Sopot Tr\u00f3jmiasto\",\"isPartOf\":{\"@id\":\"https:\/\/monkomp.pl\/#website\"},\"primaryImageOfPage\":{\"@id\":\"https:\/\/monkomp.pl\/produkt\/pos-service-pack-extra-36-standard\/#primaryimage\"},\"image\":{\"@id\":\"https:\/\/monkomp.pl\/produkt\/pos-service-pack-extra-36-standard\/#primaryimage\"},\"thumbnailUrl\":\"https:\/\/monkomp.pl\/wp-content\/uploads\/2022\/07\/1-23.png\",\"datePublished\":\"2022-07-12T10:07:48+00:00\",\"breadcrumb\":{\"@id\":\"https:\/\/monkomp.pl\/produkt\/pos-service-pack-extra-36-standard\/#breadcrumb\"},\"inLanguage\":\"en-GB\",\"potentialAction\":[{\"@type\":\"ReadAction\",\"target\":[\"https:\/\/monkomp.pl\/produkt\/pos-service-pack-extra-36-standard\/\"]}]},{\"@type\":\"ImageObject\",\"inLanguage\":\"en-GB\",\"@id\":\"https:\/\/monkomp.pl\/produkt\/pos-service-pack-extra-36-standard\/#primaryimage\",\"url\":\"https:\/\/monkomp.pl\/wp-content\/uploads\/2022\/07\/1-23.png\",\"contentUrl\":\"https:\/\/monkomp.pl\/wp-content\/uploads\/2022\/07\/1-23.png\",\"width\":286,\"height\":327,\"caption\":\"POS Service Pack Extra 36 Standard\"},{\"@type\":\"BreadcrumbList\",\"@id\":\"https:\/\/monkomp.pl\/produkt\/pos-service-pack-extra-36-standard\/#breadcrumb\",\"itemListElement\":[{\"@type\":\"ListItem\",\"position\":1,\"name\":\"Strona g\u0142\u00f3wna\",\"item\":\"https:\/\/monkomp.pl\/\"},{\"@type\":\"ListItem\",\"position\":2,\"name\":\"Sklep\",\"item\":\"https:\/\/monkomp.pl\/sklep\/\"},{\"@type\":\"ListItem\",\"position\":3,\"name\":\"POS Service Pack Extra 36 Standard\"}]},{\"@type\":\"WebSite\",\"@id\":\"https:\/\/monkomp.pl\/#website\",\"url\":\"https:\/\/monkomp.pl\/\",\"name\":\"Kasy fiskalne Gda\u0144sk Kasa fiskalna Gdynia Sopot Tr\u00f3jmiasto\",\"description\":\"Kasy fiskalne kasa fisklana\",\"potentialAction\":[{\"@type\":\"SearchAction\",\"target\":{\"@type\":\"EntryPoint\",\"urlTemplate\":\"https:\/\/monkomp.pl\/?s={search_term_string}\"},\"query-input\":{\"@type\":\"PropertyValueSpecification\",\"valueRequired\":true,\"valueName\":\"search_term_string\"}}],\"inLanguage\":\"en-GB\"}]}<\/script>\n<!-- \/ Yoast SEO plugin. -->","yoast_head_json":{"title":"POS Service Pack Extra 36 Standard - Kasy fiskalne Gda\u0144sk Kasa fiskalna Gdynia Sopot Tr\u00f3jmiasto","robots":{"index":"index","follow":"follow","max-snippet":"max-snippet:-1","max-image-preview":"max-image-preview:large","max-video-preview":"max-video-preview:-1"},"canonical":"https:\/\/monkomp.pl\/en\/product\/pos-service-pack-extra-36-standard\/","og_locale":"en_GB","og_type":"article","og_title":"POS Service Pack Extra 36 Standard - Kasy fiskalne Gda\u0144sk Kasa fiskalna Gdynia Sopot Tr\u00f3jmiasto","og_description":"Us\u0142uga wyd\u0142u\u017cenia standardowej gwarancji do 36 miesi\u0119cy.  Zakup mo\u017cliwy jest wy\u0142\u0105cznie przy zakupie z urz\u0105dzeniem na jednej fakturze. Nie ma mo\u017cliwo\u015bci zakupu w terminie p\u00f3\u017aniejszym. Model urz\u0105dzenia zast\u0119pczego w gestii COMP S.A.","og_url":"https:\/\/monkomp.pl\/en\/product\/pos-service-pack-extra-36-standard\/","og_site_name":"Kasy fiskalne Gda\u0144sk Kasa fiskalna Gdynia Sopot Tr\u00f3jmiasto","og_image":[{"width":286,"height":327,"url":"https:\/\/monkomp.pl\/wp-content\/uploads\/2022\/07\/1-23.png","type":"image\/png"}],"twitter_card":"summary_large_image","schema":{"@context":"https:\/\/schema.org","@graph":[{"@type":"WebPage","@id":"https:\/\/monkomp.pl\/produkt\/pos-service-pack-extra-36-standard\/","url":"https:\/\/monkomp.pl\/produkt\/pos-service-pack-extra-36-standard\/","name":"POS Service Pack Extra 36 Standard - Kasy fiskalne Gda\u0144sk Kasa fiskalna Gdynia Sopot Tr\u00f3jmiasto","isPartOf":{"@id":"https:\/\/monkomp.pl\/#website"},"primaryImageOfPage":{"@id":"https:\/\/monkomp.pl\/produkt\/pos-service-pack-extra-36-standard\/#primaryimage"},"image":{"@id":"https:\/\/monkomp.pl\/produkt\/pos-service-pack-extra-36-standard\/#primaryimage"},"thumbnailUrl":"https:\/\/monkomp.pl\/wp-content\/uploads\/2022\/07\/1-23.png","datePublished":"2022-07-12T10:07:48+00:00","breadcrumb":{"@id":"https:\/\/monkomp.pl\/produkt\/pos-service-pack-extra-36-standard\/#breadcrumb"},"inLanguage":"en-GB","potentialAction":[{"@type":"ReadAction","target":["https:\/\/monkomp.pl\/produkt\/pos-service-pack-extra-36-standard\/"]}]},{"@type":"ImageObject","inLanguage":"en-GB","@id":"https:\/\/monkomp.pl\/produkt\/pos-service-pack-extra-36-standard\/#primaryimage","url":"https:\/\/monkomp.pl\/wp-content\/uploads\/2022\/07\/1-23.png","contentUrl":"https:\/\/monkomp.pl\/wp-content\/uploads\/2022\/07\/1-23.png","width":286,"height":327,"caption":"POS Service Pack Extra 36 Standard"},{"@type":"BreadcrumbList","@id":"https:\/\/monkomp.pl\/produkt\/pos-service-pack-extra-36-standard\/#breadcrumb","itemListElement":[{"@type":"ListItem","position":1,"name":"Strona g\u0142\u00f3wna","item":"https:\/\/monkomp.pl\/"},{"@type":"ListItem","position":2,"name":"Sklep","item":"https:\/\/monkomp.pl\/sklep\/"},{"@type":"ListItem","position":3,"name":"POS Service Pack Extra 36 Standard"}]},{"@type":"WebSite","@id":"https:\/\/monkomp.pl\/#website","url":"https:\/\/monkomp.pl\/","name":"Kasy fiskalne Gda\u0144sk Kasa fiskalna Gdynia Sopot Tr\u00f3jmiasto","description":"Kasy fiskalne kasa fisklana","potentialAction":[{"@type":"SearchAction","target":{"@type":"EntryPoint","urlTemplate":"https:\/\/monkomp.pl\/?s={search_term_string}"},"query-input":{"@type":"PropertyValueSpecification","valueRequired":true,"valueName":"search_term_string"}}],"inLanguage":"en-GB"}]}},"_links":{"self":[{"href":"https:\/\/monkomp.pl\/en\/wp-json\/wp\/v2\/product\/2338","targetHints":{"allow":["GET"]}}],"collection":[{"href":"https:\/\/monkomp.pl\/en\/wp-json\/wp\/v2\/product"}],"about":[{"href":"https:\/\/monkomp.pl\/en\/wp-json\/wp\/v2\/types\/product"}],"replies":[{"embeddable":true,"href":"https:\/\/monkomp.pl\/en\/wp-json\/wp\/v2\/comments?post=2338"}],"wp:featuredmedia":[{"embeddable":true,"href":"https:\/\/monkomp.pl\/en\/wp-json\/wp\/v2\/media\/2339"}],"wp:attachment":[{"href":"https:\/\/monkomp.pl\/en\/wp-json\/wp\/v2\/media?parent=2338"}],"wp:term":[{"taxonomy":"product_brand","embeddable":true,"href":"https:\/\/monkomp.pl\/en\/wp-json\/wp\/v2\/product_brand?post=2338"},{"taxonomy":"product_cat","embeddable":true,"href":"https:\/\/monkomp.pl\/en\/wp-json\/wp\/v2\/product_cat?post=2338"},{"taxonomy":"product_tag","embeddable":true,"href":"https:\/\/monkomp.pl\/en\/wp-json\/wp\/v2\/product_tag?post=2338"}],"curies":[{"name":"wp","href":"https:\/\/api.w.org\/{rel}","templated":true}]}}