{"id":2340,"date":"2022-07-12T12:09:42","date_gmt":"2022-07-12T10:09:42","guid":{"rendered":"https:\/\/monkomp.pl\/?post_type=product&#038;p=2340"},"modified":"2022-07-12T12:09:43","modified_gmt":"2022-07-12T10:09:43","slug":"pos-service-pack-extra-care","status":"publish","type":"product","link":"https:\/\/monkomp.pl\/en\/product\/pos-service-pack-extra-care\/","title":{"rendered":"POS Service Pack Extra Care"},"content":{"rendered":"<p>W sk\u0142ad pakietu serwisowego wchodzi:<\/p>\n<ul>\n<li>wypo\u017cyczenie urz\u0105dzenia zast\u0119pczego<\/li>\n<li>koszt przes\u0142ania do wskazanego punktu wraz z odbiorem uszkodzonego urz\u0105dzenia<\/li>\n<li>koszt dostarczenia urz\u0105dzenia po naprawie \u0142\u0105cznie z odbiorem urz\u0105dzenia zast\u0119pczego<\/li>\n<\/ul>\n<p><strong>Zakup mo\u017cliwy jest wy\u0142\u0105cznie przy zakupie z urz\u0105dzeniem na jednej fakturze.<\/strong> Nie ma mo\u017cliwo\u015bci zakupu w terminie p\u00f3\u017aniejszym. Model urz\u0105dzenia zast\u0119pczego w gestii COMP S.A.<\/p>","protected":false},"excerpt":{"rendered":"<p>W sk\u0142ad pakietu serwisowego wchodzi:<\/p>\n<ul>\n<li>wypo\u017cyczenie urz\u0105dzenia zast\u0119pczego<\/li>\n<li>koszt przes\u0142ania do wskazanego punktu wraz z odbiorem uszkodzonego urz\u0105dzenia<\/li>\n<li>koszt dostarczenia urz\u0105dzenia po naprawie \u0142\u0105cznie z odbiorem urz\u0105dzenia zast\u0119pczego<\/li>\n<\/ul>\n<p><strong>Zakup mo\u017cliwy jest wy\u0142\u0105cznie przy zakupie z urz\u0105dzeniem na jednej fakturze.<\/strong> Nie ma mo\u017cliwo\u015bci zakupu w terminie p\u00f3\u017aniejszym. Model urz\u0105dzenia zast\u0119pczego w gestii COMP S.A.<\/p>","protected":false},"featured_media":2341,"comment_status":"closed","ping_status":"closed","template":"","meta":{"_et_pb_use_builder":"","_et_pb_old_content":"","_et_gb_content_width":""},"product_brand":[],"product_cat":[40,48],"product_tag":[],"class_list":{"0":"post-2340","1":"product","2":"type-product","3":"status-publish","4":"has-post-thumbnail","6":"product_cat-novitus","7":"product_cat-pos","9":"first","10":"instock","11":"taxable","12":"shipping-taxable","13":"purchasable","14":"product-type-simple"},"yoast_head":"<!-- This site is optimized with the Yoast SEO plugin v26.9 - https:\/\/yoast.com\/product\/yoast-seo-wordpress\/ -->\n<title>POS Service Pack Extra Care - Kasy fiskalne Gda\u0144sk Kasa fiskalna Gdynia Sopot Tr\u00f3jmiasto<\/title>\n<meta name=\"robots\" content=\"index, follow, max-snippet:-1, max-image-preview:large, max-video-preview:-1\" \/>\n<link rel=\"canonical\" href=\"https:\/\/monkomp.pl\/en\/product\/pos-service-pack-extra-care\/\" \/>\n<meta property=\"og:locale\" content=\"en_GB\" \/>\n<meta property=\"og:type\" content=\"article\" \/>\n<meta property=\"og:title\" content=\"POS Service Pack Extra Care - Kasy fiskalne Gda\u0144sk Kasa fiskalna Gdynia Sopot Tr\u00f3jmiasto\" \/>\n<meta property=\"og:description\" content=\"W sk\u0142ad pakietu serwisowego wchodzi:   wypo\u017cyczenie urz\u0105dzenia zast\u0119pczego  koszt przes\u0142ania do wskazanego punktu wraz z odbiorem uszkodzonego urz\u0105dzenia  koszt dostarczenia urz\u0105dzenia po naprawie \u0142\u0105cznie z odbiorem urz\u0105dzenia zast\u0119pczego  Zakup mo\u017cliwy jest wy\u0142\u0105cznie przy zakupie z urz\u0105dzeniem na jednej fakturze. Nie ma mo\u017cliwo\u015bci zakupu w terminie p\u00f3\u017aniejszym. Model urz\u0105dzenia zast\u0119pczego w gestii COMP S.A.\" \/>\n<meta property=\"og:url\" content=\"https:\/\/monkomp.pl\/en\/product\/pos-service-pack-extra-care\/\" \/>\n<meta property=\"og:site_name\" content=\"Kasy fiskalne Gda\u0144sk Kasa fiskalna Gdynia Sopot Tr\u00f3jmiasto\" \/>\n<meta property=\"article:modified_time\" content=\"2022-07-12T10:09:43+00:00\" \/>\n<meta property=\"og:image\" content=\"https:\/\/monkomp.pl\/wp-content\/uploads\/2022\/07\/1-24.png\" \/>\n\t<meta property=\"og:image:width\" content=\"286\" \/>\n\t<meta property=\"og:image:height\" content=\"327\" \/>\n\t<meta property=\"og:image:type\" content=\"image\/png\" \/>\n<meta name=\"twitter:card\" content=\"summary_large_image\" \/>\n<meta name=\"twitter:label1\" content=\"Estimated reading time\" \/>\n\t<meta name=\"twitter:data1\" content=\"1 minute\" \/>\n<script type=\"application\/ld+json\" class=\"yoast-schema-graph\">{\"@context\":\"https:\/\/schema.org\",\"@graph\":[{\"@type\":\"WebPage\",\"@id\":\"https:\/\/monkomp.pl\/produkt\/pos-service-pack-extra-care\/\",\"url\":\"https:\/\/monkomp.pl\/produkt\/pos-service-pack-extra-care\/\",\"name\":\"POS Service Pack Extra Care - Kasy fiskalne Gda\u0144sk Kasa fiskalna Gdynia Sopot Tr\u00f3jmiasto\",\"isPartOf\":{\"@id\":\"https:\/\/monkomp.pl\/#website\"},\"primaryImageOfPage\":{\"@id\":\"https:\/\/monkomp.pl\/produkt\/pos-service-pack-extra-care\/#primaryimage\"},\"image\":{\"@id\":\"https:\/\/monkomp.pl\/produkt\/pos-service-pack-extra-care\/#primaryimage\"},\"thumbnailUrl\":\"https:\/\/monkomp.pl\/wp-content\/uploads\/2022\/07\/1-24.png\",\"datePublished\":\"2022-07-12T10:09:42+00:00\",\"dateModified\":\"2022-07-12T10:09:43+00:00\",\"breadcrumb\":{\"@id\":\"https:\/\/monkomp.pl\/produkt\/pos-service-pack-extra-care\/#breadcrumb\"},\"inLanguage\":\"en-GB\",\"potentialAction\":[{\"@type\":\"ReadAction\",\"target\":[\"https:\/\/monkomp.pl\/produkt\/pos-service-pack-extra-care\/\"]}]},{\"@type\":\"ImageObject\",\"inLanguage\":\"en-GB\",\"@id\":\"https:\/\/monkomp.pl\/produkt\/pos-service-pack-extra-care\/#primaryimage\",\"url\":\"https:\/\/monkomp.pl\/wp-content\/uploads\/2022\/07\/1-24.png\",\"contentUrl\":\"https:\/\/monkomp.pl\/wp-content\/uploads\/2022\/07\/1-24.png\",\"width\":286,\"height\":327,\"caption\":\"POS Service Pack Extra Care\"},{\"@type\":\"BreadcrumbList\",\"@id\":\"https:\/\/monkomp.pl\/produkt\/pos-service-pack-extra-care\/#breadcrumb\",\"itemListElement\":[{\"@type\":\"ListItem\",\"position\":1,\"name\":\"Strona g\u0142\u00f3wna\",\"item\":\"https:\/\/monkomp.pl\/\"},{\"@type\":\"ListItem\",\"position\":2,\"name\":\"Sklep\",\"item\":\"https:\/\/monkomp.pl\/sklep\/\"},{\"@type\":\"ListItem\",\"position\":3,\"name\":\"POS Service Pack Extra Care\"}]},{\"@type\":\"WebSite\",\"@id\":\"https:\/\/monkomp.pl\/#website\",\"url\":\"https:\/\/monkomp.pl\/\",\"name\":\"Kasy fiskalne Gda\u0144sk Kasa fiskalna Gdynia Sopot Tr\u00f3jmiasto\",\"description\":\"Kasy fiskalne kasa fisklana\",\"potentialAction\":[{\"@type\":\"SearchAction\",\"target\":{\"@type\":\"EntryPoint\",\"urlTemplate\":\"https:\/\/monkomp.pl\/?s={search_term_string}\"},\"query-input\":{\"@type\":\"PropertyValueSpecification\",\"valueRequired\":true,\"valueName\":\"search_term_string\"}}],\"inLanguage\":\"en-GB\"}]}<\/script>\n<!-- \/ Yoast SEO plugin. -->","yoast_head_json":{"title":"POS Service Pack Extra Care - Kasy fiskalne Gda\u0144sk Kasa fiskalna Gdynia Sopot Tr\u00f3jmiasto","robots":{"index":"index","follow":"follow","max-snippet":"max-snippet:-1","max-image-preview":"max-image-preview:large","max-video-preview":"max-video-preview:-1"},"canonical":"https:\/\/monkomp.pl\/en\/product\/pos-service-pack-extra-care\/","og_locale":"en_GB","og_type":"article","og_title":"POS Service Pack Extra Care - Kasy fiskalne Gda\u0144sk Kasa fiskalna Gdynia Sopot Tr\u00f3jmiasto","og_description":"W sk\u0142ad pakietu serwisowego wchodzi:   wypo\u017cyczenie urz\u0105dzenia zast\u0119pczego  koszt przes\u0142ania do wskazanego punktu wraz z odbiorem uszkodzonego urz\u0105dzenia  koszt dostarczenia urz\u0105dzenia po naprawie \u0142\u0105cznie z odbiorem urz\u0105dzenia zast\u0119pczego  Zakup mo\u017cliwy jest wy\u0142\u0105cznie przy zakupie z urz\u0105dzeniem na jednej fakturze. Nie ma mo\u017cliwo\u015bci zakupu w terminie p\u00f3\u017aniejszym. Model urz\u0105dzenia zast\u0119pczego w gestii COMP S.A.","og_url":"https:\/\/monkomp.pl\/en\/product\/pos-service-pack-extra-care\/","og_site_name":"Kasy fiskalne Gda\u0144sk Kasa fiskalna Gdynia Sopot Tr\u00f3jmiasto","article_modified_time":"2022-07-12T10:09:43+00:00","og_image":[{"width":286,"height":327,"url":"https:\/\/monkomp.pl\/wp-content\/uploads\/2022\/07\/1-24.png","type":"image\/png"}],"twitter_card":"summary_large_image","twitter_misc":{"Estimated reading time":"1 minute"},"schema":{"@context":"https:\/\/schema.org","@graph":[{"@type":"WebPage","@id":"https:\/\/monkomp.pl\/produkt\/pos-service-pack-extra-care\/","url":"https:\/\/monkomp.pl\/produkt\/pos-service-pack-extra-care\/","name":"POS Service Pack Extra Care - Kasy fiskalne Gda\u0144sk Kasa fiskalna Gdynia Sopot Tr\u00f3jmiasto","isPartOf":{"@id":"https:\/\/monkomp.pl\/#website"},"primaryImageOfPage":{"@id":"https:\/\/monkomp.pl\/produkt\/pos-service-pack-extra-care\/#primaryimage"},"image":{"@id":"https:\/\/monkomp.pl\/produkt\/pos-service-pack-extra-care\/#primaryimage"},"thumbnailUrl":"https:\/\/monkomp.pl\/wp-content\/uploads\/2022\/07\/1-24.png","datePublished":"2022-07-12T10:09:42+00:00","dateModified":"2022-07-12T10:09:43+00:00","breadcrumb":{"@id":"https:\/\/monkomp.pl\/produkt\/pos-service-pack-extra-care\/#breadcrumb"},"inLanguage":"en-GB","potentialAction":[{"@type":"ReadAction","target":["https:\/\/monkomp.pl\/produkt\/pos-service-pack-extra-care\/"]}]},{"@type":"ImageObject","inLanguage":"en-GB","@id":"https:\/\/monkomp.pl\/produkt\/pos-service-pack-extra-care\/#primaryimage","url":"https:\/\/monkomp.pl\/wp-content\/uploads\/2022\/07\/1-24.png","contentUrl":"https:\/\/monkomp.pl\/wp-content\/uploads\/2022\/07\/1-24.png","width":286,"height":327,"caption":"POS Service Pack Extra Care"},{"@type":"BreadcrumbList","@id":"https:\/\/monkomp.pl\/produkt\/pos-service-pack-extra-care\/#breadcrumb","itemListElement":[{"@type":"ListItem","position":1,"name":"Strona g\u0142\u00f3wna","item":"https:\/\/monkomp.pl\/"},{"@type":"ListItem","position":2,"name":"Sklep","item":"https:\/\/monkomp.pl\/sklep\/"},{"@type":"ListItem","position":3,"name":"POS Service Pack Extra Care"}]},{"@type":"WebSite","@id":"https:\/\/monkomp.pl\/#website","url":"https:\/\/monkomp.pl\/","name":"Kasy fiskalne Gda\u0144sk Kasa fiskalna Gdynia Sopot Tr\u00f3jmiasto","description":"Kasy fiskalne kasa fisklana","potentialAction":[{"@type":"SearchAction","target":{"@type":"EntryPoint","urlTemplate":"https:\/\/monkomp.pl\/?s={search_term_string}"},"query-input":{"@type":"PropertyValueSpecification","valueRequired":true,"valueName":"search_term_string"}}],"inLanguage":"en-GB"}]}},"_links":{"self":[{"href":"https:\/\/monkomp.pl\/en\/wp-json\/wp\/v2\/product\/2340","targetHints":{"allow":["GET"]}}],"collection":[{"href":"https:\/\/monkomp.pl\/en\/wp-json\/wp\/v2\/product"}],"about":[{"href":"https:\/\/monkomp.pl\/en\/wp-json\/wp\/v2\/types\/product"}],"replies":[{"embeddable":true,"href":"https:\/\/monkomp.pl\/en\/wp-json\/wp\/v2\/comments?post=2340"}],"wp:featuredmedia":[{"embeddable":true,"href":"https:\/\/monkomp.pl\/en\/wp-json\/wp\/v2\/media\/2341"}],"wp:attachment":[{"href":"https:\/\/monkomp.pl\/en\/wp-json\/wp\/v2\/media?parent=2340"}],"wp:term":[{"taxonomy":"product_brand","embeddable":true,"href":"https:\/\/monkomp.pl\/en\/wp-json\/wp\/v2\/product_brand?post=2340"},{"taxonomy":"product_cat","embeddable":true,"href":"https:\/\/monkomp.pl\/en\/wp-json\/wp\/v2\/product_cat?post=2340"},{"taxonomy":"product_tag","embeddable":true,"href":"https:\/\/monkomp.pl\/en\/wp-json\/wp\/v2\/product_tag?post=2340"}],"curies":[{"name":"wp","href":"https:\/\/api.w.org\/{rel}","templated":true}]}}