{"id":2357,"date":"2022-07-12T13:59:11","date_gmt":"2022-07-12T11:59:11","guid":{"rendered":"https:\/\/monkomp.pl\/?post_type=product&#038;p=2357"},"modified":"2022-07-12T13:59:12","modified_gmt":"2022-07-12T11:59:12","slug":"thermal-xl2-online","status":"publish","type":"product","link":"https:\/\/monkomp.pl\/en\/product\/thermal-xl2-online\/","title":{"rendered":"Thermal XL2 Online"},"content":{"rendered":"<p>Najbardziej popularna linia drukarek fiskalnych na polskim rynku Thermal XL dost\u0119pna w\u00a0wersji ONLINE. To urz\u0105dzenie o\u00a0wszechstronnym zastosowaniu, kt\u00f3re sprawdzi si\u0119 w\u00a0ka\u017cdym rodzaju dzia\u0142alno\u015bci. Drukarka dost\u0119pna jest z\u00a0dwoma rodzajami mechanizmu drukuj\u0105cego: 80mm i\u00a057 mm.<\/p>\n<h3>ONLINE<\/h3>\n<p>Po\u0142\u0105cz si\u0119 z\u00a0Centralnym Repozytorium Kas tak, jak jest dla Ciebie najwygodniej. Thermal XL2 ONLINE umo\u017cliwia to na kilka sposob\u00f3w. Czy masz drukark\u0119 pod\u0142\u0105czon\u0105 do POS&#8217;a po USB, a\u00a0Tw\u00f3j POS ma dost\u0119p do Internetu? \u015awietnie, bo nie musisz inwestowa\u0107 w\u00a0dodatkow\u0105 infrastruktur\u0119 w\u00a0sklepie. Wykorzystaj port USB do po\u0142\u0105czenia z\u00a0CRK. Je\u015bli masz tak\u0105 mo\u017cliwo\u015b\u0107 pod\u0142\u0105cz drukark\u0119 do CRK po LAN\/Ethernet &#8211; to najszybsza i\u00a0naj\u0142atwiejsza metoda. Potrzebujesz komunikacji bezprzewodowej? Zam\u00f3w drukark\u0119 z\u00a0opcj\u0105 WiFi. Pobierz instrukcj\u0119 jak skonfigurowa\u0107 po\u0142\u0105czenie z\u00a0CRK w\u00a0drukarkach Posnet ONLINE (<a href=\"https:\/\/monkomp.pl\/wp-content\/uploads\/2022\/07\/quick-online-kasy-wersja-1.0.pdf\" target=\"_blank\" rel=\"noopener\">instrukcja Quick OnLine &#8211; PDF<\/a>).<\/p>\n<h3>DIAMENT W\u015aR\u00d3D DRUKAREK FISKALNYCH<\/h3>\n<p>Je\u015bli potrzebujesz kompaktowego urz\u0105dzenia, zapewniaj\u0105cego optymaln\u0105 pr\u0119dko\u015b\u0107 wydruku, posiadaj\u0105cego r\u00f3\u017cne wy\u015bwietlacze, kt\u00f3re dobierzesz odpowiednio do miejsca sprzeda\u017cy \u2013 to w\u0142a\u015bnie ta drukarka jest dla ciebie. Posiada tak\u017ce istotn\u0105 funkcj\u0119 tunelowania port\u00f3w COM, co pozwala na pod\u0142\u0105czenie do drukarki dodatkowych urz\u0105dze\u0144, np. skanera kod\u00f3w kreskowych, wagi a\u00a0nawet dodatkowego wy\u015bwietlacza.<\/p>\n<h3>SAM ZDECYDUJ O\u00a0ARAN\u017bACJI<\/h3>\n<p>Drukark\u0119 Posnet Thermal XL2 ONLINE proponujemy Ci w\u00a0trzech wersjach konstrukcyjnych z\u00a0r\u00f3\u017cnymi wy\u015bwietlaczami: standardowym LCD (na chor\u0105giewce), wolnostoj\u0105cym LCD lub wbudowanym w\u00a0pokryw\u0119 drukarki OLED. Istnieje r\u00f3wnie\u017c mo\u017cliwo\u015b\u0107 produkcji drukarki w\u00a0wersji z\u00a0wy\u015bwietlaczem podwieszanym LCD (oferta niestandardowa, realizowana na zam\u00f3wienie klienta).\u00a0Dzi\u0119ki tak szerokiemu wachlarzowi oferty masz pe\u0142n\u0105 swobod\u0119 wyboru drukarki najbardziej pasuj\u0105cej do Twojego miejsca sprzeda\u017cy.<\/p>\n<h3>DO SUPERMARKETU, HURTOWNI LUB KINA<\/h3>\n<p>Drukarka Posnet Thermal XL2 ONLINE doskonale sprawdza si\u0119 w\u00a0du\u017cych obiektach handlowych, super i\u00a0hipermarketach, na stacjach paliw lub w\u00a0hurtowniach, a\u00a0tak\u017ce w\u00a0kinach, teatrach, muzeach czy szpitalach. Cz\u0119sto korzystaj\u0105 z\u00a0niej w\u0142a\u015bciciele hoteli, restauracji, salon\u00f3w samochodowych, centr\u00f3w rekreacji.<\/p>","protected":false},"excerpt":{"rendered":"<p>Najbardziej popularna linia drukarek fiskalnych na polskim rynku Thermal XL dost\u0119pna w\u00a0wersji ONLINE. To urz\u0105dzenie o\u00a0wszechstronnym zastosowaniu, kt\u00f3re sprawdzi si\u0119 w\u00a0ka\u017cdym rodzaju dzia\u0142alno\u015bci. Drukarka dost\u0119pna jest z\u00a0dwoma rodzajami mechanizmu drukuj\u0105cego: 80mm i\u00a057 mm.<\/p>","protected":false},"featured_media":2358,"comment_status":"closed","ping_status":"closed","template":"","meta":{"_et_pb_use_builder":"","_et_pb_old_content":"","_et_gb_content_width":""},"product_brand":[],"product_cat":[39,50,38],"product_tag":[],"class_list":{"0":"post-2357","1":"product","2":"type-product","3":"status-publish","4":"has-post-thumbnail","6":"product_cat-drukarki-fiskalne-online","7":"product_cat-posnet","8":"product_cat-urzadzenia-fiskalne","10":"first","11":"instock","12":"taxable","13":"shipping-taxable","14":"purchasable","15":"product-type-simple"},"yoast_head":"<!-- This site is optimized with the Yoast SEO plugin v26.9 - https:\/\/yoast.com\/product\/yoast-seo-wordpress\/ -->\n<title>Thermal XL2 Online - Kasy fiskalne Gda\u0144sk Kasa fiskalna Gdynia Sopot Tr\u00f3jmiasto<\/title>\n<meta name=\"robots\" content=\"index, follow, max-snippet:-1, max-image-preview:large, max-video-preview:-1\" \/>\n<link rel=\"canonical\" href=\"https:\/\/monkomp.pl\/en\/product\/thermal-xl2-online\/\" \/>\n<meta property=\"og:locale\" content=\"en_GB\" \/>\n<meta property=\"og:type\" content=\"article\" \/>\n<meta property=\"og:title\" content=\"Thermal XL2 Online - Kasy fiskalne Gda\u0144sk Kasa fiskalna Gdynia Sopot Tr\u00f3jmiasto\" \/>\n<meta property=\"og:description\" content=\"Najbardziej popularna linia drukarek fiskalnych na polskim rynku Thermal XL dost\u0119pna w\u00a0wersji ONLINE. To urz\u0105dzenie o\u00a0wszechstronnym zastosowaniu, kt\u00f3re sprawdzi si\u0119 w\u00a0ka\u017cdym rodzaju dzia\u0142alno\u015bci. Drukarka dost\u0119pna jest z\u00a0dwoma rodzajami mechanizmu drukuj\u0105cego: 80mm i\u00a057 mm.\" \/>\n<meta property=\"og:url\" content=\"https:\/\/monkomp.pl\/en\/product\/thermal-xl2-online\/\" \/>\n<meta property=\"og:site_name\" content=\"Kasy fiskalne Gda\u0144sk Kasa fiskalna Gdynia Sopot Tr\u00f3jmiasto\" \/>\n<meta property=\"article:modified_time\" content=\"2022-07-12T11:59:12+00:00\" \/>\n<meta property=\"og:image\" content=\"https:\/\/monkomp.pl\/wp-content\/uploads\/2022\/07\/1-28.png\" \/>\n\t<meta property=\"og:image:width\" content=\"600\" \/>\n\t<meta property=\"og:image:height\" content=\"600\" \/>\n\t<meta property=\"og:image:type\" content=\"image\/png\" \/>\n<meta name=\"twitter:card\" content=\"summary_large_image\" \/>\n<meta name=\"twitter:label1\" content=\"Estimated reading time\" \/>\n\t<meta name=\"twitter:data1\" content=\"2 minutes\" \/>\n<script type=\"application\/ld+json\" class=\"yoast-schema-graph\">{\"@context\":\"https:\/\/schema.org\",\"@graph\":[{\"@type\":\"WebPage\",\"@id\":\"https:\/\/monkomp.pl\/produkt\/thermal-xl2-online\/\",\"url\":\"https:\/\/monkomp.pl\/produkt\/thermal-xl2-online\/\",\"name\":\"Thermal XL2 Online - Kasy fiskalne Gda\u0144sk Kasa fiskalna Gdynia Sopot Tr\u00f3jmiasto\",\"isPartOf\":{\"@id\":\"https:\/\/monkomp.pl\/#website\"},\"primaryImageOfPage\":{\"@id\":\"https:\/\/monkomp.pl\/produkt\/thermal-xl2-online\/#primaryimage\"},\"image\":{\"@id\":\"https:\/\/monkomp.pl\/produkt\/thermal-xl2-online\/#primaryimage\"},\"thumbnailUrl\":\"https:\/\/monkomp.pl\/wp-content\/uploads\/2022\/07\/1-28.png\",\"datePublished\":\"2022-07-12T11:59:11+00:00\",\"dateModified\":\"2022-07-12T11:59:12+00:00\",\"breadcrumb\":{\"@id\":\"https:\/\/monkomp.pl\/produkt\/thermal-xl2-online\/#breadcrumb\"},\"inLanguage\":\"en-GB\",\"potentialAction\":[{\"@type\":\"ReadAction\",\"target\":[\"https:\/\/monkomp.pl\/produkt\/thermal-xl2-online\/\"]}]},{\"@type\":\"ImageObject\",\"inLanguage\":\"en-GB\",\"@id\":\"https:\/\/monkomp.pl\/produkt\/thermal-xl2-online\/#primaryimage\",\"url\":\"https:\/\/monkomp.pl\/wp-content\/uploads\/2022\/07\/1-28.png\",\"contentUrl\":\"https:\/\/monkomp.pl\/wp-content\/uploads\/2022\/07\/1-28.png\",\"width\":600,\"height\":600,\"caption\":\"Thermal XL2 Online\"},{\"@type\":\"BreadcrumbList\",\"@id\":\"https:\/\/monkomp.pl\/produkt\/thermal-xl2-online\/#breadcrumb\",\"itemListElement\":[{\"@type\":\"ListItem\",\"position\":1,\"name\":\"Strona g\u0142\u00f3wna\",\"item\":\"https:\/\/monkomp.pl\/\"},{\"@type\":\"ListItem\",\"position\":2,\"name\":\"Sklep\",\"item\":\"https:\/\/monkomp.pl\/sklep\/\"},{\"@type\":\"ListItem\",\"position\":3,\"name\":\"Thermal XL2 Online\"}]},{\"@type\":\"WebSite\",\"@id\":\"https:\/\/monkomp.pl\/#website\",\"url\":\"https:\/\/monkomp.pl\/\",\"name\":\"Kasy fiskalne Gda\u0144sk Kasa fiskalna Gdynia Sopot Tr\u00f3jmiasto\",\"description\":\"Kasy fiskalne kasa fisklana\",\"potentialAction\":[{\"@type\":\"SearchAction\",\"target\":{\"@type\":\"EntryPoint\",\"urlTemplate\":\"https:\/\/monkomp.pl\/?s={search_term_string}\"},\"query-input\":{\"@type\":\"PropertyValueSpecification\",\"valueRequired\":true,\"valueName\":\"search_term_string\"}}],\"inLanguage\":\"en-GB\"}]}<\/script>\n<!-- \/ Yoast SEO plugin. -->","yoast_head_json":{"title":"Thermal XL2 Online - Kasy fiskalne Gda\u0144sk Kasa fiskalna Gdynia Sopot Tr\u00f3jmiasto","robots":{"index":"index","follow":"follow","max-snippet":"max-snippet:-1","max-image-preview":"max-image-preview:large","max-video-preview":"max-video-preview:-1"},"canonical":"https:\/\/monkomp.pl\/en\/product\/thermal-xl2-online\/","og_locale":"en_GB","og_type":"article","og_title":"Thermal XL2 Online - Kasy fiskalne Gda\u0144sk Kasa fiskalna Gdynia Sopot Tr\u00f3jmiasto","og_description":"Najbardziej popularna linia drukarek fiskalnych na polskim rynku Thermal XL dost\u0119pna w\u00a0wersji ONLINE. To urz\u0105dzenie o\u00a0wszechstronnym zastosowaniu, kt\u00f3re sprawdzi si\u0119 w\u00a0ka\u017cdym rodzaju dzia\u0142alno\u015bci. Drukarka dost\u0119pna jest z\u00a0dwoma rodzajami mechanizmu drukuj\u0105cego: 80mm i\u00a057 mm.","og_url":"https:\/\/monkomp.pl\/en\/product\/thermal-xl2-online\/","og_site_name":"Kasy fiskalne Gda\u0144sk Kasa fiskalna Gdynia Sopot Tr\u00f3jmiasto","article_modified_time":"2022-07-12T11:59:12+00:00","og_image":[{"width":600,"height":600,"url":"https:\/\/monkomp.pl\/wp-content\/uploads\/2022\/07\/1-28.png","type":"image\/png"}],"twitter_card":"summary_large_image","twitter_misc":{"Estimated reading time":"2 minutes"},"schema":{"@context":"https:\/\/schema.org","@graph":[{"@type":"WebPage","@id":"https:\/\/monkomp.pl\/produkt\/thermal-xl2-online\/","url":"https:\/\/monkomp.pl\/produkt\/thermal-xl2-online\/","name":"Thermal XL2 Online - Kasy fiskalne Gda\u0144sk Kasa fiskalna Gdynia Sopot Tr\u00f3jmiasto","isPartOf":{"@id":"https:\/\/monkomp.pl\/#website"},"primaryImageOfPage":{"@id":"https:\/\/monkomp.pl\/produkt\/thermal-xl2-online\/#primaryimage"},"image":{"@id":"https:\/\/monkomp.pl\/produkt\/thermal-xl2-online\/#primaryimage"},"thumbnailUrl":"https:\/\/monkomp.pl\/wp-content\/uploads\/2022\/07\/1-28.png","datePublished":"2022-07-12T11:59:11+00:00","dateModified":"2022-07-12T11:59:12+00:00","breadcrumb":{"@id":"https:\/\/monkomp.pl\/produkt\/thermal-xl2-online\/#breadcrumb"},"inLanguage":"en-GB","potentialAction":[{"@type":"ReadAction","target":["https:\/\/monkomp.pl\/produkt\/thermal-xl2-online\/"]}]},{"@type":"ImageObject","inLanguage":"en-GB","@id":"https:\/\/monkomp.pl\/produkt\/thermal-xl2-online\/#primaryimage","url":"https:\/\/monkomp.pl\/wp-content\/uploads\/2022\/07\/1-28.png","contentUrl":"https:\/\/monkomp.pl\/wp-content\/uploads\/2022\/07\/1-28.png","width":600,"height":600,"caption":"Thermal XL2 Online"},{"@type":"BreadcrumbList","@id":"https:\/\/monkomp.pl\/produkt\/thermal-xl2-online\/#breadcrumb","itemListElement":[{"@type":"ListItem","position":1,"name":"Strona g\u0142\u00f3wna","item":"https:\/\/monkomp.pl\/"},{"@type":"ListItem","position":2,"name":"Sklep","item":"https:\/\/monkomp.pl\/sklep\/"},{"@type":"ListItem","position":3,"name":"Thermal XL2 Online"}]},{"@type":"WebSite","@id":"https:\/\/monkomp.pl\/#website","url":"https:\/\/monkomp.pl\/","name":"Kasy fiskalne Gda\u0144sk Kasa fiskalna Gdynia Sopot Tr\u00f3jmiasto","description":"Kasy fiskalne kasa fisklana","potentialAction":[{"@type":"SearchAction","target":{"@type":"EntryPoint","urlTemplate":"https:\/\/monkomp.pl\/?s={search_term_string}"},"query-input":{"@type":"PropertyValueSpecification","valueRequired":true,"valueName":"search_term_string"}}],"inLanguage":"en-GB"}]}},"_links":{"self":[{"href":"https:\/\/monkomp.pl\/en\/wp-json\/wp\/v2\/product\/2357","targetHints":{"allow":["GET"]}}],"collection":[{"href":"https:\/\/monkomp.pl\/en\/wp-json\/wp\/v2\/product"}],"about":[{"href":"https:\/\/monkomp.pl\/en\/wp-json\/wp\/v2\/types\/product"}],"replies":[{"embeddable":true,"href":"https:\/\/monkomp.pl\/en\/wp-json\/wp\/v2\/comments?post=2357"}],"wp:featuredmedia":[{"embeddable":true,"href":"https:\/\/monkomp.pl\/en\/wp-json\/wp\/v2\/media\/2358"}],"wp:attachment":[{"href":"https:\/\/monkomp.pl\/en\/wp-json\/wp\/v2\/media?parent=2357"}],"wp:term":[{"taxonomy":"product_brand","embeddable":true,"href":"https:\/\/monkomp.pl\/en\/wp-json\/wp\/v2\/product_brand?post=2357"},{"taxonomy":"product_cat","embeddable":true,"href":"https:\/\/monkomp.pl\/en\/wp-json\/wp\/v2\/product_cat?post=2357"},{"taxonomy":"product_tag","embeddable":true,"href":"https:\/\/monkomp.pl\/en\/wp-json\/wp\/v2\/product_tag?post=2357"}],"curies":[{"name":"wp","href":"https:\/\/api.w.org\/{rel}","templated":true}]}}