{"id":2365,"date":"2022-07-12T16:11:24","date_gmt":"2022-07-12T14:11:24","guid":{"rendered":"https:\/\/monkomp.pl\/?post_type=product&#038;p=2365"},"modified":"2022-07-12T16:11:24","modified_gmt":"2022-07-12T14:11:24","slug":"temo-online","status":"publish","type":"product","link":"https:\/\/monkomp.pl\/en\/product\/temo-online\/","title":{"rendered":"Temo Online"},"content":{"rendered":"<p>To najmniejsze na rynku urz\u0105dzenie fiskalne w\u00a0wersji ONLINE. Bez problemu zmie\u015bcisz je w\u00a0kieszeni lub w\u00a0torbie z\u00a0laptopem. Mo\u017cesz go u\u017cywa\u0107 w\u00a0terenie,\u00a0 poza sklepem lub biurem, poniewa\u017c bez zewn\u0119trznego zasilania wydrukuje 80 000 wierszy paragonu. W\u00a0razie potrzeby w\u00a0ka\u017cdej chwili mo\u017cesz\u00a0 pod\u0142\u0105czy\u0107 drukark\u0119 do \u0142adowarki samochodowej lub do komputera u\u017cywaj\u0105c gniazda USB. Nowo\u015bci\u0105 jest mo\u017cliwo\u015b\u0107 wyposa\u017cenia drukarki w\u00a0interfejs WiFi.<\/p>\n<h3>ONLINE<\/h3>\n<p>Je\u015bli u\u017cywasz drukarki stacjonarnie i\u00a0masz j\u0105 pod\u0142\u0105czon\u0105 przez USB do komputera z\u00a0internetem, mo\u017cesz wykorzysta\u0107 port USB r\u00f3wnie\u017c do po\u0142\u0105czenia z\u00a0CRK. Chcesz pracowa\u0107 mobilnie ? W\u00a0tej opcji u\u017cytkownik w\u00a0prosty spos\u00f3b mo\u017ce doda\u0107 do drukarki modu\u0142 WiFi i\u00a0wykorzysta\u0107 go do po\u0142\u0105czenia z\u00a0internetem i\u00a0CRK. Pobierz instrukcj\u0119 jak skonfigurowa\u0107 po\u0142\u0105czenie z\u00a0CRK w\u00a0drukarkach Posnet ONLINE (<a href=\"https:\/\/www.posnet.com.pl\/web\/files\/editor\/FILES\/quick-online---drukarki---wersja-1.0.pdf\">instrukcja Quick OnLine &#8211; PDF<\/a>).<\/p>\n<h3>ODPORNA NA WARUNKI ATMOSFERYCZNE<\/h3>\n<p>Drukarka Posnet Temo ONLINE zosta\u0142a zaprojektowana tak, aby\u015b m\u00f3g\u0142 jej u\u017cywa\u0107 w\u00a0r\u00f3\u017cnych warunkach. Jest odporna na zachlapania, zakurzenia czy wstrz\u0105sy. Dzi\u0119ki systemowi szybkiej wymiany papieru drop-in \u201ewrzu\u0107 i\u00a0drukuj\u201d w\u00a0\u0142atwy spos\u00f3b wymienisz rolk\u0119 paragonu. Dodatkowo mo\u017cesz zabezpieczy\u0107 drukark\u0119, umieszczaj\u0105c j\u0105 w\u00a0pokrowcu.<\/p>\n<h3>U\u017bYWAJ DRUKARKI WSZ\u0118DZIE, GDZIE JEJ POTRZEBUJESZ<\/h3>\n<p>Posnet Temo ONLINE to drukarka idealna do pracy w\u00a0terenie. Doskonale sprawdza si\u0119 na parkingach samochodowych, w\u00a0wypo\u017cyczalniach rower\u00f3w lub sprz\u0119tu p\u0142ywaj\u0105cego. Jej niedu\u017cy rozmiar sprawia, ze bez problemu mo\u017cna j\u0105 schowa\u0107 do szuflady biurka.\u00a0<span>To przydatna funkcja urz\u0105dzenia dla kancelarii prawnych czy gabinet\u00f3w lekarskich. Je\u015bli w\u00a0swojej pracy musisz si\u0119 przemieszcza\u0107 \u2013 Temo ONLINE b\u0119dzie dla Ciebie doskona\u0142ym rozwi\u0105zaniem.<\/span><\/p>","protected":false},"excerpt":{"rendered":"<p>To najmniejsze na rynku urz\u0105dzenie fiskalne w\u00a0wersji ONLINE. Bez problemu zmie\u015bcisz je w\u00a0kieszeni lub w\u00a0torbie z\u00a0laptopem. Mo\u017cesz go u\u017cywa\u0107 w\u00a0terenie,\u00a0 poza sklepem lub biurem, poniewa\u017c bez zewn\u0119trznego zasilania wydrukuje 80 000 wierszy paragonu. W\u00a0razie potrzeby w\u00a0ka\u017cdej chwili mo\u017cesz\u00a0 pod\u0142\u0105czy\u0107 drukark\u0119 do \u0142adowarki samochodowej lub do komputera u\u017cywaj\u0105c gniazda USB. Nowo\u015bci\u0105 jest mo\u017cliwo\u015b\u0107 wyposa\u017cenia drukarki w\u00a0interfejs WiFi.<\/p>","protected":false},"featured_media":2366,"comment_status":"closed","ping_status":"closed","template":"","meta":{"_et_pb_use_builder":"","_et_pb_old_content":"","_et_gb_content_width":""},"product_brand":[],"product_cat":[39,50,38],"product_tag":[],"class_list":{"0":"post-2365","1":"product","2":"type-product","3":"status-publish","4":"has-post-thumbnail","6":"product_cat-drukarki-fiskalne-online","7":"product_cat-posnet","8":"product_cat-urzadzenia-fiskalne","10":"first","11":"instock","12":"taxable","13":"shipping-taxable","14":"purchasable","15":"product-type-simple"},"yoast_head":"<!-- This site is optimized with the Yoast SEO plugin v26.9 - https:\/\/yoast.com\/product\/yoast-seo-wordpress\/ -->\n<title>Temo Online - Kasy fiskalne Gda\u0144sk Kasa fiskalna Gdynia Sopot Tr\u00f3jmiasto<\/title>\n<meta name=\"robots\" content=\"index, follow, max-snippet:-1, max-image-preview:large, max-video-preview:-1\" \/>\n<link rel=\"canonical\" href=\"https:\/\/monkomp.pl\/en\/product\/temo-online\/\" \/>\n<meta property=\"og:locale\" content=\"en_GB\" \/>\n<meta property=\"og:type\" content=\"article\" \/>\n<meta property=\"og:title\" content=\"Temo Online - Kasy fiskalne Gda\u0144sk Kasa fiskalna Gdynia Sopot Tr\u00f3jmiasto\" \/>\n<meta property=\"og:description\" content=\"To najmniejsze na rynku urz\u0105dzenie fiskalne w\u00a0wersji ONLINE. Bez problemu zmie\u015bcisz je w\u00a0kieszeni lub w\u00a0torbie z\u00a0laptopem. Mo\u017cesz go u\u017cywa\u0107 w\u00a0terenie,\u00a0 poza sklepem lub biurem, poniewa\u017c bez zewn\u0119trznego zasilania wydrukuje 80 000 wierszy paragonu. W\u00a0razie potrzeby w\u00a0ka\u017cdej chwili mo\u017cesz\u00a0 pod\u0142\u0105czy\u0107 drukark\u0119 do \u0142adowarki samochodowej lub do komputera u\u017cywaj\u0105c gniazda USB. Nowo\u015bci\u0105 jest mo\u017cliwo\u015b\u0107 wyposa\u017cenia drukarki w\u00a0interfejs WiFi.\" \/>\n<meta property=\"og:url\" content=\"https:\/\/monkomp.pl\/en\/product\/temo-online\/\" \/>\n<meta property=\"og:site_name\" content=\"Kasy fiskalne Gda\u0144sk Kasa fiskalna Gdynia Sopot Tr\u00f3jmiasto\" \/>\n<meta property=\"og:image\" content=\"https:\/\/monkomp.pl\/wp-content\/uploads\/2022\/07\/1-29.png\" \/>\n\t<meta property=\"og:image:width\" content=\"600\" \/>\n\t<meta property=\"og:image:height\" content=\"600\" \/>\n\t<meta property=\"og:image:type\" content=\"image\/png\" \/>\n<meta name=\"twitter:card\" content=\"summary_large_image\" \/>\n<meta name=\"twitter:label1\" content=\"Estimated reading time\" \/>\n\t<meta name=\"twitter:data1\" content=\"1 minute\" \/>\n<script type=\"application\/ld+json\" class=\"yoast-schema-graph\">{\"@context\":\"https:\/\/schema.org\",\"@graph\":[{\"@type\":\"WebPage\",\"@id\":\"https:\/\/monkomp.pl\/produkt\/temo-online\/\",\"url\":\"https:\/\/monkomp.pl\/produkt\/temo-online\/\",\"name\":\"Temo Online - Kasy fiskalne Gda\u0144sk Kasa fiskalna Gdynia Sopot Tr\u00f3jmiasto\",\"isPartOf\":{\"@id\":\"https:\/\/monkomp.pl\/#website\"},\"primaryImageOfPage\":{\"@id\":\"https:\/\/monkomp.pl\/produkt\/temo-online\/#primaryimage\"},\"image\":{\"@id\":\"https:\/\/monkomp.pl\/produkt\/temo-online\/#primaryimage\"},\"thumbnailUrl\":\"https:\/\/monkomp.pl\/wp-content\/uploads\/2022\/07\/1-29.png\",\"datePublished\":\"2022-07-12T14:11:24+00:00\",\"breadcrumb\":{\"@id\":\"https:\/\/monkomp.pl\/produkt\/temo-online\/#breadcrumb\"},\"inLanguage\":\"en-GB\",\"potentialAction\":[{\"@type\":\"ReadAction\",\"target\":[\"https:\/\/monkomp.pl\/produkt\/temo-online\/\"]}]},{\"@type\":\"ImageObject\",\"inLanguage\":\"en-GB\",\"@id\":\"https:\/\/monkomp.pl\/produkt\/temo-online\/#primaryimage\",\"url\":\"https:\/\/monkomp.pl\/wp-content\/uploads\/2022\/07\/1-29.png\",\"contentUrl\":\"https:\/\/monkomp.pl\/wp-content\/uploads\/2022\/07\/1-29.png\",\"width\":600,\"height\":600,\"caption\":\"Temo Online\"},{\"@type\":\"BreadcrumbList\",\"@id\":\"https:\/\/monkomp.pl\/produkt\/temo-online\/#breadcrumb\",\"itemListElement\":[{\"@type\":\"ListItem\",\"position\":1,\"name\":\"Strona g\u0142\u00f3wna\",\"item\":\"https:\/\/monkomp.pl\/\"},{\"@type\":\"ListItem\",\"position\":2,\"name\":\"Sklep\",\"item\":\"https:\/\/monkomp.pl\/sklep\/\"},{\"@type\":\"ListItem\",\"position\":3,\"name\":\"Temo Online\"}]},{\"@type\":\"WebSite\",\"@id\":\"https:\/\/monkomp.pl\/#website\",\"url\":\"https:\/\/monkomp.pl\/\",\"name\":\"Kasy fiskalne Gda\u0144sk Kasa fiskalna Gdynia Sopot Tr\u00f3jmiasto\",\"description\":\"Kasy fiskalne kasa fisklana\",\"potentialAction\":[{\"@type\":\"SearchAction\",\"target\":{\"@type\":\"EntryPoint\",\"urlTemplate\":\"https:\/\/monkomp.pl\/?s={search_term_string}\"},\"query-input\":{\"@type\":\"PropertyValueSpecification\",\"valueRequired\":true,\"valueName\":\"search_term_string\"}}],\"inLanguage\":\"en-GB\"}]}<\/script>\n<!-- \/ Yoast SEO plugin. -->","yoast_head_json":{"title":"Temo Online - Kasy fiskalne Gda\u0144sk Kasa fiskalna Gdynia Sopot Tr\u00f3jmiasto","robots":{"index":"index","follow":"follow","max-snippet":"max-snippet:-1","max-image-preview":"max-image-preview:large","max-video-preview":"max-video-preview:-1"},"canonical":"https:\/\/monkomp.pl\/en\/product\/temo-online\/","og_locale":"en_GB","og_type":"article","og_title":"Temo Online - Kasy fiskalne Gda\u0144sk Kasa fiskalna Gdynia Sopot Tr\u00f3jmiasto","og_description":"To najmniejsze na rynku urz\u0105dzenie fiskalne w\u00a0wersji ONLINE. Bez problemu zmie\u015bcisz je w\u00a0kieszeni lub w\u00a0torbie z\u00a0laptopem. Mo\u017cesz go u\u017cywa\u0107 w\u00a0terenie,\u00a0 poza sklepem lub biurem, poniewa\u017c bez zewn\u0119trznego zasilania wydrukuje 80 000 wierszy paragonu. W\u00a0razie potrzeby w\u00a0ka\u017cdej chwili mo\u017cesz\u00a0 pod\u0142\u0105czy\u0107 drukark\u0119 do \u0142adowarki samochodowej lub do komputera u\u017cywaj\u0105c gniazda USB. Nowo\u015bci\u0105 jest mo\u017cliwo\u015b\u0107 wyposa\u017cenia drukarki w\u00a0interfejs WiFi.","og_url":"https:\/\/monkomp.pl\/en\/product\/temo-online\/","og_site_name":"Kasy fiskalne Gda\u0144sk Kasa fiskalna Gdynia Sopot Tr\u00f3jmiasto","og_image":[{"width":600,"height":600,"url":"https:\/\/monkomp.pl\/wp-content\/uploads\/2022\/07\/1-29.png","type":"image\/png"}],"twitter_card":"summary_large_image","twitter_misc":{"Estimated reading time":"1 minute"},"schema":{"@context":"https:\/\/schema.org","@graph":[{"@type":"WebPage","@id":"https:\/\/monkomp.pl\/produkt\/temo-online\/","url":"https:\/\/monkomp.pl\/produkt\/temo-online\/","name":"Temo Online - Kasy fiskalne Gda\u0144sk Kasa fiskalna Gdynia Sopot Tr\u00f3jmiasto","isPartOf":{"@id":"https:\/\/monkomp.pl\/#website"},"primaryImageOfPage":{"@id":"https:\/\/monkomp.pl\/produkt\/temo-online\/#primaryimage"},"image":{"@id":"https:\/\/monkomp.pl\/produkt\/temo-online\/#primaryimage"},"thumbnailUrl":"https:\/\/monkomp.pl\/wp-content\/uploads\/2022\/07\/1-29.png","datePublished":"2022-07-12T14:11:24+00:00","breadcrumb":{"@id":"https:\/\/monkomp.pl\/produkt\/temo-online\/#breadcrumb"},"inLanguage":"en-GB","potentialAction":[{"@type":"ReadAction","target":["https:\/\/monkomp.pl\/produkt\/temo-online\/"]}]},{"@type":"ImageObject","inLanguage":"en-GB","@id":"https:\/\/monkomp.pl\/produkt\/temo-online\/#primaryimage","url":"https:\/\/monkomp.pl\/wp-content\/uploads\/2022\/07\/1-29.png","contentUrl":"https:\/\/monkomp.pl\/wp-content\/uploads\/2022\/07\/1-29.png","width":600,"height":600,"caption":"Temo Online"},{"@type":"BreadcrumbList","@id":"https:\/\/monkomp.pl\/produkt\/temo-online\/#breadcrumb","itemListElement":[{"@type":"ListItem","position":1,"name":"Strona g\u0142\u00f3wna","item":"https:\/\/monkomp.pl\/"},{"@type":"ListItem","position":2,"name":"Sklep","item":"https:\/\/monkomp.pl\/sklep\/"},{"@type":"ListItem","position":3,"name":"Temo Online"}]},{"@type":"WebSite","@id":"https:\/\/monkomp.pl\/#website","url":"https:\/\/monkomp.pl\/","name":"Kasy fiskalne Gda\u0144sk Kasa fiskalna Gdynia Sopot Tr\u00f3jmiasto","description":"Kasy fiskalne kasa fisklana","potentialAction":[{"@type":"SearchAction","target":{"@type":"EntryPoint","urlTemplate":"https:\/\/monkomp.pl\/?s={search_term_string}"},"query-input":{"@type":"PropertyValueSpecification","valueRequired":true,"valueName":"search_term_string"}}],"inLanguage":"en-GB"}]}},"_links":{"self":[{"href":"https:\/\/monkomp.pl\/en\/wp-json\/wp\/v2\/product\/2365","targetHints":{"allow":["GET"]}}],"collection":[{"href":"https:\/\/monkomp.pl\/en\/wp-json\/wp\/v2\/product"}],"about":[{"href":"https:\/\/monkomp.pl\/en\/wp-json\/wp\/v2\/types\/product"}],"replies":[{"embeddable":true,"href":"https:\/\/monkomp.pl\/en\/wp-json\/wp\/v2\/comments?post=2365"}],"wp:featuredmedia":[{"embeddable":true,"href":"https:\/\/monkomp.pl\/en\/wp-json\/wp\/v2\/media\/2366"}],"wp:attachment":[{"href":"https:\/\/monkomp.pl\/en\/wp-json\/wp\/v2\/media?parent=2365"}],"wp:term":[{"taxonomy":"product_brand","embeddable":true,"href":"https:\/\/monkomp.pl\/en\/wp-json\/wp\/v2\/product_brand?post=2365"},{"taxonomy":"product_cat","embeddable":true,"href":"https:\/\/monkomp.pl\/en\/wp-json\/wp\/v2\/product_cat?post=2365"},{"taxonomy":"product_tag","embeddable":true,"href":"https:\/\/monkomp.pl\/en\/wp-json\/wp\/v2\/product_tag?post=2365"}],"curies":[{"name":"wp","href":"https:\/\/api.w.org\/{rel}","templated":true}]}}