{"id":2386,"date":"2022-07-12T16:37:08","date_gmt":"2022-07-12T14:37:08","guid":{"rendered":"https:\/\/monkomp.pl\/?post_type=product&#038;p=2386"},"modified":"2022-07-12T16:37:08","modified_gmt":"2022-07-12T14:37:08","slug":"thermal-hd-online","status":"publish","type":"product","link":"https:\/\/monkomp.pl\/en\/product\/thermal-hd-online\/","title":{"rendered":"Thermal HD Online"},"content":{"rendered":"<p>Drukarka do zada\u0144 specjalnych &#8211; Posnet Thermal HD &#8211; teraz dost\u0119pna r\u00f3wnie\u017c w\u00a0wersji ONLINE. Je\u017celi prowadzisz sw\u00f3j biznes w\u00a0miejscu o\u00a0wyj\u0105tkowo du\u017cym nat\u0119\u017ceniu ruchu proponujemy Ci drukark\u0119 stworzon\u0105 specjalnie do takiej pracy. Thermal HD ONLINE posiada wytrzyma\u0142y mechanizm drukuj\u0105cy z\u00a0ceramicznym obcinaczem papieru. Dzi\u0119ki niemu zyskujesz niezawodno\u015b\u0107 i\u00a0gwarancj\u0119 najwy\u017cszej jako\u015bci.<\/p>\n<h3>ONLINE<\/h3>\n<p>Po\u0142\u0105cz si\u0119 z\u00a0Centralnym Repozytorium Kas w\u00a0spos\u00f3b, kt\u00f3ry jest dla Ciebie najbardziej wygodny. Thermal HD ONLINE umo\u017cliwia to na dwa podstawowe sposoby. Czy masz drukark\u0119 pod\u0142\u0105czon\u0105 do POS&#8217;a po USB, a\u00a0Tw\u00f3j POS ma dost\u0119p do internetu ? \u015awietnie, bo nie musisz inwestowa\u0107 w\u00a0dodatkow\u0105 infrastruktur\u0119 na sklepie. Wykorzystaj port USB do po\u0142\u0105czenia z\u00a0CRK. Je\u015bli masz tak\u0105 mo\u017cliwo\u015b\u0107 pod\u0142\u0105cz drukark\u0119 do CRK po LAN\/Ethernet &#8211; to najszybsza i\u00a0naj\u0142atwiejsza metoda integracji. Mo\u017cesz r\u00f3wnie\u017c pod\u0142\u0105czy\u0107 drukark\u0119 do routera wyposa\u017conego w\u00a0GSM i\u00a0korzysta\u0107 z\u00a0\u0142\u0105czno\u015bci bezprzewodowej.<\/p>\n<p>Pobierz instrukcj\u0119 jak skonfigurowa\u0107 po\u0142\u0105czenie z\u00a0CRK w\u00a0drukarkach Posnet ONLINE (<a href=\"https:\/\/monkomp.pl\/wp-content\/uploads\/2022\/07\/quick-online-kasy-wersja-1.0.pdf\" target=\"_blank\" rel=\"noopener\">instrukcja Quick OnLine &#8211; PDF<\/a>).<\/p>\n<h3>SWOBODA WYBORU<\/h3>\n<p>Drukarka\u00a0 Thermal HD ONLINE oferuje Ci du\u017cy wyb\u00f3r wy\u015bwietlaczy, dzi\u0119ki kt\u00f3rym w\u00a0najbardziej odpowiedni spos\u00f3b zaaran\u017cujesz swoje miejsce sprzeda\u017cy. Dodatkowym atutem jest mo\u017cliwo\u015b\u0107 pracy drukarki zar\u00f3wno w\u00a0pionie, jak i\u00a0w\u00a0poziomie, oraz mo\u017cliwo\u015b\u0107 zastosowania papieru w\u00a0dw\u00f3ch szeroko\u015bciach \u2013 57 lub 80 mm.<\/p>\n<h3>SPRAWDZONA W\u00a0SUPERMARKETACH I\u00a0HOTELACH<\/h3>\n<p>Drukarka Posnet Thermal HD ONLINE poradzi sobie doskonale w\u00a0ka\u017cdym miejscu o\u00a0du\u017cym nat\u0119\u017ceniu ruchu. Najcz\u0119\u015bciej korzystaj\u0105 z\u00a0niej super i\u00a0hipermarkety, hurtownie i\u00a0hotele oraz stacje paliw, lokale gastronomiczne, fast-food\u2019y. Spotka\u0107 j\u0105 mo\u017cesz tak\u017ce w\u00a0kinach, teatrach czy muzeach.<\/p>","protected":false},"excerpt":{"rendered":"<p>Drukarka do zada\u0144 specjalnych &#8211; Posnet Thermal HD &#8211; teraz dost\u0119pna r\u00f3wnie\u017c w\u00a0wersji ONLINE. Je\u017celi prowadzisz sw\u00f3j biznes w\u00a0miejscu o\u00a0wyj\u0105tkowo du\u017cym nat\u0119\u017ceniu ruchu proponujemy Ci drukark\u0119 stworzon\u0105 specjalnie do takiej pracy. Thermal HD ONLINE posiada wytrzyma\u0142y mechanizm drukuj\u0105cy z\u00a0ceramicznym obcinaczem papieru. Dzi\u0119ki niemu zyskujesz niezawodno\u015b\u0107 i\u00a0gwarancj\u0119 najwy\u017cszej jako\u015bci.<\/p>","protected":false},"featured_media":2387,"comment_status":"closed","ping_status":"closed","template":"","meta":{"_et_pb_use_builder":"","_et_pb_old_content":"","_et_gb_content_width":""},"product_brand":[],"product_cat":[39,50,38],"product_tag":[],"class_list":{"0":"post-2386","1":"product","2":"type-product","3":"status-publish","4":"has-post-thumbnail","6":"product_cat-drukarki-fiskalne-online","7":"product_cat-posnet","8":"product_cat-urzadzenia-fiskalne","10":"first","11":"instock","12":"taxable","13":"shipping-taxable","14":"purchasable","15":"product-type-simple"},"yoast_head":"<!-- This site is optimized with the Yoast SEO plugin v26.9 - https:\/\/yoast.com\/product\/yoast-seo-wordpress\/ -->\n<title>Thermal HD Online - Kasy fiskalne Gda\u0144sk Kasa fiskalna Gdynia Sopot Tr\u00f3jmiasto<\/title>\n<meta name=\"robots\" content=\"index, follow, max-snippet:-1, max-image-preview:large, max-video-preview:-1\" \/>\n<link rel=\"canonical\" href=\"https:\/\/monkomp.pl\/en\/product\/thermal-hd-online\/\" \/>\n<meta property=\"og:locale\" content=\"en_GB\" \/>\n<meta property=\"og:type\" content=\"article\" \/>\n<meta property=\"og:title\" content=\"Thermal HD Online - Kasy fiskalne Gda\u0144sk Kasa fiskalna Gdynia Sopot Tr\u00f3jmiasto\" \/>\n<meta property=\"og:description\" content=\"Drukarka do zada\u0144 specjalnych - Posnet Thermal HD - teraz dost\u0119pna r\u00f3wnie\u017c w\u00a0wersji ONLINE. Je\u017celi prowadzisz sw\u00f3j biznes w\u00a0miejscu o\u00a0wyj\u0105tkowo du\u017cym nat\u0119\u017ceniu ruchu proponujemy Ci drukark\u0119 stworzon\u0105 specjalnie do takiej pracy. Thermal HD ONLINE posiada wytrzyma\u0142y mechanizm drukuj\u0105cy z\u00a0ceramicznym obcinaczem papieru. Dzi\u0119ki niemu zyskujesz niezawodno\u015b\u0107 i\u00a0gwarancj\u0119 najwy\u017cszej jako\u015bci.\" \/>\n<meta property=\"og:url\" content=\"https:\/\/monkomp.pl\/en\/product\/thermal-hd-online\/\" \/>\n<meta property=\"og:site_name\" content=\"Kasy fiskalne Gda\u0144sk Kasa fiskalna Gdynia Sopot Tr\u00f3jmiasto\" \/>\n<meta property=\"og:image\" content=\"https:\/\/monkomp.pl\/wp-content\/uploads\/2022\/07\/1-31.png\" \/>\n\t<meta property=\"og:image:width\" content=\"600\" \/>\n\t<meta property=\"og:image:height\" content=\"600\" \/>\n\t<meta property=\"og:image:type\" content=\"image\/png\" \/>\n<meta name=\"twitter:card\" content=\"summary_large_image\" \/>\n<meta name=\"twitter:label1\" content=\"Estimated reading time\" \/>\n\t<meta name=\"twitter:data1\" content=\"2 minutes\" \/>\n<script type=\"application\/ld+json\" class=\"yoast-schema-graph\">{\"@context\":\"https:\/\/schema.org\",\"@graph\":[{\"@type\":\"WebPage\",\"@id\":\"https:\/\/monkomp.pl\/produkt\/thermal-hd-online\/\",\"url\":\"https:\/\/monkomp.pl\/produkt\/thermal-hd-online\/\",\"name\":\"Thermal HD Online - Kasy fiskalne Gda\u0144sk Kasa fiskalna Gdynia Sopot Tr\u00f3jmiasto\",\"isPartOf\":{\"@id\":\"https:\/\/monkomp.pl\/#website\"},\"primaryImageOfPage\":{\"@id\":\"https:\/\/monkomp.pl\/produkt\/thermal-hd-online\/#primaryimage\"},\"image\":{\"@id\":\"https:\/\/monkomp.pl\/produkt\/thermal-hd-online\/#primaryimage\"},\"thumbnailUrl\":\"https:\/\/monkomp.pl\/wp-content\/uploads\/2022\/07\/1-31.png\",\"datePublished\":\"2022-07-12T14:37:08+00:00\",\"breadcrumb\":{\"@id\":\"https:\/\/monkomp.pl\/produkt\/thermal-hd-online\/#breadcrumb\"},\"inLanguage\":\"en-GB\",\"potentialAction\":[{\"@type\":\"ReadAction\",\"target\":[\"https:\/\/monkomp.pl\/produkt\/thermal-hd-online\/\"]}]},{\"@type\":\"ImageObject\",\"inLanguage\":\"en-GB\",\"@id\":\"https:\/\/monkomp.pl\/produkt\/thermal-hd-online\/#primaryimage\",\"url\":\"https:\/\/monkomp.pl\/wp-content\/uploads\/2022\/07\/1-31.png\",\"contentUrl\":\"https:\/\/monkomp.pl\/wp-content\/uploads\/2022\/07\/1-31.png\",\"width\":600,\"height\":600,\"caption\":\"Thermal HD Online\"},{\"@type\":\"BreadcrumbList\",\"@id\":\"https:\/\/monkomp.pl\/produkt\/thermal-hd-online\/#breadcrumb\",\"itemListElement\":[{\"@type\":\"ListItem\",\"position\":1,\"name\":\"Strona g\u0142\u00f3wna\",\"item\":\"https:\/\/monkomp.pl\/\"},{\"@type\":\"ListItem\",\"position\":2,\"name\":\"Sklep\",\"item\":\"https:\/\/monkomp.pl\/sklep\/\"},{\"@type\":\"ListItem\",\"position\":3,\"name\":\"Thermal HD Online\"}]},{\"@type\":\"WebSite\",\"@id\":\"https:\/\/monkomp.pl\/#website\",\"url\":\"https:\/\/monkomp.pl\/\",\"name\":\"Kasy fiskalne Gda\u0144sk Kasa fiskalna Gdynia Sopot Tr\u00f3jmiasto\",\"description\":\"Kasy fiskalne kasa fisklana\",\"potentialAction\":[{\"@type\":\"SearchAction\",\"target\":{\"@type\":\"EntryPoint\",\"urlTemplate\":\"https:\/\/monkomp.pl\/?s={search_term_string}\"},\"query-input\":{\"@type\":\"PropertyValueSpecification\",\"valueRequired\":true,\"valueName\":\"search_term_string\"}}],\"inLanguage\":\"en-GB\"}]}<\/script>\n<!-- \/ Yoast SEO plugin. -->","yoast_head_json":{"title":"Thermal HD Online - Kasy fiskalne Gda\u0144sk Kasa fiskalna Gdynia Sopot Tr\u00f3jmiasto","robots":{"index":"index","follow":"follow","max-snippet":"max-snippet:-1","max-image-preview":"max-image-preview:large","max-video-preview":"max-video-preview:-1"},"canonical":"https:\/\/monkomp.pl\/en\/product\/thermal-hd-online\/","og_locale":"en_GB","og_type":"article","og_title":"Thermal HD Online - Kasy fiskalne Gda\u0144sk Kasa fiskalna Gdynia Sopot Tr\u00f3jmiasto","og_description":"Drukarka do zada\u0144 specjalnych - Posnet Thermal HD - teraz dost\u0119pna r\u00f3wnie\u017c w\u00a0wersji ONLINE. Je\u017celi prowadzisz sw\u00f3j biznes w\u00a0miejscu o\u00a0wyj\u0105tkowo du\u017cym nat\u0119\u017ceniu ruchu proponujemy Ci drukark\u0119 stworzon\u0105 specjalnie do takiej pracy. Thermal HD ONLINE posiada wytrzyma\u0142y mechanizm drukuj\u0105cy z\u00a0ceramicznym obcinaczem papieru. Dzi\u0119ki niemu zyskujesz niezawodno\u015b\u0107 i\u00a0gwarancj\u0119 najwy\u017cszej jako\u015bci.","og_url":"https:\/\/monkomp.pl\/en\/product\/thermal-hd-online\/","og_site_name":"Kasy fiskalne Gda\u0144sk Kasa fiskalna Gdynia Sopot Tr\u00f3jmiasto","og_image":[{"width":600,"height":600,"url":"https:\/\/monkomp.pl\/wp-content\/uploads\/2022\/07\/1-31.png","type":"image\/png"}],"twitter_card":"summary_large_image","twitter_misc":{"Estimated reading time":"2 minutes"},"schema":{"@context":"https:\/\/schema.org","@graph":[{"@type":"WebPage","@id":"https:\/\/monkomp.pl\/produkt\/thermal-hd-online\/","url":"https:\/\/monkomp.pl\/produkt\/thermal-hd-online\/","name":"Thermal HD Online - Kasy fiskalne Gda\u0144sk Kasa fiskalna Gdynia Sopot Tr\u00f3jmiasto","isPartOf":{"@id":"https:\/\/monkomp.pl\/#website"},"primaryImageOfPage":{"@id":"https:\/\/monkomp.pl\/produkt\/thermal-hd-online\/#primaryimage"},"image":{"@id":"https:\/\/monkomp.pl\/produkt\/thermal-hd-online\/#primaryimage"},"thumbnailUrl":"https:\/\/monkomp.pl\/wp-content\/uploads\/2022\/07\/1-31.png","datePublished":"2022-07-12T14:37:08+00:00","breadcrumb":{"@id":"https:\/\/monkomp.pl\/produkt\/thermal-hd-online\/#breadcrumb"},"inLanguage":"en-GB","potentialAction":[{"@type":"ReadAction","target":["https:\/\/monkomp.pl\/produkt\/thermal-hd-online\/"]}]},{"@type":"ImageObject","inLanguage":"en-GB","@id":"https:\/\/monkomp.pl\/produkt\/thermal-hd-online\/#primaryimage","url":"https:\/\/monkomp.pl\/wp-content\/uploads\/2022\/07\/1-31.png","contentUrl":"https:\/\/monkomp.pl\/wp-content\/uploads\/2022\/07\/1-31.png","width":600,"height":600,"caption":"Thermal HD Online"},{"@type":"BreadcrumbList","@id":"https:\/\/monkomp.pl\/produkt\/thermal-hd-online\/#breadcrumb","itemListElement":[{"@type":"ListItem","position":1,"name":"Strona g\u0142\u00f3wna","item":"https:\/\/monkomp.pl\/"},{"@type":"ListItem","position":2,"name":"Sklep","item":"https:\/\/monkomp.pl\/sklep\/"},{"@type":"ListItem","position":3,"name":"Thermal HD Online"}]},{"@type":"WebSite","@id":"https:\/\/monkomp.pl\/#website","url":"https:\/\/monkomp.pl\/","name":"Kasy fiskalne Gda\u0144sk Kasa fiskalna Gdynia Sopot Tr\u00f3jmiasto","description":"Kasy fiskalne kasa fisklana","potentialAction":[{"@type":"SearchAction","target":{"@type":"EntryPoint","urlTemplate":"https:\/\/monkomp.pl\/?s={search_term_string}"},"query-input":{"@type":"PropertyValueSpecification","valueRequired":true,"valueName":"search_term_string"}}],"inLanguage":"en-GB"}]}},"_links":{"self":[{"href":"https:\/\/monkomp.pl\/en\/wp-json\/wp\/v2\/product\/2386","targetHints":{"allow":["GET"]}}],"collection":[{"href":"https:\/\/monkomp.pl\/en\/wp-json\/wp\/v2\/product"}],"about":[{"href":"https:\/\/monkomp.pl\/en\/wp-json\/wp\/v2\/types\/product"}],"replies":[{"embeddable":true,"href":"https:\/\/monkomp.pl\/en\/wp-json\/wp\/v2\/comments?post=2386"}],"wp:featuredmedia":[{"embeddable":true,"href":"https:\/\/monkomp.pl\/en\/wp-json\/wp\/v2\/media\/2387"}],"wp:attachment":[{"href":"https:\/\/monkomp.pl\/en\/wp-json\/wp\/v2\/media?parent=2386"}],"wp:term":[{"taxonomy":"product_brand","embeddable":true,"href":"https:\/\/monkomp.pl\/en\/wp-json\/wp\/v2\/product_brand?post=2386"},{"taxonomy":"product_cat","embeddable":true,"href":"https:\/\/monkomp.pl\/en\/wp-json\/wp\/v2\/product_cat?post=2386"},{"taxonomy":"product_tag","embeddable":true,"href":"https:\/\/monkomp.pl\/en\/wp-json\/wp\/v2\/product_tag?post=2386"}],"curies":[{"name":"wp","href":"https:\/\/api.w.org\/{rel}","templated":true}]}}