{"id":2391,"date":"2022-07-12T22:44:50","date_gmt":"2022-07-12T20:44:50","guid":{"rendered":"https:\/\/monkomp.pl\/?post_type=product&#038;p=2391"},"modified":"2022-07-12T22:50:00","modified_gmt":"2022-07-12T20:50:00","slug":"honeywell-voyager-1202g","status":"publish","type":"product","link":"https:\/\/monkomp.pl\/en\/product\/honeywell-voyager-1202g\/","title":{"rendered":"HONEYWELL VOYAGER 1202G"},"content":{"rendered":"<p>Voyager 1202g jest nast\u0119pc\u0105 skanera VoyagerBT 9535 oraz bezprzewodow\u0105 wersj\u0105 czytnika\u00a0Voyager 1200g. Voyager 1202g to jednoliniowy, bezprzewodowy skaner laserowy. Technologia Bluetooth zapewnia bezprzewodow\u0105 komunikacj\u0119 w\u00a0zasi\u0119gu 10 metr\u00f3w od bazy, zwi\u0119kszaj\u0105c swobod\u0119 pracy oraz eliminuj\u0105c ograniczenia zwi\u0105zane z\u00a0u\u017cywaniem kabli. Gumowy zintegrowany przycisk CodeGate oraz odporna na zarysowania szybka minimalizuje mo\u017cliwo\u015b\u0107 przypadkowych uszkodze\u0144.<\/p>\n<p>Voyager 1202g dzi\u0119ki nowemu uk\u0142adowi skanuj\u0105cemu \u015bwietnie radzi sobie z\u00a0odczytem kod\u00f3w jednowymiarowych (w tym GS1 DataBar), kod\u00f3w z\u0142ej jako\u015bci, uszkodzonych oraz o\u00a0du\u017cej g\u0119sto\u015bci. Trwa\u0142y litowo-jonowy akumulator po pe\u0142nym na\u0142adowaniu zapewnia 12 godzin pracy (45 000 skan\u00f3w). Jego wymiana jest szybka i\u00a0prosta, bez konieczno\u015bci u\u017cycia dodatkowych narz\u0119dzi.<\/p>\n<p>Skaner Voyager 1202g w\u00a0standardzie posiada powi\u0119kszon\u0105 pami\u0119\u0107, kt\u00f3ra przechowuje oko\u0142o 14 000 kod\u00f3w UPC. Funkcja Automatic Batch Mode pozwala na zapisywanie w\u00a0pami\u0119ci RAM kod\u00f3w odczytanych poza zasi\u0119giem bazy (dane zostan\u0105 przes\u0142ane, gdy skaner znajdzie si\u0119 w\u00a0jej zasi\u0119gu). Baza posiada przycisk przywo\u0142ania skanera, co pozwala zlokalizowa\u0107 zagubione urz\u0105dzenie (sygnalizacja d\u017awi\u0119kowa i\u00a0\u015bwietlna). Baz\u0119 mo\u017cna przymocowa\u0107 w\u00a0pozycji poziomej lub pionowej (np. na \u015bcianie), co u\u0142atwia organizacj\u0119 miejsca pracy.<\/p>\n<p>Dedykowany\u00a0do plac\u00f3wek handlowych, biur, aptek, laboratori\u00f3w, szpitali, bibliotek, magazyn\u00f3w oraz do pracy w\u00a0lekkich warunkach przemys\u0142owych.<\/p>\n<h3>NAJWA\u017bNIEJSZE CECHY PRODUKTU<\/h3>\n<ul>\n<li>odczyt kod\u00f3w z\u0142ej jako\u015bci, uszkodzonych oraz o\u00a0du\u017cej g\u0119sto\u015bci (od 3.5 mil)<\/li>\n<li>12 godzin pracy (45000 skan\u00f3w) po pe\u0142nym na\u0142adowaniu akumulatora<\/li>\n<li>komunikacja bezprzewodowa Bluetooth klasy 2 (radio v. 2.1) o\u00a0zasi\u0119gu operacyjnym 10m<\/li>\n<li>funkcja Automatic Batch Mode (zapisywanie w\u00a0pami\u0119ci RAM kod\u00f3w odczytanych poza zasi\u0119giem bazy)<\/li>\n<li>multi-interfejs (mo\u017cliwo\u015b\u0107 wymiennego u\u017cycia intefejs\u00f3w: KBW, RS232 lub USB, poprzez zmian\u0119 kabla)<\/li>\n<\/ul>\n<h4>Dost\u0119pne opcje:<\/h4>\n<ul>\n<li>obudowa w\u00a0kolorze czarnym lub szarym<\/li>\n<li>interfejsy: KBW\/PS2, RS232, USB<\/li>\n<\/ul>\n<h4>Dodatkowe informacje:<\/h4>\n<ul>\n<li>mo\u017cliwo\u015b\u0107 konfiguracji poprzez program EZConfig<\/li>\n<li>dost\u0119pne sterowniki: OPOS, JPOS, POS4NET, USB Serial Driver<\/li>\n<\/ul>","protected":false},"excerpt":{"rendered":"<p>Voyager 1202g jest nast\u0119pc\u0105 skanera VoyagerBT 9535 oraz bezprzewodow\u0105 wersj\u0105 czytnika\u00a0Voyager 1200g. Voyager 1202g to jednoliniowy, bezprzewodowy skaner laserowy. Technologia Bluetooth zapewnia bezprzewodow\u0105 komunikacj\u0119 w\u00a0zasi\u0119gu 10 metr\u00f3w od bazy, zwi\u0119kszaj\u0105c swobod\u0119 pracy oraz eliminuj\u0105c ograniczenia zwi\u0105zane z\u00a0u\u017cywaniem kabli. Gumowy zintegrowany przycisk CodeGate oraz odporna na zarysowania szybka minimalizuje mo\u017cliwo\u015b\u0107 przypadkowych uszkodze\u0144.<\/p>","protected":false},"featured_media":2392,"comment_status":"closed","ping_status":"closed","template":"","meta":{"_et_pb_use_builder":"","_et_pb_old_content":"","_et_gb_content_width":""},"product_brand":[],"product_cat":[54,50,55],"product_tag":[],"class_list":{"0":"post-2391","1":"product","2":"type-product","3":"status-publish","4":"has-post-thumbnail","6":"product_cat-kody-kreskowe","7":"product_cat-posnet","8":"product_cat-skanery-kodow-kreskowych","10":"first","11":"onbackorder","12":"taxable","13":"shipping-taxable","14":"product-type-simple"},"yoast_head":"<!-- This site is optimized with the Yoast SEO plugin v26.9 - https:\/\/yoast.com\/product\/yoast-seo-wordpress\/ -->\n<title>HONEYWELL VOYAGER 1202G - Kasy fiskalne Gda\u0144sk Kasa fiskalna Gdynia Sopot Tr\u00f3jmiasto<\/title>\n<meta name=\"robots\" content=\"index, follow, max-snippet:-1, max-image-preview:large, max-video-preview:-1\" \/>\n<link rel=\"canonical\" href=\"https:\/\/monkomp.pl\/en\/product\/honeywell-voyager-1202g\/\" \/>\n<meta property=\"og:locale\" content=\"en_GB\" \/>\n<meta property=\"og:type\" content=\"article\" \/>\n<meta property=\"og:title\" content=\"HONEYWELL VOYAGER 1202G - Kasy fiskalne Gda\u0144sk Kasa fiskalna Gdynia Sopot Tr\u00f3jmiasto\" \/>\n<meta property=\"og:description\" content=\"Voyager 1202g jest nast\u0119pc\u0105 skanera VoyagerBT 9535 oraz bezprzewodow\u0105 wersj\u0105 czytnika\u00a0Voyager 1200g. Voyager 1202g to jednoliniowy, bezprzewodowy skaner laserowy. Technologia Bluetooth zapewnia bezprzewodow\u0105 komunikacj\u0119 w\u00a0zasi\u0119gu 10 metr\u00f3w od bazy, zwi\u0119kszaj\u0105c swobod\u0119 pracy oraz eliminuj\u0105c ograniczenia zwi\u0105zane z\u00a0u\u017cywaniem kabli. Gumowy zintegrowany przycisk CodeGate oraz odporna na zarysowania szybka minimalizuje mo\u017cliwo\u015b\u0107 przypadkowych uszkodze\u0144.\" \/>\n<meta property=\"og:url\" content=\"https:\/\/monkomp.pl\/en\/product\/honeywell-voyager-1202g\/\" \/>\n<meta property=\"og:site_name\" content=\"Kasy fiskalne Gda\u0144sk Kasa fiskalna Gdynia Sopot Tr\u00f3jmiasto\" \/>\n<meta property=\"article:modified_time\" content=\"2022-07-12T20:50:00+00:00\" \/>\n<meta property=\"og:image\" content=\"https:\/\/monkomp.pl\/wp-content\/uploads\/2022\/07\/1-32.png\" \/>\n\t<meta property=\"og:image:width\" content=\"600\" \/>\n\t<meta property=\"og:image:height\" content=\"600\" \/>\n\t<meta property=\"og:image:type\" content=\"image\/png\" \/>\n<meta name=\"twitter:card\" content=\"summary_large_image\" \/>\n<meta name=\"twitter:label1\" content=\"Estimated reading time\" \/>\n\t<meta name=\"twitter:data1\" content=\"2 minutes\" \/>\n<script type=\"application\/ld+json\" class=\"yoast-schema-graph\">{\"@context\":\"https:\/\/schema.org\",\"@graph\":[{\"@type\":\"WebPage\",\"@id\":\"https:\/\/monkomp.pl\/produkt\/honeywell-voyager-1202g\/\",\"url\":\"https:\/\/monkomp.pl\/produkt\/honeywell-voyager-1202g\/\",\"name\":\"HONEYWELL VOYAGER 1202G - Kasy fiskalne Gda\u0144sk Kasa fiskalna Gdynia Sopot Tr\u00f3jmiasto\",\"isPartOf\":{\"@id\":\"https:\/\/monkomp.pl\/#website\"},\"primaryImageOfPage\":{\"@id\":\"https:\/\/monkomp.pl\/produkt\/honeywell-voyager-1202g\/#primaryimage\"},\"image\":{\"@id\":\"https:\/\/monkomp.pl\/produkt\/honeywell-voyager-1202g\/#primaryimage\"},\"thumbnailUrl\":\"https:\/\/monkomp.pl\/wp-content\/uploads\/2022\/07\/1-32.png\",\"datePublished\":\"2022-07-12T20:44:50+00:00\",\"dateModified\":\"2022-07-12T20:50:00+00:00\",\"breadcrumb\":{\"@id\":\"https:\/\/monkomp.pl\/produkt\/honeywell-voyager-1202g\/#breadcrumb\"},\"inLanguage\":\"en-GB\",\"potentialAction\":[{\"@type\":\"ReadAction\",\"target\":[\"https:\/\/monkomp.pl\/produkt\/honeywell-voyager-1202g\/\"]}]},{\"@type\":\"ImageObject\",\"inLanguage\":\"en-GB\",\"@id\":\"https:\/\/monkomp.pl\/produkt\/honeywell-voyager-1202g\/#primaryimage\",\"url\":\"https:\/\/monkomp.pl\/wp-content\/uploads\/2022\/07\/1-32.png\",\"contentUrl\":\"https:\/\/monkomp.pl\/wp-content\/uploads\/2022\/07\/1-32.png\",\"width\":600,\"height\":600,\"caption\":\"HONEYWELL VOYAGER 1202G\"},{\"@type\":\"BreadcrumbList\",\"@id\":\"https:\/\/monkomp.pl\/produkt\/honeywell-voyager-1202g\/#breadcrumb\",\"itemListElement\":[{\"@type\":\"ListItem\",\"position\":1,\"name\":\"Strona g\u0142\u00f3wna\",\"item\":\"https:\/\/monkomp.pl\/\"},{\"@type\":\"ListItem\",\"position\":2,\"name\":\"Sklep\",\"item\":\"https:\/\/monkomp.pl\/sklep\/\"},{\"@type\":\"ListItem\",\"position\":3,\"name\":\"HONEYWELL VOYAGER 1202G\"}]},{\"@type\":\"WebSite\",\"@id\":\"https:\/\/monkomp.pl\/#website\",\"url\":\"https:\/\/monkomp.pl\/\",\"name\":\"Kasy fiskalne Gda\u0144sk Kasa fiskalna Gdynia Sopot Tr\u00f3jmiasto\",\"description\":\"Kasy fiskalne kasa fisklana\",\"potentialAction\":[{\"@type\":\"SearchAction\",\"target\":{\"@type\":\"EntryPoint\",\"urlTemplate\":\"https:\/\/monkomp.pl\/?s={search_term_string}\"},\"query-input\":{\"@type\":\"PropertyValueSpecification\",\"valueRequired\":true,\"valueName\":\"search_term_string\"}}],\"inLanguage\":\"en-GB\"}]}<\/script>\n<!-- \/ Yoast SEO plugin. -->","yoast_head_json":{"title":"HONEYWELL VOYAGER 1202G - Kasy fiskalne Gda\u0144sk Kasa fiskalna Gdynia Sopot Tr\u00f3jmiasto","robots":{"index":"index","follow":"follow","max-snippet":"max-snippet:-1","max-image-preview":"max-image-preview:large","max-video-preview":"max-video-preview:-1"},"canonical":"https:\/\/monkomp.pl\/en\/product\/honeywell-voyager-1202g\/","og_locale":"en_GB","og_type":"article","og_title":"HONEYWELL VOYAGER 1202G - Kasy fiskalne Gda\u0144sk Kasa fiskalna Gdynia Sopot Tr\u00f3jmiasto","og_description":"Voyager 1202g jest nast\u0119pc\u0105 skanera VoyagerBT 9535 oraz bezprzewodow\u0105 wersj\u0105 czytnika\u00a0Voyager 1200g. Voyager 1202g to jednoliniowy, bezprzewodowy skaner laserowy. Technologia Bluetooth zapewnia bezprzewodow\u0105 komunikacj\u0119 w\u00a0zasi\u0119gu 10 metr\u00f3w od bazy, zwi\u0119kszaj\u0105c swobod\u0119 pracy oraz eliminuj\u0105c ograniczenia zwi\u0105zane z\u00a0u\u017cywaniem kabli. Gumowy zintegrowany przycisk CodeGate oraz odporna na zarysowania szybka minimalizuje mo\u017cliwo\u015b\u0107 przypadkowych uszkodze\u0144.","og_url":"https:\/\/monkomp.pl\/en\/product\/honeywell-voyager-1202g\/","og_site_name":"Kasy fiskalne Gda\u0144sk Kasa fiskalna Gdynia Sopot Tr\u00f3jmiasto","article_modified_time":"2022-07-12T20:50:00+00:00","og_image":[{"width":600,"height":600,"url":"https:\/\/monkomp.pl\/wp-content\/uploads\/2022\/07\/1-32.png","type":"image\/png"}],"twitter_card":"summary_large_image","twitter_misc":{"Estimated reading time":"2 minutes"},"schema":{"@context":"https:\/\/schema.org","@graph":[{"@type":"WebPage","@id":"https:\/\/monkomp.pl\/produkt\/honeywell-voyager-1202g\/","url":"https:\/\/monkomp.pl\/produkt\/honeywell-voyager-1202g\/","name":"HONEYWELL VOYAGER 1202G - Kasy fiskalne Gda\u0144sk Kasa fiskalna Gdynia Sopot Tr\u00f3jmiasto","isPartOf":{"@id":"https:\/\/monkomp.pl\/#website"},"primaryImageOfPage":{"@id":"https:\/\/monkomp.pl\/produkt\/honeywell-voyager-1202g\/#primaryimage"},"image":{"@id":"https:\/\/monkomp.pl\/produkt\/honeywell-voyager-1202g\/#primaryimage"},"thumbnailUrl":"https:\/\/monkomp.pl\/wp-content\/uploads\/2022\/07\/1-32.png","datePublished":"2022-07-12T20:44:50+00:00","dateModified":"2022-07-12T20:50:00+00:00","breadcrumb":{"@id":"https:\/\/monkomp.pl\/produkt\/honeywell-voyager-1202g\/#breadcrumb"},"inLanguage":"en-GB","potentialAction":[{"@type":"ReadAction","target":["https:\/\/monkomp.pl\/produkt\/honeywell-voyager-1202g\/"]}]},{"@type":"ImageObject","inLanguage":"en-GB","@id":"https:\/\/monkomp.pl\/produkt\/honeywell-voyager-1202g\/#primaryimage","url":"https:\/\/monkomp.pl\/wp-content\/uploads\/2022\/07\/1-32.png","contentUrl":"https:\/\/monkomp.pl\/wp-content\/uploads\/2022\/07\/1-32.png","width":600,"height":600,"caption":"HONEYWELL VOYAGER 1202G"},{"@type":"BreadcrumbList","@id":"https:\/\/monkomp.pl\/produkt\/honeywell-voyager-1202g\/#breadcrumb","itemListElement":[{"@type":"ListItem","position":1,"name":"Strona g\u0142\u00f3wna","item":"https:\/\/monkomp.pl\/"},{"@type":"ListItem","position":2,"name":"Sklep","item":"https:\/\/monkomp.pl\/sklep\/"},{"@type":"ListItem","position":3,"name":"HONEYWELL VOYAGER 1202G"}]},{"@type":"WebSite","@id":"https:\/\/monkomp.pl\/#website","url":"https:\/\/monkomp.pl\/","name":"Kasy fiskalne Gda\u0144sk Kasa fiskalna Gdynia Sopot Tr\u00f3jmiasto","description":"Kasy fiskalne kasa fisklana","potentialAction":[{"@type":"SearchAction","target":{"@type":"EntryPoint","urlTemplate":"https:\/\/monkomp.pl\/?s={search_term_string}"},"query-input":{"@type":"PropertyValueSpecification","valueRequired":true,"valueName":"search_term_string"}}],"inLanguage":"en-GB"}]}},"_links":{"self":[{"href":"https:\/\/monkomp.pl\/en\/wp-json\/wp\/v2\/product\/2391","targetHints":{"allow":["GET"]}}],"collection":[{"href":"https:\/\/monkomp.pl\/en\/wp-json\/wp\/v2\/product"}],"about":[{"href":"https:\/\/monkomp.pl\/en\/wp-json\/wp\/v2\/types\/product"}],"replies":[{"embeddable":true,"href":"https:\/\/monkomp.pl\/en\/wp-json\/wp\/v2\/comments?post=2391"}],"wp:featuredmedia":[{"embeddable":true,"href":"https:\/\/monkomp.pl\/en\/wp-json\/wp\/v2\/media\/2392"}],"wp:attachment":[{"href":"https:\/\/monkomp.pl\/en\/wp-json\/wp\/v2\/media?parent=2391"}],"wp:term":[{"taxonomy":"product_brand","embeddable":true,"href":"https:\/\/monkomp.pl\/en\/wp-json\/wp\/v2\/product_brand?post=2391"},{"taxonomy":"product_cat","embeddable":true,"href":"https:\/\/monkomp.pl\/en\/wp-json\/wp\/v2\/product_cat?post=2391"},{"taxonomy":"product_tag","embeddable":true,"href":"https:\/\/monkomp.pl\/en\/wp-json\/wp\/v2\/product_tag?post=2391"}],"curies":[{"name":"wp","href":"https:\/\/api.w.org\/{rel}","templated":true}]}}