{"id":2398,"date":"2022-07-12T22:49:34","date_gmt":"2022-07-12T20:49:34","guid":{"rendered":"https:\/\/monkomp.pl\/?post_type=product&#038;p=2398"},"modified":"2022-07-12T22:49:34","modified_gmt":"2022-07-12T20:49:34","slug":"honeywell-voyager-1250g","status":"publish","type":"product","link":"https:\/\/monkomp.pl\/en\/product\/honeywell-voyager-1250g\/","title":{"rendered":"HONEYWELL VOYAGER 1250G"},"content":{"rendered":"<p>Voyager 1250g to r\u0119czny, jednoliniowy skaner laserowy, stworzony na platformie czytnik\u00f3w serii Voyager (jednej z\u00a0najlepiej rozpoznawalnych linii skaner\u00f3w na \u015bwiecie).<br \/>\nDzi\u0119ki nowemu uk\u0142adowi skanuj\u0105cemu, \u015bwietnie radzi sobie z\u00a0odczytem kod\u00f3w jednowymiarowych (w tym GS1 DataBar), du\u017cych kod\u00f3w logistycznych, a\u00a0tak\u017ce z\u0142ej jako\u015bci i\u00a0uszkodzonych.<\/p>\n<div class=\"product_description_text\">\n<div class=\"product_description\">\n<p>Zaprojektowany z\u00a0my\u015bl\u0105 o\u00a0pracy w\u00a0warunkach intensywnego u\u017cytkowania. Du\u017cy zasi\u0119g odczytu (nawet do 44 cm) oraz uchwyt pistoletowy zapewniaj\u0105 komfort pracy oraz du\u017c\u0105 wydajno\u015b\u0107 skanowania. Te dwie cechy, daj\u0105 mo\u017cliwo\u015b\u0107 odczytu kod\u00f3w kreskowych z\u00a0towar\u00f3w w\u00a0trudno dost\u0119pnych miejscach (np. w\u00a0dolnej cz\u0119\u015bci w\u00f3zka), czy \u0142atwej inwentaryzacji towaru znajduj\u0105cego si\u0119 na wysokich p\u00f3lkach.<\/p>\n<p>Skaner Voyager 1250g mo\u017ce by\u0107 u\u017cywany jako r\u0119czny lub stacjonarny z\u00a0wykorzystaniem podstawki (po umieszczeniu czytnika na podstawce, nast\u0119puje przej\u015bcie w\u00a0automatyczny tryb pracy). Funkcja ta jest szczeg\u00f3lnie przydatna na stanowiskach kasowych.<\/p>\n<p>Dedykowany do plac\u00f3wek handlowych, biur, hurtowni, magazyn\u00f3w oraz pracy w lekkich warunkach przemys\u0142owych.<\/p>\n<\/div>\n<\/div>\n<div class=\"product_description_text\">\n<div class=\"product_description\">\n<h3>NAJWA\u017bNIEJSZE CECHY PRODUKTU<\/h3>\n<ul>\n<li>odczyt kod\u00f3w z\u0142ej jako\u015bci i\u00a0uszkodzonych<\/li>\n<li>du\u017cy zasi\u0119g odczytu ( 0-446 mm)<\/li>\n<li>uchwyt pistoletowy<\/li>\n<li>dwa tryby pracy: automatyczny i\u00a0manualny<\/li>\n<li>mo\u017ce by\u0107 u\u017cywany jako r\u0119czny lub stacjonarny (z wykorzystaniem podstawki)<\/li>\n<li>multi-interfejs (mo\u017cliwo\u015b\u0107 wymiennego u\u017cycia interfejs\u00f3w: KBW, RS232 lub USB, poprzez zmian\u0119 kabla)<\/li>\n<\/ul>\n<h4>Dost\u0119pne opcje:<\/h4>\n<ul>\n<li>obudowa w\u00a0kolorze czarnym lub szarym<\/li>\n<li>interfejsy: KBW\/PS2, RS232, USB<\/li>\n<\/ul>\n<h4>Dodatkowe informacje:<\/h4>\n<ul>\n<li>mo\u017cliwo\u015b\u0107 konfiguracji poprzez program EZConfig<\/li>\n<li>dost\u0119pne sterowniki: OPOS, JPOS, POS4NET, USB Serial Driver<\/li>\n<\/ul>\n<\/div>\n<\/div>","protected":false},"excerpt":{"rendered":"<p>Voyager 1250g to r\u0119czny, jednoliniowy skaner laserowy, stworzony na platformie czytnik\u00f3w serii Voyager (jednej z\u00a0najlepiej rozpoznawalnych linii skaner\u00f3w na \u015bwiecie).<br \/>\nDzi\u0119ki nowemu uk\u0142adowi skanuj\u0105cemu, \u015bwietnie radzi sobie z\u00a0odczytem kod\u00f3w jednowymiarowych (w tym GS1 DataBar), du\u017cych kod\u00f3w logistycznych, a\u00a0tak\u017ce z\u0142ej jako\u015bci i\u00a0uszkodzonych.<\/p>","protected":false},"featured_media":2399,"comment_status":"closed","ping_status":"closed","template":"","meta":{"_et_pb_use_builder":"","_et_pb_old_content":"","_et_gb_content_width":""},"product_brand":[],"product_cat":[54,50,55],"product_tag":[],"class_list":{"0":"post-2398","1":"product","2":"type-product","3":"status-publish","4":"has-post-thumbnail","6":"product_cat-kody-kreskowe","7":"product_cat-posnet","8":"product_cat-skanery-kodow-kreskowych","10":"first","11":"onbackorder","12":"taxable","13":"shipping-taxable","14":"product-type-simple"},"yoast_head":"<!-- This site is optimized with the Yoast SEO plugin v26.9 - https:\/\/yoast.com\/product\/yoast-seo-wordpress\/ -->\n<title>HONEYWELL VOYAGER 1250G - Kasy fiskalne Gda\u0144sk Kasa fiskalna Gdynia Sopot Tr\u00f3jmiasto<\/title>\n<meta name=\"robots\" content=\"index, follow, max-snippet:-1, max-image-preview:large, max-video-preview:-1\" \/>\n<link rel=\"canonical\" href=\"https:\/\/monkomp.pl\/en\/product\/honeywell-voyager-1250g\/\" \/>\n<meta property=\"og:locale\" content=\"en_GB\" \/>\n<meta property=\"og:type\" content=\"article\" \/>\n<meta property=\"og:title\" content=\"HONEYWELL VOYAGER 1250G - Kasy fiskalne Gda\u0144sk Kasa fiskalna Gdynia Sopot Tr\u00f3jmiasto\" \/>\n<meta property=\"og:description\" content=\"Voyager 1250g to r\u0119czny, jednoliniowy skaner laserowy, stworzony na platformie czytnik\u00f3w serii Voyager (jednej z\u00a0najlepiej rozpoznawalnych linii skaner\u00f3w na \u015bwiecie). Dzi\u0119ki nowemu uk\u0142adowi skanuj\u0105cemu, \u015bwietnie radzi sobie z\u00a0odczytem kod\u00f3w jednowymiarowych (w tym GS1 DataBar), du\u017cych kod\u00f3w logistycznych, a\u00a0tak\u017ce z\u0142ej jako\u015bci i\u00a0uszkodzonych.\" \/>\n<meta property=\"og:url\" content=\"https:\/\/monkomp.pl\/en\/product\/honeywell-voyager-1250g\/\" \/>\n<meta property=\"og:site_name\" content=\"Kasy fiskalne Gda\u0144sk Kasa fiskalna Gdynia Sopot Tr\u00f3jmiasto\" \/>\n<meta property=\"og:image\" content=\"https:\/\/monkomp.pl\/wp-content\/uploads\/2022\/07\/1-34.png\" \/>\n\t<meta property=\"og:image:width\" content=\"600\" \/>\n\t<meta property=\"og:image:height\" content=\"600\" \/>\n\t<meta property=\"og:image:type\" content=\"image\/png\" \/>\n<meta name=\"twitter:card\" content=\"summary_large_image\" \/>\n<meta name=\"twitter:label1\" content=\"Estimated reading time\" \/>\n\t<meta name=\"twitter:data1\" content=\"2 minutes\" \/>\n<script type=\"application\/ld+json\" class=\"yoast-schema-graph\">{\"@context\":\"https:\/\/schema.org\",\"@graph\":[{\"@type\":\"WebPage\",\"@id\":\"https:\/\/monkomp.pl\/produkt\/honeywell-voyager-1250g\/\",\"url\":\"https:\/\/monkomp.pl\/produkt\/honeywell-voyager-1250g\/\",\"name\":\"HONEYWELL VOYAGER 1250G - Kasy fiskalne Gda\u0144sk Kasa fiskalna Gdynia Sopot Tr\u00f3jmiasto\",\"isPartOf\":{\"@id\":\"https:\/\/monkomp.pl\/#website\"},\"primaryImageOfPage\":{\"@id\":\"https:\/\/monkomp.pl\/produkt\/honeywell-voyager-1250g\/#primaryimage\"},\"image\":{\"@id\":\"https:\/\/monkomp.pl\/produkt\/honeywell-voyager-1250g\/#primaryimage\"},\"thumbnailUrl\":\"https:\/\/monkomp.pl\/wp-content\/uploads\/2022\/07\/1-34.png\",\"datePublished\":\"2022-07-12T20:49:34+00:00\",\"breadcrumb\":{\"@id\":\"https:\/\/monkomp.pl\/produkt\/honeywell-voyager-1250g\/#breadcrumb\"},\"inLanguage\":\"en-GB\",\"potentialAction\":[{\"@type\":\"ReadAction\",\"target\":[\"https:\/\/monkomp.pl\/produkt\/honeywell-voyager-1250g\/\"]}]},{\"@type\":\"ImageObject\",\"inLanguage\":\"en-GB\",\"@id\":\"https:\/\/monkomp.pl\/produkt\/honeywell-voyager-1250g\/#primaryimage\",\"url\":\"https:\/\/monkomp.pl\/wp-content\/uploads\/2022\/07\/1-34.png\",\"contentUrl\":\"https:\/\/monkomp.pl\/wp-content\/uploads\/2022\/07\/1-34.png\",\"width\":600,\"height\":600,\"caption\":\"HONEYWELL VOYAGER 1250G\"},{\"@type\":\"BreadcrumbList\",\"@id\":\"https:\/\/monkomp.pl\/produkt\/honeywell-voyager-1250g\/#breadcrumb\",\"itemListElement\":[{\"@type\":\"ListItem\",\"position\":1,\"name\":\"Strona g\u0142\u00f3wna\",\"item\":\"https:\/\/monkomp.pl\/\"},{\"@type\":\"ListItem\",\"position\":2,\"name\":\"Sklep\",\"item\":\"https:\/\/monkomp.pl\/sklep\/\"},{\"@type\":\"ListItem\",\"position\":3,\"name\":\"HONEYWELL VOYAGER 1250G\"}]},{\"@type\":\"WebSite\",\"@id\":\"https:\/\/monkomp.pl\/#website\",\"url\":\"https:\/\/monkomp.pl\/\",\"name\":\"Kasy fiskalne Gda\u0144sk Kasa fiskalna Gdynia Sopot Tr\u00f3jmiasto\",\"description\":\"Kasy fiskalne kasa fisklana\",\"potentialAction\":[{\"@type\":\"SearchAction\",\"target\":{\"@type\":\"EntryPoint\",\"urlTemplate\":\"https:\/\/monkomp.pl\/?s={search_term_string}\"},\"query-input\":{\"@type\":\"PropertyValueSpecification\",\"valueRequired\":true,\"valueName\":\"search_term_string\"}}],\"inLanguage\":\"en-GB\"}]}<\/script>\n<!-- \/ Yoast SEO plugin. -->","yoast_head_json":{"title":"HONEYWELL VOYAGER 1250G - Kasy fiskalne Gda\u0144sk Kasa fiskalna Gdynia Sopot Tr\u00f3jmiasto","robots":{"index":"index","follow":"follow","max-snippet":"max-snippet:-1","max-image-preview":"max-image-preview:large","max-video-preview":"max-video-preview:-1"},"canonical":"https:\/\/monkomp.pl\/en\/product\/honeywell-voyager-1250g\/","og_locale":"en_GB","og_type":"article","og_title":"HONEYWELL VOYAGER 1250G - Kasy fiskalne Gda\u0144sk Kasa fiskalna Gdynia Sopot Tr\u00f3jmiasto","og_description":"Voyager 1250g to r\u0119czny, jednoliniowy skaner laserowy, stworzony na platformie czytnik\u00f3w serii Voyager (jednej z\u00a0najlepiej rozpoznawalnych linii skaner\u00f3w na \u015bwiecie). Dzi\u0119ki nowemu uk\u0142adowi skanuj\u0105cemu, \u015bwietnie radzi sobie z\u00a0odczytem kod\u00f3w jednowymiarowych (w tym GS1 DataBar), du\u017cych kod\u00f3w logistycznych, a\u00a0tak\u017ce z\u0142ej jako\u015bci i\u00a0uszkodzonych.","og_url":"https:\/\/monkomp.pl\/en\/product\/honeywell-voyager-1250g\/","og_site_name":"Kasy fiskalne Gda\u0144sk Kasa fiskalna Gdynia Sopot Tr\u00f3jmiasto","og_image":[{"width":600,"height":600,"url":"https:\/\/monkomp.pl\/wp-content\/uploads\/2022\/07\/1-34.png","type":"image\/png"}],"twitter_card":"summary_large_image","twitter_misc":{"Estimated reading time":"2 minutes"},"schema":{"@context":"https:\/\/schema.org","@graph":[{"@type":"WebPage","@id":"https:\/\/monkomp.pl\/produkt\/honeywell-voyager-1250g\/","url":"https:\/\/monkomp.pl\/produkt\/honeywell-voyager-1250g\/","name":"HONEYWELL VOYAGER 1250G - Kasy fiskalne Gda\u0144sk Kasa fiskalna Gdynia Sopot Tr\u00f3jmiasto","isPartOf":{"@id":"https:\/\/monkomp.pl\/#website"},"primaryImageOfPage":{"@id":"https:\/\/monkomp.pl\/produkt\/honeywell-voyager-1250g\/#primaryimage"},"image":{"@id":"https:\/\/monkomp.pl\/produkt\/honeywell-voyager-1250g\/#primaryimage"},"thumbnailUrl":"https:\/\/monkomp.pl\/wp-content\/uploads\/2022\/07\/1-34.png","datePublished":"2022-07-12T20:49:34+00:00","breadcrumb":{"@id":"https:\/\/monkomp.pl\/produkt\/honeywell-voyager-1250g\/#breadcrumb"},"inLanguage":"en-GB","potentialAction":[{"@type":"ReadAction","target":["https:\/\/monkomp.pl\/produkt\/honeywell-voyager-1250g\/"]}]},{"@type":"ImageObject","inLanguage":"en-GB","@id":"https:\/\/monkomp.pl\/produkt\/honeywell-voyager-1250g\/#primaryimage","url":"https:\/\/monkomp.pl\/wp-content\/uploads\/2022\/07\/1-34.png","contentUrl":"https:\/\/monkomp.pl\/wp-content\/uploads\/2022\/07\/1-34.png","width":600,"height":600,"caption":"HONEYWELL VOYAGER 1250G"},{"@type":"BreadcrumbList","@id":"https:\/\/monkomp.pl\/produkt\/honeywell-voyager-1250g\/#breadcrumb","itemListElement":[{"@type":"ListItem","position":1,"name":"Strona g\u0142\u00f3wna","item":"https:\/\/monkomp.pl\/"},{"@type":"ListItem","position":2,"name":"Sklep","item":"https:\/\/monkomp.pl\/sklep\/"},{"@type":"ListItem","position":3,"name":"HONEYWELL VOYAGER 1250G"}]},{"@type":"WebSite","@id":"https:\/\/monkomp.pl\/#website","url":"https:\/\/monkomp.pl\/","name":"Kasy fiskalne Gda\u0144sk Kasa fiskalna Gdynia Sopot Tr\u00f3jmiasto","description":"Kasy fiskalne kasa fisklana","potentialAction":[{"@type":"SearchAction","target":{"@type":"EntryPoint","urlTemplate":"https:\/\/monkomp.pl\/?s={search_term_string}"},"query-input":{"@type":"PropertyValueSpecification","valueRequired":true,"valueName":"search_term_string"}}],"inLanguage":"en-GB"}]}},"_links":{"self":[{"href":"https:\/\/monkomp.pl\/en\/wp-json\/wp\/v2\/product\/2398","targetHints":{"allow":["GET"]}}],"collection":[{"href":"https:\/\/monkomp.pl\/en\/wp-json\/wp\/v2\/product"}],"about":[{"href":"https:\/\/monkomp.pl\/en\/wp-json\/wp\/v2\/types\/product"}],"replies":[{"embeddable":true,"href":"https:\/\/monkomp.pl\/en\/wp-json\/wp\/v2\/comments?post=2398"}],"wp:featuredmedia":[{"embeddable":true,"href":"https:\/\/monkomp.pl\/en\/wp-json\/wp\/v2\/media\/2399"}],"wp:attachment":[{"href":"https:\/\/monkomp.pl\/en\/wp-json\/wp\/v2\/media?parent=2398"}],"wp:term":[{"taxonomy":"product_brand","embeddable":true,"href":"https:\/\/monkomp.pl\/en\/wp-json\/wp\/v2\/product_brand?post=2398"},{"taxonomy":"product_cat","embeddable":true,"href":"https:\/\/monkomp.pl\/en\/wp-json\/wp\/v2\/product_cat?post=2398"},{"taxonomy":"product_tag","embeddable":true,"href":"https:\/\/monkomp.pl\/en\/wp-json\/wp\/v2\/product_tag?post=2398"}],"curies":[{"name":"wp","href":"https:\/\/api.w.org\/{rel}","templated":true}]}}