{"id":2403,"date":"2022-07-12T23:36:16","date_gmt":"2022-07-12T21:36:16","guid":{"rendered":"https:\/\/monkomp.pl\/?post_type=product&#038;p=2403"},"modified":"2022-07-12T23:36:17","modified_gmt":"2022-07-12T21:36:17","slug":"honeywell-voyager-1472g","status":"publish","type":"product","link":"https:\/\/monkomp.pl\/en\/product\/honeywell-voyager-1472g\/","title":{"rendered":"HONEYWELL VOYAGER 1472G"},"content":{"rendered":"<p>Voyager 1472g\u00a0to r\u0119czny, bezprzewodowy czytnik typu area imager. Zbudowany na platformie najbardziej popularnej na \u015bwiecie serii r\u0119cznych czytnik\u00f3w Voyager marki Honeywell. Technologia Bluetooth zapewnia bezprzewodow\u0105 komunikacj\u0119 w\u00a0zasi\u0119gu 30 metr\u00f3w od bazy, zwi\u0119kszaj\u0105c swobod\u0119 pracy oraz eliminuj\u0105c ograniczenia zwi\u0105zane z\u00a0u\u017cywaniem kabli.<\/p>\n<div class=\"product_description_text\">\n<div class=\"product_description\">\n<p>Skaner ten umo\u017cliwa wielokierunkowy odczyt kod\u00f3w (w zale\u017cno\u015bci od wybranej wersji) 1D, PDF417, 2D, r\u00f3wnie\u017c z\u0142ej jako\u015bci oraz kody z\u00a0wy\u015bwietlaczy urz\u0105dze\u0144 mobilnych i\u00a0ekran\u00f3w LCD.\u00a0Posiada dwa tryby pracy: automatyczny (czujnik podczerwieni aktywuje laser w\u00a0momencie, gdy kod kreskowy pojawi si\u0119 w\u00a0polu odczytu) oraz manualny (odczyt kodu i\u00a0przesy\u0142 danych nast\u0119puje po naci\u015bni\u0119ciu przycisku).<\/p>\n<p>Voyaer 1472g mo\u017ce by\u0107 u\u017cywany jako r\u0119czny lub stacjonarny z\u00a0wykorzystaniem bazy. Funkcja ta jest szczeg\u00f3lnie przydatna na stanowiskach kasowych. Z\u00a0kolei uchwyt pistoletowy zapewniaja komfort pracy oraz du\u017c\u0105 wydajno\u015b\u0107 skanowania manulanego.<\/p>\n<p>Trwa\u0142y litowo-jonowy akumulator po pe\u0142nym na\u0142adowaniu zapewnia 14 godzin pracy (do 40 000 skan\u00f3w). Jego wymiana jest szybka i prosta, bez konieczno\u015bci u\u017cycia dodatkowych narz\u0119dzi. Funkcja Automatic Batch Mode pozwala na zapisywanie w pami\u0119ci kod\u00f3w odczytanych poza zasi\u0119giem bazy (dane zostan\u0105 przes\u0142ane, gdy skaner znajdzie si\u0119 w jej zasi\u0119gu). Baza posiada przycisk przywo\u0142ania skanera, co pozwala zlokalizowa\u0107 zagubione urz\u0105dzenie (sygnalizacja d\u017awi\u0119kowa i \u015bwietlna). Voyager 1472g idealnie sprawdza si\u0119 w punktach sprzeda\u017cy, administracji, biurach, magazynach i stacjach kontroli pojazd\u00f3w.<\/p>\n<\/div>\n<\/div>\n<div class=\"product_description_text\">\n<div class=\"product_description\">\n<h3>NAJWA\u017bNIEJSZE CECHY PRODUKTU<\/h3>\n<ul>\n<li>odczyt kod\u00f3w 1D,2D,PDF417<\/li>\n<li>odczyt kod\u00f3w z\u00a0ekran\u00f3w LCD i\u00a0wy\u015bwietlaczy urz\u0105dze\u0144 mobilnych<\/li>\n<li>zasi\u0119g odczytu od 18mm do 400mm<\/li>\n<li>14 godzin pracy (do 40000 skan\u00f3w) po pe\u0142nym na\u0142adowaniu akumulatora<\/li>\n<li>komunikacja bezprzewodowa Bluetooth klasy 2 (radio v. 4.2) o\u00a0zasi\u0119gu operacyjnym 30m<\/li>\n<li>funkcja Automatic Batch Mode (zapisywanie w\u00a0pami\u0119ci kod\u00f3w odczytanych poza zasi\u0119giem bazy)<\/li>\n<li>dwa tryby pracy: manualny i\u00a0automatyczny<\/li>\n<li>mo\u017ce by\u0107 u\u017cywany jako r\u0119czny lub stacjonarny (z wykorzystaniem bazy)<\/li>\n<li>wytrzyma\u0142o\u015b\u0107: 30 \u2013 krotny upadek na beton z\u00a01,8 m.<\/li>\n<li>Multi- interfejs (mo\u017cliwo\u015b\u0107 wymiennego u\u017cycia interfejs\u00f3w: KBW, RS232 lub USB poprzez wymian\u0119 kabla)<\/li>\n<\/ul>\n<p><strong>Dost\u0119pne wersje:<\/strong><\/p>\n<ul>\n<li>1472g 2D &#8211; odczyt standardowych kod\u00f3w 1D, PDF417, 2D<\/li>\n<\/ul>\n<\/div>\n<\/div>","protected":false},"excerpt":{"rendered":"<p>Voyager 1472g\u00a0to r\u0119czny, bezprzewodowy czytnik typu area imager. Zbudowany na platformie najbardziej popularnej na \u015bwiecie serii r\u0119cznych czytnik\u00f3w Voyager marki Honeywell. Technologia Bluetooth zapewnia bezprzewodow\u0105 komunikacj\u0119 w\u00a0zasi\u0119gu 30 metr\u00f3w od bazy, zwi\u0119kszaj\u0105c swobod\u0119 pracy oraz eliminuj\u0105c ograniczenia zwi\u0105zane z\u00a0u\u017cywaniem kabli.<\/p>","protected":false},"featured_media":2404,"comment_status":"closed","ping_status":"closed","template":"","meta":{"_et_pb_use_builder":"","_et_pb_old_content":"","_et_gb_content_width":""},"product_brand":[],"product_cat":[54,50,55],"product_tag":[],"class_list":{"0":"post-2403","1":"product","2":"type-product","3":"status-publish","4":"has-post-thumbnail","6":"product_cat-kody-kreskowe","7":"product_cat-posnet","8":"product_cat-skanery-kodow-kreskowych","10":"first","11":"onbackorder","12":"taxable","13":"shipping-taxable","14":"product-type-simple"},"yoast_head":"<!-- This site is optimized with the Yoast SEO plugin v26.9 - https:\/\/yoast.com\/product\/yoast-seo-wordpress\/ -->\n<title>HONEYWELL VOYAGER 1472G - Kasy fiskalne Gda\u0144sk Kasa fiskalna Gdynia Sopot Tr\u00f3jmiasto<\/title>\n<meta name=\"robots\" content=\"index, follow, max-snippet:-1, max-image-preview:large, max-video-preview:-1\" \/>\n<link rel=\"canonical\" href=\"https:\/\/monkomp.pl\/en\/product\/honeywell-voyager-1472g\/\" \/>\n<meta property=\"og:locale\" content=\"en_GB\" \/>\n<meta property=\"og:type\" content=\"article\" \/>\n<meta property=\"og:title\" content=\"HONEYWELL VOYAGER 1472G - Kasy fiskalne Gda\u0144sk Kasa fiskalna Gdynia Sopot Tr\u00f3jmiasto\" \/>\n<meta property=\"og:description\" content=\"Voyager 1472g\u00a0to r\u0119czny, bezprzewodowy czytnik typu area imager. Zbudowany na platformie najbardziej popularnej na \u015bwiecie serii r\u0119cznych czytnik\u00f3w Voyager marki Honeywell. Technologia Bluetooth zapewnia bezprzewodow\u0105 komunikacj\u0119 w\u00a0zasi\u0119gu 30 metr\u00f3w od bazy, zwi\u0119kszaj\u0105c swobod\u0119 pracy oraz eliminuj\u0105c ograniczenia zwi\u0105zane z\u00a0u\u017cywaniem kabli.\" \/>\n<meta property=\"og:url\" content=\"https:\/\/monkomp.pl\/en\/product\/honeywell-voyager-1472g\/\" \/>\n<meta property=\"og:site_name\" content=\"Kasy fiskalne Gda\u0144sk Kasa fiskalna Gdynia Sopot Tr\u00f3jmiasto\" \/>\n<meta property=\"article:modified_time\" content=\"2022-07-12T21:36:17+00:00\" \/>\n<meta property=\"og:image\" content=\"https:\/\/monkomp.pl\/wp-content\/uploads\/2022\/07\/1-36.png\" \/>\n\t<meta property=\"og:image:width\" content=\"600\" \/>\n\t<meta property=\"og:image:height\" content=\"600\" \/>\n\t<meta property=\"og:image:type\" content=\"image\/png\" \/>\n<meta name=\"twitter:card\" content=\"summary_large_image\" \/>\n<meta name=\"twitter:label1\" content=\"Estimated reading time\" \/>\n\t<meta name=\"twitter:data1\" content=\"2 minutes\" \/>\n<script type=\"application\/ld+json\" class=\"yoast-schema-graph\">{\"@context\":\"https:\/\/schema.org\",\"@graph\":[{\"@type\":\"WebPage\",\"@id\":\"https:\/\/monkomp.pl\/produkt\/honeywell-voyager-1472g\/\",\"url\":\"https:\/\/monkomp.pl\/produkt\/honeywell-voyager-1472g\/\",\"name\":\"HONEYWELL VOYAGER 1472G - Kasy fiskalne Gda\u0144sk Kasa fiskalna Gdynia Sopot Tr\u00f3jmiasto\",\"isPartOf\":{\"@id\":\"https:\/\/monkomp.pl\/#website\"},\"primaryImageOfPage\":{\"@id\":\"https:\/\/monkomp.pl\/produkt\/honeywell-voyager-1472g\/#primaryimage\"},\"image\":{\"@id\":\"https:\/\/monkomp.pl\/produkt\/honeywell-voyager-1472g\/#primaryimage\"},\"thumbnailUrl\":\"https:\/\/monkomp.pl\/wp-content\/uploads\/2022\/07\/1-36.png\",\"datePublished\":\"2022-07-12T21:36:16+00:00\",\"dateModified\":\"2022-07-12T21:36:17+00:00\",\"breadcrumb\":{\"@id\":\"https:\/\/monkomp.pl\/produkt\/honeywell-voyager-1472g\/#breadcrumb\"},\"inLanguage\":\"en-GB\",\"potentialAction\":[{\"@type\":\"ReadAction\",\"target\":[\"https:\/\/monkomp.pl\/produkt\/honeywell-voyager-1472g\/\"]}]},{\"@type\":\"ImageObject\",\"inLanguage\":\"en-GB\",\"@id\":\"https:\/\/monkomp.pl\/produkt\/honeywell-voyager-1472g\/#primaryimage\",\"url\":\"https:\/\/monkomp.pl\/wp-content\/uploads\/2022\/07\/1-36.png\",\"contentUrl\":\"https:\/\/monkomp.pl\/wp-content\/uploads\/2022\/07\/1-36.png\",\"width\":600,\"height\":600,\"caption\":\"HONEYWELL VOYAGER 1472G\"},{\"@type\":\"BreadcrumbList\",\"@id\":\"https:\/\/monkomp.pl\/produkt\/honeywell-voyager-1472g\/#breadcrumb\",\"itemListElement\":[{\"@type\":\"ListItem\",\"position\":1,\"name\":\"Strona g\u0142\u00f3wna\",\"item\":\"https:\/\/monkomp.pl\/\"},{\"@type\":\"ListItem\",\"position\":2,\"name\":\"Sklep\",\"item\":\"https:\/\/monkomp.pl\/sklep\/\"},{\"@type\":\"ListItem\",\"position\":3,\"name\":\"HONEYWELL VOYAGER 1472G\"}]},{\"@type\":\"WebSite\",\"@id\":\"https:\/\/monkomp.pl\/#website\",\"url\":\"https:\/\/monkomp.pl\/\",\"name\":\"Kasy fiskalne Gda\u0144sk Kasa fiskalna Gdynia Sopot Tr\u00f3jmiasto\",\"description\":\"Kasy fiskalne kasa fisklana\",\"potentialAction\":[{\"@type\":\"SearchAction\",\"target\":{\"@type\":\"EntryPoint\",\"urlTemplate\":\"https:\/\/monkomp.pl\/?s={search_term_string}\"},\"query-input\":{\"@type\":\"PropertyValueSpecification\",\"valueRequired\":true,\"valueName\":\"search_term_string\"}}],\"inLanguage\":\"en-GB\"}]}<\/script>\n<!-- \/ Yoast SEO plugin. -->","yoast_head_json":{"title":"HONEYWELL VOYAGER 1472G - Kasy fiskalne Gda\u0144sk Kasa fiskalna Gdynia Sopot Tr\u00f3jmiasto","robots":{"index":"index","follow":"follow","max-snippet":"max-snippet:-1","max-image-preview":"max-image-preview:large","max-video-preview":"max-video-preview:-1"},"canonical":"https:\/\/monkomp.pl\/en\/product\/honeywell-voyager-1472g\/","og_locale":"en_GB","og_type":"article","og_title":"HONEYWELL VOYAGER 1472G - Kasy fiskalne Gda\u0144sk Kasa fiskalna Gdynia Sopot Tr\u00f3jmiasto","og_description":"Voyager 1472g\u00a0to r\u0119czny, bezprzewodowy czytnik typu area imager. Zbudowany na platformie najbardziej popularnej na \u015bwiecie serii r\u0119cznych czytnik\u00f3w Voyager marki Honeywell. Technologia Bluetooth zapewnia bezprzewodow\u0105 komunikacj\u0119 w\u00a0zasi\u0119gu 30 metr\u00f3w od bazy, zwi\u0119kszaj\u0105c swobod\u0119 pracy oraz eliminuj\u0105c ograniczenia zwi\u0105zane z\u00a0u\u017cywaniem kabli.","og_url":"https:\/\/monkomp.pl\/en\/product\/honeywell-voyager-1472g\/","og_site_name":"Kasy fiskalne Gda\u0144sk Kasa fiskalna Gdynia Sopot Tr\u00f3jmiasto","article_modified_time":"2022-07-12T21:36:17+00:00","og_image":[{"width":600,"height":600,"url":"https:\/\/monkomp.pl\/wp-content\/uploads\/2022\/07\/1-36.png","type":"image\/png"}],"twitter_card":"summary_large_image","twitter_misc":{"Estimated reading time":"2 minutes"},"schema":{"@context":"https:\/\/schema.org","@graph":[{"@type":"WebPage","@id":"https:\/\/monkomp.pl\/produkt\/honeywell-voyager-1472g\/","url":"https:\/\/monkomp.pl\/produkt\/honeywell-voyager-1472g\/","name":"HONEYWELL VOYAGER 1472G - Kasy fiskalne Gda\u0144sk Kasa fiskalna Gdynia Sopot Tr\u00f3jmiasto","isPartOf":{"@id":"https:\/\/monkomp.pl\/#website"},"primaryImageOfPage":{"@id":"https:\/\/monkomp.pl\/produkt\/honeywell-voyager-1472g\/#primaryimage"},"image":{"@id":"https:\/\/monkomp.pl\/produkt\/honeywell-voyager-1472g\/#primaryimage"},"thumbnailUrl":"https:\/\/monkomp.pl\/wp-content\/uploads\/2022\/07\/1-36.png","datePublished":"2022-07-12T21:36:16+00:00","dateModified":"2022-07-12T21:36:17+00:00","breadcrumb":{"@id":"https:\/\/monkomp.pl\/produkt\/honeywell-voyager-1472g\/#breadcrumb"},"inLanguage":"en-GB","potentialAction":[{"@type":"ReadAction","target":["https:\/\/monkomp.pl\/produkt\/honeywell-voyager-1472g\/"]}]},{"@type":"ImageObject","inLanguage":"en-GB","@id":"https:\/\/monkomp.pl\/produkt\/honeywell-voyager-1472g\/#primaryimage","url":"https:\/\/monkomp.pl\/wp-content\/uploads\/2022\/07\/1-36.png","contentUrl":"https:\/\/monkomp.pl\/wp-content\/uploads\/2022\/07\/1-36.png","width":600,"height":600,"caption":"HONEYWELL VOYAGER 1472G"},{"@type":"BreadcrumbList","@id":"https:\/\/monkomp.pl\/produkt\/honeywell-voyager-1472g\/#breadcrumb","itemListElement":[{"@type":"ListItem","position":1,"name":"Strona g\u0142\u00f3wna","item":"https:\/\/monkomp.pl\/"},{"@type":"ListItem","position":2,"name":"Sklep","item":"https:\/\/monkomp.pl\/sklep\/"},{"@type":"ListItem","position":3,"name":"HONEYWELL VOYAGER 1472G"}]},{"@type":"WebSite","@id":"https:\/\/monkomp.pl\/#website","url":"https:\/\/monkomp.pl\/","name":"Kasy fiskalne Gda\u0144sk Kasa fiskalna Gdynia Sopot Tr\u00f3jmiasto","description":"Kasy fiskalne kasa fisklana","potentialAction":[{"@type":"SearchAction","target":{"@type":"EntryPoint","urlTemplate":"https:\/\/monkomp.pl\/?s={search_term_string}"},"query-input":{"@type":"PropertyValueSpecification","valueRequired":true,"valueName":"search_term_string"}}],"inLanguage":"en-GB"}]}},"_links":{"self":[{"href":"https:\/\/monkomp.pl\/en\/wp-json\/wp\/v2\/product\/2403","targetHints":{"allow":["GET"]}}],"collection":[{"href":"https:\/\/monkomp.pl\/en\/wp-json\/wp\/v2\/product"}],"about":[{"href":"https:\/\/monkomp.pl\/en\/wp-json\/wp\/v2\/types\/product"}],"replies":[{"embeddable":true,"href":"https:\/\/monkomp.pl\/en\/wp-json\/wp\/v2\/comments?post=2403"}],"wp:featuredmedia":[{"embeddable":true,"href":"https:\/\/monkomp.pl\/en\/wp-json\/wp\/v2\/media\/2404"}],"wp:attachment":[{"href":"https:\/\/monkomp.pl\/en\/wp-json\/wp\/v2\/media?parent=2403"}],"wp:term":[{"taxonomy":"product_brand","embeddable":true,"href":"https:\/\/monkomp.pl\/en\/wp-json\/wp\/v2\/product_brand?post=2403"},{"taxonomy":"product_cat","embeddable":true,"href":"https:\/\/monkomp.pl\/en\/wp-json\/wp\/v2\/product_cat?post=2403"},{"taxonomy":"product_tag","embeddable":true,"href":"https:\/\/monkomp.pl\/en\/wp-json\/wp\/v2\/product_tag?post=2403"}],"curies":[{"name":"wp","href":"https:\/\/api.w.org\/{rel}","templated":true}]}}