{"id":2405,"date":"2022-07-12T23:37:54","date_gmt":"2022-07-12T21:37:54","guid":{"rendered":"https:\/\/monkomp.pl\/?post_type=product&#038;p=2405"},"modified":"2022-07-12T23:37:55","modified_gmt":"2022-07-12T21:37:55","slug":"honeywell-voyager-1602g","status":"publish","type":"product","link":"https:\/\/monkomp.pl\/en\/product\/honeywell-voyager-1602g\/","title":{"rendered":"HONEYWELL VOYAGER 1602G"},"content":{"rendered":"<p>Nowoczesny, kieszonkowy skaner firmy Honeywell &#8211; Voyager 1602g, to pe\u0142ne mo\u017cliwo\u015bci skanowania kod\u00f3w 1D i\u00a02D mieszcz\u0105ce si\u0119 w\u00a0niewielkiej i\u00a0kompaktowej obudowie. Skaner ten umo\u017cliwia wielokierunkowy odczyt kod\u00f3w 1D i\u00a02D, r\u00f3wnie\u017c z\u0142ej jako\u015bci oraz kod\u00f3w z\u00a0wy\u015bwietlaczy urz\u0105dze\u0144 mobilnych i\u00a0ekran\u00f3w LCD, co czyni go idealnym rozwi\u0105zaniem do odczytu kupon\u00f3w czy bilet\u00f3w elektronicznych i\u00a0obs\u0142ugi program\u00f3w lojalno\u015bciowych.<\/p>\n<div class=\"product_description_text\">\n<div class=\"product_description\">\n<p>Voyager 1602g jest \u015bwietn\u0105 inwestycj\u0105 na przysz\u0142o\u015b\u0107. Je\u017celi obecnie nie potrzebujemy czytnika kod\u00f3w 2D, to warto rozwa\u017cy\u0107 zakup tego skanera w\u00a0wersji 1D, a\u00a0w\u00a0przysz\u0142o\u015bci dzi\u0119ki dokupieniu dodatkowej licencji mo\u017cliwy b\u0119dzie odczyt kod\u00f3w PDF417 i\u00a02D.<\/p>\n<p>Kluczow\u0105 cech\u0105 Voyager&#8217;a 1602g jest mobilno\u015b\u0107. Dzi\u0119ki komunikacji bezprzewodowej Bluetooth (w zasi\u0119gu do 10 metr\u00f3w) oraz wytrzyma\u0142emu akumulatorowi zapewniaj\u0105cemu 12 godzin pracy (ponad 2 tys. skan\u00f3w) pracownicy mog\u0105 by\u0107 bardziej efektywni w\u00a0obs\u0142udze klienta.<\/p>\n<p>Mo\u017cliwo\u015b\u0107 wsp\u00f3\u0142pracy z urz\u0105dzeniami przeno\u015bnymi z systemami: Android, Apple iOS, Windows Mobile oraz niewielkie wymiary i kompaktowa obudowa skanera sprawiaj\u0105, \u017ce sprawdzi si\u0119 idealnie w po\u0142\u0105czeniu z tabletem tworz\u0105c niezawodny zestaw do pracy zar\u00f3wno w stacjonarnych jak i mobilnych punktach sprzeda\u017cy, przy inwentaryzacji, czy w magazynach.<\/p>\n<\/div>\n<\/div>\n<div class=\"product_description_text\">\n<div class=\"product_description\">\n<h3>NAJWA\u017bNIEJSZE CECHY PRODUKTU<\/h3>\n<ul>\n<li>wielokierunkowy odczyt kod\u00f3w 1D i\u00a02D, r\u00f3wnie\u017c z\u0142ej jako\u015bci i\u00a0o\u00a0niskim kontra\u015bcie<\/li>\n<li>odczyt kod\u00f3w z\u00a0wy\u015bwietlaczy urz\u0105dze\u0144 mobilnych i\u00a0ekran\u00f3w LCD<\/li>\n<li>12 godzin pracy (ok. 2250 skan\u00f3w) po pe\u0142nym na\u0142adowaniu akumulatora<\/li>\n<li>komunikacja bezprzewodowa Bluetooth (radio v. 2.1) o\u00a0zasi\u0119gu operacyjnym 10m wsp\u00f3\u0142praca z\u00a0tradycyjnymi komputerami oraz urz\u0105dzeniami przeno\u015bnymi z\u00a0systemami: Android, Apple iOS, Windows Mobile<\/li>\n<li>ergonomiczna i\u00a0kompaktowa obudowa<\/li>\n<\/ul>\n<h4>Dost\u0119pne wersje:<\/h4>\n<ul>\n<li>Voyager 1602g 1D &#8211; odczyt kod\u00f3w 1D<\/li>\n<li>Voyager 1602g 2D &#8211; odczyt kod\u00f3w 1D, PDF417, 2D<\/li>\n<\/ul>\n<\/div>\n<\/div>","protected":false},"excerpt":{"rendered":"<p>Nowoczesny, kieszonkowy skaner firmy Honeywell &#8211; Voyager 1602g, to pe\u0142ne mo\u017cliwo\u015bci skanowania kod\u00f3w 1D i\u00a02D mieszcz\u0105ce si\u0119 w\u00a0niewielkiej i\u00a0kompaktowej obudowie. Skaner ten umo\u017cliwia wielokierunkowy odczyt kod\u00f3w 1D i\u00a02D, r\u00f3wnie\u017c z\u0142ej jako\u015bci oraz kod\u00f3w z\u00a0wy\u015bwietlaczy urz\u0105dze\u0144 mobilnych i\u00a0ekran\u00f3w LCD, co czyni go idealnym rozwi\u0105zaniem do odczytu kupon\u00f3w czy bilet\u00f3w elektronicznych i\u00a0obs\u0142ugi program\u00f3w lojalno\u015bciowych.<\/p>","protected":false},"featured_media":2406,"comment_status":"closed","ping_status":"closed","template":"","meta":{"_et_pb_use_builder":"","_et_pb_old_content":"","_et_gb_content_width":""},"product_brand":[],"product_cat":[54,50,55],"product_tag":[],"class_list":{"0":"post-2405","1":"product","2":"type-product","3":"status-publish","4":"has-post-thumbnail","6":"product_cat-kody-kreskowe","7":"product_cat-posnet","8":"product_cat-skanery-kodow-kreskowych","10":"first","11":"onbackorder","12":"taxable","13":"shipping-taxable","14":"product-type-simple"},"yoast_head":"<!-- This site is optimized with the Yoast SEO plugin v26.9 - https:\/\/yoast.com\/product\/yoast-seo-wordpress\/ -->\n<title>HONEYWELL VOYAGER 1602G - Kasy fiskalne Gda\u0144sk Kasa fiskalna Gdynia Sopot Tr\u00f3jmiasto<\/title>\n<meta name=\"robots\" content=\"index, follow, max-snippet:-1, max-image-preview:large, max-video-preview:-1\" \/>\n<link rel=\"canonical\" href=\"https:\/\/monkomp.pl\/en\/product\/honeywell-voyager-1602g\/\" \/>\n<meta property=\"og:locale\" content=\"en_GB\" \/>\n<meta property=\"og:type\" content=\"article\" \/>\n<meta property=\"og:title\" content=\"HONEYWELL VOYAGER 1602G - Kasy fiskalne Gda\u0144sk Kasa fiskalna Gdynia Sopot Tr\u00f3jmiasto\" \/>\n<meta property=\"og:description\" content=\"Nowoczesny, kieszonkowy skaner firmy Honeywell - Voyager 1602g, to pe\u0142ne mo\u017cliwo\u015bci skanowania kod\u00f3w 1D i\u00a02D mieszcz\u0105ce si\u0119 w\u00a0niewielkiej i\u00a0kompaktowej obudowie. Skaner ten umo\u017cliwia wielokierunkowy odczyt kod\u00f3w 1D i\u00a02D, r\u00f3wnie\u017c z\u0142ej jako\u015bci oraz kod\u00f3w z\u00a0wy\u015bwietlaczy urz\u0105dze\u0144 mobilnych i\u00a0ekran\u00f3w LCD, co czyni go idealnym rozwi\u0105zaniem do odczytu kupon\u00f3w czy bilet\u00f3w elektronicznych i\u00a0obs\u0142ugi program\u00f3w lojalno\u015bciowych.\" \/>\n<meta property=\"og:url\" content=\"https:\/\/monkomp.pl\/en\/product\/honeywell-voyager-1602g\/\" \/>\n<meta property=\"og:site_name\" content=\"Kasy fiskalne Gda\u0144sk Kasa fiskalna Gdynia Sopot Tr\u00f3jmiasto\" \/>\n<meta property=\"article:modified_time\" content=\"2022-07-12T21:37:55+00:00\" \/>\n<meta property=\"og:image\" content=\"https:\/\/monkomp.pl\/wp-content\/uploads\/2022\/07\/1-37.png\" \/>\n\t<meta property=\"og:image:width\" content=\"600\" \/>\n\t<meta property=\"og:image:height\" content=\"600\" \/>\n\t<meta property=\"og:image:type\" content=\"image\/png\" \/>\n<meta name=\"twitter:card\" content=\"summary_large_image\" \/>\n<meta name=\"twitter:label1\" content=\"Estimated reading time\" \/>\n\t<meta name=\"twitter:data1\" content=\"2 minutes\" \/>\n<script type=\"application\/ld+json\" class=\"yoast-schema-graph\">{\"@context\":\"https:\/\/schema.org\",\"@graph\":[{\"@type\":\"WebPage\",\"@id\":\"https:\/\/monkomp.pl\/produkt\/honeywell-voyager-1602g\/\",\"url\":\"https:\/\/monkomp.pl\/produkt\/honeywell-voyager-1602g\/\",\"name\":\"HONEYWELL VOYAGER 1602G - Kasy fiskalne Gda\u0144sk Kasa fiskalna Gdynia Sopot Tr\u00f3jmiasto\",\"isPartOf\":{\"@id\":\"https:\/\/monkomp.pl\/#website\"},\"primaryImageOfPage\":{\"@id\":\"https:\/\/monkomp.pl\/produkt\/honeywell-voyager-1602g\/#primaryimage\"},\"image\":{\"@id\":\"https:\/\/monkomp.pl\/produkt\/honeywell-voyager-1602g\/#primaryimage\"},\"thumbnailUrl\":\"https:\/\/monkomp.pl\/wp-content\/uploads\/2022\/07\/1-37.png\",\"datePublished\":\"2022-07-12T21:37:54+00:00\",\"dateModified\":\"2022-07-12T21:37:55+00:00\",\"breadcrumb\":{\"@id\":\"https:\/\/monkomp.pl\/produkt\/honeywell-voyager-1602g\/#breadcrumb\"},\"inLanguage\":\"en-GB\",\"potentialAction\":[{\"@type\":\"ReadAction\",\"target\":[\"https:\/\/monkomp.pl\/produkt\/honeywell-voyager-1602g\/\"]}]},{\"@type\":\"ImageObject\",\"inLanguage\":\"en-GB\",\"@id\":\"https:\/\/monkomp.pl\/produkt\/honeywell-voyager-1602g\/#primaryimage\",\"url\":\"https:\/\/monkomp.pl\/wp-content\/uploads\/2022\/07\/1-37.png\",\"contentUrl\":\"https:\/\/monkomp.pl\/wp-content\/uploads\/2022\/07\/1-37.png\",\"width\":600,\"height\":600,\"caption\":\"HONEYWELL VOYAGER 1602G\"},{\"@type\":\"BreadcrumbList\",\"@id\":\"https:\/\/monkomp.pl\/produkt\/honeywell-voyager-1602g\/#breadcrumb\",\"itemListElement\":[{\"@type\":\"ListItem\",\"position\":1,\"name\":\"Strona g\u0142\u00f3wna\",\"item\":\"https:\/\/monkomp.pl\/\"},{\"@type\":\"ListItem\",\"position\":2,\"name\":\"Sklep\",\"item\":\"https:\/\/monkomp.pl\/sklep\/\"},{\"@type\":\"ListItem\",\"position\":3,\"name\":\"HONEYWELL VOYAGER 1602G\"}]},{\"@type\":\"WebSite\",\"@id\":\"https:\/\/monkomp.pl\/#website\",\"url\":\"https:\/\/monkomp.pl\/\",\"name\":\"Kasy fiskalne Gda\u0144sk Kasa fiskalna Gdynia Sopot Tr\u00f3jmiasto\",\"description\":\"Kasy fiskalne kasa fisklana\",\"potentialAction\":[{\"@type\":\"SearchAction\",\"target\":{\"@type\":\"EntryPoint\",\"urlTemplate\":\"https:\/\/monkomp.pl\/?s={search_term_string}\"},\"query-input\":{\"@type\":\"PropertyValueSpecification\",\"valueRequired\":true,\"valueName\":\"search_term_string\"}}],\"inLanguage\":\"en-GB\"}]}<\/script>\n<!-- \/ Yoast SEO plugin. -->","yoast_head_json":{"title":"HONEYWELL VOYAGER 1602G - Kasy fiskalne Gda\u0144sk Kasa fiskalna Gdynia Sopot Tr\u00f3jmiasto","robots":{"index":"index","follow":"follow","max-snippet":"max-snippet:-1","max-image-preview":"max-image-preview:large","max-video-preview":"max-video-preview:-1"},"canonical":"https:\/\/monkomp.pl\/en\/product\/honeywell-voyager-1602g\/","og_locale":"en_GB","og_type":"article","og_title":"HONEYWELL VOYAGER 1602G - Kasy fiskalne Gda\u0144sk Kasa fiskalna Gdynia Sopot Tr\u00f3jmiasto","og_description":"Nowoczesny, kieszonkowy skaner firmy Honeywell - Voyager 1602g, to pe\u0142ne mo\u017cliwo\u015bci skanowania kod\u00f3w 1D i\u00a02D mieszcz\u0105ce si\u0119 w\u00a0niewielkiej i\u00a0kompaktowej obudowie. Skaner ten umo\u017cliwia wielokierunkowy odczyt kod\u00f3w 1D i\u00a02D, r\u00f3wnie\u017c z\u0142ej jako\u015bci oraz kod\u00f3w z\u00a0wy\u015bwietlaczy urz\u0105dze\u0144 mobilnych i\u00a0ekran\u00f3w LCD, co czyni go idealnym rozwi\u0105zaniem do odczytu kupon\u00f3w czy bilet\u00f3w elektronicznych i\u00a0obs\u0142ugi program\u00f3w lojalno\u015bciowych.","og_url":"https:\/\/monkomp.pl\/en\/product\/honeywell-voyager-1602g\/","og_site_name":"Kasy fiskalne Gda\u0144sk Kasa fiskalna Gdynia Sopot Tr\u00f3jmiasto","article_modified_time":"2022-07-12T21:37:55+00:00","og_image":[{"width":600,"height":600,"url":"https:\/\/monkomp.pl\/wp-content\/uploads\/2022\/07\/1-37.png","type":"image\/png"}],"twitter_card":"summary_large_image","twitter_misc":{"Estimated reading time":"2 minutes"},"schema":{"@context":"https:\/\/schema.org","@graph":[{"@type":"WebPage","@id":"https:\/\/monkomp.pl\/produkt\/honeywell-voyager-1602g\/","url":"https:\/\/monkomp.pl\/produkt\/honeywell-voyager-1602g\/","name":"HONEYWELL VOYAGER 1602G - Kasy fiskalne Gda\u0144sk Kasa fiskalna Gdynia Sopot Tr\u00f3jmiasto","isPartOf":{"@id":"https:\/\/monkomp.pl\/#website"},"primaryImageOfPage":{"@id":"https:\/\/monkomp.pl\/produkt\/honeywell-voyager-1602g\/#primaryimage"},"image":{"@id":"https:\/\/monkomp.pl\/produkt\/honeywell-voyager-1602g\/#primaryimage"},"thumbnailUrl":"https:\/\/monkomp.pl\/wp-content\/uploads\/2022\/07\/1-37.png","datePublished":"2022-07-12T21:37:54+00:00","dateModified":"2022-07-12T21:37:55+00:00","breadcrumb":{"@id":"https:\/\/monkomp.pl\/produkt\/honeywell-voyager-1602g\/#breadcrumb"},"inLanguage":"en-GB","potentialAction":[{"@type":"ReadAction","target":["https:\/\/monkomp.pl\/produkt\/honeywell-voyager-1602g\/"]}]},{"@type":"ImageObject","inLanguage":"en-GB","@id":"https:\/\/monkomp.pl\/produkt\/honeywell-voyager-1602g\/#primaryimage","url":"https:\/\/monkomp.pl\/wp-content\/uploads\/2022\/07\/1-37.png","contentUrl":"https:\/\/monkomp.pl\/wp-content\/uploads\/2022\/07\/1-37.png","width":600,"height":600,"caption":"HONEYWELL VOYAGER 1602G"},{"@type":"BreadcrumbList","@id":"https:\/\/monkomp.pl\/produkt\/honeywell-voyager-1602g\/#breadcrumb","itemListElement":[{"@type":"ListItem","position":1,"name":"Strona g\u0142\u00f3wna","item":"https:\/\/monkomp.pl\/"},{"@type":"ListItem","position":2,"name":"Sklep","item":"https:\/\/monkomp.pl\/sklep\/"},{"@type":"ListItem","position":3,"name":"HONEYWELL VOYAGER 1602G"}]},{"@type":"WebSite","@id":"https:\/\/monkomp.pl\/#website","url":"https:\/\/monkomp.pl\/","name":"Kasy fiskalne Gda\u0144sk Kasa fiskalna Gdynia Sopot Tr\u00f3jmiasto","description":"Kasy fiskalne kasa fisklana","potentialAction":[{"@type":"SearchAction","target":{"@type":"EntryPoint","urlTemplate":"https:\/\/monkomp.pl\/?s={search_term_string}"},"query-input":{"@type":"PropertyValueSpecification","valueRequired":true,"valueName":"search_term_string"}}],"inLanguage":"en-GB"}]}},"_links":{"self":[{"href":"https:\/\/monkomp.pl\/en\/wp-json\/wp\/v2\/product\/2405","targetHints":{"allow":["GET"]}}],"collection":[{"href":"https:\/\/monkomp.pl\/en\/wp-json\/wp\/v2\/product"}],"about":[{"href":"https:\/\/monkomp.pl\/en\/wp-json\/wp\/v2\/types\/product"}],"replies":[{"embeddable":true,"href":"https:\/\/monkomp.pl\/en\/wp-json\/wp\/v2\/comments?post=2405"}],"wp:featuredmedia":[{"embeddable":true,"href":"https:\/\/monkomp.pl\/en\/wp-json\/wp\/v2\/media\/2406"}],"wp:attachment":[{"href":"https:\/\/monkomp.pl\/en\/wp-json\/wp\/v2\/media?parent=2405"}],"wp:term":[{"taxonomy":"product_brand","embeddable":true,"href":"https:\/\/monkomp.pl\/en\/wp-json\/wp\/v2\/product_brand?post=2405"},{"taxonomy":"product_cat","embeddable":true,"href":"https:\/\/monkomp.pl\/en\/wp-json\/wp\/v2\/product_cat?post=2405"},{"taxonomy":"product_tag","embeddable":true,"href":"https:\/\/monkomp.pl\/en\/wp-json\/wp\/v2\/product_tag?post=2405"}],"curies":[{"name":"wp","href":"https:\/\/api.w.org\/{rel}","templated":true}]}}