{"id":2407,"date":"2022-07-12T23:40:21","date_gmt":"2022-07-12T21:40:21","guid":{"rendered":"https:\/\/monkomp.pl\/?post_type=product&#038;p=2407"},"modified":"2022-07-12T23:41:07","modified_gmt":"2022-07-12T21:41:07","slug":"szuflada-posnet-skl","status":"publish","type":"product","link":"https:\/\/monkomp.pl\/en\/product\/szuflada-posnet-skl\/","title":{"rendered":"SZUFLADA POSNET SKL"},"content":{"rendered":"<p>Szuflada kasjerska Posnet SKL zosta\u0142a zaprojektowana z\u00a0my\u015bl\u0105 o\u00a0najbardziej wymagaj\u0105cych u\u017cytkownikach i\u00a0jest odpowiedzi\u0105 na rosn\u0105ce zapotrzebowanie rynku na wytrzyma\u0142e i\u00a0solidne rozwi\u0105zania.<\/p>\n<div class=\"product_description_text\">\n<div class=\"product_description\">\n<p>Szuflada kasjerska Posnet SKL zosta\u0142a wykonana z\u00a0najwy\u017cszej jako\u015bci materia\u0142\u00f3w. Na szczeg\u00f3ln\u0105 uwag\u0119 zas\u0142uguje zastosowanie metalowych, kulkowych prowadnic w\u00f3zka szuflady. Zapewniaj\u0105 one d\u0142ugie i\u00a0niezawodne dzia\u0142anie a\u00a0w\u00f3zek dzi\u0119ki nim porusza si\u0119 \u0142atwo i\u00a0cicho. Szuflada wyposa\u017cona zosta\u0142a w\u00a08 przegr\u00f3d na banknoty, dostosowanych wymiarami do polskich z\u0142otych i\u00a0EURO oraz wyjmowany, 9-cio przegrodowy pojemnik na bilon.<\/p>\n<p>Szuflada mo\u017ce pracowa\u0107 w\u00a0dw\u00f3ch konfiguracjach: z\u00a0mo\u017cliwo\u015bci\u0105 otwierania poleceniem z\u00a0kasy lub za pomoc\u0105 klucza (r\u00f3wnie\u017c mo\u017cliwo\u015b\u0107 otwierania awaryjnego). Dzi\u0119ki sterowaniu impulsem z\u00a0zakresu 5-12 V; 0,7 A\u00a0o\u00a0minimalnym czasie trwania 300 ms, szuflada wsp\u00f3\u0142pracuje z\u00a0wi\u0119kszo\u015bci\u0105 dost\u0119pnych na rynku urz\u0105dze\u0144.<\/p>\n<p>Na wyposa\u017ceniu dodatkowym szuflady znajduje si\u0119 zestaw metalowych prowadnic umo\u017cliwiaj\u0105cych zamontowanie jej pod blatem sto\u0142u lub biurka.<\/p>\n<\/div>\n<\/div>\n<div class=\"product_description_text\">\n<div class=\"product_description\">\n<h3>NAJWA\u017bNIEJSZE CECHY PRODUKTU<\/h3>\n<ul>\n<li>najwy\u017cszej jako\u015bci materia\u0142y<\/li>\n<li>praktyczne gabaryty: 415 x\u00a0417 x\u00a0130 mm (szer. x\u00a0g\u0142. x\u00a0wys.)<\/li>\n<li>w\u00f3zek szuflady poruszaj\u0105cy si\u0119 \u0142atwo i\u00a0cicho dzi\u0119ki prowadnicom kulkowym<\/li>\n<li>8 przegr\u00f3d na banknoty w\u00a0dw\u00f3ch poziomach &#8211; dostosowane wymiarami do polskich z\u0142otych i\u00a0Euro<\/li>\n<li>wyjmowany pojemnik na bilon (9 przegr\u00f3dek)<\/li>\n<li>szczelina wrzutowa<\/li>\n<li>dwie mo\u017cliwo\u015bci otwierania szuflady: poleceniem z\u00a0kasy lub za pomoc\u0105 klucza (r\u00f3wnie\u017c mo\u017cliwo\u015b\u0107 otwarcia awaryjnego)<\/li>\n<li>interfejs przewodu RJ12 \u2013 \u0142atwo\u015b\u0107 pod\u0142\u0105czenia do urz\u0105dzenia fiskalnego<\/li>\n<li>napi\u0119cie pracy impulsem z\u00a0zakresu 5-12 V; 0,7 A\u00a0o\u00a0minimalnym czasie trwania 300 ms \u2013 dzi\u0119ki czemu szuflada wsp\u00f3\u0142pracuje z\u00a0wi\u0119kszo\u015bci\u0105 dost\u0119pnych na rynku urz\u0105dze\u0144*<\/li>\n<li>mo\u017cliwo\u015b\u0107 monta\u017cu szuflady pod blatem<\/li>\n<\/ul>\n<p><b>Wymiary<\/b>: 415 x\u00a0130 x\u00a0417 mm (szer. x\u00a0g\u0142. x\u00a0wys).<\/p>\n<\/div>\n<\/div>","protected":false},"excerpt":{"rendered":"<p>Szuflada kasjerska Posnet SKL zosta\u0142a zaprojektowana z\u00a0my\u015bl\u0105 o\u00a0najbardziej wymagaj\u0105cych u\u017cytkownikach i\u00a0jest odpowiedzi\u0105 na rosn\u0105ce zapotrzebowanie rynku na wytrzyma\u0142e i\u00a0solidne rozwi\u0105zania.<\/p>","protected":false},"featured_media":2408,"comment_status":"closed","ping_status":"closed","template":"","meta":{"_et_pb_use_builder":"","_et_pb_old_content":"","_et_gb_content_width":""},"product_brand":[],"product_cat":[56,50,57],"product_tag":[],"class_list":{"0":"post-2407","1":"product","2":"type-product","3":"status-publish","4":"has-post-thumbnail","6":"product_cat-inne","7":"product_cat-posnet","8":"product_cat-szuflady","10":"first","11":"instock","12":"taxable","13":"shipping-taxable","14":"purchasable","15":"product-type-simple"},"yoast_head":"<!-- This site is optimized with the Yoast SEO plugin v26.9 - https:\/\/yoast.com\/product\/yoast-seo-wordpress\/ -->\n<title>SZUFLADA POSNET SKL - Kasy fiskalne Gda\u0144sk Kasa fiskalna Gdynia Sopot Tr\u00f3jmiasto<\/title>\n<meta name=\"robots\" content=\"index, follow, max-snippet:-1, max-image-preview:large, max-video-preview:-1\" \/>\n<link rel=\"canonical\" href=\"https:\/\/monkomp.pl\/en\/product\/szuflada-posnet-skl\/\" \/>\n<meta property=\"og:locale\" content=\"en_GB\" \/>\n<meta property=\"og:type\" content=\"article\" \/>\n<meta property=\"og:title\" content=\"SZUFLADA POSNET SKL - Kasy fiskalne Gda\u0144sk Kasa fiskalna Gdynia Sopot Tr\u00f3jmiasto\" \/>\n<meta property=\"og:description\" content=\"Szuflada kasjerska Posnet SKL zosta\u0142a zaprojektowana z\u00a0my\u015bl\u0105 o\u00a0najbardziej wymagaj\u0105cych u\u017cytkownikach i\u00a0jest odpowiedzi\u0105 na rosn\u0105ce zapotrzebowanie rynku na wytrzyma\u0142e i\u00a0solidne rozwi\u0105zania.\" \/>\n<meta property=\"og:url\" content=\"https:\/\/monkomp.pl\/en\/product\/szuflada-posnet-skl\/\" \/>\n<meta property=\"og:site_name\" content=\"Kasy fiskalne Gda\u0144sk Kasa fiskalna Gdynia Sopot Tr\u00f3jmiasto\" \/>\n<meta property=\"article:modified_time\" content=\"2022-07-12T21:41:07+00:00\" \/>\n<meta property=\"og:image\" content=\"https:\/\/monkomp.pl\/wp-content\/uploads\/2022\/07\/1-38.png\" \/>\n\t<meta property=\"og:image:width\" content=\"600\" \/>\n\t<meta property=\"og:image:height\" content=\"600\" \/>\n\t<meta property=\"og:image:type\" content=\"image\/png\" \/>\n<meta name=\"twitter:card\" content=\"summary_large_image\" \/>\n<meta name=\"twitter:label1\" content=\"Estimated reading time\" \/>\n\t<meta name=\"twitter:data1\" content=\"2 minutes\" \/>\n<script type=\"application\/ld+json\" class=\"yoast-schema-graph\">{\"@context\":\"https:\/\/schema.org\",\"@graph\":[{\"@type\":\"WebPage\",\"@id\":\"https:\/\/monkomp.pl\/produkt\/szuflada-posnet-skl\/\",\"url\":\"https:\/\/monkomp.pl\/produkt\/szuflada-posnet-skl\/\",\"name\":\"SZUFLADA POSNET SKL - Kasy fiskalne Gda\u0144sk Kasa fiskalna Gdynia Sopot Tr\u00f3jmiasto\",\"isPartOf\":{\"@id\":\"https:\/\/monkomp.pl\/#website\"},\"primaryImageOfPage\":{\"@id\":\"https:\/\/monkomp.pl\/produkt\/szuflada-posnet-skl\/#primaryimage\"},\"image\":{\"@id\":\"https:\/\/monkomp.pl\/produkt\/szuflada-posnet-skl\/#primaryimage\"},\"thumbnailUrl\":\"https:\/\/monkomp.pl\/wp-content\/uploads\/2022\/07\/1-38.png\",\"datePublished\":\"2022-07-12T21:40:21+00:00\",\"dateModified\":\"2022-07-12T21:41:07+00:00\",\"breadcrumb\":{\"@id\":\"https:\/\/monkomp.pl\/produkt\/szuflada-posnet-skl\/#breadcrumb\"},\"inLanguage\":\"en-GB\",\"potentialAction\":[{\"@type\":\"ReadAction\",\"target\":[\"https:\/\/monkomp.pl\/produkt\/szuflada-posnet-skl\/\"]}]},{\"@type\":\"ImageObject\",\"inLanguage\":\"en-GB\",\"@id\":\"https:\/\/monkomp.pl\/produkt\/szuflada-posnet-skl\/#primaryimage\",\"url\":\"https:\/\/monkomp.pl\/wp-content\/uploads\/2022\/07\/1-38.png\",\"contentUrl\":\"https:\/\/monkomp.pl\/wp-content\/uploads\/2022\/07\/1-38.png\",\"width\":600,\"height\":600,\"caption\":\"SZUFLADA POSNET SKL\"},{\"@type\":\"BreadcrumbList\",\"@id\":\"https:\/\/monkomp.pl\/produkt\/szuflada-posnet-skl\/#breadcrumb\",\"itemListElement\":[{\"@type\":\"ListItem\",\"position\":1,\"name\":\"Strona g\u0142\u00f3wna\",\"item\":\"https:\/\/monkomp.pl\/\"},{\"@type\":\"ListItem\",\"position\":2,\"name\":\"Sklep\",\"item\":\"https:\/\/monkomp.pl\/sklep\/\"},{\"@type\":\"ListItem\",\"position\":3,\"name\":\"SZUFLADA POSNET SKL\"}]},{\"@type\":\"WebSite\",\"@id\":\"https:\/\/monkomp.pl\/#website\",\"url\":\"https:\/\/monkomp.pl\/\",\"name\":\"Kasy fiskalne Gda\u0144sk Kasa fiskalna Gdynia Sopot Tr\u00f3jmiasto\",\"description\":\"Kasy fiskalne kasa fisklana\",\"potentialAction\":[{\"@type\":\"SearchAction\",\"target\":{\"@type\":\"EntryPoint\",\"urlTemplate\":\"https:\/\/monkomp.pl\/?s={search_term_string}\"},\"query-input\":{\"@type\":\"PropertyValueSpecification\",\"valueRequired\":true,\"valueName\":\"search_term_string\"}}],\"inLanguage\":\"en-GB\"}]}<\/script>\n<!-- \/ Yoast SEO plugin. -->","yoast_head_json":{"title":"SZUFLADA POSNET SKL - Kasy fiskalne Gda\u0144sk Kasa fiskalna Gdynia Sopot Tr\u00f3jmiasto","robots":{"index":"index","follow":"follow","max-snippet":"max-snippet:-1","max-image-preview":"max-image-preview:large","max-video-preview":"max-video-preview:-1"},"canonical":"https:\/\/monkomp.pl\/en\/product\/szuflada-posnet-skl\/","og_locale":"en_GB","og_type":"article","og_title":"SZUFLADA POSNET SKL - Kasy fiskalne Gda\u0144sk Kasa fiskalna Gdynia Sopot Tr\u00f3jmiasto","og_description":"Szuflada kasjerska Posnet SKL zosta\u0142a zaprojektowana z\u00a0my\u015bl\u0105 o\u00a0najbardziej wymagaj\u0105cych u\u017cytkownikach i\u00a0jest odpowiedzi\u0105 na rosn\u0105ce zapotrzebowanie rynku na wytrzyma\u0142e i\u00a0solidne rozwi\u0105zania.","og_url":"https:\/\/monkomp.pl\/en\/product\/szuflada-posnet-skl\/","og_site_name":"Kasy fiskalne Gda\u0144sk Kasa fiskalna Gdynia Sopot Tr\u00f3jmiasto","article_modified_time":"2022-07-12T21:41:07+00:00","og_image":[{"width":600,"height":600,"url":"https:\/\/monkomp.pl\/wp-content\/uploads\/2022\/07\/1-38.png","type":"image\/png"}],"twitter_card":"summary_large_image","twitter_misc":{"Estimated reading time":"2 minutes"},"schema":{"@context":"https:\/\/schema.org","@graph":[{"@type":"WebPage","@id":"https:\/\/monkomp.pl\/produkt\/szuflada-posnet-skl\/","url":"https:\/\/monkomp.pl\/produkt\/szuflada-posnet-skl\/","name":"SZUFLADA POSNET SKL - Kasy fiskalne Gda\u0144sk Kasa fiskalna Gdynia Sopot Tr\u00f3jmiasto","isPartOf":{"@id":"https:\/\/monkomp.pl\/#website"},"primaryImageOfPage":{"@id":"https:\/\/monkomp.pl\/produkt\/szuflada-posnet-skl\/#primaryimage"},"image":{"@id":"https:\/\/monkomp.pl\/produkt\/szuflada-posnet-skl\/#primaryimage"},"thumbnailUrl":"https:\/\/monkomp.pl\/wp-content\/uploads\/2022\/07\/1-38.png","datePublished":"2022-07-12T21:40:21+00:00","dateModified":"2022-07-12T21:41:07+00:00","breadcrumb":{"@id":"https:\/\/monkomp.pl\/produkt\/szuflada-posnet-skl\/#breadcrumb"},"inLanguage":"en-GB","potentialAction":[{"@type":"ReadAction","target":["https:\/\/monkomp.pl\/produkt\/szuflada-posnet-skl\/"]}]},{"@type":"ImageObject","inLanguage":"en-GB","@id":"https:\/\/monkomp.pl\/produkt\/szuflada-posnet-skl\/#primaryimage","url":"https:\/\/monkomp.pl\/wp-content\/uploads\/2022\/07\/1-38.png","contentUrl":"https:\/\/monkomp.pl\/wp-content\/uploads\/2022\/07\/1-38.png","width":600,"height":600,"caption":"SZUFLADA POSNET SKL"},{"@type":"BreadcrumbList","@id":"https:\/\/monkomp.pl\/produkt\/szuflada-posnet-skl\/#breadcrumb","itemListElement":[{"@type":"ListItem","position":1,"name":"Strona g\u0142\u00f3wna","item":"https:\/\/monkomp.pl\/"},{"@type":"ListItem","position":2,"name":"Sklep","item":"https:\/\/monkomp.pl\/sklep\/"},{"@type":"ListItem","position":3,"name":"SZUFLADA POSNET SKL"}]},{"@type":"WebSite","@id":"https:\/\/monkomp.pl\/#website","url":"https:\/\/monkomp.pl\/","name":"Kasy fiskalne Gda\u0144sk Kasa fiskalna Gdynia Sopot Tr\u00f3jmiasto","description":"Kasy fiskalne kasa fisklana","potentialAction":[{"@type":"SearchAction","target":{"@type":"EntryPoint","urlTemplate":"https:\/\/monkomp.pl\/?s={search_term_string}"},"query-input":{"@type":"PropertyValueSpecification","valueRequired":true,"valueName":"search_term_string"}}],"inLanguage":"en-GB"}]}},"_links":{"self":[{"href":"https:\/\/monkomp.pl\/en\/wp-json\/wp\/v2\/product\/2407","targetHints":{"allow":["GET"]}}],"collection":[{"href":"https:\/\/monkomp.pl\/en\/wp-json\/wp\/v2\/product"}],"about":[{"href":"https:\/\/monkomp.pl\/en\/wp-json\/wp\/v2\/types\/product"}],"replies":[{"embeddable":true,"href":"https:\/\/monkomp.pl\/en\/wp-json\/wp\/v2\/comments?post=2407"}],"wp:featuredmedia":[{"embeddable":true,"href":"https:\/\/monkomp.pl\/en\/wp-json\/wp\/v2\/media\/2408"}],"wp:attachment":[{"href":"https:\/\/monkomp.pl\/en\/wp-json\/wp\/v2\/media?parent=2407"}],"wp:term":[{"taxonomy":"product_brand","embeddable":true,"href":"https:\/\/monkomp.pl\/en\/wp-json\/wp\/v2\/product_brand?post=2407"},{"taxonomy":"product_cat","embeddable":true,"href":"https:\/\/monkomp.pl\/en\/wp-json\/wp\/v2\/product_cat?post=2407"},{"taxonomy":"product_tag","embeddable":true,"href":"https:\/\/monkomp.pl\/en\/wp-json\/wp\/v2\/product_tag?post=2407"}],"curies":[{"name":"wp","href":"https:\/\/api.w.org\/{rel}","templated":true}]}}