{"id":2412,"date":"2022-07-12T23:44:32","date_gmt":"2022-07-12T21:44:32","guid":{"rendered":"https:\/\/monkomp.pl\/?post_type=product&#038;p=2412"},"modified":"2022-07-12T23:44:32","modified_gmt":"2022-07-12T21:44:32","slug":"szuflada-mk330","status":"publish","type":"product","link":"https:\/\/monkomp.pl\/en\/product\/szuflada-mk330\/","title":{"rendered":"SZUFLADA MK330"},"content":{"rendered":"<p>Solidna, niewielkiej wielko\u015bci szuflada kasjerska MK330. Dedykowana do wi\u0119kszo\u015bci urz\u0105dze\u0144 fiskalnych POSNET posiadaj\u0105cych mo\u017cliwo\u015b\u0107 sterowania szuflad\u0105 6V.<\/p>\n<div class=\"product_description_left\">\n<div class=\"product_description\">\n<p>Do konstrukcji szuflady u\u017cyto wysokiej jako\u015bci materia\u0142\u00f3w oraz \u0142o\u017cyska kulkowe w\u00a0prowadnicach w\u00f3zka szuflady.<\/p>\n<p>Dzi\u0119ki sterowaniu impulsem 6V, szuflada wsp\u00f3\u0142pracuje z wi\u0119kszo\u015bci\u0105 dost\u0119pnych na rynku urz\u0105dze\u0144.<\/p>\n<\/div>\n<\/div>\n<div class=\"product_description_text\">\n<div class=\"product_description\">\n<h3>NAJWA\u017bNIEJSZE CECHY PRODUKTU<\/h3>\n<ul>\n<li>niewielkie rozmiary 330 x\u00a0343 x\u00a090 mm (szer. x\u00a0g\u0142. x\u00a0wys.)<\/li>\n<li>wytrzyma\u0142e \u0142o\u017cyska kulkowe<\/li>\n<li>4 przegrody na banknoty<\/li>\n<li>wyjmowany pojemnik na bilon (8 przegr\u00f3dek)<\/li>\n<li>szczelina wrzutowa<\/li>\n<li>mo\u017cliwo\u015bci otwierania szuflady: poleceniem z\u00a0kasy, za pomoc\u0105 klucza oraz otwieranie awaryjne<\/li>\n<li>interfejs przewodu RJ12 \u2013 \u0142atwo\u015b\u0107 pod\u0142\u0105czenia do urz\u0105dzenia fiskalnego<\/li>\n<li>sterowanie impulsem o\u00a0napi\u0119ciu 6V<\/li>\n<\/ul>\n<\/div>\n<\/div>","protected":false},"excerpt":{"rendered":"<p>Solidna, niewielkiej wielko\u015bci szuflada kasjerska MK330. Dedykowana do wi\u0119kszo\u015bci urz\u0105dze\u0144 fiskalnych POSNET posiadaj\u0105cych mo\u017cliwo\u015b\u0107 sterowania szuflad\u0105 6V.<\/p>","protected":false},"featured_media":2413,"comment_status":"closed","ping_status":"closed","template":"","meta":{"_et_pb_use_builder":"","_et_pb_old_content":"","_et_gb_content_width":""},"product_brand":[],"product_cat":[56,50,57],"product_tag":[],"class_list":{"0":"post-2412","1":"product","2":"type-product","3":"status-publish","4":"has-post-thumbnail","6":"product_cat-inne","7":"product_cat-posnet","8":"product_cat-szuflady","10":"first","11":"instock","12":"taxable","13":"shipping-taxable","14":"purchasable","15":"product-type-simple"},"yoast_head":"<!-- This site is optimized with the Yoast SEO plugin v26.9 - https:\/\/yoast.com\/product\/yoast-seo-wordpress\/ -->\n<title>SZUFLADA MK330 - Kasy fiskalne Gda\u0144sk Kasa fiskalna Gdynia Sopot Tr\u00f3jmiasto<\/title>\n<meta name=\"robots\" content=\"index, follow, max-snippet:-1, max-image-preview:large, max-video-preview:-1\" \/>\n<link rel=\"canonical\" href=\"https:\/\/monkomp.pl\/en\/product\/szuflada-mk330\/\" \/>\n<meta property=\"og:locale\" content=\"en_GB\" \/>\n<meta property=\"og:type\" content=\"article\" \/>\n<meta property=\"og:title\" content=\"SZUFLADA MK330 - Kasy fiskalne Gda\u0144sk Kasa fiskalna Gdynia Sopot Tr\u00f3jmiasto\" \/>\n<meta property=\"og:description\" content=\"Solidna, niewielkiej wielko\u015bci szuflada kasjerska MK330. Dedykowana do wi\u0119kszo\u015bci urz\u0105dze\u0144 fiskalnych POSNET posiadaj\u0105cych mo\u017cliwo\u015b\u0107 sterowania szuflad\u0105 6V.\" \/>\n<meta property=\"og:url\" content=\"https:\/\/monkomp.pl\/en\/product\/szuflada-mk330\/\" \/>\n<meta property=\"og:site_name\" content=\"Kasy fiskalne Gda\u0144sk Kasa fiskalna Gdynia Sopot Tr\u00f3jmiasto\" \/>\n<meta property=\"og:image\" content=\"https:\/\/monkomp.pl\/wp-content\/uploads\/2022\/07\/1-40.png\" \/>\n\t<meta property=\"og:image:width\" content=\"600\" \/>\n\t<meta property=\"og:image:height\" content=\"600\" \/>\n\t<meta property=\"og:image:type\" content=\"image\/png\" \/>\n<meta name=\"twitter:card\" content=\"summary_large_image\" \/>\n<meta name=\"twitter:label1\" content=\"Estimated reading time\" \/>\n\t<meta name=\"twitter:data1\" content=\"1 minute\" \/>\n<script type=\"application\/ld+json\" class=\"yoast-schema-graph\">{\"@context\":\"https:\/\/schema.org\",\"@graph\":[{\"@type\":\"WebPage\",\"@id\":\"https:\/\/monkomp.pl\/produkt\/szuflada-mk330\/\",\"url\":\"https:\/\/monkomp.pl\/produkt\/szuflada-mk330\/\",\"name\":\"SZUFLADA MK330 - Kasy fiskalne Gda\u0144sk Kasa fiskalna Gdynia Sopot Tr\u00f3jmiasto\",\"isPartOf\":{\"@id\":\"https:\/\/monkomp.pl\/#website\"},\"primaryImageOfPage\":{\"@id\":\"https:\/\/monkomp.pl\/produkt\/szuflada-mk330\/#primaryimage\"},\"image\":{\"@id\":\"https:\/\/monkomp.pl\/produkt\/szuflada-mk330\/#primaryimage\"},\"thumbnailUrl\":\"https:\/\/monkomp.pl\/wp-content\/uploads\/2022\/07\/1-40.png\",\"datePublished\":\"2022-07-12T21:44:32+00:00\",\"breadcrumb\":{\"@id\":\"https:\/\/monkomp.pl\/produkt\/szuflada-mk330\/#breadcrumb\"},\"inLanguage\":\"en-GB\",\"potentialAction\":[{\"@type\":\"ReadAction\",\"target\":[\"https:\/\/monkomp.pl\/produkt\/szuflada-mk330\/\"]}]},{\"@type\":\"ImageObject\",\"inLanguage\":\"en-GB\",\"@id\":\"https:\/\/monkomp.pl\/produkt\/szuflada-mk330\/#primaryimage\",\"url\":\"https:\/\/monkomp.pl\/wp-content\/uploads\/2022\/07\/1-40.png\",\"contentUrl\":\"https:\/\/monkomp.pl\/wp-content\/uploads\/2022\/07\/1-40.png\",\"width\":600,\"height\":600,\"caption\":\"SZUFLADA MK330\"},{\"@type\":\"BreadcrumbList\",\"@id\":\"https:\/\/monkomp.pl\/produkt\/szuflada-mk330\/#breadcrumb\",\"itemListElement\":[{\"@type\":\"ListItem\",\"position\":1,\"name\":\"Strona g\u0142\u00f3wna\",\"item\":\"https:\/\/monkomp.pl\/\"},{\"@type\":\"ListItem\",\"position\":2,\"name\":\"Sklep\",\"item\":\"https:\/\/monkomp.pl\/sklep\/\"},{\"@type\":\"ListItem\",\"position\":3,\"name\":\"SZUFLADA MK330\"}]},{\"@type\":\"WebSite\",\"@id\":\"https:\/\/monkomp.pl\/#website\",\"url\":\"https:\/\/monkomp.pl\/\",\"name\":\"Kasy fiskalne Gda\u0144sk Kasa fiskalna Gdynia Sopot Tr\u00f3jmiasto\",\"description\":\"Kasy fiskalne kasa fisklana\",\"potentialAction\":[{\"@type\":\"SearchAction\",\"target\":{\"@type\":\"EntryPoint\",\"urlTemplate\":\"https:\/\/monkomp.pl\/?s={search_term_string}\"},\"query-input\":{\"@type\":\"PropertyValueSpecification\",\"valueRequired\":true,\"valueName\":\"search_term_string\"}}],\"inLanguage\":\"en-GB\"}]}<\/script>\n<!-- \/ Yoast SEO plugin. -->","yoast_head_json":{"title":"SZUFLADA MK330 - Kasy fiskalne Gda\u0144sk Kasa fiskalna Gdynia Sopot Tr\u00f3jmiasto","robots":{"index":"index","follow":"follow","max-snippet":"max-snippet:-1","max-image-preview":"max-image-preview:large","max-video-preview":"max-video-preview:-1"},"canonical":"https:\/\/monkomp.pl\/en\/product\/szuflada-mk330\/","og_locale":"en_GB","og_type":"article","og_title":"SZUFLADA MK330 - Kasy fiskalne Gda\u0144sk Kasa fiskalna Gdynia Sopot Tr\u00f3jmiasto","og_description":"Solidna, niewielkiej wielko\u015bci szuflada kasjerska MK330. Dedykowana do wi\u0119kszo\u015bci urz\u0105dze\u0144 fiskalnych POSNET posiadaj\u0105cych mo\u017cliwo\u015b\u0107 sterowania szuflad\u0105 6V.","og_url":"https:\/\/monkomp.pl\/en\/product\/szuflada-mk330\/","og_site_name":"Kasy fiskalne Gda\u0144sk Kasa fiskalna Gdynia Sopot Tr\u00f3jmiasto","og_image":[{"width":600,"height":600,"url":"https:\/\/monkomp.pl\/wp-content\/uploads\/2022\/07\/1-40.png","type":"image\/png"}],"twitter_card":"summary_large_image","twitter_misc":{"Estimated reading time":"1 minute"},"schema":{"@context":"https:\/\/schema.org","@graph":[{"@type":"WebPage","@id":"https:\/\/monkomp.pl\/produkt\/szuflada-mk330\/","url":"https:\/\/monkomp.pl\/produkt\/szuflada-mk330\/","name":"SZUFLADA MK330 - Kasy fiskalne Gda\u0144sk Kasa fiskalna Gdynia Sopot Tr\u00f3jmiasto","isPartOf":{"@id":"https:\/\/monkomp.pl\/#website"},"primaryImageOfPage":{"@id":"https:\/\/monkomp.pl\/produkt\/szuflada-mk330\/#primaryimage"},"image":{"@id":"https:\/\/monkomp.pl\/produkt\/szuflada-mk330\/#primaryimage"},"thumbnailUrl":"https:\/\/monkomp.pl\/wp-content\/uploads\/2022\/07\/1-40.png","datePublished":"2022-07-12T21:44:32+00:00","breadcrumb":{"@id":"https:\/\/monkomp.pl\/produkt\/szuflada-mk330\/#breadcrumb"},"inLanguage":"en-GB","potentialAction":[{"@type":"ReadAction","target":["https:\/\/monkomp.pl\/produkt\/szuflada-mk330\/"]}]},{"@type":"ImageObject","inLanguage":"en-GB","@id":"https:\/\/monkomp.pl\/produkt\/szuflada-mk330\/#primaryimage","url":"https:\/\/monkomp.pl\/wp-content\/uploads\/2022\/07\/1-40.png","contentUrl":"https:\/\/monkomp.pl\/wp-content\/uploads\/2022\/07\/1-40.png","width":600,"height":600,"caption":"SZUFLADA MK330"},{"@type":"BreadcrumbList","@id":"https:\/\/monkomp.pl\/produkt\/szuflada-mk330\/#breadcrumb","itemListElement":[{"@type":"ListItem","position":1,"name":"Strona g\u0142\u00f3wna","item":"https:\/\/monkomp.pl\/"},{"@type":"ListItem","position":2,"name":"Sklep","item":"https:\/\/monkomp.pl\/sklep\/"},{"@type":"ListItem","position":3,"name":"SZUFLADA MK330"}]},{"@type":"WebSite","@id":"https:\/\/monkomp.pl\/#website","url":"https:\/\/monkomp.pl\/","name":"Kasy fiskalne Gda\u0144sk Kasa fiskalna Gdynia Sopot Tr\u00f3jmiasto","description":"Kasy fiskalne kasa fisklana","potentialAction":[{"@type":"SearchAction","target":{"@type":"EntryPoint","urlTemplate":"https:\/\/monkomp.pl\/?s={search_term_string}"},"query-input":{"@type":"PropertyValueSpecification","valueRequired":true,"valueName":"search_term_string"}}],"inLanguage":"en-GB"}]}},"_links":{"self":[{"href":"https:\/\/monkomp.pl\/en\/wp-json\/wp\/v2\/product\/2412","targetHints":{"allow":["GET"]}}],"collection":[{"href":"https:\/\/monkomp.pl\/en\/wp-json\/wp\/v2\/product"}],"about":[{"href":"https:\/\/monkomp.pl\/en\/wp-json\/wp\/v2\/types\/product"}],"replies":[{"embeddable":true,"href":"https:\/\/monkomp.pl\/en\/wp-json\/wp\/v2\/comments?post=2412"}],"wp:featuredmedia":[{"embeddable":true,"href":"https:\/\/monkomp.pl\/en\/wp-json\/wp\/v2\/media\/2413"}],"wp:attachment":[{"href":"https:\/\/monkomp.pl\/en\/wp-json\/wp\/v2\/media?parent=2412"}],"wp:term":[{"taxonomy":"product_brand","embeddable":true,"href":"https:\/\/monkomp.pl\/en\/wp-json\/wp\/v2\/product_brand?post=2412"},{"taxonomy":"product_cat","embeddable":true,"href":"https:\/\/monkomp.pl\/en\/wp-json\/wp\/v2\/product_cat?post=2412"},{"taxonomy":"product_tag","embeddable":true,"href":"https:\/\/monkomp.pl\/en\/wp-json\/wp\/v2\/product_tag?post=2412"}],"curies":[{"name":"wp","href":"https:\/\/api.w.org\/{rel}","templated":true}]}}