{"id":2417,"date":"2022-07-12T23:48:33","date_gmt":"2022-07-12T21:48:33","guid":{"rendered":"https:\/\/monkomp.pl\/?post_type=product&#038;p=2417"},"modified":"2022-07-12T23:48:33","modified_gmt":"2022-07-12T21:48:33","slug":"sunso-wtp800","status":"publish","type":"product","link":"https:\/\/monkomp.pl\/en\/product\/sunso-wtp800\/","title":{"rendered":"SUNSO WTP800"},"content":{"rendered":"<p>Ma\u0142a uniwersalna drukarka termiczna przeznaczona do pracy w\u00a0trudnych warunkach.\u00a0 Model 800 jest kontynuacj\u0105 linii popularnych drukarek WTP dost\u0119pnych na polskim rynku od 2006 roku. Urz\u0105dzenie mo\u017ce pracowa\u0107 w\u00a0dw\u00f3ch pozycjach: top-exit (wydruk pionowy), oraz front-exit (wydruk poziomy).<\/p>\n<p>Wydruki 80 mm &#8211; 260 mm\/s.<\/p>\n<p>Wytrzyma\u0142a obudowa i\u00a0zdolno\u015b\u0107 do pracy w\u00a0pozycji front-exit skutecznie zabezpieczaj\u0105 drukark\u0119 przed urazami mechanicznymi i\u00a0zalaniami. \u017bywotno\u015b\u0107 mechanizmu drukuj\u0105cego okre\u015blona jest na 150 kilometr\u00f3w wydruku, a\u00a0szacowana trwa\u0142o\u015b\u0107 obcinacza to 2 miliony ci\u0119\u0107.<br \/>\nWysoka pr\u0119dko\u015b\u0107 pracy (260 mm\/s) i\u00a0b\u0142yskawiczna wymiana papieru doskonale sprawdzaj\u0105 si\u0119 wsz\u0119dzie tam, gdzie kluczowe znaczenie maj\u0105: wydajno\u015b\u0107 i\u00a0komfort pracy.<br \/>\nDrukarka jest kompatybilna ze standardem komunikacyjnym ESC\/POS. Dzi\u0119ki do\u0142\u0105czonym do drukarki sterownikom graficznym mo\u017cna r\u00f3wnie\u017c wykorzystywa\u0107 j\u0105 jako standardow\u0105 drukark\u0119 Windows.<br \/>\nPotr\u00f3jny interfejs komunikacyjny (USB+RS232+LAN) oraz szerokie mo\u017cliwo\u015bci konfiguracji funkcji za pomoc\u0105 dedykowanego oprogramowania u\u0142atwiaj\u0105 procesy wdra\u017cania urz\u0105dze\u0144 w\u00a0zaawansowanych systemach informatycznych.<\/p>","protected":false},"excerpt":{"rendered":"<p>Ma\u0142a uniwersalna drukarka termiczna przeznaczona do pracy w\u00a0trudnych warunkach.\u00a0 Model 800 jest kontynuacj\u0105 linii popularnych drukarek WTP dost\u0119pnych na polskim rynku od 2006 roku. Urz\u0105dzenie mo\u017ce pracowa\u0107 w\u00a0dw\u00f3ch pozycjach: top-exit (wydruk pionowy), oraz front-exit (wydruk poziomy).<\/p>\n<p>Wydruki 80 mm &#8211; 260 mm\/s.<\/p>","protected":false},"featured_media":2418,"comment_status":"closed","ping_status":"closed","template":"","meta":{"_et_pb_use_builder":"","_et_pb_old_content":"","_et_gb_content_width":""},"product_brand":[],"product_cat":[58,56,50],"product_tag":[],"class_list":{"0":"post-2417","1":"product","2":"type-product","3":"status-publish","4":"has-post-thumbnail","6":"product_cat-drukarki-paragonowe","7":"product_cat-inne","8":"product_cat-posnet","10":"first","11":"onbackorder","12":"taxable","13":"shipping-taxable","14":"product-type-simple"},"yoast_head":"<!-- This site is optimized with the Yoast SEO plugin v26.9 - https:\/\/yoast.com\/product\/yoast-seo-wordpress\/ -->\n<title>SUNSO WTP800 - Kasy fiskalne Gda\u0144sk Kasa fiskalna Gdynia Sopot Tr\u00f3jmiasto<\/title>\n<meta name=\"robots\" content=\"index, follow, max-snippet:-1, max-image-preview:large, max-video-preview:-1\" \/>\n<link rel=\"canonical\" href=\"https:\/\/monkomp.pl\/en\/product\/sunso-wtp800\/\" \/>\n<meta property=\"og:locale\" content=\"en_GB\" \/>\n<meta property=\"og:type\" content=\"article\" \/>\n<meta property=\"og:title\" content=\"SUNSO WTP800 - Kasy fiskalne Gda\u0144sk Kasa fiskalna Gdynia Sopot Tr\u00f3jmiasto\" \/>\n<meta property=\"og:description\" content=\"Ma\u0142a uniwersalna drukarka termiczna przeznaczona do pracy w\u00a0trudnych warunkach.\u00a0 Model 800 jest kontynuacj\u0105 linii popularnych drukarek WTP dost\u0119pnych na polskim rynku od 2006 roku. Urz\u0105dzenie mo\u017ce pracowa\u0107 w\u00a0dw\u00f3ch pozycjach: top-exit (wydruk pionowy), oraz front-exit (wydruk poziomy).  Wydruki 80 mm - 260 mm\/s.\" \/>\n<meta property=\"og:url\" content=\"https:\/\/monkomp.pl\/en\/product\/sunso-wtp800\/\" \/>\n<meta property=\"og:site_name\" content=\"Kasy fiskalne Gda\u0144sk Kasa fiskalna Gdynia Sopot Tr\u00f3jmiasto\" \/>\n<meta property=\"og:image\" content=\"https:\/\/monkomp.pl\/wp-content\/uploads\/2022\/07\/1-42.png\" \/>\n\t<meta property=\"og:image:width\" content=\"600\" \/>\n\t<meta property=\"og:image:height\" content=\"600\" \/>\n\t<meta property=\"og:image:type\" content=\"image\/png\" \/>\n<meta name=\"twitter:card\" content=\"summary_large_image\" \/>\n<meta name=\"twitter:label1\" content=\"Estimated reading time\" \/>\n\t<meta name=\"twitter:data1\" content=\"1 minute\" \/>\n<script type=\"application\/ld+json\" class=\"yoast-schema-graph\">{\"@context\":\"https:\/\/schema.org\",\"@graph\":[{\"@type\":\"WebPage\",\"@id\":\"https:\/\/monkomp.pl\/produkt\/sunso-wtp800\/\",\"url\":\"https:\/\/monkomp.pl\/produkt\/sunso-wtp800\/\",\"name\":\"SUNSO WTP800 - Kasy fiskalne Gda\u0144sk Kasa fiskalna Gdynia Sopot Tr\u00f3jmiasto\",\"isPartOf\":{\"@id\":\"https:\/\/monkomp.pl\/#website\"},\"primaryImageOfPage\":{\"@id\":\"https:\/\/monkomp.pl\/produkt\/sunso-wtp800\/#primaryimage\"},\"image\":{\"@id\":\"https:\/\/monkomp.pl\/produkt\/sunso-wtp800\/#primaryimage\"},\"thumbnailUrl\":\"https:\/\/monkomp.pl\/wp-content\/uploads\/2022\/07\/1-42.png\",\"datePublished\":\"2022-07-12T21:48:33+00:00\",\"breadcrumb\":{\"@id\":\"https:\/\/monkomp.pl\/produkt\/sunso-wtp800\/#breadcrumb\"},\"inLanguage\":\"en-GB\",\"potentialAction\":[{\"@type\":\"ReadAction\",\"target\":[\"https:\/\/monkomp.pl\/produkt\/sunso-wtp800\/\"]}]},{\"@type\":\"ImageObject\",\"inLanguage\":\"en-GB\",\"@id\":\"https:\/\/monkomp.pl\/produkt\/sunso-wtp800\/#primaryimage\",\"url\":\"https:\/\/monkomp.pl\/wp-content\/uploads\/2022\/07\/1-42.png\",\"contentUrl\":\"https:\/\/monkomp.pl\/wp-content\/uploads\/2022\/07\/1-42.png\",\"width\":600,\"height\":600,\"caption\":\"SUNSO WTP800\"},{\"@type\":\"BreadcrumbList\",\"@id\":\"https:\/\/monkomp.pl\/produkt\/sunso-wtp800\/#breadcrumb\",\"itemListElement\":[{\"@type\":\"ListItem\",\"position\":1,\"name\":\"Strona g\u0142\u00f3wna\",\"item\":\"https:\/\/monkomp.pl\/\"},{\"@type\":\"ListItem\",\"position\":2,\"name\":\"Sklep\",\"item\":\"https:\/\/monkomp.pl\/sklep\/\"},{\"@type\":\"ListItem\",\"position\":3,\"name\":\"SUNSO WTP800\"}]},{\"@type\":\"WebSite\",\"@id\":\"https:\/\/monkomp.pl\/#website\",\"url\":\"https:\/\/monkomp.pl\/\",\"name\":\"Kasy fiskalne Gda\u0144sk Kasa fiskalna Gdynia Sopot Tr\u00f3jmiasto\",\"description\":\"Kasy fiskalne kasa fisklana\",\"potentialAction\":[{\"@type\":\"SearchAction\",\"target\":{\"@type\":\"EntryPoint\",\"urlTemplate\":\"https:\/\/monkomp.pl\/?s={search_term_string}\"},\"query-input\":{\"@type\":\"PropertyValueSpecification\",\"valueRequired\":true,\"valueName\":\"search_term_string\"}}],\"inLanguage\":\"en-GB\"}]}<\/script>\n<!-- \/ Yoast SEO plugin. -->","yoast_head_json":{"title":"SUNSO WTP800 - Kasy fiskalne Gda\u0144sk Kasa fiskalna Gdynia Sopot Tr\u00f3jmiasto","robots":{"index":"index","follow":"follow","max-snippet":"max-snippet:-1","max-image-preview":"max-image-preview:large","max-video-preview":"max-video-preview:-1"},"canonical":"https:\/\/monkomp.pl\/en\/product\/sunso-wtp800\/","og_locale":"en_GB","og_type":"article","og_title":"SUNSO WTP800 - Kasy fiskalne Gda\u0144sk Kasa fiskalna Gdynia Sopot Tr\u00f3jmiasto","og_description":"Ma\u0142a uniwersalna drukarka termiczna przeznaczona do pracy w\u00a0trudnych warunkach.\u00a0 Model 800 jest kontynuacj\u0105 linii popularnych drukarek WTP dost\u0119pnych na polskim rynku od 2006 roku. Urz\u0105dzenie mo\u017ce pracowa\u0107 w\u00a0dw\u00f3ch pozycjach: top-exit (wydruk pionowy), oraz front-exit (wydruk poziomy).  Wydruki 80 mm - 260 mm\/s.","og_url":"https:\/\/monkomp.pl\/en\/product\/sunso-wtp800\/","og_site_name":"Kasy fiskalne Gda\u0144sk Kasa fiskalna Gdynia Sopot Tr\u00f3jmiasto","og_image":[{"width":600,"height":600,"url":"https:\/\/monkomp.pl\/wp-content\/uploads\/2022\/07\/1-42.png","type":"image\/png"}],"twitter_card":"summary_large_image","twitter_misc":{"Estimated reading time":"1 minute"},"schema":{"@context":"https:\/\/schema.org","@graph":[{"@type":"WebPage","@id":"https:\/\/monkomp.pl\/produkt\/sunso-wtp800\/","url":"https:\/\/monkomp.pl\/produkt\/sunso-wtp800\/","name":"SUNSO WTP800 - Kasy fiskalne Gda\u0144sk Kasa fiskalna Gdynia Sopot Tr\u00f3jmiasto","isPartOf":{"@id":"https:\/\/monkomp.pl\/#website"},"primaryImageOfPage":{"@id":"https:\/\/monkomp.pl\/produkt\/sunso-wtp800\/#primaryimage"},"image":{"@id":"https:\/\/monkomp.pl\/produkt\/sunso-wtp800\/#primaryimage"},"thumbnailUrl":"https:\/\/monkomp.pl\/wp-content\/uploads\/2022\/07\/1-42.png","datePublished":"2022-07-12T21:48:33+00:00","breadcrumb":{"@id":"https:\/\/monkomp.pl\/produkt\/sunso-wtp800\/#breadcrumb"},"inLanguage":"en-GB","potentialAction":[{"@type":"ReadAction","target":["https:\/\/monkomp.pl\/produkt\/sunso-wtp800\/"]}]},{"@type":"ImageObject","inLanguage":"en-GB","@id":"https:\/\/monkomp.pl\/produkt\/sunso-wtp800\/#primaryimage","url":"https:\/\/monkomp.pl\/wp-content\/uploads\/2022\/07\/1-42.png","contentUrl":"https:\/\/monkomp.pl\/wp-content\/uploads\/2022\/07\/1-42.png","width":600,"height":600,"caption":"SUNSO WTP800"},{"@type":"BreadcrumbList","@id":"https:\/\/monkomp.pl\/produkt\/sunso-wtp800\/#breadcrumb","itemListElement":[{"@type":"ListItem","position":1,"name":"Strona g\u0142\u00f3wna","item":"https:\/\/monkomp.pl\/"},{"@type":"ListItem","position":2,"name":"Sklep","item":"https:\/\/monkomp.pl\/sklep\/"},{"@type":"ListItem","position":3,"name":"SUNSO WTP800"}]},{"@type":"WebSite","@id":"https:\/\/monkomp.pl\/#website","url":"https:\/\/monkomp.pl\/","name":"Kasy fiskalne Gda\u0144sk Kasa fiskalna Gdynia Sopot Tr\u00f3jmiasto","description":"Kasy fiskalne kasa fisklana","potentialAction":[{"@type":"SearchAction","target":{"@type":"EntryPoint","urlTemplate":"https:\/\/monkomp.pl\/?s={search_term_string}"},"query-input":{"@type":"PropertyValueSpecification","valueRequired":true,"valueName":"search_term_string"}}],"inLanguage":"en-GB"}]}},"_links":{"self":[{"href":"https:\/\/monkomp.pl\/en\/wp-json\/wp\/v2\/product\/2417","targetHints":{"allow":["GET"]}}],"collection":[{"href":"https:\/\/monkomp.pl\/en\/wp-json\/wp\/v2\/product"}],"about":[{"href":"https:\/\/monkomp.pl\/en\/wp-json\/wp\/v2\/types\/product"}],"replies":[{"embeddable":true,"href":"https:\/\/monkomp.pl\/en\/wp-json\/wp\/v2\/comments?post=2417"}],"wp:featuredmedia":[{"embeddable":true,"href":"https:\/\/monkomp.pl\/en\/wp-json\/wp\/v2\/media\/2418"}],"wp:attachment":[{"href":"https:\/\/monkomp.pl\/en\/wp-json\/wp\/v2\/media?parent=2417"}],"wp:term":[{"taxonomy":"product_brand","embeddable":true,"href":"https:\/\/monkomp.pl\/en\/wp-json\/wp\/v2\/product_brand?post=2417"},{"taxonomy":"product_cat","embeddable":true,"href":"https:\/\/monkomp.pl\/en\/wp-json\/wp\/v2\/product_cat?post=2417"},{"taxonomy":"product_tag","embeddable":true,"href":"https:\/\/monkomp.pl\/en\/wp-json\/wp\/v2\/product_tag?post=2417"}],"curies":[{"name":"wp","href":"https:\/\/api.w.org\/{rel}","templated":true}]}}