{"id":2419,"date":"2022-07-12T23:57:55","date_gmt":"2022-07-12T21:57:55","guid":{"rendered":"https:\/\/monkomp.pl\/?post_type=product&#038;p=2419"},"modified":"2022-07-12T23:57:55","modified_gmt":"2022-07-12T21:57:55","slug":"fawag-ds-1","status":"publish","type":"product","link":"https:\/\/monkomp.pl\/en\/product\/fawag-ds-1\/","title":{"rendered":"FAWAG DS-1"},"content":{"rendered":"<p>Waga przeznaczona do integracji z\u00a0kasami POSNET: REVO EJ\/ONLINE, NEO XL\/ONLINE, ERGO EJ\/ONLINE, BINGO MAX ONLINE.<\/p>\n<div class=\"product_description_text\">\n<div class=\"product_description\">\n<h3>NAJWA\u017bNIEJSZE CECHY PRODUKTU<\/h3>\n<p><strong>Dost\u0119pne kolory w\u00a0standardzie:<\/strong>\u00a0bia\u0142y<br \/>\n<strong>Opcjonalnie kolory:<\/strong>\u00a0grafitowy \/ limonkowa ziele\u0144 \/ s\u0142oneczny \u017c\u00f3\u0142ty \/ ognista czerwie\u0144 \/ b\u0142\u0119kit oceanu \/ elegancki fiolet<\/p>\n<p>Wymiary wagi zintegrowanej: 288 x\u00a067 x\u00a0208 mm (+5 mm wysoko\u015bci &#8211; regulacja n\u00f3\u017cek)<\/p>\n<p>Szalka ze stali nierdzewnej to akcesorium, kt\u00f3re umo\u017cliwia sprzeda\u017c towar\u00f3w wa\u017conych z\u00a0wykorzystaniem klawiatury i\u00a0wy\u015bwietlacza kasy.<\/p>\n<p>Funkcje takie jak tarowanie i\u00a0zerowanie szalki wa\u017c\u0105cej wywo\u0142ywane s\u0105 z\u00a0klawiatury kasy, a\u00a0wskazania wagi pojawiaj\u0105 si\u0119 bezpo\u015brednio na wy\u015bwietlaczach operatora i\u00a0klienta.<\/p>\n<p><strong>Zakres wa\u017cenia:\u00a0<\/strong>15 kg<\/p>\n<\/div>\n<\/div>\n<div class=\"product_description_right\">\n<div class=\"product_description\">\n<h3>NAJWA\u017bNIEJSZE FUNKCJE PRODUKTU<\/h3>\n<p>W sytuacji, gdy cechy legalizacyjne lub zabezpieczaj\u0105ce zosta\u0142y naruszone urz\u0105dzenie musi by\u0107 poddane legalizacji ponownej przed przyst\u0105pieniem do dalszego u\u017cytkowania. Przypominamy, \u017ce obowi\u0105zek poddawania wagi okresowej legalizacji, jak r\u00f3wnie\u017c utrzymywania cech legalizacyjnych w\u00a0nale\u017cytym stanie spoczywa na u\u017cytkowniku.<\/p>\n<p><strong>Ka\u017cda zalegalizowana waga musi mie\u0107 naniesione na tabliczk\u0119 znamionow\u0105 nast\u0119puj\u0105ce informacje:<\/strong><\/p>\n<ul>\n<li>model urz\u0105dzenia i\u00a0nr seryjny,<\/li>\n<li>nr dopuszczenia (nr zatwierdzenia typu),<\/li>\n<li>parametry metrologiczne (obci\u0105\u017cenie, dzia\u0142ka, warto\u015b\u0107 tary, itp.),<\/li>\n<li>znak CE wraz z\u00a0liter\u0105 M,<\/li>\n<li>numer jednostki notyfikowanej,<\/li>\n<li>obok znaku CE i\u00a0litery M\u00a0ostatnie dwie cyfry roku przeprowadzonej oceny zgodno\u015bci,<\/li>\n<li>temperatur\u0119 pracy je\u017celi b\u0119dzie inna ni\u017c od -10\u00baC do 40\u00baC,<\/li>\n<li>symbol klasy (np. III),<\/li>\n<li>informacje na temat producenta.<\/li>\n<\/ul>\n<\/div>\n<\/div>","protected":false},"excerpt":{"rendered":"<p>Waga przeznaczona do integracji z\u00a0kasami POSNET: REVO EJ\/ONLINE, NEO XL\/ONLINE, ERGO EJ\/ONLINE, BINGO MAX ONLINE.<\/p>","protected":false},"featured_media":2420,"comment_status":"closed","ping_status":"closed","template":"","meta":{"_et_pb_use_builder":"","_et_pb_old_content":"","_et_gb_content_width":""},"product_brand":[],"product_cat":[50,59,43],"product_tag":[],"class_list":{"0":"post-2419","1":"product","2":"type-product","3":"status-publish","4":"has-post-thumbnail","6":"product_cat-posnet","7":"product_cat-wagi-do-integracji-z-kasami-posnet","8":"product_cat-wagi-sklepowe","10":"first","11":"instock","12":"taxable","13":"shipping-taxable","14":"purchasable","15":"product-type-simple"},"yoast_head":"<!-- This site is optimized with the Yoast SEO plugin v26.9 - https:\/\/yoast.com\/product\/yoast-seo-wordpress\/ -->\n<title>FAWAG DS-1 - Kasy fiskalne Gda\u0144sk Kasa fiskalna Gdynia Sopot Tr\u00f3jmiasto<\/title>\n<meta name=\"robots\" content=\"index, follow, max-snippet:-1, max-image-preview:large, max-video-preview:-1\" \/>\n<link rel=\"canonical\" href=\"https:\/\/monkomp.pl\/en\/product\/fawag-ds-1\/\" \/>\n<meta property=\"og:locale\" content=\"en_GB\" \/>\n<meta property=\"og:type\" content=\"article\" \/>\n<meta property=\"og:title\" content=\"FAWAG DS-1 - Kasy fiskalne Gda\u0144sk Kasa fiskalna Gdynia Sopot Tr\u00f3jmiasto\" \/>\n<meta property=\"og:description\" content=\"Waga przeznaczona do integracji z\u00a0kasami POSNET: REVO EJ\/ONLINE, NEO XL\/ONLINE, ERGO EJ\/ONLINE, BINGO MAX ONLINE.\" \/>\n<meta property=\"og:url\" content=\"https:\/\/monkomp.pl\/en\/product\/fawag-ds-1\/\" \/>\n<meta property=\"og:site_name\" content=\"Kasy fiskalne Gda\u0144sk Kasa fiskalna Gdynia Sopot Tr\u00f3jmiasto\" \/>\n<meta property=\"og:image\" content=\"https:\/\/monkomp.pl\/wp-content\/uploads\/2022\/07\/1-43.png\" \/>\n\t<meta property=\"og:image:width\" content=\"600\" \/>\n\t<meta property=\"og:image:height\" content=\"600\" \/>\n\t<meta property=\"og:image:type\" content=\"image\/png\" \/>\n<meta name=\"twitter:card\" content=\"summary_large_image\" \/>\n<meta name=\"twitter:label1\" content=\"Estimated reading time\" \/>\n\t<meta name=\"twitter:data1\" content=\"2 minutes\" \/>\n<script type=\"application\/ld+json\" class=\"yoast-schema-graph\">{\"@context\":\"https:\/\/schema.org\",\"@graph\":[{\"@type\":\"WebPage\",\"@id\":\"https:\/\/monkomp.pl\/produkt\/fawag-ds-1\/\",\"url\":\"https:\/\/monkomp.pl\/produkt\/fawag-ds-1\/\",\"name\":\"FAWAG DS-1 - Kasy fiskalne Gda\u0144sk Kasa fiskalna Gdynia Sopot Tr\u00f3jmiasto\",\"isPartOf\":{\"@id\":\"https:\/\/monkomp.pl\/#website\"},\"primaryImageOfPage\":{\"@id\":\"https:\/\/monkomp.pl\/produkt\/fawag-ds-1\/#primaryimage\"},\"image\":{\"@id\":\"https:\/\/monkomp.pl\/produkt\/fawag-ds-1\/#primaryimage\"},\"thumbnailUrl\":\"https:\/\/monkomp.pl\/wp-content\/uploads\/2022\/07\/1-43.png\",\"datePublished\":\"2022-07-12T21:57:55+00:00\",\"breadcrumb\":{\"@id\":\"https:\/\/monkomp.pl\/produkt\/fawag-ds-1\/#breadcrumb\"},\"inLanguage\":\"en-GB\",\"potentialAction\":[{\"@type\":\"ReadAction\",\"target\":[\"https:\/\/monkomp.pl\/produkt\/fawag-ds-1\/\"]}]},{\"@type\":\"ImageObject\",\"inLanguage\":\"en-GB\",\"@id\":\"https:\/\/monkomp.pl\/produkt\/fawag-ds-1\/#primaryimage\",\"url\":\"https:\/\/monkomp.pl\/wp-content\/uploads\/2022\/07\/1-43.png\",\"contentUrl\":\"https:\/\/monkomp.pl\/wp-content\/uploads\/2022\/07\/1-43.png\",\"width\":600,\"height\":600,\"caption\":\"FAWAG DS-1\"},{\"@type\":\"BreadcrumbList\",\"@id\":\"https:\/\/monkomp.pl\/produkt\/fawag-ds-1\/#breadcrumb\",\"itemListElement\":[{\"@type\":\"ListItem\",\"position\":1,\"name\":\"Strona g\u0142\u00f3wna\",\"item\":\"https:\/\/monkomp.pl\/\"},{\"@type\":\"ListItem\",\"position\":2,\"name\":\"Sklep\",\"item\":\"https:\/\/monkomp.pl\/sklep\/\"},{\"@type\":\"ListItem\",\"position\":3,\"name\":\"FAWAG DS-1\"}]},{\"@type\":\"WebSite\",\"@id\":\"https:\/\/monkomp.pl\/#website\",\"url\":\"https:\/\/monkomp.pl\/\",\"name\":\"Kasy fiskalne Gda\u0144sk Kasa fiskalna Gdynia Sopot Tr\u00f3jmiasto\",\"description\":\"Kasy fiskalne kasa fisklana\",\"potentialAction\":[{\"@type\":\"SearchAction\",\"target\":{\"@type\":\"EntryPoint\",\"urlTemplate\":\"https:\/\/monkomp.pl\/?s={search_term_string}\"},\"query-input\":{\"@type\":\"PropertyValueSpecification\",\"valueRequired\":true,\"valueName\":\"search_term_string\"}}],\"inLanguage\":\"en-GB\"}]}<\/script>\n<!-- \/ Yoast SEO plugin. -->","yoast_head_json":{"title":"FAWAG DS-1 - Kasy fiskalne Gda\u0144sk Kasa fiskalna Gdynia Sopot Tr\u00f3jmiasto","robots":{"index":"index","follow":"follow","max-snippet":"max-snippet:-1","max-image-preview":"max-image-preview:large","max-video-preview":"max-video-preview:-1"},"canonical":"https:\/\/monkomp.pl\/en\/product\/fawag-ds-1\/","og_locale":"en_GB","og_type":"article","og_title":"FAWAG DS-1 - Kasy fiskalne Gda\u0144sk Kasa fiskalna Gdynia Sopot Tr\u00f3jmiasto","og_description":"Waga przeznaczona do integracji z\u00a0kasami POSNET: REVO EJ\/ONLINE, NEO XL\/ONLINE, ERGO EJ\/ONLINE, BINGO MAX ONLINE.","og_url":"https:\/\/monkomp.pl\/en\/product\/fawag-ds-1\/","og_site_name":"Kasy fiskalne Gda\u0144sk Kasa fiskalna Gdynia Sopot Tr\u00f3jmiasto","og_image":[{"width":600,"height":600,"url":"https:\/\/monkomp.pl\/wp-content\/uploads\/2022\/07\/1-43.png","type":"image\/png"}],"twitter_card":"summary_large_image","twitter_misc":{"Estimated reading time":"2 minutes"},"schema":{"@context":"https:\/\/schema.org","@graph":[{"@type":"WebPage","@id":"https:\/\/monkomp.pl\/produkt\/fawag-ds-1\/","url":"https:\/\/monkomp.pl\/produkt\/fawag-ds-1\/","name":"FAWAG DS-1 - Kasy fiskalne Gda\u0144sk Kasa fiskalna Gdynia Sopot Tr\u00f3jmiasto","isPartOf":{"@id":"https:\/\/monkomp.pl\/#website"},"primaryImageOfPage":{"@id":"https:\/\/monkomp.pl\/produkt\/fawag-ds-1\/#primaryimage"},"image":{"@id":"https:\/\/monkomp.pl\/produkt\/fawag-ds-1\/#primaryimage"},"thumbnailUrl":"https:\/\/monkomp.pl\/wp-content\/uploads\/2022\/07\/1-43.png","datePublished":"2022-07-12T21:57:55+00:00","breadcrumb":{"@id":"https:\/\/monkomp.pl\/produkt\/fawag-ds-1\/#breadcrumb"},"inLanguage":"en-GB","potentialAction":[{"@type":"ReadAction","target":["https:\/\/monkomp.pl\/produkt\/fawag-ds-1\/"]}]},{"@type":"ImageObject","inLanguage":"en-GB","@id":"https:\/\/monkomp.pl\/produkt\/fawag-ds-1\/#primaryimage","url":"https:\/\/monkomp.pl\/wp-content\/uploads\/2022\/07\/1-43.png","contentUrl":"https:\/\/monkomp.pl\/wp-content\/uploads\/2022\/07\/1-43.png","width":600,"height":600,"caption":"FAWAG DS-1"},{"@type":"BreadcrumbList","@id":"https:\/\/monkomp.pl\/produkt\/fawag-ds-1\/#breadcrumb","itemListElement":[{"@type":"ListItem","position":1,"name":"Strona g\u0142\u00f3wna","item":"https:\/\/monkomp.pl\/"},{"@type":"ListItem","position":2,"name":"Sklep","item":"https:\/\/monkomp.pl\/sklep\/"},{"@type":"ListItem","position":3,"name":"FAWAG DS-1"}]},{"@type":"WebSite","@id":"https:\/\/monkomp.pl\/#website","url":"https:\/\/monkomp.pl\/","name":"Kasy fiskalne Gda\u0144sk Kasa fiskalna Gdynia Sopot Tr\u00f3jmiasto","description":"Kasy fiskalne kasa fisklana","potentialAction":[{"@type":"SearchAction","target":{"@type":"EntryPoint","urlTemplate":"https:\/\/monkomp.pl\/?s={search_term_string}"},"query-input":{"@type":"PropertyValueSpecification","valueRequired":true,"valueName":"search_term_string"}}],"inLanguage":"en-GB"}]}},"_links":{"self":[{"href":"https:\/\/monkomp.pl\/en\/wp-json\/wp\/v2\/product\/2419","targetHints":{"allow":["GET"]}}],"collection":[{"href":"https:\/\/monkomp.pl\/en\/wp-json\/wp\/v2\/product"}],"about":[{"href":"https:\/\/monkomp.pl\/en\/wp-json\/wp\/v2\/types\/product"}],"replies":[{"embeddable":true,"href":"https:\/\/monkomp.pl\/en\/wp-json\/wp\/v2\/comments?post=2419"}],"wp:featuredmedia":[{"embeddable":true,"href":"https:\/\/monkomp.pl\/en\/wp-json\/wp\/v2\/media\/2420"}],"wp:attachment":[{"href":"https:\/\/monkomp.pl\/en\/wp-json\/wp\/v2\/media?parent=2419"}],"wp:term":[{"taxonomy":"product_brand","embeddable":true,"href":"https:\/\/monkomp.pl\/en\/wp-json\/wp\/v2\/product_brand?post=2419"},{"taxonomy":"product_cat","embeddable":true,"href":"https:\/\/monkomp.pl\/en\/wp-json\/wp\/v2\/product_cat?post=2419"},{"taxonomy":"product_tag","embeddable":true,"href":"https:\/\/monkomp.pl\/en\/wp-json\/wp\/v2\/product_tag?post=2419"}],"curies":[{"name":"wp","href":"https:\/\/api.w.org\/{rel}","templated":true}]}}