{"id":2421,"date":"2022-07-12T23:59:38","date_gmt":"2022-07-12T21:59:38","guid":{"rendered":"https:\/\/monkomp.pl\/?post_type=product&#038;p=2421"},"modified":"2022-07-14T12:09:10","modified_gmt":"2022-07-14T10:09:10","slug":"fawag-ws-1","status":"publish","type":"product","link":"https:\/\/monkomp.pl\/en\/product\/fawag-ws-1\/","title":{"rendered":"FAWAG WS-1"},"content":{"rendered":"<p>Waga FAWAG WS-1 to nowoczesna i\u00a0uniwersalna waga kontrolna, dedykowana do plac\u00f3wek handlowych, przemys\u0142owych, magazyn\u00f3w, gastronomii, na gie\u0142dy oraz targowiska. Wyposa\u017cona jest w\u00a0du\u017c\u0105 szalk\u0119 ze stali nierdzewnej, kt\u00f3ra pozwala na \u0142atwe wa\u017cenie towar\u00f3w o\u00a0nietypowych lub du\u017cych rozmiarach. Niska platforma zapewnia swobodn\u0105 prac\u0119 przy stanowisku. Standardowe interfejsy RS-232 i\u00a0USB pozwalaj\u0105 na swobodn\u0105 komunikacj\u0119 z\u00a0kas\u0105 fiskaln\u0105, komputerem lub urz\u0105dzeniem mobilnym.<\/p>\n<div class=\"product_description_text\">\n<div class=\"product_description\">\n<h3>NAJWA\u017bNIEJSZE CECHY PRODUKTU<\/h3>\n<ul>\n<li>bardzo du\u017ca szalka ze stali nierdzewnej;<\/li>\n<li>niska platforma wagi (wys. 83 mm);<\/li>\n<li>dwa wysoko kontrastowe wy\u015bwietlacze LED i\u00a0graficzny LCD;<\/li>\n<li>interfejsy RS-232 i\u00a0USB zapewnia wsp\u00f3\u0142prac\u0119 z\u00a0kasami fiskalnymi, komputerem;<\/li>\n<li>tara i\u00a0blokada tary;<\/li>\n<li>automatyczne zerowanie pustej szalki;<\/li>\n<li>funkcja liczenia sztuk;<\/li>\n<li>funkcja limit\u00f3w wagowych;<\/li>\n<li>zasilanie sieciowe, opcjonalnie akumulatorowe.<\/li>\n<\/ul>\n<p><strong>Zakres wa\u017cenia:<\/strong> 1,5\/3 kg, 3\/6 kg, 6\/15 kg<\/p>\n<\/div>\n<\/div>\n<div class=\"product_description_right\">\n<div class=\"product_description\">\n<h3>NAJWA\u017bNIEJSZE FUNKCJE PRODUKTU<\/h3>\n<p>W sytuacji, gdy cechy legalizacyjne lub zabezpieczaj\u0105ce zosta\u0142y naruszone urz\u0105dzenie musi by\u0107 poddane legalizacji ponownej przed przyst\u0105pieniem do dalszego u\u017cytkowania. Przypominamy, \u017ce obowi\u0105zek poddawania wagi okresowej legalizacji, jak r\u00f3wnie\u017c utrzymywania cech legalizacyjnych w\u00a0nale\u017cytym stanie spoczywa na u\u017cytkowniku.<\/p>\n<p><strong>Ka\u017cda zalegalizowana waga musi mie\u0107 naniesione na tabliczk\u0119 znamionow\u0105 nast\u0119puj\u0105ce informacje:<\/strong><\/p>\n<ul>\n<li>model urz\u0105dzenia i\u00a0nr seryjny,<\/li>\n<li>nr dopuszczenia (nr zatwierdzenia typu),<\/li>\n<li>parametry metrologiczne (obci\u0105\u017cenie, dzia\u0142ka, warto\u015b\u0107 tary, itp.),<\/li>\n<li>znak CE wraz z\u00a0liter\u0105 M,<\/li>\n<li>numer jednostki notyfikowanej,<\/li>\n<li>obok znaku CE i\u00a0litery M\u00a0ostatnie dwie cyfry roku przeprowadzonej oceny zgodno\u015bci,<\/li>\n<li>temperatur\u0119 pracy je\u017celi b\u0119dzie inna ni\u017c od -10\u00baC do 40\u00baC,<\/li>\n<li>symbol klasy (np. III),<\/li>\n<li>informacje na temat producenta.<\/li>\n<\/ul>\n<\/div>\n<\/div>","protected":false},"excerpt":{"rendered":"<p>Waga FAWAG WS-1 to nowoczesna i\u00a0uniwersalna waga kontrolna, dedykowana do plac\u00f3wek handlowych, przemys\u0142owych, magazyn\u00f3w, gastronomii, na gie\u0142dy oraz targowiska. Wyposa\u017cona jest w\u00a0du\u017c\u0105 szalk\u0119 ze stali nierdzewnej, kt\u00f3ra pozwala na \u0142atwe wa\u017cenie towar\u00f3w o\u00a0nietypowych lub du\u017cych rozmiarach. Niska platforma zapewnia swobodn\u0105 prac\u0119 przy stanowisku. Standardowe interfejsy RS-232 i\u00a0USB pozwalaj\u0105 na swobodn\u0105 komunikacj\u0119 z\u00a0kas\u0105 fiskaln\u0105, komputerem lub urz\u0105dzeniem mobilnym.<\/p>","protected":false},"featured_media":2422,"comment_status":"closed","ping_status":"closed","template":"","meta":{"_et_pb_use_builder":"","_et_pb_old_content":"","_et_gb_content_width":""},"product_brand":[],"product_cat":[50,44,43],"product_tag":[],"class_list":{"0":"post-2421","1":"product","2":"type-product","3":"status-publish","4":"has-post-thumbnail","6":"product_cat-posnet","7":"product_cat-wagi-kontrolne","8":"product_cat-wagi-sklepowe","10":"first","11":"instock","12":"taxable","13":"shipping-taxable","14":"purchasable","15":"product-type-simple"},"yoast_head":"<!-- This site is optimized with the Yoast SEO plugin v26.9 - https:\/\/yoast.com\/product\/yoast-seo-wordpress\/ -->\n<title>FAWAG WS-1 - Kasy fiskalne Gda\u0144sk Kasa fiskalna Gdynia Sopot Tr\u00f3jmiasto<\/title>\n<meta name=\"robots\" content=\"index, follow, max-snippet:-1, max-image-preview:large, max-video-preview:-1\" \/>\n<link rel=\"canonical\" href=\"https:\/\/monkomp.pl\/en\/product\/fawag-ws-1\/\" \/>\n<meta property=\"og:locale\" content=\"en_GB\" \/>\n<meta property=\"og:type\" content=\"article\" \/>\n<meta property=\"og:title\" content=\"FAWAG WS-1 - Kasy fiskalne Gda\u0144sk Kasa fiskalna Gdynia Sopot Tr\u00f3jmiasto\" \/>\n<meta property=\"og:description\" content=\"Waga FAWAG WS-1 to nowoczesna i\u00a0uniwersalna waga kontrolna, dedykowana do plac\u00f3wek handlowych, przemys\u0142owych, magazyn\u00f3w, gastronomii, na gie\u0142dy oraz targowiska. Wyposa\u017cona jest w\u00a0du\u017c\u0105 szalk\u0119 ze stali nierdzewnej, kt\u00f3ra pozwala na \u0142atwe wa\u017cenie towar\u00f3w o\u00a0nietypowych lub du\u017cych rozmiarach. Niska platforma zapewnia swobodn\u0105 prac\u0119 przy stanowisku. Standardowe interfejsy RS-232 i\u00a0USB pozwalaj\u0105 na swobodn\u0105 komunikacj\u0119 z\u00a0kas\u0105 fiskaln\u0105, komputerem lub urz\u0105dzeniem mobilnym.\" \/>\n<meta property=\"og:url\" content=\"https:\/\/monkomp.pl\/en\/product\/fawag-ws-1\/\" \/>\n<meta property=\"og:site_name\" content=\"Kasy fiskalne Gda\u0144sk Kasa fiskalna Gdynia Sopot Tr\u00f3jmiasto\" \/>\n<meta property=\"article:modified_time\" content=\"2022-07-14T10:09:10+00:00\" \/>\n<meta property=\"og:image\" content=\"https:\/\/monkomp.pl\/wp-content\/uploads\/2022\/07\/1-44.png\" \/>\n\t<meta property=\"og:image:width\" content=\"600\" \/>\n\t<meta property=\"og:image:height\" content=\"600\" \/>\n\t<meta property=\"og:image:type\" content=\"image\/png\" \/>\n<meta name=\"twitter:card\" content=\"summary_large_image\" \/>\n<meta name=\"twitter:label1\" content=\"Estimated reading time\" \/>\n\t<meta name=\"twitter:data1\" content=\"2 minutes\" \/>\n<script type=\"application\/ld+json\" class=\"yoast-schema-graph\">{\"@context\":\"https:\/\/schema.org\",\"@graph\":[{\"@type\":\"WebPage\",\"@id\":\"https:\/\/monkomp.pl\/produkt\/fawag-ws-1\/\",\"url\":\"https:\/\/monkomp.pl\/produkt\/fawag-ws-1\/\",\"name\":\"FAWAG WS-1 - Kasy fiskalne Gda\u0144sk Kasa fiskalna Gdynia Sopot Tr\u00f3jmiasto\",\"isPartOf\":{\"@id\":\"https:\/\/monkomp.pl\/#website\"},\"primaryImageOfPage\":{\"@id\":\"https:\/\/monkomp.pl\/produkt\/fawag-ws-1\/#primaryimage\"},\"image\":{\"@id\":\"https:\/\/monkomp.pl\/produkt\/fawag-ws-1\/#primaryimage\"},\"thumbnailUrl\":\"https:\/\/monkomp.pl\/wp-content\/uploads\/2022\/07\/1-44.png\",\"datePublished\":\"2022-07-12T21:59:38+00:00\",\"dateModified\":\"2022-07-14T10:09:10+00:00\",\"breadcrumb\":{\"@id\":\"https:\/\/monkomp.pl\/produkt\/fawag-ws-1\/#breadcrumb\"},\"inLanguage\":\"en-GB\",\"potentialAction\":[{\"@type\":\"ReadAction\",\"target\":[\"https:\/\/monkomp.pl\/produkt\/fawag-ws-1\/\"]}]},{\"@type\":\"ImageObject\",\"inLanguage\":\"en-GB\",\"@id\":\"https:\/\/monkomp.pl\/produkt\/fawag-ws-1\/#primaryimage\",\"url\":\"https:\/\/monkomp.pl\/wp-content\/uploads\/2022\/07\/1-44.png\",\"contentUrl\":\"https:\/\/monkomp.pl\/wp-content\/uploads\/2022\/07\/1-44.png\",\"width\":600,\"height\":600,\"caption\":\"FAWAG WS-1\"},{\"@type\":\"BreadcrumbList\",\"@id\":\"https:\/\/monkomp.pl\/produkt\/fawag-ws-1\/#breadcrumb\",\"itemListElement\":[{\"@type\":\"ListItem\",\"position\":1,\"name\":\"Strona g\u0142\u00f3wna\",\"item\":\"https:\/\/monkomp.pl\/\"},{\"@type\":\"ListItem\",\"position\":2,\"name\":\"Sklep\",\"item\":\"https:\/\/monkomp.pl\/sklep\/\"},{\"@type\":\"ListItem\",\"position\":3,\"name\":\"FAWAG WS-1\"}]},{\"@type\":\"WebSite\",\"@id\":\"https:\/\/monkomp.pl\/#website\",\"url\":\"https:\/\/monkomp.pl\/\",\"name\":\"Kasy fiskalne Gda\u0144sk Kasa fiskalna Gdynia Sopot Tr\u00f3jmiasto\",\"description\":\"Kasy fiskalne kasa fisklana\",\"potentialAction\":[{\"@type\":\"SearchAction\",\"target\":{\"@type\":\"EntryPoint\",\"urlTemplate\":\"https:\/\/monkomp.pl\/?s={search_term_string}\"},\"query-input\":{\"@type\":\"PropertyValueSpecification\",\"valueRequired\":true,\"valueName\":\"search_term_string\"}}],\"inLanguage\":\"en-GB\"}]}<\/script>\n<!-- \/ Yoast SEO plugin. -->","yoast_head_json":{"title":"FAWAG WS-1 - Kasy fiskalne Gda\u0144sk Kasa fiskalna Gdynia Sopot Tr\u00f3jmiasto","robots":{"index":"index","follow":"follow","max-snippet":"max-snippet:-1","max-image-preview":"max-image-preview:large","max-video-preview":"max-video-preview:-1"},"canonical":"https:\/\/monkomp.pl\/en\/product\/fawag-ws-1\/","og_locale":"en_GB","og_type":"article","og_title":"FAWAG WS-1 - Kasy fiskalne Gda\u0144sk Kasa fiskalna Gdynia Sopot Tr\u00f3jmiasto","og_description":"Waga FAWAG WS-1 to nowoczesna i\u00a0uniwersalna waga kontrolna, dedykowana do plac\u00f3wek handlowych, przemys\u0142owych, magazyn\u00f3w, gastronomii, na gie\u0142dy oraz targowiska. Wyposa\u017cona jest w\u00a0du\u017c\u0105 szalk\u0119 ze stali nierdzewnej, kt\u00f3ra pozwala na \u0142atwe wa\u017cenie towar\u00f3w o\u00a0nietypowych lub du\u017cych rozmiarach. Niska platforma zapewnia swobodn\u0105 prac\u0119 przy stanowisku. Standardowe interfejsy RS-232 i\u00a0USB pozwalaj\u0105 na swobodn\u0105 komunikacj\u0119 z\u00a0kas\u0105 fiskaln\u0105, komputerem lub urz\u0105dzeniem mobilnym.","og_url":"https:\/\/monkomp.pl\/en\/product\/fawag-ws-1\/","og_site_name":"Kasy fiskalne Gda\u0144sk Kasa fiskalna Gdynia Sopot Tr\u00f3jmiasto","article_modified_time":"2022-07-14T10:09:10+00:00","og_image":[{"width":600,"height":600,"url":"https:\/\/monkomp.pl\/wp-content\/uploads\/2022\/07\/1-44.png","type":"image\/png"}],"twitter_card":"summary_large_image","twitter_misc":{"Estimated reading time":"2 minutes"},"schema":{"@context":"https:\/\/schema.org","@graph":[{"@type":"WebPage","@id":"https:\/\/monkomp.pl\/produkt\/fawag-ws-1\/","url":"https:\/\/monkomp.pl\/produkt\/fawag-ws-1\/","name":"FAWAG WS-1 - Kasy fiskalne Gda\u0144sk Kasa fiskalna Gdynia Sopot Tr\u00f3jmiasto","isPartOf":{"@id":"https:\/\/monkomp.pl\/#website"},"primaryImageOfPage":{"@id":"https:\/\/monkomp.pl\/produkt\/fawag-ws-1\/#primaryimage"},"image":{"@id":"https:\/\/monkomp.pl\/produkt\/fawag-ws-1\/#primaryimage"},"thumbnailUrl":"https:\/\/monkomp.pl\/wp-content\/uploads\/2022\/07\/1-44.png","datePublished":"2022-07-12T21:59:38+00:00","dateModified":"2022-07-14T10:09:10+00:00","breadcrumb":{"@id":"https:\/\/monkomp.pl\/produkt\/fawag-ws-1\/#breadcrumb"},"inLanguage":"en-GB","potentialAction":[{"@type":"ReadAction","target":["https:\/\/monkomp.pl\/produkt\/fawag-ws-1\/"]}]},{"@type":"ImageObject","inLanguage":"en-GB","@id":"https:\/\/monkomp.pl\/produkt\/fawag-ws-1\/#primaryimage","url":"https:\/\/monkomp.pl\/wp-content\/uploads\/2022\/07\/1-44.png","contentUrl":"https:\/\/monkomp.pl\/wp-content\/uploads\/2022\/07\/1-44.png","width":600,"height":600,"caption":"FAWAG WS-1"},{"@type":"BreadcrumbList","@id":"https:\/\/monkomp.pl\/produkt\/fawag-ws-1\/#breadcrumb","itemListElement":[{"@type":"ListItem","position":1,"name":"Strona g\u0142\u00f3wna","item":"https:\/\/monkomp.pl\/"},{"@type":"ListItem","position":2,"name":"Sklep","item":"https:\/\/monkomp.pl\/sklep\/"},{"@type":"ListItem","position":3,"name":"FAWAG WS-1"}]},{"@type":"WebSite","@id":"https:\/\/monkomp.pl\/#website","url":"https:\/\/monkomp.pl\/","name":"Kasy fiskalne Gda\u0144sk Kasa fiskalna Gdynia Sopot Tr\u00f3jmiasto","description":"Kasy fiskalne kasa fisklana","potentialAction":[{"@type":"SearchAction","target":{"@type":"EntryPoint","urlTemplate":"https:\/\/monkomp.pl\/?s={search_term_string}"},"query-input":{"@type":"PropertyValueSpecification","valueRequired":true,"valueName":"search_term_string"}}],"inLanguage":"en-GB"}]}},"_links":{"self":[{"href":"https:\/\/monkomp.pl\/en\/wp-json\/wp\/v2\/product\/2421","targetHints":{"allow":["GET"]}}],"collection":[{"href":"https:\/\/monkomp.pl\/en\/wp-json\/wp\/v2\/product"}],"about":[{"href":"https:\/\/monkomp.pl\/en\/wp-json\/wp\/v2\/types\/product"}],"replies":[{"embeddable":true,"href":"https:\/\/monkomp.pl\/en\/wp-json\/wp\/v2\/comments?post=2421"}],"wp:featuredmedia":[{"embeddable":true,"href":"https:\/\/monkomp.pl\/en\/wp-json\/wp\/v2\/media\/2422"}],"wp:attachment":[{"href":"https:\/\/monkomp.pl\/en\/wp-json\/wp\/v2\/media?parent=2421"}],"wp:term":[{"taxonomy":"product_brand","embeddable":true,"href":"https:\/\/monkomp.pl\/en\/wp-json\/wp\/v2\/product_brand?post=2421"},{"taxonomy":"product_cat","embeddable":true,"href":"https:\/\/monkomp.pl\/en\/wp-json\/wp\/v2\/product_cat?post=2421"},{"taxonomy":"product_tag","embeddable":true,"href":"https:\/\/monkomp.pl\/en\/wp-json\/wp\/v2\/product_tag?post=2421"}],"curies":[{"name":"wp","href":"https:\/\/api.w.org\/{rel}","templated":true}]}}