{"id":2810,"date":"2024-09-19T13:49:07","date_gmt":"2024-09-19T11:49:07","guid":{"rendered":"https:\/\/monkomp.pl\/?post_type=product&#038;p=2810"},"modified":"2024-09-19T14:05:03","modified_gmt":"2024-09-19T12:05:03","slug":"pospay-ii-online","status":"publish","type":"product","link":"https:\/\/monkomp.pl\/en\/product\/pospay-ii-online\/","title":{"rendered":"Pospay II Online"},"content":{"rendered":"<p>Pospay2 ONLINE \u0142\u0105czy\u00a0w sobie funkcjonalno\u015bci kasy, drukarki fiskalnej i\u00a0terminala p\u0142atniczego. Nale\u017cy do rodzin urz\u0105dze\u0144\u00a0SAIO, kt\u00f3re s\u0105 skonstruowane\u00a0zgodnie z\u00a0filozofi\u0105 &#8222;All in One&#8221;.\u00a0Pospay2 ONLINE to wygoda, mobilno\u015b\u0107, multizadaniowo\u015b\u0107 i\u00a0mo\u017cliwo\u015b\u0107 p\u0142atno\u015bci wszystkimi rodzajami kart p\u0142atniczych.<\/p>\n<h3>RODZINA SAIO<\/h3>\n<p>Pospay2 ONLINE nale\u017cy do rodziny urz\u0105dze\u0144 SAIO (system all in one). To kompleksowe rozwi\u0105zania fiskalne, kompaktowe urz\u0105dzenia skonstruowane w\u00a0systemie all in one\u00a0i dzia\u0142aj\u0105ce w\u00a0oparciu o\u00a0system operacyjny Android. Pospay2 ONLINE sk\u0142ada si\u0119 z\u00a0drukarki fiskalnej, terminala p\u0142atniczego oraz aplikacji sprzeda\u017cowej.<\/p>\n<h3>PO\u0141\u0104CZENIE Z CRK<\/h3>\n<p>Pospay2 ONLINE zapewnia u\u017cytkownikowi mo\u017cliwo\u015b\u0107 korzystania z\u00a0bezprzewodowych po\u0142\u0105cze\u0144 z\u00a0Centralnym Repozytorium Kas (CRK) za po\u015brednictwem sieci GSM lub WiFi. Komunikacja z\u00a0CRK za pomoc\u0105 do\u0142\u0105czonej do zestawu karty SIM jest uwzgl\u0119dniona w\u00a0koszcie abonamentu.<\/p>\n<h3>APLIKACJA POS-UP<\/h3>\n<p>W ramach abonamentu dostajesz dost\u0119p\u00a0do\u00a0intuicyjnej aplikacji sprzeda\u017cowej, kt\u00f3ra dzia\u0142a na niezawodnym systemie Android. Przejrzysty i\u00a0czytelny interfejs pozwoli Ci sprawnie obs\u0142ugiwa\u0107 sprzeda\u017c w\u00a0Twojej firmie. W\u00a0paru szybkich klikni\u0119ciach dodasz kolejne pozycje do paragonu oraz wywo\u0142asz p\u0142atno\u015b\u0107 bezgot\u00f3wkow\u0105.<\/p>\n<h3>MINIMUM FORMALNO\u015aCI<\/h3>\n<p>Nie musisz ju\u017c oddzielnie kupowa\u0107 urz\u0105dzenia fiskalnego i\u00a0podpisywa\u0107 umowy z\u00a0operatorem p\u0142atno\u015bci bezgot\u00f3wkowych. Teraz wszystkie formalno\u015bci zrealizujesz w\u00a0jednym miejscu!<\/p>\n<h3>MOBILNO\u015a\u0106<\/h3>\n<p>Pospay2 ONLINE \u0142\u0105czy si\u0119 bezprzewodowo z\u00a0internetem\u00a0przez sie\u0107 GSM.\u00a0Dzi\u0119ki temu\u00a0mo\u017ce pracowa\u0107 w\u00a0dowolnym miejscu, zyskuj\u0105c pe\u0142n\u0105 swobod\u0119! To zapewni wysok\u0105 jako\u015b\u0107 obs\u0142ugi Twoich klient\u00f3w!<\/p>\n<h3>WYTRZYMA\u0141E BATERIE<\/h3>\n<p>Zar\u00f3wno drukarka, jak i\u00a0terminal wyposa\u017cone s\u0105 w\u00a0akumulatory litowo-jonowe. Gdy jeden si\u0119 wyczerpie, drugi przejmuje jego funkcje. To zapewnia d\u0142u\u017csz\u0105 prac\u0119 urz\u0105dzenia bez potrzeby \u0142adowania.<\/p>\n<div class=\"product_description_text\">\n<div class=\"product_description\">\n<h3>ATRAKCYJNA CENA<\/h3>\n<p>Kupujesz tylko drukark\u0119, natomiast terminal wynajmujesz. Dzi\u0119ki temu nie tylko zap\u0142acisz mniej, ale przede wszystkim nie b\u0119dziesz si\u0119 przejmowa\u0142 aktualizacjami systemu czy ewentualnymi naprawami.<\/p>\n<\/div>\n<\/div>\n<div class=\"product_description_text\">\n<div class=\"product_description\">\n<h3>ATRAKCYJNA CENA<\/h3>\n<p>Kupujesz tylko drukark\u0119, natomiast terminal wynajmujesz. Dzi\u0119ki temu nie tylko zap\u0142acisz mniej, ale przede wszystkim nie b\u0119dziesz si\u0119 przejmowa\u0142 aktualizacjami systemu czy ewentualnymi naprawami.<\/p>\n<\/div>\n<\/div>\n<div class=\"product_description_text\">\n<div class=\"product_description\">\n<h3>SYSTEM ANDROID<\/h3>\n<p>System Android, w\u00a0oparciu o\u00a0kt\u00f3ry dzia\u0142a Pospay2, jest specjalnie zoptymalizowany pod k\u0105tem pracy na terminalu Pax A50. Dzi\u0119ki temu zainstalowane oprogramowanie sprzeda\u017cowe POS-UP dzia\u0142a szybko i\u00a0stabilnie. Wszystko po to, \u017ceby\u015b mia\u0142 pewno\u015b\u0107 niezawodno\u015bci systemu i\u00a0m\u00f3g\u0142 zawsze korzysta\u0107 z\u00a0urz\u0105dzenia w\u00a0spos\u00f3b bezpieczny.<\/p>\n<\/div>\n<\/div>\n<div class=\"product_description_text\">\n<div class=\"product_description\">\n<h3>GWARANCJA<\/h3>\n<p>Na wynaj\u0119ty terminal dostajesz do\u017cywotni\u0105 gwarancj\u0119. Modu\u0142 fiskalny drukarki obj\u0119ty jest pi\u0119cioletni\u0105 gwarancj\u0105. Zapewniamy r\u00f3wnie\u017c kompleksowy serwis w\u00a0trakcie u\u017cytkowania urz\u0105dzenia.<\/p>\n<\/div>\n<\/div>\n<div class=\"product_description_text\">\n<div class=\"product_description\">\n<h3>WYGODA<\/h3>\n<p>Pospay to urz\u0105dzenie ergonomiczne. Jego wymiary to: 15,2 x\u00a08,02 x\u00a08,15 cm (d\u0142. x\u00a0szer. x\u00a0wys). Waga &#8211; niewiele ponad p\u00f3\u0142 kilograma. Pospay2 ONLINE jest na tyle ma\u0142y, \u017ce idealnie mie\u015bci si\u0119 w\u00a0d\u0142oni.<\/p>\n<h3>E-SERVICE<\/h3>\n<p>P\u0142atno\u015bci realizowane za pomoc\u0105 Pospay2 ONLINE obs\u0142uguje Centrum Elektronicznych Us\u0142ug P\u0142atniczych &#8211; eService. To lider na rynku akceptacji kart p\u0142atniczych oraz rozliczania transakcji elektronicznych w\u00a0Polsce. Dzi\u0119ki eService masz pewno\u015b\u0107, ze wszystkie transakcje przebiegn\u0105 sprawnie i\u00a0bez problem\u00f3w.<\/p>\n<p><u>Prowizje od transakcji sprzeda\u017cy na dzie\u0144 17.11.2023<\/u><\/p>\n<table id=\"table-id-1726744861257\" border=\"0\" cellspacing=\"0\" cellpadding=\"0\">\n<tbody>\n<tr>\n<td><em><strong><img decoding=\"async\" src=\"https:\/\/www.posnet.com.pl\/public\/files\/editor\/FILES\/box.png\" alt=\"\" \/>\u00a0\u00a0 VISA: 0,69%*<\/strong><\/em><\/td>\n<\/tr>\n<tr>\n<td><em><strong><img decoding=\"async\" src=\"https:\/\/www.posnet.com.pl\/public\/files\/editor\/FILES\/box.png\" alt=\"\" \/>\u00a0\u00a0 MasterCard: 0,79%*<\/strong><\/em><\/td>\n<\/tr>\n<tr>\n<td><em><strong><img decoding=\"async\" src=\"https:\/\/www.posnet.com.pl\/public\/files\/editor\/FILES\/box.png\" alt=\"\" \/>\u00a0 \u00a0BLIK: 0,39%\u00a0<\/strong><\/em><\/td>\n<\/tr>\n<\/tbody>\n<\/table>\n<h6>Op\u0142ata autoryzacyjna (tylko przy autoryzacji kodem PIN): 0,03 z\u0142<br \/>\n*Dotyczy kart wydanych w Polsce.<br \/>\nPowy\u017csze dane maj\u0105 charakter informacyjny i nie stanowi\u0105 oferty handlowej.<\/h6>\n<h6>Wi\u0119cej informacji na stronie:\u00a0<a href=\"https:\/\/www.eservice.pl\/strona-startowa\/\" target=\"_blank\" rel=\"noopener\">www.eservice.pl<\/a><\/h6>\n<h3>ZWI\u0118KSZAMY OBROTY OD R\u0118KI<\/h3>\n<p>Fiskalny Terminal P\u0142atniczy Pospay2 ONLINE to znakomity wyb\u00f3r nie tylko dla ma\u0142ych sklep\u00f3w, punkt\u00f3w handlowych na bazarkach, mobilnych punkt\u00f3w gastronomicznych, salon\u00f3w kosmetycznych, gabinet\u00f3w lekarskich czy kancelarii prawnych.<\/p>\n<p>Pospay2 ONLINE to r\u00f3wnie\u017c niezwykle przydatne urz\u0105dzenie fiskalne dla wszystkich tych, kt\u00f3rych biznes opiera si\u0119 na mobilno\u015bci i\u00a0pracy z\u00a0klientem indywidualnym. Dla trener\u00f3w personalnych, serwisant\u00f3w czy dostawc\u00f3w. Wsz\u0119dzie tam, gdzie liczy si\u0119 szybko\u015b\u0107 i\u00a0jako\u015b\u0107 obs\u0142ugi klienta oraz wysoka mobilno\u015b\u0107 prowadzonej dzia\u0142alno\u015bci biznesowej Pospay2 ONLINE sprawdzi si\u0119 znakomicie.<\/p>\n<\/div>\n<\/div>","protected":false},"excerpt":{"rendered":"<p>Pospay2 ONLINE \u0142\u0105czy\u00a0w sobie funkcjonalno\u015bci kasy, drukarki fiskalnej i\u00a0terminala p\u0142atniczego. Nale\u017cy do rodzin urz\u0105dze\u0144\u00a0SAIO, kt\u00f3re s\u0105 skonstruowane\u00a0zgodnie z\u00a0filozofi\u0105 &#8222;All in One&#8221;.\u00a0Pospay2 ONLINE to wygoda, mobilno\u015b\u0107, multizadaniowo\u015b\u0107 i\u00a0mo\u017cliwo\u015b\u0107 p\u0142atno\u015bci wszystkimi rodzajami kart p\u0142atniczych.<\/p>","protected":false},"featured_media":2811,"comment_status":"closed","ping_status":"closed","template":"","meta":{"_et_pb_use_builder":"","_et_pb_old_content":"","_et_gb_content_width":""},"product_brand":[],"product_cat":[39,42,50,38],"product_tag":[],"class_list":{"0":"post-2810","1":"product","2":"type-product","3":"status-publish","4":"has-post-thumbnail","6":"product_cat-drukarki-fiskalne-online","7":"product_cat-kasy-fiskalne-online","8":"product_cat-posnet","9":"product_cat-urzadzenia-fiskalne","11":"first","12":"instock","13":"taxable","14":"shipping-taxable","15":"purchasable","16":"product-type-simple"},"yoast_head":"<!-- This site is optimized with the Yoast SEO plugin v26.9 - https:\/\/yoast.com\/product\/yoast-seo-wordpress\/ -->\n<title>Pospay II Online - Kasy fiskalne Gda\u0144sk Kasa fiskalna Gdynia Sopot Tr\u00f3jmiasto<\/title>\n<meta name=\"robots\" content=\"index, follow, max-snippet:-1, max-image-preview:large, max-video-preview:-1\" \/>\n<link rel=\"canonical\" href=\"https:\/\/monkomp.pl\/en\/product\/pospay-ii-online\/\" \/>\n<meta property=\"og:locale\" content=\"en_GB\" \/>\n<meta property=\"og:type\" content=\"article\" \/>\n<meta property=\"og:title\" content=\"Pospay II Online - Kasy fiskalne Gda\u0144sk Kasa fiskalna Gdynia Sopot Tr\u00f3jmiasto\" \/>\n<meta property=\"og:description\" content=\"Pospay2 ONLINE \u0142\u0105czy\u00a0w sobie funkcjonalno\u015bci kasy, drukarki fiskalnej i\u00a0terminala p\u0142atniczego. Nale\u017cy do rodzin urz\u0105dze\u0144\u00a0SAIO, kt\u00f3re s\u0105 skonstruowane\u00a0zgodnie z\u00a0filozofi\u0105 &quot;All in One&quot;.\u00a0Pospay2 ONLINE to wygoda, mobilno\u015b\u0107, multizadaniowo\u015b\u0107 i\u00a0mo\u017cliwo\u015b\u0107 p\u0142atno\u015bci wszystkimi rodzajami kart p\u0142atniczych.\" \/>\n<meta property=\"og:url\" content=\"https:\/\/monkomp.pl\/en\/product\/pospay-ii-online\/\" \/>\n<meta property=\"og:site_name\" content=\"Kasy fiskalne Gda\u0144sk Kasa fiskalna Gdynia Sopot Tr\u00f3jmiasto\" \/>\n<meta property=\"article:modified_time\" content=\"2024-09-19T12:05:03+00:00\" \/>\n<meta property=\"og:image\" content=\"https:\/\/monkomp.pl\/wp-content\/uploads\/2024\/09\/posnet-pospay-2-online-monkomp-1.png\" \/>\n\t<meta property=\"og:image:width\" content=\"600\" \/>\n\t<meta property=\"og:image:height\" content=\"600\" \/>\n\t<meta property=\"og:image:type\" content=\"image\/png\" \/>\n<meta name=\"twitter:card\" content=\"summary_large_image\" \/>\n<meta name=\"twitter:label1\" content=\"Estimated reading time\" \/>\n\t<meta name=\"twitter:data1\" content=\"5 minutes\" \/>\n<script type=\"application\/ld+json\" class=\"yoast-schema-graph\">{\"@context\":\"https:\/\/schema.org\",\"@graph\":[{\"@type\":\"WebPage\",\"@id\":\"https:\/\/monkomp.pl\/produkt\/pospay-ii-online\/\",\"url\":\"https:\/\/monkomp.pl\/produkt\/pospay-ii-online\/\",\"name\":\"Pospay II Online - Kasy fiskalne Gda\u0144sk Kasa fiskalna Gdynia Sopot Tr\u00f3jmiasto\",\"isPartOf\":{\"@id\":\"https:\/\/monkomp.pl\/#website\"},\"primaryImageOfPage\":{\"@id\":\"https:\/\/monkomp.pl\/produkt\/pospay-ii-online\/#primaryimage\"},\"image\":{\"@id\":\"https:\/\/monkomp.pl\/produkt\/pospay-ii-online\/#primaryimage\"},\"thumbnailUrl\":\"https:\/\/monkomp.pl\/wp-content\/uploads\/2024\/09\/posnet-pospay-2-online-monkomp-1.png\",\"datePublished\":\"2024-09-19T11:49:07+00:00\",\"dateModified\":\"2024-09-19T12:05:03+00:00\",\"breadcrumb\":{\"@id\":\"https:\/\/monkomp.pl\/produkt\/pospay-ii-online\/#breadcrumb\"},\"inLanguage\":\"en-GB\",\"potentialAction\":[{\"@type\":\"ReadAction\",\"target\":[\"https:\/\/monkomp.pl\/produkt\/pospay-ii-online\/\"]}]},{\"@type\":\"ImageObject\",\"inLanguage\":\"en-GB\",\"@id\":\"https:\/\/monkomp.pl\/produkt\/pospay-ii-online\/#primaryimage\",\"url\":\"https:\/\/monkomp.pl\/wp-content\/uploads\/2024\/09\/posnet-pospay-2-online-monkomp-1.png\",\"contentUrl\":\"https:\/\/monkomp.pl\/wp-content\/uploads\/2024\/09\/posnet-pospay-2-online-monkomp-1.png\",\"width\":600,\"height\":600,\"caption\":\"Posnet Pospay II Online - Monkomp Gda\u0144sk, Gdynia, Sopot\"},{\"@type\":\"BreadcrumbList\",\"@id\":\"https:\/\/monkomp.pl\/produkt\/pospay-ii-online\/#breadcrumb\",\"itemListElement\":[{\"@type\":\"ListItem\",\"position\":1,\"name\":\"Strona g\u0142\u00f3wna\",\"item\":\"https:\/\/monkomp.pl\/\"},{\"@type\":\"ListItem\",\"position\":2,\"name\":\"Sklep\",\"item\":\"https:\/\/monkomp.pl\/sklep\/\"},{\"@type\":\"ListItem\",\"position\":3,\"name\":\"Pospay II Online\"}]},{\"@type\":\"WebSite\",\"@id\":\"https:\/\/monkomp.pl\/#website\",\"url\":\"https:\/\/monkomp.pl\/\",\"name\":\"Kasy fiskalne Gda\u0144sk Kasa fiskalna Gdynia Sopot Tr\u00f3jmiasto\",\"description\":\"Kasy fiskalne kasa fisklana\",\"potentialAction\":[{\"@type\":\"SearchAction\",\"target\":{\"@type\":\"EntryPoint\",\"urlTemplate\":\"https:\/\/monkomp.pl\/?s={search_term_string}\"},\"query-input\":{\"@type\":\"PropertyValueSpecification\",\"valueRequired\":true,\"valueName\":\"search_term_string\"}}],\"inLanguage\":\"en-GB\"}]}<\/script>\n<!-- \/ Yoast SEO plugin. -->","yoast_head_json":{"title":"Pospay II Online - Kasy fiskalne Gda\u0144sk Kasa fiskalna Gdynia Sopot Tr\u00f3jmiasto","robots":{"index":"index","follow":"follow","max-snippet":"max-snippet:-1","max-image-preview":"max-image-preview:large","max-video-preview":"max-video-preview:-1"},"canonical":"https:\/\/monkomp.pl\/en\/product\/pospay-ii-online\/","og_locale":"en_GB","og_type":"article","og_title":"Pospay II Online - Kasy fiskalne Gda\u0144sk Kasa fiskalna Gdynia Sopot Tr\u00f3jmiasto","og_description":"Pospay2 ONLINE \u0142\u0105czy\u00a0w sobie funkcjonalno\u015bci kasy, drukarki fiskalnej i\u00a0terminala p\u0142atniczego. Nale\u017cy do rodzin urz\u0105dze\u0144\u00a0SAIO, kt\u00f3re s\u0105 skonstruowane\u00a0zgodnie z\u00a0filozofi\u0105 \"All in One\".\u00a0Pospay2 ONLINE to wygoda, mobilno\u015b\u0107, multizadaniowo\u015b\u0107 i\u00a0mo\u017cliwo\u015b\u0107 p\u0142atno\u015bci wszystkimi rodzajami kart p\u0142atniczych.","og_url":"https:\/\/monkomp.pl\/en\/product\/pospay-ii-online\/","og_site_name":"Kasy fiskalne Gda\u0144sk Kasa fiskalna Gdynia Sopot Tr\u00f3jmiasto","article_modified_time":"2024-09-19T12:05:03+00:00","og_image":[{"width":600,"height":600,"url":"https:\/\/monkomp.pl\/wp-content\/uploads\/2024\/09\/posnet-pospay-2-online-monkomp-1.png","type":"image\/png"}],"twitter_card":"summary_large_image","twitter_misc":{"Estimated reading time":"5 minutes"},"schema":{"@context":"https:\/\/schema.org","@graph":[{"@type":"WebPage","@id":"https:\/\/monkomp.pl\/produkt\/pospay-ii-online\/","url":"https:\/\/monkomp.pl\/produkt\/pospay-ii-online\/","name":"Pospay II Online - Kasy fiskalne Gda\u0144sk Kasa fiskalna Gdynia Sopot Tr\u00f3jmiasto","isPartOf":{"@id":"https:\/\/monkomp.pl\/#website"},"primaryImageOfPage":{"@id":"https:\/\/monkomp.pl\/produkt\/pospay-ii-online\/#primaryimage"},"image":{"@id":"https:\/\/monkomp.pl\/produkt\/pospay-ii-online\/#primaryimage"},"thumbnailUrl":"https:\/\/monkomp.pl\/wp-content\/uploads\/2024\/09\/posnet-pospay-2-online-monkomp-1.png","datePublished":"2024-09-19T11:49:07+00:00","dateModified":"2024-09-19T12:05:03+00:00","breadcrumb":{"@id":"https:\/\/monkomp.pl\/produkt\/pospay-ii-online\/#breadcrumb"},"inLanguage":"en-GB","potentialAction":[{"@type":"ReadAction","target":["https:\/\/monkomp.pl\/produkt\/pospay-ii-online\/"]}]},{"@type":"ImageObject","inLanguage":"en-GB","@id":"https:\/\/monkomp.pl\/produkt\/pospay-ii-online\/#primaryimage","url":"https:\/\/monkomp.pl\/wp-content\/uploads\/2024\/09\/posnet-pospay-2-online-monkomp-1.png","contentUrl":"https:\/\/monkomp.pl\/wp-content\/uploads\/2024\/09\/posnet-pospay-2-online-monkomp-1.png","width":600,"height":600,"caption":"Posnet Pospay II Online - Monkomp Gda\u0144sk, Gdynia, Sopot"},{"@type":"BreadcrumbList","@id":"https:\/\/monkomp.pl\/produkt\/pospay-ii-online\/#breadcrumb","itemListElement":[{"@type":"ListItem","position":1,"name":"Strona g\u0142\u00f3wna","item":"https:\/\/monkomp.pl\/"},{"@type":"ListItem","position":2,"name":"Sklep","item":"https:\/\/monkomp.pl\/sklep\/"},{"@type":"ListItem","position":3,"name":"Pospay II Online"}]},{"@type":"WebSite","@id":"https:\/\/monkomp.pl\/#website","url":"https:\/\/monkomp.pl\/","name":"Kasy fiskalne Gda\u0144sk Kasa fiskalna Gdynia Sopot Tr\u00f3jmiasto","description":"Kasy fiskalne kasa fisklana","potentialAction":[{"@type":"SearchAction","target":{"@type":"EntryPoint","urlTemplate":"https:\/\/monkomp.pl\/?s={search_term_string}"},"query-input":{"@type":"PropertyValueSpecification","valueRequired":true,"valueName":"search_term_string"}}],"inLanguage":"en-GB"}]}},"_links":{"self":[{"href":"https:\/\/monkomp.pl\/en\/wp-json\/wp\/v2\/product\/2810","targetHints":{"allow":["GET"]}}],"collection":[{"href":"https:\/\/monkomp.pl\/en\/wp-json\/wp\/v2\/product"}],"about":[{"href":"https:\/\/monkomp.pl\/en\/wp-json\/wp\/v2\/types\/product"}],"replies":[{"embeddable":true,"href":"https:\/\/monkomp.pl\/en\/wp-json\/wp\/v2\/comments?post=2810"}],"wp:featuredmedia":[{"embeddable":true,"href":"https:\/\/monkomp.pl\/en\/wp-json\/wp\/v2\/media\/2811"}],"wp:attachment":[{"href":"https:\/\/monkomp.pl\/en\/wp-json\/wp\/v2\/media?parent=2810"}],"wp:term":[{"taxonomy":"product_brand","embeddable":true,"href":"https:\/\/monkomp.pl\/en\/wp-json\/wp\/v2\/product_brand?post=2810"},{"taxonomy":"product_cat","embeddable":true,"href":"https:\/\/monkomp.pl\/en\/wp-json\/wp\/v2\/product_cat?post=2810"},{"taxonomy":"product_tag","embeddable":true,"href":"https:\/\/monkomp.pl\/en\/wp-json\/wp\/v2\/product_tag?post=2810"}],"curies":[{"name":"wp","href":"https:\/\/api.w.org\/{rel}","templated":true}]}}