{"id":2824,"date":"2024-09-19T14:43:59","date_gmt":"2024-09-19T12:43:59","guid":{"rendered":"https:\/\/monkomp.pl\/?post_type=product&#038;p=2824"},"modified":"2024-09-19T16:14:47","modified_gmt":"2024-09-19T14:14:47","slug":"novitus-next-pro-online","status":"publish","type":"product","link":"https:\/\/monkomp.pl\/en\/product\/novitus-next-pro-online\/","title":{"rendered":"Novitus Next Pro Online"},"content":{"rendered":"<p>Kasa zaprojektowana z wykorzystaniem najnowszych technologii przez do\u015bwiadczonych, najlepszych w bran\u017cy in\u017cynier\u00f3w. Next Pro jest dla u\u017cytkownik\u00f3w nowoczesnych i wymagaj\u0105cych. To ulepszony, najnowocze\u015bniejszy, skalowalny system doskona\u0142y zar\u00f3wno dla ma\u0142ego jak i wielkiego biznesu, dzi\u0119ki aktualizacjom oprogramowania sprzeda\u017cy ci\u0105gle si\u0119 rozwijaj\u0105cy. Czy to butik odzie\u017cowy, czy budka z lodami, czy sie\u0107 piekarni, restauracji lub du\u017cych market\u00f3w spo\u017cywczych, Next Pro b\u0119dzie odpowiedni wsz\u0119dzie tam, gdzie w\u0142a\u015bciciel oczekuje bezkompromisowego dzia\u0142ania kasy z systemem sprzeda\u017cy. Opr\u00f3\u0107z samej kasy oferujemy wsp\u00f3\u0142pracuj\u0105cy z ni\u0105 system chmurowy NoviCloud.<\/p>\n<h3 class=\"h2\">Dane techniczne<\/h3>\n<ul>\n<li>Komunikacja z CRK za pomoc\u0105 Ethernet lub wbudowanego WLAN lub opcjonalnie: GSM_3G lub GSM_LTE<\/li>\n<li>Brak ogranicze\u0144 ilo\u015bci towar\u00f3w w bazie<\/li>\n<li>7 stawek VAT do oprogramowania<\/li>\n<li>40 znak\u00f3w na precyzyjna nazw\u0119 towaru lub us\u0142ugi<\/li>\n<li>Dowolna ilo\u015b\u0107 kasjer\u00f3w<\/li>\n<li>Procesor 4x 1500 MHz + 524 MHz<\/li>\n<li>1024 MB + 256 MB pami\u0119ci RAM<\/li>\n<li>8GB +4 GB pami\u0119ci flash<\/li>\n<li>Akumulator 7,4V, 2Ah<\/li>\n<li>System operacyjny LINUX + Android 10<\/li>\n<li>klawiatura mechaniczna oraz dotykowa<\/li>\n<li>2 wy\u015bwietlacze LCD \u2013 7 calowy 720&#215;1280 pikseli z panelem dotykowym dla operatora oraz 132&#215;32 pikseli dla klienta<\/li>\n<li>konfigurowalny interfejs u\u017cytkownika na ekranie dotykowym (ekrany, kafelki, funkcje, towary itp)<\/li>\n<li>Graficzny nag\u0142\u00f3wek wydruku<\/li>\n<li>256 grafik dla wydruk\u00f3w niefiskalnych<\/li>\n<li>\u0141\u0105czno\u015b\u0107 2x RS232, 1x Ethernet, 1x USB host, 1x USB Device, modu\u0142 Wi-Fi, modu\u0142 GSM (opcja)<\/li>\n<li>Mo\u017cliwo\u015b\u0107 exportu\/importu danych (baza, konfiguracja) za pomoc\u0105 pendrive\u2019a<\/li>\n<li>Synchronizacja z aplikacj\u0105 chmurow\u0105 NoviCloud<\/li>\n<li>Aplikacje przegl\u0105darki internetowej, poczty e-mail, firm trzecich dla biznesu<\/li>\n<li>Wysy\u0142anie danych o sprzeda\u017cy poprzez e-mail<\/li>\n<li>faktury VAT fiskalne i do paragonu<\/li>\n<li>System do obs\u0142ugi gastronomii<\/li>\n<li>otwarte paragony (parkowanie paragonu)<\/li>\n<li>dowa\u017canie towar\u00f3w &#8222;na wag\u0119&#8221; przy zamykaniu paragonu<\/li>\n<li>Wydruki niefiskalne<\/li>\n<\/ul>\n<h3>FUNKCJONALNO\u015a\u0106 NIESPOTYKANA I NIESKO\u0143CZONA<\/h3>\n<p>Jest 6 ekran\u00f3w, a ka\u017cdy mo\u017ce mie\u0107 po 30 konfigurowalnych przycisk\u00f3w. Funkcjonalno\u015b\u0107 niespotykana w innych kasach i doceniona przez dziesi\u0105tki tysi\u0119cy u\u017cytkownik\u00f3w, kt\u00f3rych wci\u0105\u017c s\u0142uchamy i rozwijamy oprogramowanie. \u0141atwo\u015b\u0107 pracy odpowiada nawet starszym kasjerkom.<\/p>\n<h3>WYRA\u0179NY I NIERYSOWALNY EKRAN DOTYKOWY<\/h3>\n<p>Wy\u015bwietlacz jest jasny, ostry pod ka\u017cdym k\u0105tem i nie da si\u0119 go porysowa\u0107. Rozdzielczo\u015b\u0107 a\u017c 1280&#215;760 pikseli. Czcionk\u0119 mo\u017cna swobodnie powi\u0119ksza\u0107. Wszystko jest bardzo wyra\u017anie.<\/p>\n<h3>WZMOCNIONY MECHANIZM DRUKUJ\u0104CY<\/h3>\n<p>Mocny mechanizm drukuj\u0105cy z obcinaczem wydrukuje i obetnie nawet 1000 paragon\u00f3w dziennie. Na paragonie mo\u017ce znale\u017a\u0107 si\u0119 dowolna grafika i tekst stopki, a nawet kod QR.<\/p>\n<h3>NIEZNISZCZALNA KLAWIATURA<\/h3>\n<p>Solidna klawiatura fizyczna ma du\u017ce, nie\u015bcieralne klawisze i przyjemnie, mi\u0119kko pracuje. Wielu kasjer\u00f3w lubi z niej korzysta\u0107, mimo, \u017ce wszystko da si\u0119 zrobi\u0107 na ekranie dotykowym.<\/p>\n<h3>Z\u0141\u0104CZA, S\u0104 WSZYSTKIE<\/h3>\n<p>Paleta z\u0142\u0105cz umo\u017cliwi pod\u0142\u0105czenie wszystkiego co potrzebne nawet w wielkim markecie. Szuflada, waga lub dwie, skaner, terminal p\u0142atniczy, porty RS, USB i Ethernet. Jest wszystko co trzeba.<\/p>\n<p>Next Pro opr\u00f3cz wszechstronnej, ci\u0105gle rozwijanej aplikacji sprzeda\u017cy, ma szereg innych u\u017cytecznych aplikacji: mail, internet, kalendarz i wiele innych. Te apki wspieraj\u0105 prowadzenie biznesu. Lista aplikacji mo\u017ce by\u0107 d\u0142u\u017csza. Sam Android 10 potrafi si\u0119 zaktualizowa\u0107 ca\u0142kowicie zdalnie i automatycznie.<\/p>\n<h3>NOVICLOUD DO ZARZ\u0104DZANIA BIZNESEM<\/h3>\n<p>NoviCloud, technologicznie zaawansowany system stworzony dla Next Pro, kt\u00f3ry nie wymaga od Ciebie \u017cadnej infrastruktury technicznej, bo jest umieszczony na naszych bezpiecznych serwerach. Z ka\u017cdego miejsca na \u015bwiecie widzisz i zarz\u0105dzasz swoim biznesem.<\/p>","protected":false},"excerpt":{"rendered":"<p>Kasa zaprojektowana z wykorzystaniem najnowszych technologii przez do\u015bwiadczonych, najlepszych w bran\u017cy in\u017cynier\u00f3w. Next Pro jest dla u\u017cytkownik\u00f3w nowoczesnych i wymagaj\u0105cych. To ulepszony, najnowocze\u015bniejszy, skalowalny system doskona\u0142y zar\u00f3wno dla ma\u0142ego jak i wielkiego biznesu, dzi\u0119ki aktualizacjom oprogramowania sprzeda\u017cy ci\u0105gle si\u0119 rozwijaj\u0105cy. Czy to butik odzie\u017cowy, czy budka z lodami, czy sie\u0107 piekarni, restauracji lub du\u017cych market\u00f3w spo\u017cywczych, Next Pro b\u0119dzie odpowiedni wsz\u0119dzie tam, gdzie w\u0142a\u015bciciel oczekuje bezkompromisowego dzia\u0142ania kasy z systemem sprzeda\u017cy. Opr\u00f3\u0107z samej kasy oferujemy wsp\u00f3\u0142pracuj\u0105cy z ni\u0105 system chmurowy NoviCloud.<\/p>","protected":false},"featured_media":2826,"comment_status":"closed","ping_status":"closed","template":"","meta":{"_et_pb_use_builder":"","_et_pb_old_content":"","_et_gb_content_width":""},"product_brand":[],"product_cat":[42,40,38],"product_tag":[],"class_list":{"0":"post-2824","1":"product","2":"type-product","3":"status-publish","4":"has-post-thumbnail","6":"product_cat-kasy-fiskalne-online","7":"product_cat-novitus","8":"product_cat-urzadzenia-fiskalne","10":"first","11":"instock","12":"taxable","13":"shipping-taxable","14":"purchasable","15":"product-type-variable"},"yoast_head":"<!-- This site is optimized with the Yoast SEO plugin v26.9 - https:\/\/yoast.com\/product\/yoast-seo-wordpress\/ -->\n<title>Novitus Next Pro Online - Kasy fiskalne Gda\u0144sk Kasa fiskalna Gdynia Sopot Tr\u00f3jmiasto<\/title>\n<meta name=\"robots\" content=\"index, follow, max-snippet:-1, max-image-preview:large, max-video-preview:-1\" \/>\n<link rel=\"canonical\" href=\"https:\/\/monkomp.pl\/en\/product\/novitus-next-pro-online\/\" \/>\n<meta property=\"og:locale\" content=\"en_GB\" \/>\n<meta property=\"og:type\" content=\"article\" \/>\n<meta property=\"og:title\" content=\"Novitus Next Pro Online - Kasy fiskalne Gda\u0144sk Kasa fiskalna Gdynia Sopot Tr\u00f3jmiasto\" \/>\n<meta property=\"og:description\" content=\"Kasa zaprojektowana z wykorzystaniem najnowszych technologii przez do\u015bwiadczonych, najlepszych w bran\u017cy in\u017cynier\u00f3w. Next Pro jest dla u\u017cytkownik\u00f3w nowoczesnych i wymagaj\u0105cych. To ulepszony, najnowocze\u015bniejszy, skalowalny system doskona\u0142y zar\u00f3wno dla ma\u0142ego jak i wielkiego biznesu, dzi\u0119ki aktualizacjom oprogramowania sprzeda\u017cy ci\u0105gle si\u0119 rozwijaj\u0105cy. Czy to butik odzie\u017cowy, czy budka z lodami, czy sie\u0107 piekarni, restauracji lub du\u017cych market\u00f3w spo\u017cywczych, Next Pro b\u0119dzie odpowiedni wsz\u0119dzie tam, gdzie w\u0142a\u015bciciel oczekuje bezkompromisowego dzia\u0142ania kasy z systemem sprzeda\u017cy. Opr\u00f3\u0107z samej kasy oferujemy wsp\u00f3\u0142pracuj\u0105cy z ni\u0105 system chmurowy NoviCloud.\" \/>\n<meta property=\"og:url\" content=\"https:\/\/monkomp.pl\/en\/product\/novitus-next-pro-online\/\" \/>\n<meta property=\"og:site_name\" content=\"Kasy fiskalne Gda\u0144sk Kasa fiskalna Gdynia Sopot Tr\u00f3jmiasto\" \/>\n<meta property=\"article:modified_time\" content=\"2024-09-19T14:14:47+00:00\" \/>\n<meta property=\"og:image\" content=\"https:\/\/monkomp.pl\/wp-content\/uploads\/2024\/09\/novitus-next-pro-online-monkomp-gdansk-gdynia-sopot-1.png\" \/>\n\t<meta property=\"og:image:width\" content=\"327\" \/>\n\t<meta property=\"og:image:height\" content=\"327\" \/>\n\t<meta property=\"og:image:type\" content=\"image\/png\" \/>\n<meta name=\"twitter:card\" content=\"summary_large_image\" \/>\n<meta name=\"twitter:label1\" content=\"Estimated reading time\" \/>\n\t<meta name=\"twitter:data1\" content=\"5 minutes\" \/>\n<script type=\"application\/ld+json\" class=\"yoast-schema-graph\">{\"@context\":\"https:\/\/schema.org\",\"@graph\":[{\"@type\":\"WebPage\",\"@id\":\"https:\/\/monkomp.pl\/produkt\/novitus-next-pro-online\/\",\"url\":\"https:\/\/monkomp.pl\/produkt\/novitus-next-pro-online\/\",\"name\":\"Novitus Next Pro Online - Kasy fiskalne Gda\u0144sk Kasa fiskalna Gdynia Sopot Tr\u00f3jmiasto\",\"isPartOf\":{\"@id\":\"https:\/\/monkomp.pl\/#website\"},\"primaryImageOfPage\":{\"@id\":\"https:\/\/monkomp.pl\/produkt\/novitus-next-pro-online\/#primaryimage\"},\"image\":{\"@id\":\"https:\/\/monkomp.pl\/produkt\/novitus-next-pro-online\/#primaryimage\"},\"thumbnailUrl\":\"https:\/\/monkomp.pl\/wp-content\/uploads\/2024\/09\/novitus-next-pro-online-monkomp-gdansk-gdynia-sopot-1.png\",\"datePublished\":\"2024-09-19T12:43:59+00:00\",\"dateModified\":\"2024-09-19T14:14:47+00:00\",\"breadcrumb\":{\"@id\":\"https:\/\/monkomp.pl\/produkt\/novitus-next-pro-online\/#breadcrumb\"},\"inLanguage\":\"en-GB\",\"potentialAction\":[{\"@type\":\"ReadAction\",\"target\":[\"https:\/\/monkomp.pl\/produkt\/novitus-next-pro-online\/\"]}]},{\"@type\":\"ImageObject\",\"inLanguage\":\"en-GB\",\"@id\":\"https:\/\/monkomp.pl\/produkt\/novitus-next-pro-online\/#primaryimage\",\"url\":\"https:\/\/monkomp.pl\/wp-content\/uploads\/2024\/09\/novitus-next-pro-online-monkomp-gdansk-gdynia-sopot-1.png\",\"contentUrl\":\"https:\/\/monkomp.pl\/wp-content\/uploads\/2024\/09\/novitus-next-pro-online-monkomp-gdansk-gdynia-sopot-1.png\",\"width\":327,\"height\":327,\"caption\":\"Novitus Next Pro Online - kasy fiskalne Monkomp Gdynia, Gda\u0144sk, Sopot\"},{\"@type\":\"BreadcrumbList\",\"@id\":\"https:\/\/monkomp.pl\/produkt\/novitus-next-pro-online\/#breadcrumb\",\"itemListElement\":[{\"@type\":\"ListItem\",\"position\":1,\"name\":\"Strona g\u0142\u00f3wna\",\"item\":\"https:\/\/monkomp.pl\/\"},{\"@type\":\"ListItem\",\"position\":2,\"name\":\"Sklep\",\"item\":\"https:\/\/monkomp.pl\/sklep\/\"},{\"@type\":\"ListItem\",\"position\":3,\"name\":\"Novitus Next Pro Online\"}]},{\"@type\":\"WebSite\",\"@id\":\"https:\/\/monkomp.pl\/#website\",\"url\":\"https:\/\/monkomp.pl\/\",\"name\":\"Kasy fiskalne Gda\u0144sk Kasa fiskalna Gdynia Sopot Tr\u00f3jmiasto\",\"description\":\"Kasy fiskalne kasa fisklana\",\"potentialAction\":[{\"@type\":\"SearchAction\",\"target\":{\"@type\":\"EntryPoint\",\"urlTemplate\":\"https:\/\/monkomp.pl\/?s={search_term_string}\"},\"query-input\":{\"@type\":\"PropertyValueSpecification\",\"valueRequired\":true,\"valueName\":\"search_term_string\"}}],\"inLanguage\":\"en-GB\"}]}<\/script>\n<!-- \/ Yoast SEO plugin. -->","yoast_head_json":{"title":"Novitus Next Pro Online - Kasy fiskalne Gda\u0144sk Kasa fiskalna Gdynia Sopot Tr\u00f3jmiasto","robots":{"index":"index","follow":"follow","max-snippet":"max-snippet:-1","max-image-preview":"max-image-preview:large","max-video-preview":"max-video-preview:-1"},"canonical":"https:\/\/monkomp.pl\/en\/product\/novitus-next-pro-online\/","og_locale":"en_GB","og_type":"article","og_title":"Novitus Next Pro Online - Kasy fiskalne Gda\u0144sk Kasa fiskalna Gdynia Sopot Tr\u00f3jmiasto","og_description":"Kasa zaprojektowana z wykorzystaniem najnowszych technologii przez do\u015bwiadczonych, najlepszych w bran\u017cy in\u017cynier\u00f3w. Next Pro jest dla u\u017cytkownik\u00f3w nowoczesnych i wymagaj\u0105cych. To ulepszony, najnowocze\u015bniejszy, skalowalny system doskona\u0142y zar\u00f3wno dla ma\u0142ego jak i wielkiego biznesu, dzi\u0119ki aktualizacjom oprogramowania sprzeda\u017cy ci\u0105gle si\u0119 rozwijaj\u0105cy. Czy to butik odzie\u017cowy, czy budka z lodami, czy sie\u0107 piekarni, restauracji lub du\u017cych market\u00f3w spo\u017cywczych, Next Pro b\u0119dzie odpowiedni wsz\u0119dzie tam, gdzie w\u0142a\u015bciciel oczekuje bezkompromisowego dzia\u0142ania kasy z systemem sprzeda\u017cy. Opr\u00f3\u0107z samej kasy oferujemy wsp\u00f3\u0142pracuj\u0105cy z ni\u0105 system chmurowy NoviCloud.","og_url":"https:\/\/monkomp.pl\/en\/product\/novitus-next-pro-online\/","og_site_name":"Kasy fiskalne Gda\u0144sk Kasa fiskalna Gdynia Sopot Tr\u00f3jmiasto","article_modified_time":"2024-09-19T14:14:47+00:00","og_image":[{"width":327,"height":327,"url":"https:\/\/monkomp.pl\/wp-content\/uploads\/2024\/09\/novitus-next-pro-online-monkomp-gdansk-gdynia-sopot-1.png","type":"image\/png"}],"twitter_card":"summary_large_image","twitter_misc":{"Estimated reading time":"5 minutes"},"schema":{"@context":"https:\/\/schema.org","@graph":[{"@type":"WebPage","@id":"https:\/\/monkomp.pl\/produkt\/novitus-next-pro-online\/","url":"https:\/\/monkomp.pl\/produkt\/novitus-next-pro-online\/","name":"Novitus Next Pro Online - Kasy fiskalne Gda\u0144sk Kasa fiskalna Gdynia Sopot Tr\u00f3jmiasto","isPartOf":{"@id":"https:\/\/monkomp.pl\/#website"},"primaryImageOfPage":{"@id":"https:\/\/monkomp.pl\/produkt\/novitus-next-pro-online\/#primaryimage"},"image":{"@id":"https:\/\/monkomp.pl\/produkt\/novitus-next-pro-online\/#primaryimage"},"thumbnailUrl":"https:\/\/monkomp.pl\/wp-content\/uploads\/2024\/09\/novitus-next-pro-online-monkomp-gdansk-gdynia-sopot-1.png","datePublished":"2024-09-19T12:43:59+00:00","dateModified":"2024-09-19T14:14:47+00:00","breadcrumb":{"@id":"https:\/\/monkomp.pl\/produkt\/novitus-next-pro-online\/#breadcrumb"},"inLanguage":"en-GB","potentialAction":[{"@type":"ReadAction","target":["https:\/\/monkomp.pl\/produkt\/novitus-next-pro-online\/"]}]},{"@type":"ImageObject","inLanguage":"en-GB","@id":"https:\/\/monkomp.pl\/produkt\/novitus-next-pro-online\/#primaryimage","url":"https:\/\/monkomp.pl\/wp-content\/uploads\/2024\/09\/novitus-next-pro-online-monkomp-gdansk-gdynia-sopot-1.png","contentUrl":"https:\/\/monkomp.pl\/wp-content\/uploads\/2024\/09\/novitus-next-pro-online-monkomp-gdansk-gdynia-sopot-1.png","width":327,"height":327,"caption":"Novitus Next Pro Online - kasy fiskalne Monkomp Gdynia, Gda\u0144sk, Sopot"},{"@type":"BreadcrumbList","@id":"https:\/\/monkomp.pl\/produkt\/novitus-next-pro-online\/#breadcrumb","itemListElement":[{"@type":"ListItem","position":1,"name":"Strona g\u0142\u00f3wna","item":"https:\/\/monkomp.pl\/"},{"@type":"ListItem","position":2,"name":"Sklep","item":"https:\/\/monkomp.pl\/sklep\/"},{"@type":"ListItem","position":3,"name":"Novitus Next Pro Online"}]},{"@type":"WebSite","@id":"https:\/\/monkomp.pl\/#website","url":"https:\/\/monkomp.pl\/","name":"Kasy fiskalne Gda\u0144sk Kasa fiskalna Gdynia Sopot Tr\u00f3jmiasto","description":"Kasy fiskalne kasa fisklana","potentialAction":[{"@type":"SearchAction","target":{"@type":"EntryPoint","urlTemplate":"https:\/\/monkomp.pl\/?s={search_term_string}"},"query-input":{"@type":"PropertyValueSpecification","valueRequired":true,"valueName":"search_term_string"}}],"inLanguage":"en-GB"}]}},"_links":{"self":[{"href":"https:\/\/monkomp.pl\/en\/wp-json\/wp\/v2\/product\/2824","targetHints":{"allow":["GET"]}}],"collection":[{"href":"https:\/\/monkomp.pl\/en\/wp-json\/wp\/v2\/product"}],"about":[{"href":"https:\/\/monkomp.pl\/en\/wp-json\/wp\/v2\/types\/product"}],"replies":[{"embeddable":true,"href":"https:\/\/monkomp.pl\/en\/wp-json\/wp\/v2\/comments?post=2824"}],"wp:featuredmedia":[{"embeddable":true,"href":"https:\/\/monkomp.pl\/en\/wp-json\/wp\/v2\/media\/2826"}],"wp:attachment":[{"href":"https:\/\/monkomp.pl\/en\/wp-json\/wp\/v2\/media?parent=2824"}],"wp:term":[{"taxonomy":"product_brand","embeddable":true,"href":"https:\/\/monkomp.pl\/en\/wp-json\/wp\/v2\/product_brand?post=2824"},{"taxonomy":"product_cat","embeddable":true,"href":"https:\/\/monkomp.pl\/en\/wp-json\/wp\/v2\/product_cat?post=2824"},{"taxonomy":"product_tag","embeddable":true,"href":"https:\/\/monkomp.pl\/en\/wp-json\/wp\/v2\/product_tag?post=2824"}],"curies":[{"name":"wp","href":"https:\/\/api.w.org\/{rel}","templated":true}]}}