{"id":2834,"date":"2024-09-19T15:24:04","date_gmt":"2024-09-19T13:24:04","guid":{"rendered":"https:\/\/monkomp.pl\/?post_type=product&#038;p=2834"},"modified":"2024-09-19T16:14:08","modified_gmt":"2024-09-19T14:14:08","slug":"novitus-one-pro-online","status":"publish","type":"product","link":"https:\/\/monkomp.pl\/en\/product\/novitus-one-pro-online\/","title":{"rendered":"Novitus One Pro Online"},"content":{"rendered":"<p>Idealne po\u0142\u0105czenie du\u017cej mocy, dotykowego ekranu oraz niewielkiej wagi i niezwykle ma\u0142ych wymiar\u00f3w.\u00a0Zmie\u015bci si\u0119 na najmniejszym stanowisku sprzeda\u017cy, oferuj\u0105c jednocze\u015bnie niezwyk\u0142\u0105 elastyczno\u015b\u0107 pracy oraz programowalny ekran sprzeda\u017cy.\u00a0Wystawia faktury i korekty, dokumenty zwrotu, obs\u0142uguje dodawanie notatek i ID klienta. \u0141atwe raportowanie, stany magazynowe, otwarte\u00a0rachunki oraz wsp\u00f3\u0142praca z chmurowym systemem NoviCloud.<\/p>\n<p>Skonfiguruj dowoln\u0105 skrzynk\u0119 mailow\u0105, przegl\u0105daj korespondencj\u0119, wysy\u0142aj faktury i utrzymuj kontakty ze swoimi kontrahentami. W chwili przerwy korzystaj z kasy ONE jak z ka\u017cdego innego tabletu, surfuj po Internecie, ogl\u0105daj Youtube i s\u0142uchaj muzyki, u\u017cywaj narz\u0119dzi systemu Android &#8211; zegar, kalkulator, kontakty, galeria i kalendarz. Na urz\u0105dzeniu mo\u017cna zainstalowa\u0107 tak\u017ce dodatkowe aplikacje sprzeda\u017cowe, przeznaczone np. dla gastronomii.<\/p>\n<p>Kasa ONE posiada wszystkie potrzebne z\u0142\u0105cza komunikacyjne, do kt\u00f3rych pod\u0142\u0105czysz to, co mo\u017ce by\u0107 potrzebne na profesjonalnym stanowisku sprzeda\u017cy. Obs\u0142uguje sie\u0107 LAN oraz modu\u0142y WiFi, Bluetooth i modemy GSM. Port LAN w standardzie zapewnia bezproblemow\u0105 \u0142\u0105czno\u015b\u0107 z Internetem i zewn\u0119trznymi systemami sprzeda\u017cy. Mo\u017cna wydzieli\u0107 i odseparowa\u0107 komunikacj\u0119 z CRK do odr\u0119bnego kana\u0142u, r\u00f3wnolegle u\u017cywaj\u0105c pozosta\u0142ych do innych cel\u00f3w.<\/p>\n<p>Dzi\u0119ki elektronicznemu przesy\u0142owi paragony s\u0105 systematycznie wysy\u0142ane do CRK i u\u017cytkownik nie musi si\u0119 martwi\u0107 o ich\u00a0przechowywanie. Dost\u0119p do zapisanych danych jest bardzo prosty &#8211; u\u017cytkownik ma sta\u0142y dost\u0119p do modu\u0142u pami\u0119ci chronionej poprzez\u00a0aplikacj\u0119 i mo\u017ce je swobodnie odczytywa\u0107.<\/p>\n<h3 class=\"h2\">Dodatkowe informacje<\/h3>\n<p>ONE PRO to r\u00f3wnie\u017c kasa o zastosowaniu specjalnym z przeznaczeniem do prowadzenia ewidencji przy \u015bwiadczeniu us\u0142ug w zakresie transportu pasa\u017cerskiego. Urz\u0105dzenia posiada homologacj\u0119 biletow\u0105 co daje mo\u017cliwo\u015b\u0107 sprzeda\u017cy bilet\u00f3w z zastosowaniem ulg ustawowych. Kasa jest zdalnie po\u0142\u0105czona z aplikacj\u0105 internetow\u0105\u00a0<a href=\"https:\/\/system.billeterka.pl\/Login\">system.billeterka.pl<\/a>, na kt\u00f3rej przewo\u017anicy w wygodny spos\u00f3b mog\u0105 przygotowa\u0107 swoje rozk\u0142ady jazdy (przystanki, linie, cenniki, kursy). Tak przygotowane dane trafiaj\u0105 bezprzewodowo na wskazane urz\u0105dzenia ONE PRO do aplikacji sprzeda\u017cowej Billeterka. Sprzeda\u017c bilet\u00f3w przez kierowc\u00f3w jest wysy\u0142ana na indywidualne konto przewo\u017anika (<a href=\"https:\/\/system.billeterka.pl\/Login\">system.billetrka.pl<\/a>). Z poziomu tego konta, przewo\u017anik mo\u017ce wykonywa\u0107 dowolne zestawienia i raporty dla urz\u0119d\u00f3w marsza\u0142kowskich. Aplikacja Billeterka jest mo\u017cliwa do pobrania na ka\u017cdym urz\u0105dzeniu ONE PRO.<\/p>","protected":false},"excerpt":{"rendered":"<p>Najnowocze\u015bniejsza kasa na rynku. Teraz w wersji PRO: system Android 10.0, 4x wi\u0119ksza moc procesora, 2x wi\u0119cej pami\u0119ci na dane, 4x szybszy RAM, wsp\u00f3\u0142praca z terminalem na jednym kablu i prawdziwy e-Paragon w aplikacji MF,\u00a0a dodatkowo homologacja biletowa.<\/p>","protected":false},"featured_media":2836,"comment_status":"closed","ping_status":"closed","template":"","meta":{"_et_pb_use_builder":"","_et_pb_old_content":"","_et_gb_content_width":""},"product_brand":[],"product_cat":[42,40,38],"product_tag":[],"class_list":{"0":"post-2834","1":"product","2":"type-product","3":"status-publish","4":"has-post-thumbnail","6":"product_cat-kasy-fiskalne-online","7":"product_cat-novitus","8":"product_cat-urzadzenia-fiskalne","10":"first","11":"instock","12":"taxable","13":"shipping-taxable","14":"purchasable","15":"product-type-variable"},"yoast_head":"<!-- This site is optimized with the Yoast SEO plugin v26.9 - https:\/\/yoast.com\/product\/yoast-seo-wordpress\/ -->\n<title>Novitus One Pro Online - Kasy fiskalne Gda\u0144sk Kasa fiskalna Gdynia Sopot Tr\u00f3jmiasto<\/title>\n<meta name=\"robots\" content=\"index, follow, max-snippet:-1, max-image-preview:large, max-video-preview:-1\" \/>\n<link rel=\"canonical\" href=\"https:\/\/monkomp.pl\/en\/product\/novitus-one-pro-online\/\" \/>\n<meta property=\"og:locale\" content=\"en_GB\" \/>\n<meta property=\"og:type\" content=\"article\" \/>\n<meta property=\"og:title\" content=\"Novitus One Pro Online - Kasy fiskalne Gda\u0144sk Kasa fiskalna Gdynia Sopot Tr\u00f3jmiasto\" \/>\n<meta property=\"og:description\" content=\"Najnowocze\u015bniejsza kasa na rynku. Teraz w wersji PRO: system Android 10.0, 4x wi\u0119ksza moc procesora, 2x wi\u0119cej pami\u0119ci na dane, 4x szybszy RAM, wsp\u00f3\u0142praca z terminalem na jednym kablu i prawdziwy e-Paragon w aplikacji MF,\u00a0a dodatkowo homologacja biletowa.\" \/>\n<meta property=\"og:url\" content=\"https:\/\/monkomp.pl\/en\/product\/novitus-one-pro-online\/\" \/>\n<meta property=\"og:site_name\" content=\"Kasy fiskalne Gda\u0144sk Kasa fiskalna Gdynia Sopot Tr\u00f3jmiasto\" \/>\n<meta property=\"article:modified_time\" content=\"2024-09-19T14:14:08+00:00\" \/>\n<meta property=\"og:image\" content=\"https:\/\/monkomp.pl\/wp-content\/uploads\/2024\/09\/novitus-one-pro-kasy-fiskalne-monkomp-gdansk-gdynia-sopot-1.jpg\" \/>\n\t<meta property=\"og:image:width\" content=\"373\" \/>\n\t<meta property=\"og:image:height\" content=\"327\" \/>\n\t<meta property=\"og:image:type\" content=\"image\/jpeg\" \/>\n<meta name=\"twitter:card\" content=\"summary_large_image\" \/>\n<meta name=\"twitter:label1\" content=\"Estimated reading time\" \/>\n\t<meta name=\"twitter:data1\" content=\"5 minutes\" \/>\n<script type=\"application\/ld+json\" class=\"yoast-schema-graph\">{\"@context\":\"https:\/\/schema.org\",\"@graph\":[{\"@type\":\"WebPage\",\"@id\":\"https:\/\/monkomp.pl\/produkt\/novitus-one-pro-online\/\",\"url\":\"https:\/\/monkomp.pl\/produkt\/novitus-one-pro-online\/\",\"name\":\"Novitus One Pro Online - Kasy fiskalne Gda\u0144sk Kasa fiskalna Gdynia Sopot Tr\u00f3jmiasto\",\"isPartOf\":{\"@id\":\"https:\/\/monkomp.pl\/#website\"},\"primaryImageOfPage\":{\"@id\":\"https:\/\/monkomp.pl\/produkt\/novitus-one-pro-online\/#primaryimage\"},\"image\":{\"@id\":\"https:\/\/monkomp.pl\/produkt\/novitus-one-pro-online\/#primaryimage\"},\"thumbnailUrl\":\"https:\/\/monkomp.pl\/wp-content\/uploads\/2024\/09\/novitus-one-pro-kasy-fiskalne-monkomp-gdansk-gdynia-sopot-1.jpg\",\"datePublished\":\"2024-09-19T13:24:04+00:00\",\"dateModified\":\"2024-09-19T14:14:08+00:00\",\"breadcrumb\":{\"@id\":\"https:\/\/monkomp.pl\/produkt\/novitus-one-pro-online\/#breadcrumb\"},\"inLanguage\":\"en-GB\",\"potentialAction\":[{\"@type\":\"ReadAction\",\"target\":[\"https:\/\/monkomp.pl\/produkt\/novitus-one-pro-online\/\"]}]},{\"@type\":\"ImageObject\",\"inLanguage\":\"en-GB\",\"@id\":\"https:\/\/monkomp.pl\/produkt\/novitus-one-pro-online\/#primaryimage\",\"url\":\"https:\/\/monkomp.pl\/wp-content\/uploads\/2024\/09\/novitus-one-pro-kasy-fiskalne-monkomp-gdansk-gdynia-sopot-1.jpg\",\"contentUrl\":\"https:\/\/monkomp.pl\/wp-content\/uploads\/2024\/09\/novitus-one-pro-kasy-fiskalne-monkomp-gdansk-gdynia-sopot-1.jpg\",\"width\":373,\"height\":327,\"caption\":\"Novitus One Pro Online - kasy fiskalne od Monkomp Sopot, Gda\u0144sk, Gdynia\"},{\"@type\":\"BreadcrumbList\",\"@id\":\"https:\/\/monkomp.pl\/produkt\/novitus-one-pro-online\/#breadcrumb\",\"itemListElement\":[{\"@type\":\"ListItem\",\"position\":1,\"name\":\"Strona g\u0142\u00f3wna\",\"item\":\"https:\/\/monkomp.pl\/\"},{\"@type\":\"ListItem\",\"position\":2,\"name\":\"Sklep\",\"item\":\"https:\/\/monkomp.pl\/sklep\/\"},{\"@type\":\"ListItem\",\"position\":3,\"name\":\"Novitus One Pro Online\"}]},{\"@type\":\"WebSite\",\"@id\":\"https:\/\/monkomp.pl\/#website\",\"url\":\"https:\/\/monkomp.pl\/\",\"name\":\"Kasy fiskalne Gda\u0144sk Kasa fiskalna Gdynia Sopot Tr\u00f3jmiasto\",\"description\":\"Kasy fiskalne kasa fisklana\",\"potentialAction\":[{\"@type\":\"SearchAction\",\"target\":{\"@type\":\"EntryPoint\",\"urlTemplate\":\"https:\/\/monkomp.pl\/?s={search_term_string}\"},\"query-input\":{\"@type\":\"PropertyValueSpecification\",\"valueRequired\":true,\"valueName\":\"search_term_string\"}}],\"inLanguage\":\"en-GB\"}]}<\/script>\n<!-- \/ Yoast SEO plugin. -->","yoast_head_json":{"title":"Novitus One Pro Online - Kasy fiskalne Gda\u0144sk Kasa fiskalna Gdynia Sopot Tr\u00f3jmiasto","robots":{"index":"index","follow":"follow","max-snippet":"max-snippet:-1","max-image-preview":"max-image-preview:large","max-video-preview":"max-video-preview:-1"},"canonical":"https:\/\/monkomp.pl\/en\/product\/novitus-one-pro-online\/","og_locale":"en_GB","og_type":"article","og_title":"Novitus One Pro Online - Kasy fiskalne Gda\u0144sk Kasa fiskalna Gdynia Sopot Tr\u00f3jmiasto","og_description":"Najnowocze\u015bniejsza kasa na rynku. Teraz w wersji PRO: system Android 10.0, 4x wi\u0119ksza moc procesora, 2x wi\u0119cej pami\u0119ci na dane, 4x szybszy RAM, wsp\u00f3\u0142praca z terminalem na jednym kablu i prawdziwy e-Paragon w aplikacji MF,\u00a0a dodatkowo homologacja biletowa.","og_url":"https:\/\/monkomp.pl\/en\/product\/novitus-one-pro-online\/","og_site_name":"Kasy fiskalne Gda\u0144sk Kasa fiskalna Gdynia Sopot Tr\u00f3jmiasto","article_modified_time":"2024-09-19T14:14:08+00:00","og_image":[{"width":373,"height":327,"url":"https:\/\/monkomp.pl\/wp-content\/uploads\/2024\/09\/novitus-one-pro-kasy-fiskalne-monkomp-gdansk-gdynia-sopot-1.jpg","type":"image\/jpeg"}],"twitter_card":"summary_large_image","twitter_misc":{"Estimated reading time":"5 minutes"},"schema":{"@context":"https:\/\/schema.org","@graph":[{"@type":"WebPage","@id":"https:\/\/monkomp.pl\/produkt\/novitus-one-pro-online\/","url":"https:\/\/monkomp.pl\/produkt\/novitus-one-pro-online\/","name":"Novitus One Pro Online - Kasy fiskalne Gda\u0144sk Kasa fiskalna Gdynia Sopot Tr\u00f3jmiasto","isPartOf":{"@id":"https:\/\/monkomp.pl\/#website"},"primaryImageOfPage":{"@id":"https:\/\/monkomp.pl\/produkt\/novitus-one-pro-online\/#primaryimage"},"image":{"@id":"https:\/\/monkomp.pl\/produkt\/novitus-one-pro-online\/#primaryimage"},"thumbnailUrl":"https:\/\/monkomp.pl\/wp-content\/uploads\/2024\/09\/novitus-one-pro-kasy-fiskalne-monkomp-gdansk-gdynia-sopot-1.jpg","datePublished":"2024-09-19T13:24:04+00:00","dateModified":"2024-09-19T14:14:08+00:00","breadcrumb":{"@id":"https:\/\/monkomp.pl\/produkt\/novitus-one-pro-online\/#breadcrumb"},"inLanguage":"en-GB","potentialAction":[{"@type":"ReadAction","target":["https:\/\/monkomp.pl\/produkt\/novitus-one-pro-online\/"]}]},{"@type":"ImageObject","inLanguage":"en-GB","@id":"https:\/\/monkomp.pl\/produkt\/novitus-one-pro-online\/#primaryimage","url":"https:\/\/monkomp.pl\/wp-content\/uploads\/2024\/09\/novitus-one-pro-kasy-fiskalne-monkomp-gdansk-gdynia-sopot-1.jpg","contentUrl":"https:\/\/monkomp.pl\/wp-content\/uploads\/2024\/09\/novitus-one-pro-kasy-fiskalne-monkomp-gdansk-gdynia-sopot-1.jpg","width":373,"height":327,"caption":"Novitus One Pro Online - kasy fiskalne od Monkomp Sopot, Gda\u0144sk, Gdynia"},{"@type":"BreadcrumbList","@id":"https:\/\/monkomp.pl\/produkt\/novitus-one-pro-online\/#breadcrumb","itemListElement":[{"@type":"ListItem","position":1,"name":"Strona g\u0142\u00f3wna","item":"https:\/\/monkomp.pl\/"},{"@type":"ListItem","position":2,"name":"Sklep","item":"https:\/\/monkomp.pl\/sklep\/"},{"@type":"ListItem","position":3,"name":"Novitus One Pro Online"}]},{"@type":"WebSite","@id":"https:\/\/monkomp.pl\/#website","url":"https:\/\/monkomp.pl\/","name":"Kasy fiskalne Gda\u0144sk Kasa fiskalna Gdynia Sopot Tr\u00f3jmiasto","description":"Kasy fiskalne kasa fisklana","potentialAction":[{"@type":"SearchAction","target":{"@type":"EntryPoint","urlTemplate":"https:\/\/monkomp.pl\/?s={search_term_string}"},"query-input":{"@type":"PropertyValueSpecification","valueRequired":true,"valueName":"search_term_string"}}],"inLanguage":"en-GB"}]}},"_links":{"self":[{"href":"https:\/\/monkomp.pl\/en\/wp-json\/wp\/v2\/product\/2834","targetHints":{"allow":["GET"]}}],"collection":[{"href":"https:\/\/monkomp.pl\/en\/wp-json\/wp\/v2\/product"}],"about":[{"href":"https:\/\/monkomp.pl\/en\/wp-json\/wp\/v2\/types\/product"}],"replies":[{"embeddable":true,"href":"https:\/\/monkomp.pl\/en\/wp-json\/wp\/v2\/comments?post=2834"}],"wp:featuredmedia":[{"embeddable":true,"href":"https:\/\/monkomp.pl\/en\/wp-json\/wp\/v2\/media\/2836"}],"wp:attachment":[{"href":"https:\/\/monkomp.pl\/en\/wp-json\/wp\/v2\/media?parent=2834"}],"wp:term":[{"taxonomy":"product_brand","embeddable":true,"href":"https:\/\/monkomp.pl\/en\/wp-json\/wp\/v2\/product_brand?post=2834"},{"taxonomy":"product_cat","embeddable":true,"href":"https:\/\/monkomp.pl\/en\/wp-json\/wp\/v2\/product_cat?post=2834"},{"taxonomy":"product_tag","embeddable":true,"href":"https:\/\/monkomp.pl\/en\/wp-json\/wp\/v2\/product_tag?post=2834"}],"curies":[{"name":"wp","href":"https:\/\/api.w.org\/{rel}","templated":true}]}}