{"id":2886,"date":"2026-02-05T13:49:09","date_gmt":"2026-02-05T12:49:09","guid":{"rendered":"https:\/\/monkomp.pl\/?post_type=product&#038;p=2886"},"modified":"2026-02-05T13:55:16","modified_gmt":"2026-02-05T12:55:16","slug":"fawag-box","status":"publish","type":"product","link":"https:\/\/monkomp.pl\/en\/product\/fawag-box\/","title":{"rendered":"Fawag Box"},"content":{"rendered":"<p><strong>Fawag Box<\/strong> to pierwsza drukarka fiskalna sygnowana mark\u0105 Fawag. To urz\u0105dzenie o niedu\u017cych gabarytach i minimalistycznym, eleganckim designie. Fawag Box jest intuicyjne w obs\u0142udze, komfortowe w u\u017cytkowaniu i oferuje wszystkie niezb\u0119dne funkcje. Drukarka jest znakomitym wsparciem fiskalnym dla niedu\u017cych punkt\u00f3w handlowo-us\u0142ugowych<\/p>\n<h3>BOGATA GAMA WYDRUK\u00d3W<\/h3>\n<p>Fawag box oferuje bogat\u0105 gam\u0119 wydruk\u00f3w. Urz\u0105dzenie drukuje m.in. grafiki na paragonie, faktury, kody jednowymiarowe oraz kody QR.<\/p>\n<h3>GOTOWA NA E-PARAGON<\/h3>\n<p>Drukarka jest produktem w pe\u0142ni nowoczesnym. Ma m.in. funkcjonalno\u015bci pozwalaj\u0105ce jej przesy\u0142a\u0107 e-paragony do klient\u00f3w.<\/p>\n<h3>NIEZAWODNY MECHANIZM DRUKUJ\u0104CY<\/h3>\n<p>Fawag box ma mechanizm drukuj\u0105cy w systemie drop-in, oferuj\u0105cy 80 znak\u00f3w na nazw\u0119 towar\u00f3w oraz drukuj\u0105cy 20 linii na sekund\u0119.<\/p>\n<h3>PROSTA KLAWIATURA<\/h3>\n<p>Urz\u0105dzenie ma klawiatur\u0119 membranow\u0105 z\u0142o\u017con\u0105 z czterech przycisk\u00f3w. Dzi\u0119ki temu obs\u0142uga urz\u0105dzenia i wywo\u0142ywanie funkcji jest proste i intuicyjne.<\/p>\n<h3>CZYTELNY WY\u015aWIETLACZ<\/h3>\n<p>Fawag box posiada czytelny, graficzny i zintegrowany z obudow\u0105 wy\u015bwietlacz LCD (192&#215;64 pikseli).To zapewnia klarowno\u015b\u0107 wszelkich przeprowadzanych transakcji.<\/p>\n<h3>BEZPIECZNE ZASILANIE<\/h3>\n<p>U\u017cytkownik mo\u017ce ca\u0142kowicie bezpiecznie zasila\u0107 urz\u0105dzenie. Drukarka ma wbudowany akumulator 6V, a \u0142adowanie odbywa si\u0119 po USB z komputera.<\/p>\n<h3>SZEROKI WYB\u00d3R PO\u0141\u0104CZE\u0143<\/h3>\n<p>Urz\u0105dzenie oferuje szeroki wyb\u00f3r po\u0142\u0105cze\u0144. Fawag box ma takie mo\u017cliwo\u015bci po\u0142\u0105cze\u0144 jak Ethernet czy USB. Do urz\u0105dzenia mo\u017cna pod\u0142\u0105czy\u0107 szuflad\u0119.<\/p>\n<h3>POJEMNA BAZA PLU<\/h3>\n<p>Fawag box oferuje baz\u0119 towarow\u0105 o pojemno\u015bci a\u017c do 250 000 produkt\u00f3w. Dzi\u0119ki temu przedsi\u0119biorca mo\u017ce z niej korzysta\u0107 nawet w przypadku bardzo rozleg\u0142ego asortymentu towarowego.<\/p>","protected":false},"excerpt":{"rendered":"<p><strong>Fawag box<\/strong> to pierwsza drukarka fiskalna sygnowana mark\u0105 Fawag. To urz\u0105dzenie o niedu\u017cych gabarytach i minimalistycznym, eleganckim designie. Fawag box jest intuicyjne w obs\u0142udze, komfortowe w u\u017cytkowaniu i oferuje wszystkie niezb\u0119dne funkcje. Drukarka jest znakomitym wsparciem fiskalnym dla niedu\u017cych punkt\u00f3w handlowo-us\u0142ugowych<\/p>","protected":false},"featured_media":2887,"comment_status":"closed","ping_status":"closed","template":"","meta":{"_et_pb_use_builder":"","_et_pb_old_content":"","_et_gb_content_width":""},"product_brand":[],"product_cat":[58,56,50],"product_tag":[],"class_list":{"0":"post-2886","1":"product","2":"type-product","3":"status-publish","4":"has-post-thumbnail","6":"product_cat-drukarki-paragonowe","7":"product_cat-inne","8":"product_cat-posnet","10":"first","11":"instock","12":"taxable","13":"shipping-taxable","14":"purchasable","15":"product-type-simple"},"yoast_head":"<!-- This site is optimized with the Yoast SEO plugin v26.9 - https:\/\/yoast.com\/product\/yoast-seo-wordpress\/ -->\n<title>Fawag Box - Kasy fiskalne Gda\u0144sk Kasa fiskalna Gdynia Sopot Tr\u00f3jmiasto<\/title>\n<meta name=\"robots\" content=\"index, follow, max-snippet:-1, max-image-preview:large, max-video-preview:-1\" \/>\n<link rel=\"canonical\" href=\"https:\/\/monkomp.pl\/en\/product\/fawag-box\/\" \/>\n<meta property=\"og:locale\" content=\"en_GB\" \/>\n<meta property=\"og:type\" content=\"article\" \/>\n<meta property=\"og:title\" content=\"Fawag Box - Kasy fiskalne Gda\u0144sk Kasa fiskalna Gdynia Sopot Tr\u00f3jmiasto\" \/>\n<meta property=\"og:description\" content=\"Fawag box to pierwsza drukarka fiskalna sygnowana mark\u0105 Fawag. To urz\u0105dzenie o niedu\u017cych gabarytach i minimalistycznym, eleganckim designie. Fawag box jest intuicyjne w obs\u0142udze, komfortowe w u\u017cytkowaniu i oferuje wszystkie niezb\u0119dne funkcje. Drukarka jest znakomitym wsparciem fiskalnym dla niedu\u017cych punkt\u00f3w handlowo-us\u0142ugowych\" \/>\n<meta property=\"og:url\" content=\"https:\/\/monkomp.pl\/en\/product\/fawag-box\/\" \/>\n<meta property=\"og:site_name\" content=\"Kasy fiskalne Gda\u0144sk Kasa fiskalna Gdynia Sopot Tr\u00f3jmiasto\" \/>\n<meta property=\"article:modified_time\" content=\"2026-02-05T12:55:16+00:00\" \/>\n<meta property=\"og:image\" content=\"https:\/\/monkomp.pl\/wp-content\/uploads\/2026\/02\/posnet-drukarka-fiskalna-fawag-box-monkomp-1.png\" \/>\n\t<meta property=\"og:image:width\" content=\"600\" \/>\n\t<meta property=\"og:image:height\" content=\"600\" \/>\n\t<meta property=\"og:image:type\" content=\"image\/png\" \/>\n<meta name=\"twitter:card\" content=\"summary_large_image\" \/>\n<meta name=\"twitter:label1\" content=\"Estimated reading time\" \/>\n\t<meta name=\"twitter:data1\" content=\"2 minutes\" \/>\n<script type=\"application\/ld+json\" class=\"yoast-schema-graph\">{\"@context\":\"https:\/\/schema.org\",\"@graph\":[{\"@type\":\"WebPage\",\"@id\":\"https:\/\/monkomp.pl\/produkt\/fawag-box\/\",\"url\":\"https:\/\/monkomp.pl\/produkt\/fawag-box\/\",\"name\":\"Fawag Box - Kasy fiskalne Gda\u0144sk Kasa fiskalna Gdynia Sopot Tr\u00f3jmiasto\",\"isPartOf\":{\"@id\":\"https:\/\/monkomp.pl\/#website\"},\"primaryImageOfPage\":{\"@id\":\"https:\/\/monkomp.pl\/produkt\/fawag-box\/#primaryimage\"},\"image\":{\"@id\":\"https:\/\/monkomp.pl\/produkt\/fawag-box\/#primaryimage\"},\"thumbnailUrl\":\"https:\/\/monkomp.pl\/wp-content\/uploads\/2026\/02\/posnet-drukarka-fiskalna-fawag-box-monkomp-1.png\",\"datePublished\":\"2026-02-05T12:49:09+00:00\",\"dateModified\":\"2026-02-05T12:55:16+00:00\",\"breadcrumb\":{\"@id\":\"https:\/\/monkomp.pl\/produkt\/fawag-box\/#breadcrumb\"},\"inLanguage\":\"en-GB\",\"potentialAction\":[{\"@type\":\"ReadAction\",\"target\":[\"https:\/\/monkomp.pl\/produkt\/fawag-box\/\"]}]},{\"@type\":\"ImageObject\",\"inLanguage\":\"en-GB\",\"@id\":\"https:\/\/monkomp.pl\/produkt\/fawag-box\/#primaryimage\",\"url\":\"https:\/\/monkomp.pl\/wp-content\/uploads\/2026\/02\/posnet-drukarka-fiskalna-fawag-box-monkomp-1.png\",\"contentUrl\":\"https:\/\/monkomp.pl\/wp-content\/uploads\/2026\/02\/posnet-drukarka-fiskalna-fawag-box-monkomp-1.png\",\"width\":600,\"height\":600,\"caption\":\"Drukarka fiskalna Fawag Box\"},{\"@type\":\"BreadcrumbList\",\"@id\":\"https:\/\/monkomp.pl\/produkt\/fawag-box\/#breadcrumb\",\"itemListElement\":[{\"@type\":\"ListItem\",\"position\":1,\"name\":\"Strona g\u0142\u00f3wna\",\"item\":\"https:\/\/monkomp.pl\/\"},{\"@type\":\"ListItem\",\"position\":2,\"name\":\"Sklep\",\"item\":\"https:\/\/monkomp.pl\/sklep\/\"},{\"@type\":\"ListItem\",\"position\":3,\"name\":\"Fawag Box\"}]},{\"@type\":\"WebSite\",\"@id\":\"https:\/\/monkomp.pl\/#website\",\"url\":\"https:\/\/monkomp.pl\/\",\"name\":\"Kasy fiskalne Gda\u0144sk Kasa fiskalna Gdynia Sopot Tr\u00f3jmiasto\",\"description\":\"Kasy fiskalne kasa fisklana\",\"potentialAction\":[{\"@type\":\"SearchAction\",\"target\":{\"@type\":\"EntryPoint\",\"urlTemplate\":\"https:\/\/monkomp.pl\/?s={search_term_string}\"},\"query-input\":{\"@type\":\"PropertyValueSpecification\",\"valueRequired\":true,\"valueName\":\"search_term_string\"}}],\"inLanguage\":\"en-GB\"}]}<\/script>\n<!-- \/ Yoast SEO plugin. -->","yoast_head_json":{"title":"Fawag Box - Kasy fiskalne Gda\u0144sk Kasa fiskalna Gdynia Sopot Tr\u00f3jmiasto","robots":{"index":"index","follow":"follow","max-snippet":"max-snippet:-1","max-image-preview":"max-image-preview:large","max-video-preview":"max-video-preview:-1"},"canonical":"https:\/\/monkomp.pl\/en\/product\/fawag-box\/","og_locale":"en_GB","og_type":"article","og_title":"Fawag Box - Kasy fiskalne Gda\u0144sk Kasa fiskalna Gdynia Sopot Tr\u00f3jmiasto","og_description":"Fawag box to pierwsza drukarka fiskalna sygnowana mark\u0105 Fawag. To urz\u0105dzenie o niedu\u017cych gabarytach i minimalistycznym, eleganckim designie. Fawag box jest intuicyjne w obs\u0142udze, komfortowe w u\u017cytkowaniu i oferuje wszystkie niezb\u0119dne funkcje. Drukarka jest znakomitym wsparciem fiskalnym dla niedu\u017cych punkt\u00f3w handlowo-us\u0142ugowych","og_url":"https:\/\/monkomp.pl\/en\/product\/fawag-box\/","og_site_name":"Kasy fiskalne Gda\u0144sk Kasa fiskalna Gdynia Sopot Tr\u00f3jmiasto","article_modified_time":"2026-02-05T12:55:16+00:00","og_image":[{"width":600,"height":600,"url":"https:\/\/monkomp.pl\/wp-content\/uploads\/2026\/02\/posnet-drukarka-fiskalna-fawag-box-monkomp-1.png","type":"image\/png"}],"twitter_card":"summary_large_image","twitter_misc":{"Estimated reading time":"2 minutes"},"schema":{"@context":"https:\/\/schema.org","@graph":[{"@type":"WebPage","@id":"https:\/\/monkomp.pl\/produkt\/fawag-box\/","url":"https:\/\/monkomp.pl\/produkt\/fawag-box\/","name":"Fawag Box - Kasy fiskalne Gda\u0144sk Kasa fiskalna Gdynia Sopot Tr\u00f3jmiasto","isPartOf":{"@id":"https:\/\/monkomp.pl\/#website"},"primaryImageOfPage":{"@id":"https:\/\/monkomp.pl\/produkt\/fawag-box\/#primaryimage"},"image":{"@id":"https:\/\/monkomp.pl\/produkt\/fawag-box\/#primaryimage"},"thumbnailUrl":"https:\/\/monkomp.pl\/wp-content\/uploads\/2026\/02\/posnet-drukarka-fiskalna-fawag-box-monkomp-1.png","datePublished":"2026-02-05T12:49:09+00:00","dateModified":"2026-02-05T12:55:16+00:00","breadcrumb":{"@id":"https:\/\/monkomp.pl\/produkt\/fawag-box\/#breadcrumb"},"inLanguage":"en-GB","potentialAction":[{"@type":"ReadAction","target":["https:\/\/monkomp.pl\/produkt\/fawag-box\/"]}]},{"@type":"ImageObject","inLanguage":"en-GB","@id":"https:\/\/monkomp.pl\/produkt\/fawag-box\/#primaryimage","url":"https:\/\/monkomp.pl\/wp-content\/uploads\/2026\/02\/posnet-drukarka-fiskalna-fawag-box-monkomp-1.png","contentUrl":"https:\/\/monkomp.pl\/wp-content\/uploads\/2026\/02\/posnet-drukarka-fiskalna-fawag-box-monkomp-1.png","width":600,"height":600,"caption":"Drukarka fiskalna Fawag Box"},{"@type":"BreadcrumbList","@id":"https:\/\/monkomp.pl\/produkt\/fawag-box\/#breadcrumb","itemListElement":[{"@type":"ListItem","position":1,"name":"Strona g\u0142\u00f3wna","item":"https:\/\/monkomp.pl\/"},{"@type":"ListItem","position":2,"name":"Sklep","item":"https:\/\/monkomp.pl\/sklep\/"},{"@type":"ListItem","position":3,"name":"Fawag Box"}]},{"@type":"WebSite","@id":"https:\/\/monkomp.pl\/#website","url":"https:\/\/monkomp.pl\/","name":"Kasy fiskalne Gda\u0144sk Kasa fiskalna Gdynia Sopot Tr\u00f3jmiasto","description":"Kasy fiskalne kasa fisklana","potentialAction":[{"@type":"SearchAction","target":{"@type":"EntryPoint","urlTemplate":"https:\/\/monkomp.pl\/?s={search_term_string}"},"query-input":{"@type":"PropertyValueSpecification","valueRequired":true,"valueName":"search_term_string"}}],"inLanguage":"en-GB"}]}},"_links":{"self":[{"href":"https:\/\/monkomp.pl\/en\/wp-json\/wp\/v2\/product\/2886","targetHints":{"allow":["GET"]}}],"collection":[{"href":"https:\/\/monkomp.pl\/en\/wp-json\/wp\/v2\/product"}],"about":[{"href":"https:\/\/monkomp.pl\/en\/wp-json\/wp\/v2\/types\/product"}],"replies":[{"embeddable":true,"href":"https:\/\/monkomp.pl\/en\/wp-json\/wp\/v2\/comments?post=2886"}],"wp:featuredmedia":[{"embeddable":true,"href":"https:\/\/monkomp.pl\/en\/wp-json\/wp\/v2\/media\/2887"}],"wp:attachment":[{"href":"https:\/\/monkomp.pl\/en\/wp-json\/wp\/v2\/media?parent=2886"}],"wp:term":[{"taxonomy":"product_brand","embeddable":true,"href":"https:\/\/monkomp.pl\/en\/wp-json\/wp\/v2\/product_brand?post=2886"},{"taxonomy":"product_cat","embeddable":true,"href":"https:\/\/monkomp.pl\/en\/wp-json\/wp\/v2\/product_cat?post=2886"},{"taxonomy":"product_tag","embeddable":true,"href":"https:\/\/monkomp.pl\/en\/wp-json\/wp\/v2\/product_tag?post=2886"}],"curies":[{"name":"wp","href":"https:\/\/api.w.org\/{rel}","templated":true}]}}